{"id":744,"date":"2025-04-21T10:10:28","date_gmt":"2025-04-21T10:10:28","guid":{"rendered":"https:\/\/www.mappershoe.com\/?post_type=product&#038;p=744"},"modified":"2026-03-25T09:13:39","modified_gmt":"2026-03-25T09:13:39","slug":"custom-house-slippers","status":"publish","type":"product","link":"https:\/\/www.mappershoe.com\/es\/producto\/custom-house-slippers\/","title":{"rendered":"Zapatillas de casa personalizadas a granel, MOQ bajo, 14 colores disponibles"},"content":{"rendered":"<div class=\"wp-block-columns is-layout-flex wp-container-core-columns-is-layout-9d6595d7 wp-block-columns-is-layout-flex\">\n<div class=\"wp-block-column is-layout-flow wp-block-column-is-layout-flow\">\n<h3 class=\"wp-block-heading\">Zapatillas de casa personalizadas Premium Caracter\u00edsticas:<\/h3>\n\n\n\n<p><strong>Material de PVC de alta calidad:<\/strong> Utilizamos materiales de alta calidad para fabricar nuestras zapatillas de casa personalizadas. Desde la parte superior de tela de felpa hasta los materiales de la suela antideslizante de alta resistencia, le garantizamos un producto duradero.<\/p>\n\n\n\n<p><strong>Personalizaci\u00f3n:<\/strong> Estas zapatillas unisex est\u00e1n disponibles en m\u00faltiples (diferentes) opciones de impresi\u00f3n, como impresi\u00f3n de logotipos, relieve o bordado, adecuadas como art\u00edculo de marca o identificaci\u00f3n personal para m\u00faltiples clientes. El material de la parte superior y la suela o los distintos estilos tambi\u00e9n pueden personalizarse de forma independiente.<\/p>\n\n\n\n<p><strong>C\u00f3modo y resistente:<\/strong> Nuestras zapatillas de casa a medida se ajustan al tama\u00f1o del pie del cliente, mientras que los fondos acolchados y un dise\u00f1o ergon\u00f3mico contribuyen a un uso c\u00f3modo a lo largo del tiempo.<\/p>\n\n\n\n<p><strong>M\u00faltiples opciones de color:<\/strong> Nuestras zapatillas de casa personalizadas est\u00e1n disponibles en 14 colores diferentes para adaptarse a distintos mercados y marcas.<\/p>\n\n\n\n<p><strong>Muy utilizado: <\/strong>Estas zapatillas unisex a granel est\u00e1n fabricadas con material impermeable de alta calidad, son ligeras y c\u00f3modas, y resultan adecuadas para el hogar, el hotel, el spa, el club de ocio y otros entornos de interior.<\/p>\n<\/div>\n\n\n\n<div class=\"wp-block-column is-layout-flow wp-block-column-is-layout-flow\">\n<figure class=\"wp-block-image size-full\"><img decoding=\"async\" width=\"750\" height=\"750\" src=\"https:\/\/www.mappershoe.com\/wp-content\/uploads\/2025\/04\/custom-house-slippers-with-logo-bulk-unisex-slippers-indoor-14-color-17.webp\" alt=\"custom-house-zapatillas-con-logo-bulk-unisex -zapatillas-de-interior-14-color-17\" class=\"wp-image-761\" srcset=\"https:\/\/www.mappershoe.com\/wp-content\/uploads\/2025\/04\/custom-house-slippers-with-logo-bulk-unisex-slippers-indoor-14-color-17.webp 750w, https:\/\/www.mappershoe.com\/wp-content\/uploads\/2025\/04\/custom-house-slippers-with-logo-bulk-unisex-slippers-indoor-14-color-17-300x300.webp 300w, https:\/\/www.mappershoe.com\/wp-content\/uploads\/2025\/04\/custom-house-slippers-with-logo-bulk-unisex-slippers-indoor-14-color-17-150x150.webp 150w, https:\/\/www.mappershoe.com\/wp-content\/uploads\/2025\/04\/custom-house-slippers-with-logo-bulk-unisex-slippers-indoor-14-color-17-600x600.webp 600w, https:\/\/www.mappershoe.com\/wp-content\/uploads\/2025\/04\/custom-house-slippers-with-logo-bulk-unisex-slippers-indoor-14-color-17-100x100.webp 100w\" sizes=\"(max-width: 750px) 100vw, 750px\" \/><\/figure>\n<\/div>\n<\/div>","protected":false},"excerpt":{"rendered":"<p>\u00a1Bienvenido a comprar zapatillas de casa personalizadas de Mingyi a granel, nuestras zapatillas unisex a granel est\u00e1n hechas de material de PVC de alta calidad, s\u00faper ligero, impermeable y antideslizante, soporte de personalizaci\u00f3n LOGO, adecuado para la promoci\u00f3n de la marca, hoteles, SPA, y muchos otros scenarios.14 colores est\u00e1n disponibles, c\u00f3modo y duradero, para satisfacer su demanda del mercado y ayudar a la promoci\u00f3n de la marca!<\/p>\n<h2>Zapatillas de casa a medida Especificaciones:<\/h2>\n<table width=\"777\">\n<tbody>\n<tr>\n<td width=\"291\">Fabricante:<\/td>\n<td width=\"486\">Mingyi<\/td>\n<\/tr>\n<tr>\n<td>Estilo:<\/td>\n<td>Zapatillas<\/td>\n<\/tr>\n<tr>\n<td>Modelo:<\/td>\n<td>2292<\/td>\n<\/tr>\n<tr>\n<td>Material:<\/td>\n<td>PVC<\/td>\n<\/tr>\n<tr>\n<td>Color:<\/td>\n<td>negro, blanco, rojo, rosa, naranja y otros 14 colores.<\/td>\n<\/tr>\n<tr>\n<td>Tama\u00f1o:<\/td>\n<td width=\"486\">US size 6\u30016.5\u30017\u30017.5\u30018\u30018.5\u30019\u30019.5\u300110-14<\/td>\n<\/tr>\n<tr>\n<td>Opciones de personalizaci\u00f3n:<\/td>\n<td width=\"486\">Logotipo (parte superior, lateral, plantilla) \/ Estampado integral \/ Color \/ Material \/ Grosor de la suela \/ Parte superior<\/td>\n<\/tr>\n<tr>\n<td>Embalaje:<\/td>\n<td>Embalaje personalizado<\/td>\n<\/tr>\n<tr>\n<td>Muestra\uff1a<\/td>\n<td>Muestras gratuitas<\/td>\n<\/tr>\n<\/tbody>\n<\/table>","protected":false},"featured_media":760,"comment_status":"closed","ping_status":"closed","template":"","meta":{"_acf_changed":false},"product_brand":[],"product_cat":[19],"product_tag":[26,24,27],"class_list":{"0":"post-744","1":"product","2":"type-product","3":"status-publish","4":"has-post-thumbnail","6":"product_cat-slippers-in-bulk","7":"product_tag-mens-slippers-wholesale","8":"product_tag-wholesale-pvc-slippers","9":"product_tag-wholesale-womens-slippers","11":"first","12":"instock","13":"shipping-taxable","14":"product-type-simple"},"acf":[],"_links":{"self":[{"href":"https:\/\/www.mappershoe.com\/es\/wp-json\/wp\/v2\/product\/744","targetHints":{"allow":["GET"]}}],"collection":[{"href":"https:\/\/www.mappershoe.com\/es\/wp-json\/wp\/v2\/product"}],"about":[{"href":"https:\/\/www.mappershoe.com\/es\/wp-json\/wp\/v2\/types\/product"}],"replies":[{"embeddable":true,"href":"https:\/\/www.mappershoe.com\/es\/wp-json\/wp\/v2\/comments?post=744"}],"wp:featuredmedia":[{"embeddable":true,"href":"https:\/\/www.mappershoe.com\/es\/wp-json\/wp\/v2\/media\/760"}],"wp:attachment":[{"href":"https:\/\/www.mappershoe.com\/es\/wp-json\/wp\/v2\/media?parent=744"}],"wp:term":[{"taxonomy":"product_brand","embeddable":true,"href":"https:\/\/www.mappershoe.com\/es\/wp-json\/wp\/v2\/product_brand?post=744"},{"taxonomy":"product_cat","embeddable":true,"href":"https:\/\/www.mappershoe.com\/es\/wp-json\/wp\/v2\/product_cat?post=744"},{"taxonomy":"product_tag","embeddable":true,"href":"https:\/\/www.mappershoe.com\/es\/wp-json\/wp\/v2\/product_tag?post=744"}],"curies":[{"name":"wp","href":"https:\/\/api.w.org\/{rel}","templated":true}]}}