{"id":842,"date":"2025-04-25T02:06:02","date_gmt":"2025-04-25T02:06:02","guid":{"rendered":"https:\/\/www.mappershoe.com\/?post_type=product&#038;p=842"},"modified":"2025-10-27T08:03:10","modified_gmt":"2025-10-27T08:03:10","slug":"bulk-flip-flops","status":"publish","type":"product","link":"https:\/\/www.mappershoe.com\/es\/producto\/bulk-flip-flops\/","title":{"rendered":"Chanclas de moda a granel, Chanclas con logo personalizado al por mayor"},"content":{"rendered":"<div class=\"wp-block-columns is-layout-flex wp-container-core-columns-is-layout-9d6595d7 wp-block-columns-is-layout-flex\">\n<div class=\"wp-block-column is-layout-flow wp-block-column-is-layout-flow\">\n<h3 class=\"wp-block-heading\">Chanclas a granel de primera calidad Caracter\u00edsticas:<\/h3>\n\n\n\n<p><strong>Dise\u00f1o elegante:<\/strong> Estas chanclas a granel adoptan la tendencia del dise\u00f1o de apariencia como tendencia popular, con una sensaci\u00f3n c\u00f3moda y a la moda.<\/p>\n\n\n\n<p><strong>Material de PVC de alta calidad: <\/strong>Estas chanclas al por mayor son suaves y duraderas, antideslizantes y resistentes al desgaste, para un uso prolongado.<\/p>\n\n\n\n<p><strong>Diversos colores disponibles: <\/strong>Nuestras zapatillas de PVC al por mayor est\u00e1n disponibles en una brillante variedad de colores para adaptarse a los gustos de diferentes mercados y grupos de consumidores.<\/p>\n\n\n\n<p><strong>Admite logotipo personalizado: <\/strong>Estas chanclas a granel pueden personalizarse con un logotipo especial seg\u00fan las necesidades de la marca para garantizar el m\u00e1ximo recuerdo de la misma.<\/p>\n\n\n\n<p><strong>Aplicaci\u00f3n multiescenario: <\/strong>Nuestras zapatillas de PVC al por mayor son adecuadas para la playa, el hogar diario, el ba\u00f1o del hotel y otros escenarios de aplicaci\u00f3n.<\/p>\n<\/div>\n\n\n\n<div class=\"wp-block-column is-layout-flow wp-block-column-is-layout-flow\">\n<figure class=\"wp-block-image size-full\"><img decoding=\"async\" width=\"800\" height=\"610\" src=\"https:\/\/www.mappershoe.com\/wp-content\/uploads\/2025\/04\/bulk-flip-flops-wholesale-pvc-slippers-with-logo-custom-10.webp\" alt=\"bulk-flip-flops-wholesale-pvc-slippers-with-logo-custom-10\" class=\"wp-image-852\" srcset=\"https:\/\/www.mappershoe.com\/wp-content\/uploads\/2025\/04\/bulk-flip-flops-wholesale-pvc-slippers-with-logo-custom-10.webp 800w, https:\/\/www.mappershoe.com\/wp-content\/uploads\/2025\/04\/bulk-flip-flops-wholesale-pvc-slippers-with-logo-custom-10-300x229.webp 300w, https:\/\/www.mappershoe.com\/wp-content\/uploads\/2025\/04\/bulk-flip-flops-wholesale-pvc-slippers-with-logo-custom-10-768x586.webp 768w, https:\/\/www.mappershoe.com\/wp-content\/uploads\/2025\/04\/bulk-flip-flops-wholesale-pvc-slippers-with-logo-custom-10-600x458.webp 600w\" sizes=\"(max-width: 800px) 100vw, 800px\" \/><\/figure>\n<\/div>\n<\/div>\n\n\n\n<p><\/p>","protected":false},"excerpt":{"rendered":"<p>Bienvenido a comprar nuestras chanclas de PVC al por mayor. Estas chanclas al por mayor de moda est\u00e1n hechas de material antideslizante de alta calidad, son suaves y c\u00f3modas, y est\u00e1n disponibles en colores vivos para satisfacer las diferentes demandas del mercado. Admiten logotipos de marca personalizados, destacando un reconocimiento exclusivo. Son muy utilizadas en viajes a la playa, en el d\u00eda a d\u00eda en casa, en hoteles y en otros escenarios. Adecuados para la compra al por mayor, son la opci\u00f3n ideal para que las marcas ampl\u00eden el mercado y aumenten el valor.<\/p>\n<h2>Especificaciones de las chanclas a granel:<\/h2>\n<table width=\"777\">\n<tbody>\n<tr>\n<td width=\"291\">Fabricante:<\/td>\n<td width=\"486\">Mingyi<\/td>\n<\/tr>\n<tr>\n<td>Estilo:<\/td>\n<td>Chanclas<\/td>\n<\/tr>\n<tr>\n<td>Modelo:<\/td>\n<td>1915<\/td>\n<\/tr>\n<tr>\n<td>Material:\u00a0<\/td>\n<td>PVC<\/td>\n<\/tr>\n<tr>\n<td>Color:\u00a0<\/td>\n<td>negro, blanco, amarillo, verde, morado y rosa.<\/td>\n<\/tr>\n<tr>\n<td>Tama\u00f1o:\u00a0<\/td>\n<td>US size 6\u30016.5\u30017\u30017.5\u30018\u30018.5\u30019\u30019.5\u300110-14<\/td>\n<\/tr>\n<tr>\n<td>Opciones de personalizaci\u00f3n:\u00a0<\/td>\n<td>Logotipo (parte superior, lateral, plantilla) \/ Estampado integral \/ Color \/ Material \/ Grosor de la suela \/ Parte superior<\/td>\n<\/tr>\n<tr>\n<td>Embalaje:\u00a0<\/td>\n<td>Embalaje personalizado<\/td>\n<\/tr>\n<tr>\n<td>Muestra\uff1a<\/td>\n<td>Muestras gratuitas<\/td>\n<\/tr>\n<\/tbody>\n<\/table>","protected":false},"featured_media":844,"comment_status":"closed","ping_status":"closed","template":"","meta":{"_acf_changed":false},"product_brand":[],"product_cat":[17],"product_tag":[26,24,27],"class_list":{"0":"post-842","1":"product","2":"type-product","3":"status-publish","4":"has-post-thumbnail","6":"product_cat-wholesale-flip-flops","7":"product_tag-mens-slippers-wholesale","8":"product_tag-wholesale-pvc-slippers","9":"product_tag-wholesale-womens-slippers","11":"first","12":"instock","13":"shipping-taxable","14":"product-type-simple"},"acf":[],"_links":{"self":[{"href":"https:\/\/www.mappershoe.com\/es\/wp-json\/wp\/v2\/product\/842","targetHints":{"allow":["GET"]}}],"collection":[{"href":"https:\/\/www.mappershoe.com\/es\/wp-json\/wp\/v2\/product"}],"about":[{"href":"https:\/\/www.mappershoe.com\/es\/wp-json\/wp\/v2\/types\/product"}],"replies":[{"embeddable":true,"href":"https:\/\/www.mappershoe.com\/es\/wp-json\/wp\/v2\/comments?post=842"}],"wp:featuredmedia":[{"embeddable":true,"href":"https:\/\/www.mappershoe.com\/es\/wp-json\/wp\/v2\/media\/844"}],"wp:attachment":[{"href":"https:\/\/www.mappershoe.com\/es\/wp-json\/wp\/v2\/media?parent=842"}],"wp:term":[{"taxonomy":"product_brand","embeddable":true,"href":"https:\/\/www.mappershoe.com\/es\/wp-json\/wp\/v2\/product_brand?post=842"},{"taxonomy":"product_cat","embeddable":true,"href":"https:\/\/www.mappershoe.com\/es\/wp-json\/wp\/v2\/product_cat?post=842"},{"taxonomy":"product_tag","embeddable":true,"href":"https:\/\/www.mappershoe.com\/es\/wp-json\/wp\/v2\/product_tag?post=842"}],"curies":[{"name":"wp","href":"https:\/\/api.w.org\/{rel}","templated":true}]}}