{"id":853,"date":"2025-04-25T02:37:46","date_gmt":"2025-04-25T02:37:46","guid":{"rendered":"https:\/\/www.mappershoe.com\/?post_type=product&#038;p=853"},"modified":"2025-10-27T07:56:55","modified_gmt":"2025-10-27T07:56:55","slug":"custom-flip-flops","status":"publish","type":"product","link":"https:\/\/www.mappershoe.com\/es\/producto\/custom-flip-flops\/","title":{"rendered":"Chanclas personalizadas con estampado integral, sandalias de PVC a granel"},"content":{"rendered":"<div class=\"wp-block-columns is-layout-flex wp-container-core-columns-is-layout-9d6595d7 wp-block-columns-is-layout-flex\">\n<div class=\"wp-block-column is-layout-flow wp-block-column-is-layout-flow\">\n<h3 class=\"wp-block-heading\">Chanclas personalizadas Premium Caracter\u00edsticas:<\/h3>\n\n\n\n<p><strong>Dise\u00f1o personalizado con impresi\u00f3n completa: <\/strong>Estas chanclas al por mayor admiten la impresi\u00f3n gr\u00e1fica de ancho completo en toda la parte superior, mostrando el estilo visual \u00fanico de la marca.<\/p>\n\n\n\n<p><strong>Flexibilidad mayorista de gran volumen: <\/strong>Estas chanclas al por mayor admiten la personalizaci\u00f3n OEM\/ODM de gran volumen, lo que resulta adecuado para una gran variedad de escenarios, como propietarios de marcas, actividades promocionales y recuerdos de viaje.<\/p>\n\n\n\n<p><strong>Suela de estructura confortable: <\/strong>Nuestras chanclas a medida con suela ergon\u00f3mica, amortiguaci\u00f3n y descompresi\u00f3n mejoran la comodidad de uso.<\/p>\n\n\n\n<p><strong>M\u00faltiples tama\u00f1os y colores disponibles: <\/strong>Nuestras chanclas personalizadas abarcan tallas tanto para adultos como para ni\u00f1os, y pueden seleccionarse entre una amplia gama de colores para diversificar las combinaciones de productos.<\/p>\n\n\n\n<p><strong>Material de PVC de alta calidad: <\/strong>Estas chanclas personalizadas son suaves y duraderas, antideslizantes y resistentes al desgaste, para un uso prolongado.<\/p>\n<\/div>\n\n\n\n<div class=\"wp-block-column is-layout-flow wp-block-column-is-layout-flow\">\n<figure class=\"wp-block-image size-full\"><img decoding=\"async\" width=\"1600\" height=\"1600\" src=\"https:\/\/www.mappershoe.com\/wp-content\/uploads\/2025\/04\/custom-flip-flops-with-full-print-pattern-8.webp\" alt=\"chanclas-personalizadas-con-estampado-lleno-8\" class=\"wp-image-861\" srcset=\"https:\/\/www.mappershoe.com\/wp-content\/uploads\/2025\/04\/custom-flip-flops-with-full-print-pattern-8.webp 1600w, https:\/\/www.mappershoe.com\/wp-content\/uploads\/2025\/04\/custom-flip-flops-with-full-print-pattern-8-300x300.webp 300w, https:\/\/www.mappershoe.com\/wp-content\/uploads\/2025\/04\/custom-flip-flops-with-full-print-pattern-8-150x150.webp 150w, https:\/\/www.mappershoe.com\/wp-content\/uploads\/2025\/04\/custom-flip-flops-with-full-print-pattern-8-768x768.webp 768w, https:\/\/www.mappershoe.com\/wp-content\/uploads\/2025\/04\/custom-flip-flops-with-full-print-pattern-8-1200x1200.webp 1200w, https:\/\/www.mappershoe.com\/wp-content\/uploads\/2025\/04\/custom-flip-flops-with-full-print-pattern-8-600x600.webp 600w, https:\/\/www.mappershoe.com\/wp-content\/uploads\/2025\/04\/custom-flip-flops-with-full-print-pattern-8-100x100.webp 100w\" sizes=\"(max-width: 1600px) 100vw, 1600px\" \/><\/figure>\n<\/div>\n<\/div>\n\n\n\n<p><\/p>","protected":false},"excerpt":{"rendered":"<p>Pida estas chanclas al por mayor. Con un gran equilibrio entre un calzado duradero y listo para usar y una marca grande y atrevida, estas chanclas personalizadas con estampado completo son todo comodidad y durabilidad. Su superficie totalmente impresa ofrece la posibilidad de crear dise\u00f1os atrevidos para promociones, tiendas y complejos tur\u00edsticos. Con opciones flexibles de OEM\/ODM, y en muchos tama\u00f1os y colores, estas chanclas al por mayor son la decisi\u00f3n perfecta para la personalizaci\u00f3n al por mayor.<\/p>\n<h2>Especificaciones:<\/h2>\n<table width=\"777\">\n<tbody>\n<tr>\n<td width=\"291\">Fabricante:<\/td>\n<td width=\"486\">Mingyi<\/td>\n<\/tr>\n<tr>\n<td>Estilo:<\/td>\n<td>Chanclas<\/td>\n<\/tr>\n<tr>\n<td>Modelo:<\/td>\n<td>1915<\/td>\n<\/tr>\n<tr>\n<td>Material:\u00a0<\/td>\n<td>PVC<\/td>\n<\/tr>\n<tr>\n<td>Color:\u00a0<\/td>\n<td>negro, blanco, amarillo, verde, morado y rosa.<\/td>\n<\/tr>\n<tr>\n<td>Tama\u00f1o:\u00a0<\/td>\n<td>US size 6\u30016.5\u30017\u30017.5\u30018\u30018.5\u30019\u30019.5\u300110-14<\/td>\n<\/tr>\n<tr>\n<td>Opciones de personalizaci\u00f3n:\u00a0<\/td>\n<td>Logotipo (parte superior, lateral, plantilla) \/ Estampado integral \/ Color \/ Material \/ Grosor de la suela \/ Parte superior<\/td>\n<\/tr>\n<tr>\n<td>Embalaje:\u00a0<\/td>\n<td>Embalaje personalizado<\/td>\n<\/tr>\n<tr>\n<td>Muestra\uff1a<\/td>\n<td>Muestras gratuitas<\/td>\n<\/tr>\n<\/tbody>\n<\/table>","protected":false},"featured_media":856,"comment_status":"closed","ping_status":"closed","template":"","meta":{"_acf_changed":false},"product_brand":[],"product_cat":[17],"product_tag":[26,24,27],"class_list":{"0":"post-853","1":"product","2":"type-product","3":"status-publish","4":"has-post-thumbnail","6":"product_cat-wholesale-flip-flops","7":"product_tag-mens-slippers-wholesale","8":"product_tag-wholesale-pvc-slippers","9":"product_tag-wholesale-womens-slippers","11":"first","12":"instock","13":"shipping-taxable","14":"product-type-simple"},"acf":[],"_links":{"self":[{"href":"https:\/\/www.mappershoe.com\/es\/wp-json\/wp\/v2\/product\/853","targetHints":{"allow":["GET"]}}],"collection":[{"href":"https:\/\/www.mappershoe.com\/es\/wp-json\/wp\/v2\/product"}],"about":[{"href":"https:\/\/www.mappershoe.com\/es\/wp-json\/wp\/v2\/types\/product"}],"replies":[{"embeddable":true,"href":"https:\/\/www.mappershoe.com\/es\/wp-json\/wp\/v2\/comments?post=853"}],"wp:featuredmedia":[{"embeddable":true,"href":"https:\/\/www.mappershoe.com\/es\/wp-json\/wp\/v2\/media\/856"}],"wp:attachment":[{"href":"https:\/\/www.mappershoe.com\/es\/wp-json\/wp\/v2\/media?parent=853"}],"wp:term":[{"taxonomy":"product_brand","embeddable":true,"href":"https:\/\/www.mappershoe.com\/es\/wp-json\/wp\/v2\/product_brand?post=853"},{"taxonomy":"product_cat","embeddable":true,"href":"https:\/\/www.mappershoe.com\/es\/wp-json\/wp\/v2\/product_cat?post=853"},{"taxonomy":"product_tag","embeddable":true,"href":"https:\/\/www.mappershoe.com\/es\/wp-json\/wp\/v2\/product_tag?post=853"}],"curies":[{"name":"wp","href":"https:\/\/api.w.org\/{rel}","templated":true}]}}