{"id":862,"date":"2025-04-25T03:31:38","date_gmt":"2025-04-25T03:31:38","guid":{"rendered":"https:\/\/www.mappershoe.com\/?post_type=product&#038;p=862"},"modified":"2026-03-25T09:20:40","modified_gmt":"2026-03-25T09:20:40","slug":"sandals-wholesale","status":"publish","type":"product","link":"https:\/\/www.mappershoe.com\/es\/producto\/sandals-wholesale\/","title":{"rendered":"Sandalias con doble hebilla al por mayor, Sandalias con logotipo personalizado Suministro"},"content":{"rendered":"<div class=\"wp-block-columns is-layout-flex wp-container-core-columns-is-layout-9d6595d7 wp-block-columns-is-layout-flex\">\n<div class=\"wp-block-column is-layout-flow wp-block-column-is-layout-flow\">\n<h3 class=\"wp-block-heading\">Sandalias de doble hebilla de primera calidad al por mayor Caracter\u00edsticas:<\/h3>\n\n\n\n<p><strong>Admite logotipo personalizado: <\/strong>Estas sandalias de doble hebilla al por mayor mejorar la exposici\u00f3n de la marca, adecuado para promociones corporativas, la marca de la tienda y as\u00ed sucesivamente. Los materiales o estilos de la parte superior y la suela se pueden personalizar individualmente.<\/p>\n\n\n\n<p><strong>Varios colores disponibles: <\/strong>Estas sandalias de doble hebilla al por mayor est\u00e1n disponibles en una variedad de colores brillantes para satisfacer las necesidades de diferentes clientes y mercados.<\/p>\n\n\n\n<p><strong>Dise\u00f1o c\u00f3modo: <\/strong>Nuestras sandalias con logotipo personalizadas tienen un dise\u00f1o de suela ergon\u00f3mico y material transpirable, f\u00e1ciles de llevar sin agobios.<\/p>\n\n\n\n<p><strong>Material duradero: <\/strong>Estas sandalias de doble hebilla al por mayor est\u00e1n fabricadas con material de PVC de alta calidad, desde el suave empeine hasta la resistente suela antideslizante, para garantizar una larga duraci\u00f3n.<\/p>\n\n\n\n<p><strong>Disponibilidad al por mayor: <\/strong>Nuestras sandalias con logotipo personalizado son adecuadas para pedidos al por mayor para minoristas, centros tur\u00edsticos, eventos promocionales y mucho m\u00e1s.<\/p>\n<\/div>\n\n\n\n<div class=\"wp-block-column is-layout-flow wp-block-column-is-layout-flow\">\n<figure class=\"wp-block-image size-full\"><img decoding=\"async\" width=\"800\" height=\"800\" src=\"https:\/\/www.mappershoe.com\/wp-content\/uploads\/2025\/04\/sandals-wholesale-in-multiple-colors-custom-logo-sandals-6.webp\" alt=\"sandalias-mayoristas-en-m\u00faltiples-colores-logotipo-sandalias-personalizadas-6\" class=\"wp-image-868\" srcset=\"https:\/\/www.mappershoe.com\/wp-content\/uploads\/2025\/04\/sandals-wholesale-in-multiple-colors-custom-logo-sandals-6.webp 800w, https:\/\/www.mappershoe.com\/wp-content\/uploads\/2025\/04\/sandals-wholesale-in-multiple-colors-custom-logo-sandals-6-300x300.webp 300w, https:\/\/www.mappershoe.com\/wp-content\/uploads\/2025\/04\/sandals-wholesale-in-multiple-colors-custom-logo-sandals-6-150x150.webp 150w, https:\/\/www.mappershoe.com\/wp-content\/uploads\/2025\/04\/sandals-wholesale-in-multiple-colors-custom-logo-sandals-6-768x768.webp 768w, https:\/\/www.mappershoe.com\/wp-content\/uploads\/2025\/04\/sandals-wholesale-in-multiple-colors-custom-logo-sandals-6-600x600.webp 600w, https:\/\/www.mappershoe.com\/wp-content\/uploads\/2025\/04\/sandals-wholesale-in-multiple-colors-custom-logo-sandals-6-100x100.webp 100w\" sizes=\"(max-width: 800px) 100vw, 800px\" \/><\/figure>\n<\/div>\n<\/div>\n\n\n\n<p><\/p>","protected":false},"excerpt":{"rendered":"<p>Bienvenido a comprar estas sandalias al por mayor. Estas sandalias con logotipo personalizado combinan comodidad y moda, ofreciendo una amplia gama de opciones de colores brillantes para satisfacer las necesidades est\u00e9ticas de diferentes clientes. Con un dise\u00f1o ergon\u00f3mico de la suela y materiales de PVC de alta calidad, ofrecen comodidad durante todo el d\u00eda. Admiten la personalizaci\u00f3n por lotes, se utilizan ampliamente en la promoci\u00f3n de marcas, ventas al por menor, hosteler\u00eda y alojamiento, regalos promocionales y muchos otros \u00e1mbitos empresariales, \u00a1ideales para su venta al por mayor!<\/p>\n<h2>Sandalias al por mayor Especificaciones:<\/h2>\n<table width=\"777\">\n<tbody>\n<tr>\n<td width=\"291\">Fabricante:<\/td>\n<td width=\"486\">Mingyi<\/td>\n<\/tr>\n<tr>\n<td>Estilo:<\/td>\n<td>Sandalias<\/td>\n<\/tr>\n<tr>\n<td>Modelo:<\/td>\n<td>2011<\/td>\n<\/tr>\n<tr>\n<td>Material:\u00a0<\/td>\n<td>PVC<\/td>\n<\/tr>\n<tr>\n<td>Color:\u00a0<\/td>\n<td>negro, blanco, rojo, verde, morado y azul.<\/td>\n<\/tr>\n<tr>\n<td>Tama\u00f1o:\u00a0<\/td>\n<td>US size 6\u30016.5\u30017\u30017.5\u30018\u30018.5\u30019\u30019.5\u300110-14<\/td>\n<\/tr>\n<tr>\n<td>Opciones de personalizaci\u00f3n:\u00a0<\/td>\n<td>Logotipo (parte superior, lateral, plantilla) \/ Estampado integral \/ Color \/ Material \/ Grosor de la suela \/ Parte superior<\/td>\n<\/tr>\n<tr>\n<td>Embalaje:\u00a0<\/td>\n<td>Embalaje personalizado<\/td>\n<\/tr>\n<tr>\n<td>Muestra\uff1a<\/td>\n<td>Muestras gratuitas<\/td>\n<\/tr>\n<\/tbody>\n<\/table>","protected":false},"featured_media":864,"comment_status":"closed","ping_status":"closed","template":"","meta":{"_acf_changed":false},"product_brand":[],"product_cat":[20],"product_tag":[26,24,27],"class_list":{"0":"post-862","1":"product","2":"type-product","3":"status-publish","4":"has-post-thumbnail","6":"product_cat-wholesale-sandals","7":"product_tag-mens-slippers-wholesale","8":"product_tag-wholesale-pvc-slippers","9":"product_tag-wholesale-womens-slippers","11":"first","12":"instock","13":"shipping-taxable","14":"product-type-simple"},"acf":[],"_links":{"self":[{"href":"https:\/\/www.mappershoe.com\/es\/wp-json\/wp\/v2\/product\/862","targetHints":{"allow":["GET"]}}],"collection":[{"href":"https:\/\/www.mappershoe.com\/es\/wp-json\/wp\/v2\/product"}],"about":[{"href":"https:\/\/www.mappershoe.com\/es\/wp-json\/wp\/v2\/types\/product"}],"replies":[{"embeddable":true,"href":"https:\/\/www.mappershoe.com\/es\/wp-json\/wp\/v2\/comments?post=862"}],"wp:featuredmedia":[{"embeddable":true,"href":"https:\/\/www.mappershoe.com\/es\/wp-json\/wp\/v2\/media\/864"}],"wp:attachment":[{"href":"https:\/\/www.mappershoe.com\/es\/wp-json\/wp\/v2\/media?parent=862"}],"wp:term":[{"taxonomy":"product_brand","embeddable":true,"href":"https:\/\/www.mappershoe.com\/es\/wp-json\/wp\/v2\/product_brand?post=862"},{"taxonomy":"product_cat","embeddable":true,"href":"https:\/\/www.mappershoe.com\/es\/wp-json\/wp\/v2\/product_cat?post=862"},{"taxonomy":"product_tag","embeddable":true,"href":"https:\/\/www.mappershoe.com\/es\/wp-json\/wp\/v2\/product_tag?post=862"}],"curies":[{"name":"wp","href":"https:\/\/api.w.org\/{rel}","templated":true}]}}