{"id":875,"date":"2025-04-25T07:05:08","date_gmt":"2025-04-25T07:05:08","guid":{"rendered":"https:\/\/www.mappershoe.com\/?post_type=product&#038;p=875"},"modified":"2026-03-25T09:35:57","modified_gmt":"2026-03-25T09:35:57","slug":"wholesale-cork-sandals","status":"publish","type":"product","link":"https:\/\/www.mappershoe.com\/es\/producto\/wholesale-cork-sandals\/","title":{"rendered":"Mayorista Sandalias de corcho con parte superior de cuero, OEM Birkenstocks"},"content":{"rendered":"<div class=\"wp-block-columns is-layout-flex wp-container-core-columns-is-layout-9d6595d7 wp-block-columns-is-layout-flex\">\n<div class=\"wp-block-column is-layout-flow wp-block-column-is-layout-flow\">\n<h3 class=\"wp-block-heading\">Sandalias de corcho al por mayor de primera calidad Caracter\u00edsticas:<\/h3>\n\n\n\n<p><strong>Suela de corcho natural: <\/strong>Estas sandalias Birkenstock al por mayor se adaptan a las curvas del pie con un fuerte apoyo y un buen efecto amortiguador. Buen efecto amortiguador, m\u00e1s c\u00f3modo de llevar.<\/p>\n\n\n\n<p><strong>Dise\u00f1o de doble hebilla: <\/strong>Nuestras sandalias de corcho al por mayor cl\u00e1sico dise\u00f1o de doble hebilla de metal, elasticidad ajustable, y tanto la moda y el sentido pr\u00e1ctico.<\/p>\n\n\n\n<p><strong>Estilo retro europeo: <\/strong>Nuestras sandalias de corcho al por mayor tienen un aspecto sencillo y atmosf\u00e9rico, gustan en los mercados europeo y americano, y son adecuadas para todo tipo de ropa informal.<\/p>\n\n\n\n<p><strong>Servicio de personalizaci\u00f3n al por mayor: <\/strong>Nuestras sandalias de corcho al por mayor ofrecen soporte de personalizaci\u00f3n de gran volumen, aplicable a minoristas de marca, supermercados, complejos tur\u00edsticos y otros canales.<\/p>\n\n\n\n<p><strong>Dise\u00f1o ergon\u00f3mico: <\/strong>Estas sandalias birkenstock al por mayor est\u00e1n construidas seg\u00fan la estructura del pie, con soporte para el arco, ranuras en el tal\u00f3n y zonas de agarre en los dedos para una marcha m\u00e1s natural.<\/p>\n<\/div>\n\n\n\n<div class=\"wp-block-column is-layout-flow wp-block-column-is-layout-flow\">\n<figure class=\"wp-block-image size-full\"><img decoding=\"async\" width=\"800\" height=\"800\" src=\"https:\/\/www.mappershoe.com\/wp-content\/uploads\/2025\/04\/wholesale-cork-sandals-with-leather-upper-6.webp\" alt=\"mayorista-sandalias-de-corcho-con-piel-superior-6\" class=\"wp-image-882\" srcset=\"https:\/\/www.mappershoe.com\/wp-content\/uploads\/2025\/04\/wholesale-cork-sandals-with-leather-upper-6.webp 800w, https:\/\/www.mappershoe.com\/wp-content\/uploads\/2025\/04\/wholesale-cork-sandals-with-leather-upper-6-300x300.webp 300w, https:\/\/www.mappershoe.com\/wp-content\/uploads\/2025\/04\/wholesale-cork-sandals-with-leather-upper-6-150x150.webp 150w, https:\/\/www.mappershoe.com\/wp-content\/uploads\/2025\/04\/wholesale-cork-sandals-with-leather-upper-6-768x768.webp 768w, https:\/\/www.mappershoe.com\/wp-content\/uploads\/2025\/04\/wholesale-cork-sandals-with-leather-upper-6-600x600.webp 600w, https:\/\/www.mappershoe.com\/wp-content\/uploads\/2025\/04\/wholesale-cork-sandals-with-leather-upper-6-100x100.webp 100w\" sizes=\"(max-width: 800px) 100vw, 800px\" \/><\/figure>\n<\/div>\n<\/div>\n\n\n\n<p><\/p>","protected":false},"excerpt":{"rendered":"<p>Estas sandalias de corcho de dos hebillas al por mayor tienen una parte superior de cuero de alta calidad con gran textura, que combina el estilo tradicional europeo con la comodidad funcional. Ya sea para personalizaci\u00f3n de marca, estantes de venta al por menor o suministros de hotel de vacaciones, son las m\u00e1s adecuadas para la selecci\u00f3n de gama alta y pr\u00e1ctica, y poseen altas capacidades para la personalizaci\u00f3n al por mayor y personalizada. \u00a1Bienvenido al pedido!<\/p>\n<h2>Sandalias de corcho al por mayor Especificaciones:<\/h2>\n<table width=\"777\">\n<tbody>\n<tr>\n<td width=\"291\">Fabricante:<\/td>\n<td width=\"486\">Mingyi<\/td>\n<\/tr>\n<tr>\n<td>Estilo:<\/td>\n<td>Sandalias<\/td>\n<\/tr>\n<tr>\n<td>Modelo:<\/td>\n<td>2011<\/td>\n<\/tr>\n<tr>\n<td>Material:\u00a0<\/td>\n<td>PVC+corcho+cuero PU<\/td>\n<\/tr>\n<tr>\n<td>Color:\u00a0<\/td>\n<td>albaricoque, verde militar, negro, azul, marr\u00f3n, azul oscuro, verde, azul claro, naranja, blanco, rojo vino<\/td>\n<\/tr>\n<tr>\n<td>Tama\u00f1o:\u00a0<\/td>\n<td>US size 6\u30016.5\u30017\u30017.5\u30018\u30018.5\u30019\u30019.5\u300110-14<\/td>\n<\/tr>\n<tr>\n<td>Opciones de personalizaci\u00f3n:\u00a0<\/td>\n<td>Logotipo (parte superior, lateral, plantilla) \/ Estampado integral \/ Color \/ Material \/ Grosor de la suela \/ Parte superior<\/td>\n<\/tr>\n<tr>\n<td>Embalaje:\u00a0<\/td>\n<td>Embalaje personalizado<\/td>\n<\/tr>\n<tr>\n<td>Muestra\uff1a<\/td>\n<td>Muestras gratuitas<\/td>\n<\/tr>\n<\/tbody>\n<\/table>","protected":false},"featured_media":881,"comment_status":"closed","ping_status":"closed","template":"","meta":{"_acf_changed":false},"product_brand":[],"product_cat":[20],"product_tag":[26,27],"class_list":{"0":"post-875","1":"product","2":"type-product","3":"status-publish","4":"has-post-thumbnail","6":"product_cat-wholesale-sandals","7":"product_tag-mens-slippers-wholesale","8":"product_tag-wholesale-womens-slippers","10":"first","11":"instock","12":"shipping-taxable","13":"product-type-simple"},"acf":[],"_links":{"self":[{"href":"https:\/\/www.mappershoe.com\/es\/wp-json\/wp\/v2\/product\/875","targetHints":{"allow":["GET"]}}],"collection":[{"href":"https:\/\/www.mappershoe.com\/es\/wp-json\/wp\/v2\/product"}],"about":[{"href":"https:\/\/www.mappershoe.com\/es\/wp-json\/wp\/v2\/types\/product"}],"replies":[{"embeddable":true,"href":"https:\/\/www.mappershoe.com\/es\/wp-json\/wp\/v2\/comments?post=875"}],"wp:featuredmedia":[{"embeddable":true,"href":"https:\/\/www.mappershoe.com\/es\/wp-json\/wp\/v2\/media\/881"}],"wp:attachment":[{"href":"https:\/\/www.mappershoe.com\/es\/wp-json\/wp\/v2\/media?parent=875"}],"wp:term":[{"taxonomy":"product_brand","embeddable":true,"href":"https:\/\/www.mappershoe.com\/es\/wp-json\/wp\/v2\/product_brand?post=875"},{"taxonomy":"product_cat","embeddable":true,"href":"https:\/\/www.mappershoe.com\/es\/wp-json\/wp\/v2\/product_cat?post=875"},{"taxonomy":"product_tag","embeddable":true,"href":"https:\/\/www.mappershoe.com\/es\/wp-json\/wp\/v2\/product_tag?post=875"}],"curies":[{"name":"wp","href":"https:\/\/api.w.org\/{rel}","templated":true}]}}