{"id":892,"date":"2025-04-26T06:49:28","date_gmt":"2025-04-26T06:49:28","guid":{"rendered":"https:\/\/www.mappershoe.com\/?post_type=product&#038;p=892"},"modified":"2025-10-27T07:39:52","modified_gmt":"2025-10-27T07:39:52","slug":"bulk-house-slippers","status":"publish","type":"product","link":"https:\/\/www.mappershoe.com\/es\/producto\/bulk-house-slippers\/","title":{"rendered":"Zapatillas de casa a granel unisex, suministro de zapatillas ligeras de EVA"},"content":{"rendered":"<div class=\"wp-block-columns is-layout-flex wp-container-core-columns-is-layout-9d6595d7 wp-block-columns-is-layout-flex\">\n<div class=\"wp-block-column is-layout-flow wp-block-column-is-layout-flow\">\n<h3 class=\"wp-block-heading\">Zapatillas de casa premium a granel Caracter\u00edsticas:<\/h3>\n\n\n\n<p><strong>Ligero y c\u00f3modo: <\/strong>Estas zapatillas de casa a granel est\u00e1n hechas de material EVA de alta elasticidad; todo el par de zapatillas es ligero y no cansa, adecuado para llevarlas durante mucho tiempo.<\/p>\n\n\n\n<p><strong>Estilo universal: <\/strong>Nuestra zapatilla Eva personalizada tiene un dise\u00f1o unisex, apto tanto para hombres como para mujeres, adecuado para una gran variedad de escenarios dom\u00e9sticos.<\/p>\n\n\n\n<p><strong>Servicio personalizable: <\/strong>Estas zapatillas de casa a granel admiten la personalizaci\u00f3n del color, el logotipo y la forma del zapato para satisfacer las necesidades personalizadas de los clientes de marca y mayoristas.<\/p>\n\n\n\n<p><strong>Suelas antideslizantes: <\/strong>Estas zapatillas de casa a granel est\u00e1n dise\u00f1adas con textura antideslizante en las suelas, que es segura y antideslizante y adecuada para todo tipo de suelos.<\/p>\n\n\n\n<p><strong>Suministro a granel: <\/strong>Nuestra capacidad de producci\u00f3n a granel de zapatillas Eva personalizadas es adecuada para la compra a largo plazo por parte de hoteles, pensiones, B&amp;B, SPA y otros clientes comerciales.<\/p>\n<\/div>\n\n\n\n<div class=\"wp-block-column is-layout-flow wp-block-column-is-layout-flow\">\n<figure class=\"wp-block-image size-full\"><img decoding=\"async\" width=\"800\" height=\"800\" src=\"https:\/\/www.mappershoe.com\/wp-content\/uploads\/2025\/04\/bulk-house-slippers-unisex-soft-customized-eva-slipper-2.webp\" alt=\"bulk-house-zapatillas-unisex-suaves-personalizadas-eva-zapatillas-2\" class=\"wp-image-901\" srcset=\"https:\/\/www.mappershoe.com\/wp-content\/uploads\/2025\/04\/bulk-house-slippers-unisex-soft-customized-eva-slipper-2.webp 800w, https:\/\/www.mappershoe.com\/wp-content\/uploads\/2025\/04\/bulk-house-slippers-unisex-soft-customized-eva-slipper-2-300x300.webp 300w, https:\/\/www.mappershoe.com\/wp-content\/uploads\/2025\/04\/bulk-house-slippers-unisex-soft-customized-eva-slipper-2-150x150.webp 150w, https:\/\/www.mappershoe.com\/wp-content\/uploads\/2025\/04\/bulk-house-slippers-unisex-soft-customized-eva-slipper-2-768x768.webp 768w, https:\/\/www.mappershoe.com\/wp-content\/uploads\/2025\/04\/bulk-house-slippers-unisex-soft-customized-eva-slipper-2-600x600.webp 600w, https:\/\/www.mappershoe.com\/wp-content\/uploads\/2025\/04\/bulk-house-slippers-unisex-soft-customized-eva-slipper-2-100x100.webp 100w\" sizes=\"(max-width: 800px) 100vw, 800px\" \/><\/figure>\n<\/div>\n<\/div>\n\n\n\n<p><\/p>","protected":false},"excerpt":{"rendered":"<p>Bienvenido a comprar nuestras zapatillas Eva personalizadas. Estas zapatillas de casa a granel est\u00e1n dise\u00f1adas con material EVA suave y ligero, comodidad y funcionalidad. El aspecto unisex es adecuado tanto para hombres como para mujeres, la forma cl\u00e1sica y sencilla es adecuada para una casa. La base antideslizante es segura para caminar y adecuada para suelos de madera, baldosas y otras superficies. Admite color, logotipo, tama\u00f1o y otros aspectos de personalizaci\u00f3n, es la soluci\u00f3n ideal para las marcas. Mingyi le ayuda a crear f\u00e1cilmente su marca de zapatillas.<\/p>\n<h2>Zapatillas de casa a granel Especificaciones:<\/h2>\n<table width=\"777\">\n<tbody>\n<tr>\n<td width=\"291\">Fabricante:<\/td>\n<td width=\"486\">Mingyi<\/td>\n<\/tr>\n<tr>\n<td>Estilo:<\/td>\n<td>Zapatillas<\/td>\n<\/tr>\n<tr>\n<td>Modelo:<\/td>\n<td>289<\/td>\n<\/tr>\n<tr>\n<td>Material:\u00a0<\/td>\n<td>EVA<\/td>\n<\/tr>\n<tr>\n<td>Color:\u00a0<\/td>\n<td>negro, beige, naranja. verde, gris, morado, rosa<\/td>\n<\/tr>\n<tr>\n<td>Tama\u00f1o:\u00a0<\/td>\n<td>US size 6\u30016.5\u30017\u30017.5\u30018\u30018.5\u30019\u30019.5\u300110-14<\/td>\n<\/tr>\n<tr>\n<td>Opciones de personalizaci\u00f3n:\u00a0<\/td>\n<td>Logotipo (parte superior, lateral, plantilla) \/ Estampado integral \/ Color \/ Material \/ Grosor de la suela \/ Parte superior<\/td>\n<\/tr>\n<tr>\n<td>Embalaje:\u00a0<\/td>\n<td>Embalaje personalizado<\/td>\n<\/tr>\n<tr>\n<td>Muestra\uff1a<\/td>\n<td>Muestras gratuitas<\/td>\n<\/tr>\n<\/tbody>\n<\/table>","protected":false},"featured_media":900,"comment_status":"closed","ping_status":"closed","template":"","meta":{"_acf_changed":false},"product_brand":[],"product_cat":[19],"product_tag":[25,26,27],"class_list":{"0":"post-892","1":"product","2":"type-product","3":"status-publish","4":"has-post-thumbnail","6":"product_cat-slippers-in-bulk","7":"product_tag-eva-slippers-wholesale","8":"product_tag-mens-slippers-wholesale","9":"product_tag-wholesale-womens-slippers","11":"first","12":"instock","13":"shipping-taxable","14":"product-type-simple"},"acf":[],"_links":{"self":[{"href":"https:\/\/www.mappershoe.com\/es\/wp-json\/wp\/v2\/product\/892","targetHints":{"allow":["GET"]}}],"collection":[{"href":"https:\/\/www.mappershoe.com\/es\/wp-json\/wp\/v2\/product"}],"about":[{"href":"https:\/\/www.mappershoe.com\/es\/wp-json\/wp\/v2\/types\/product"}],"replies":[{"embeddable":true,"href":"https:\/\/www.mappershoe.com\/es\/wp-json\/wp\/v2\/comments?post=892"}],"wp:featuredmedia":[{"embeddable":true,"href":"https:\/\/www.mappershoe.com\/es\/wp-json\/wp\/v2\/media\/900"}],"wp:attachment":[{"href":"https:\/\/www.mappershoe.com\/es\/wp-json\/wp\/v2\/media?parent=892"}],"wp:term":[{"taxonomy":"product_brand","embeddable":true,"href":"https:\/\/www.mappershoe.com\/es\/wp-json\/wp\/v2\/product_brand?post=892"},{"taxonomy":"product_cat","embeddable":true,"href":"https:\/\/www.mappershoe.com\/es\/wp-json\/wp\/v2\/product_cat?post=892"},{"taxonomy":"product_tag","embeddable":true,"href":"https:\/\/www.mappershoe.com\/es\/wp-json\/wp\/v2\/product_tag?post=892"}],"curies":[{"name":"wp","href":"https:\/\/api.w.org\/{rel}","templated":true}]}}