{"id":913,"date":"2025-04-26T09:52:32","date_gmt":"2025-04-26T09:52:32","guid":{"rendered":"https:\/\/www.mappershoe.com\/?post_type=product&#038;p=913"},"modified":"2026-03-25T09:49:52","modified_gmt":"2026-03-25T09:49:52","slug":"custom-logo-slippers","status":"publish","type":"product","link":"https:\/\/www.mappershoe.com\/es\/producto\/custom-logo-slippers\/","title":{"rendered":"Chanclas con Logotipo Personalizadas para Hombre, Chanclas de PVC Color-Block a Granel"},"content":{"rendered":"<div class=\"wp-block-columns is-layout-flex wp-container-core-columns-is-layout-9d6595d7 wp-block-columns-is-layout-flex\">\n<div class=\"wp-block-column is-layout-flow wp-block-column-is-layout-flow\">\n<h3 class=\"wp-block-heading\">Pantuflas personalizadas con logotipo de primera calidad Caracter\u00edsticas:<\/h3>\n\n\n\n<p><strong>Logotipo personalizado:<\/strong> Nuestras zapatillas de PVC al por mayor admiten el servicio OEM\/ODM, que puede personalizarse con el logotipo de la marca para mejorar el reconocimiento de la marca y ayudar al marketing de la misma.<\/p>\n\n\n\n<p><strong>Color Collision Fashion Design:<\/strong> Estas zapatillas con logotipo personalizado adoptan elementos de colisi\u00f3n de colores de moda, rojo, blanco y negro, entre s\u00ed, visualmente atractivo, adecuado para una variedad de ocasiones casuales para llevar.<\/p>\n\n\n\n<p><strong>Material de PVC de alta calidad:<\/strong> Estas zapatillas con logotipo personalizado est\u00e1n fabricadas con material de PVC flexible y c\u00f3modo, respetuoso con el medio ambiente, resistente al desgaste, antideslizante, f\u00e1cil de limpiar y con una larga vida \u00fatil.<\/p>\n\n\n\n<p><strong>Suela ergon\u00f3mica: <\/strong>La suela de nuestras zapatillas de PVC al por mayor est\u00e1 dise\u00f1ada para adaptarse a la estructura del pie, proporcionando un buen soporte y un rendimiento de amortiguaci\u00f3n, c\u00f3modo de llevar.<\/p>\n\n\n\n<p><strong>M\u00faltiples tama\u00f1os disponibles, adecuados para una amplia gama de mercados:<\/strong> Estas zapatillas con logotipo personalizado est\u00e1n disponibles en una amplia gama de tallas para satisfacer las necesidades de los usuarios masculinos de distintas regiones y grupos de edad, y son id\u00f3neas para la venta al por mayor.<\/p>\n<\/div>\n\n\n\n<div class=\"wp-block-column is-layout-flow wp-block-column-is-layout-flow\">\n<figure class=\"wp-block-image size-full\"><img decoding=\"async\" width=\"745\" height=\"745\" src=\"https:\/\/www.mappershoe.com\/wp-content\/uploads\/2025\/04\/custom-logo-slippers-color-blocking-wholesale-pvc-slippers-for-men-8.webp\" alt=\"custom-logo-slippers-color-blocking-mayor-pvc-slippers-for-men-8\" class=\"wp-image-928\" srcset=\"https:\/\/www.mappershoe.com\/wp-content\/uploads\/2025\/04\/custom-logo-slippers-color-blocking-wholesale-pvc-slippers-for-men-8.webp 745w, https:\/\/www.mappershoe.com\/wp-content\/uploads\/2025\/04\/custom-logo-slippers-color-blocking-wholesale-pvc-slippers-for-men-8-300x300.webp 300w, https:\/\/www.mappershoe.com\/wp-content\/uploads\/2025\/04\/custom-logo-slippers-color-blocking-wholesale-pvc-slippers-for-men-8-150x150.webp 150w, https:\/\/www.mappershoe.com\/wp-content\/uploads\/2025\/04\/custom-logo-slippers-color-blocking-wholesale-pvc-slippers-for-men-8-600x600.webp 600w, https:\/\/www.mappershoe.com\/wp-content\/uploads\/2025\/04\/custom-logo-slippers-color-blocking-wholesale-pvc-slippers-for-men-8-100x100.webp 100w\" sizes=\"(max-width: 745px) 100vw, 745px\" \/><\/figure>\n<\/div>\n<\/div>","protected":false},"excerpt":{"rendered":"<p>Bienvenido a comprar nuestras zapatillas de PVC al por mayor. Mejore su imagen de marca con nuestras zapatillas con logotipo personalizado. Con un atrevido y moderno dise\u00f1o de bloques de color y fabricadas en PVC duradero de alta calidad, estas zapatillas de pvc al por mayor para hombre llaman tanto la atenci\u00f3n como resultan c\u00f3modas durante horas. Est\u00e1n disponibles en varias tallas y son ideales para el comercio minorista, la hosteler\u00eda o la promoci\u00f3n.<\/p>\n<h2>Zapatillas con logotipo personalizado Especificaciones:<\/h2>\n<table width=\"777\">\n<tbody>\n<tr>\n<td width=\"291\">Fabricante:<\/td>\n<td width=\"486\">Mingyi<\/td>\n<\/tr>\n<tr>\n<td>Estilo:<\/td>\n<td>Zapatillas<\/td>\n<\/tr>\n<tr>\n<td>Modelo:<\/td>\n<td>2291<\/td>\n<\/tr>\n<tr>\n<td>Material:\u00a0<\/td>\n<td>PVC<\/td>\n<\/tr>\n<tr>\n<td>Color:\u00a0<\/td>\n<td>blanco, negro, rojo<\/td>\n<\/tr>\n<tr>\n<td>Tama\u00f1o:\u00a0<\/td>\n<td>US size 6\u30016.5\u30017\u30017.5\u30018\u30018.5\u30019\u30019.5\u300110-14<\/td>\n<\/tr>\n<tr>\n<td>Opciones de personalizaci\u00f3n:\u00a0<\/td>\n<td>Logotipo (parte superior, lateral, plantilla) \/ Estampado integral \/ Color \/ Material \/ Grosor de la suela \/ Parte superior<\/td>\n<\/tr>\n<tr>\n<td>Embalaje:\u00a0<\/td>\n<td>Embalaje personalizado<\/td>\n<\/tr>\n<tr>\n<td>Muestra\uff1a<\/td>\n<td>Muestras gratuitas<\/td>\n<\/tr>\n<\/tbody>\n<\/table>","protected":false},"featured_media":929,"comment_status":"closed","ping_status":"closed","template":"","meta":{"_acf_changed":false},"product_brand":[],"product_cat":[19],"product_tag":[26,24],"class_list":{"0":"post-913","1":"product","2":"type-product","3":"status-publish","4":"has-post-thumbnail","6":"product_cat-slippers-in-bulk","7":"product_tag-mens-slippers-wholesale","8":"product_tag-wholesale-pvc-slippers","10":"first","11":"instock","12":"shipping-taxable","13":"product-type-simple"},"acf":[],"_links":{"self":[{"href":"https:\/\/www.mappershoe.com\/es\/wp-json\/wp\/v2\/product\/913","targetHints":{"allow":["GET"]}}],"collection":[{"href":"https:\/\/www.mappershoe.com\/es\/wp-json\/wp\/v2\/product"}],"about":[{"href":"https:\/\/www.mappershoe.com\/es\/wp-json\/wp\/v2\/types\/product"}],"replies":[{"embeddable":true,"href":"https:\/\/www.mappershoe.com\/es\/wp-json\/wp\/v2\/comments?post=913"}],"wp:featuredmedia":[{"embeddable":true,"href":"https:\/\/www.mappershoe.com\/es\/wp-json\/wp\/v2\/media\/929"}],"wp:attachment":[{"href":"https:\/\/www.mappershoe.com\/es\/wp-json\/wp\/v2\/media?parent=913"}],"wp:term":[{"taxonomy":"product_brand","embeddable":true,"href":"https:\/\/www.mappershoe.com\/es\/wp-json\/wp\/v2\/product_brand?post=913"},{"taxonomy":"product_cat","embeddable":true,"href":"https:\/\/www.mappershoe.com\/es\/wp-json\/wp\/v2\/product_cat?post=913"},{"taxonomy":"product_tag","embeddable":true,"href":"https:\/\/www.mappershoe.com\/es\/wp-json\/wp\/v2\/product_tag?post=913"}],"curies":[{"name":"wp","href":"https:\/\/api.w.org\/{rel}","templated":true}]}}