{"id":990,"date":"2025-04-27T01:45:18","date_gmt":"2025-04-27T01:45:18","guid":{"rendered":"https:\/\/www.mappershoe.com\/?post_type=product&#038;p=990"},"modified":"2025-10-27T07:32:17","modified_gmt":"2025-10-27T07:32:17","slug":"eva-slippers-bulk","status":"publish","type":"product","link":"https:\/\/www.mappershoe.com\/es\/producto\/eva-slippers-bulk\/","title":{"rendered":"Chanclas de moda de EVA a granel, Chanclas deportivas personalizadas con logotipo"},"content":{"rendered":"<div class=\"wp-block-columns is-layout-flex wp-container-core-columns-is-layout-9d6595d7 wp-block-columns-is-layout-flex\">\n<div class=\"wp-block-column is-layout-flow wp-block-column-is-layout-flow\">\n<h3 class=\"wp-block-heading\">Zapatillas de EVA premium a granel Caracter\u00edsticas:<\/h3>\n\n\n\n<p><strong>Material EVA de primera calidad: <\/strong>Estas zapatillas deportivas personalizadas est\u00e1n fabricadas con material EVA ligero, suave y resistente al desgaste, que resulta c\u00f3modo de llevar y no se deforma f\u00e1cilmente tras un uso prolongado.<\/p>\n\n\n\n<p><strong>Dise\u00f1o deportivo de moda:<\/strong> Nuestras zapatillas de EVA a granel combinan elementos de moda con estilo deportivo, un aspecto moderno, que es adecuado para muchas ocasiones de ocio y al aire libre.<\/p>\n\n\n\n<p><strong>Admite logotipo personalizado:<\/strong> Nuestras zapatillas de EVA a granel pueden personalizarse seg\u00fan las necesidades de la marca para ayudar a promocionar la marca y mejorar el reconocimiento exclusivo.<\/p>\n\n\n\n<p><strong>Disponible en varios colores y tama\u00f1os:<\/strong> Nuestras zapatillas de EVA a granel est\u00e1n disponibles en combinaciones de colores y tama\u00f1os para los gustos de diferentes mercados y personas.<\/p>\n\n\n\n<p><strong>Estructura de la suela antideslizante:<\/strong> Estas zapatillas a medida est\u00e1n cient\u00edficamente dise\u00f1adas con textura y suelas antideslizantes que proporcionan un mejor agarre y estabilidad, y permiten caminar con mayor seguridad.<\/p>\n<\/div>\n\n\n\n<div class=\"wp-block-column is-layout-flow wp-block-column-is-layout-flow\">\n<figure class=\"wp-block-image size-full\"><img decoding=\"async\" width=\"800\" height=\"800\" src=\"https:\/\/www.mappershoe.com\/wp-content\/uploads\/2025\/04\/eva-slippers-bulk-custom-sports-slippers-with-logo-5.webp\" alt=\"eva-zapatillas-deportivas-personalizadas-con-logo-5\" class=\"wp-image-995\" srcset=\"https:\/\/www.mappershoe.com\/wp-content\/uploads\/2025\/04\/eva-slippers-bulk-custom-sports-slippers-with-logo-5.webp 800w, https:\/\/www.mappershoe.com\/wp-content\/uploads\/2025\/04\/eva-slippers-bulk-custom-sports-slippers-with-logo-5-300x300.webp 300w, https:\/\/www.mappershoe.com\/wp-content\/uploads\/2025\/04\/eva-slippers-bulk-custom-sports-slippers-with-logo-5-150x150.webp 150w, https:\/\/www.mappershoe.com\/wp-content\/uploads\/2025\/04\/eva-slippers-bulk-custom-sports-slippers-with-logo-5-768x768.webp 768w, https:\/\/www.mappershoe.com\/wp-content\/uploads\/2025\/04\/eva-slippers-bulk-custom-sports-slippers-with-logo-5-600x600.webp 600w, https:\/\/www.mappershoe.com\/wp-content\/uploads\/2025\/04\/eva-slippers-bulk-custom-sports-slippers-with-logo-5-100x100.webp 100w\" sizes=\"(max-width: 800px) 100vw, 800px\" \/><\/figure>\n<\/div>\n<\/div>\n\n\n\n<p><\/p>","protected":false},"excerpt":{"rendered":"<p>Le invitamos a comprar estas zapatillas personalizadas. Mira lo de moda nuestras zapatillas de EVA a granel son - un estilo fino con material EVA de calidad con peso ligero y duradero, impermeable y resistente al desgaste, una variedad de ocio y ocasiones deportivas. Hacemos servicios de logotipo del cliente para ayudar a las marcas a desarrollar su imagen, disponible en otros colores y tama\u00f1os para adaptarse a diferentes necesidades del mercado. Podemos apoyar una compra a granel, OEM y ODM personalizaci\u00f3n para su marca para destacar.<\/p>\n<h2>Zapatillas de EVA a granel Especificaciones:<\/h2>\n<table width=\"777\">\n<tbody>\n<tr>\n<td width=\"291\">Fabricante:<\/td>\n<td width=\"486\">Mingyi<\/td>\n<\/tr>\n<tr>\n<td>Estilo:<\/td>\n<td>Zapatillas<\/td>\n<\/tr>\n<tr>\n<td>Modelo:<\/td>\n<td>001<\/td>\n<\/tr>\n<tr>\n<td>Material:\u00a0<\/td>\n<td>EVA<\/td>\n<\/tr>\n<tr>\n<td>Color:\u00a0<\/td>\n<td>negro, blanco, gris, albaricoque<\/td>\n<\/tr>\n<tr>\n<td>Tama\u00f1o:\u00a0<\/td>\n<td>36-37, 38-39,40-41, 42-43,44-45<\/td>\n<\/tr>\n<tr>\n<td>Opciones de personalizaci\u00f3n:\u00a0<\/td>\n<td>Logotipo (parte superior, lateral, plantilla) \/ Estampado integral \/ Color \/ Material \/ Grosor de la suela \/ Parte superior<\/td>\n<\/tr>\n<tr>\n<td>Embalaje:\u00a0<\/td>\n<td>Embalaje personalizado<\/td>\n<\/tr>\n<tr>\n<td>Muestra\uff1a<\/td>\n<td>Muestras gratuitas<\/td>\n<\/tr>\n<\/tbody>\n<\/table>","protected":false},"featured_media":994,"comment_status":"closed","ping_status":"closed","template":"","meta":{"_acf_changed":false},"product_brand":[],"product_cat":[19],"product_tag":[25,26],"class_list":{"0":"post-990","1":"product","2":"type-product","3":"status-publish","4":"has-post-thumbnail","6":"product_cat-slippers-in-bulk","7":"product_tag-eva-slippers-wholesale","8":"product_tag-mens-slippers-wholesale","10":"first","11":"instock","12":"shipping-taxable","13":"product-type-simple"},"acf":[],"_links":{"self":[{"href":"https:\/\/www.mappershoe.com\/es\/wp-json\/wp\/v2\/product\/990","targetHints":{"allow":["GET"]}}],"collection":[{"href":"https:\/\/www.mappershoe.com\/es\/wp-json\/wp\/v2\/product"}],"about":[{"href":"https:\/\/www.mappershoe.com\/es\/wp-json\/wp\/v2\/types\/product"}],"replies":[{"embeddable":true,"href":"https:\/\/www.mappershoe.com\/es\/wp-json\/wp\/v2\/comments?post=990"}],"wp:featuredmedia":[{"embeddable":true,"href":"https:\/\/www.mappershoe.com\/es\/wp-json\/wp\/v2\/media\/994"}],"wp:attachment":[{"href":"https:\/\/www.mappershoe.com\/es\/wp-json\/wp\/v2\/media?parent=990"}],"wp:term":[{"taxonomy":"product_brand","embeddable":true,"href":"https:\/\/www.mappershoe.com\/es\/wp-json\/wp\/v2\/product_brand?post=990"},{"taxonomy":"product_cat","embeddable":true,"href":"https:\/\/www.mappershoe.com\/es\/wp-json\/wp\/v2\/product_cat?post=990"},{"taxonomy":"product_tag","embeddable":true,"href":"https:\/\/www.mappershoe.com\/es\/wp-json\/wp\/v2\/product_tag?post=990"}],"curies":[{"name":"wp","href":"https:\/\/api.w.org\/{rel}","templated":true}]}}