{"id":1000,"date":"2025-04-27T02:11:08","date_gmt":"2025-04-27T02:11:08","guid":{"rendered":"https:\/\/www.mappershoe.com\/?post_type=product&#038;p=1000"},"modified":"2025-10-27T07:27:02","modified_gmt":"2025-10-27T07:27:02","slug":"bulk-crocs-shoes","status":"publish","type":"product","link":"https:\/\/www.mappershoe.com\/fr\/produit\/bulk-crocs-shoes\/","title":{"rendered":"Chaussures Crocs en vrac pour l'\u00e9t\u00e9, sabots personnalis\u00e9s pour hommes et femmes"},"content":{"rendered":"<div class=\"wp-block-columns is-layout-flex wp-container-core-columns-is-layout-9d6595d7 wp-block-columns-is-layout-flex\">\n<div class=\"wp-block-column is-layout-flow wp-block-column-is-layout-flow\">\n<h3 class=\"wp-block-heading\">Premium Bulk Crocs Shoes Features :<\/h3>\n\n\n\n<p><strong>Mat\u00e9riau EVA de haute qualit\u00e9 : <\/strong>Ces chaussures crocs en vrac sont fabriqu\u00e9es en mat\u00e9riau EVA \u00e0 haute \u00e9lasticit\u00e9, l\u00e9ger et r\u00e9sistant \u00e0 l'usure, doux et confortable \u00e0 porter, adapt\u00e9 \u00e0 la marche de longue dur\u00e9e.<\/p>\n\n\n\n<p><strong>Conception respirante et drainante : <\/strong>Ces chaussures crocs en vrac sont con\u00e7ues avec une tige poreuse, respirante et \u00e0 drainage rapide, adapt\u00e9e \u00e0 la plage d'\u00e9t\u00e9, \u00e0 la piscine et \u00e0 d'autres environnements glissants.<\/p>\n\n\n\n<p><strong>Semelle antid\u00e9rapante l\u00e9g\u00e8re :<\/strong> La base textur\u00e9e antid\u00e9rapante des sabots personnalis\u00e9s vous donne une adh\u00e9rence suppl\u00e9mentaire, vous aide \u00e0 \u00e9viter de glisser, tout en vous gardant en s\u00e9curit\u00e9 lors d'activit\u00e9s de plein air ou d'autres \u00e9v\u00e9nements.<\/p>\n\n\n\n<p><strong>Sans distinction de sexe :<\/strong> Les sabots personnalis\u00e9s sont unisexes et parfaits pour toutes les activit\u00e9s des hommes et des femmes. Parfaites pour la plage, la maison, les voyages, l'ext\u00e9rieur ou tout autre endroit au soleil.<\/p>\n\n\n\n<p><strong>Prise en charge du LOGO personnalis\u00e9 et de la personnalisation en masse :<\/strong> Ces chaussures Crocs en vrac offrent une vari\u00e9t\u00e9 de couleurs, de tailles et de services de personnalisation LOGO, supportant OEM\/ODM et une livraison rapide pour de grandes quantit\u00e9s.<\/p>\n<\/div>\n\n\n\n<div class=\"wp-block-column is-layout-flow wp-block-column-is-layout-flow\">\n<figure class=\"wp-block-image size-full\"><img decoding=\"async\" width=\"800\" height=\"800\" src=\"https:\/\/www.mappershoe.com\/wp-content\/uploads\/2025\/04\/bulk-crocs-shoes-custom-clogs-slippers-for-women-men-3.webp\" alt=\"bulk-crocs-shoes-custom-clogs-slippers-for-women-men-3\" class=\"wp-image-1005\" srcset=\"https:\/\/www.mappershoe.com\/wp-content\/uploads\/2025\/04\/bulk-crocs-shoes-custom-clogs-slippers-for-women-men-3.webp 800w, https:\/\/www.mappershoe.com\/wp-content\/uploads\/2025\/04\/bulk-crocs-shoes-custom-clogs-slippers-for-women-men-3-300x300.webp 300w, https:\/\/www.mappershoe.com\/wp-content\/uploads\/2025\/04\/bulk-crocs-shoes-custom-clogs-slippers-for-women-men-3-150x150.webp 150w, https:\/\/www.mappershoe.com\/wp-content\/uploads\/2025\/04\/bulk-crocs-shoes-custom-clogs-slippers-for-women-men-3-768x768.webp 768w, https:\/\/www.mappershoe.com\/wp-content\/uploads\/2025\/04\/bulk-crocs-shoes-custom-clogs-slippers-for-women-men-3-600x600.webp 600w, https:\/\/www.mappershoe.com\/wp-content\/uploads\/2025\/04\/bulk-crocs-shoes-custom-clogs-slippers-for-women-men-3-100x100.webp 100w\" sizes=\"(max-width: 800px) 100vw, 800px\" \/><\/figure>\n<\/div>\n<\/div>\n\n\n\n<p><\/p>","protected":false},"excerpt":{"rendered":"<p>Bienvenue \u00e0 l'achat de nos chaussures crocs en vrac. Nos chaussures crocs en vrac pour la plage d'\u00e9t\u00e9 sont fabriqu\u00e9es en mat\u00e9riau EVA \u00e0 haute \u00e9lasticit\u00e9, qui est l\u00e9ger, doux, r\u00e9sistant \u00e0 l'usure et confortable. Les sabots personnalis\u00e9s ont une conception poreuse et respirante sur le dessus pour assurer la fra\u00eecheur et la s\u00e9cheresse en \u00e9t\u00e9, et ont \u00e9galement une excellente fonction de drainage, particuli\u00e8rement adapt\u00e9e \u00e0 la plage, \u00e0 la piscine, \u00e0 l'ext\u00e9rieur et \u00e0 d'autres environnements humides. La flexibilit\u00e9 du service OEM\/ODM permet aux marques d'\u00e9largir leur march\u00e9.<\/p>\n<h2>Chaussures Crocs en vrac Sp\u00e9cifications :<\/h2>\n<table width=\"777\">\n<tbody>\n<tr>\n<td width=\"291\">Fabricant :<\/td>\n<td width=\"486\">Mingyi<\/td>\n<\/tr>\n<tr>\n<td>Style :<\/td>\n<td>Chaussures Crocs<\/td>\n<\/tr>\n<tr>\n<td>Mod\u00e8le :<\/td>\n<td>101<\/td>\n<\/tr>\n<tr>\n<td>Mat\u00e9riau :\u00a0<\/td>\n<td>EVA<\/td>\n<\/tr>\n<tr>\n<td>Couleur :\u00a0<\/td>\n<td>noir, blanc, rouge, rose, orange, jaune, vert menthe, kaki, bleu, bleu fonc\u00e9, bleu brume, bleu clair, rouge rose, caf\u00e9<\/td>\n<\/tr>\n<tr>\n<td>Taille :\u00a0<\/td>\n<td>36-37, 38-39,40-41, 42-43,44-45<\/td>\n<\/tr>\n<tr>\n<td>Options de personnalisation :\u00a0<\/td>\n<td>Logo (dessus, c\u00f4t\u00e9, semelle int\u00e9rieure) \/ Impression int\u00e9grale \/ Couleur \/ Mati\u00e8re \/ \u00c9paisseur de la semelle \/ Dessus<\/td>\n<\/tr>\n<tr>\n<td>Emballage :\u00a0<\/td>\n<td>Emballage personnalis\u00e9<\/td>\n<\/tr>\n<tr>\n<td>Exemple\uff1a<\/td>\n<td>\u00c9chantillons vierges gratuits<\/td>\n<\/tr>\n<\/tbody>\n<\/table>","protected":false},"featured_media":1003,"comment_status":"closed","ping_status":"closed","template":"","meta":{"_acf_changed":false},"product_brand":[],"product_cat":[18],"product_tag":[25,26,27],"class_list":{"0":"post-1000","1":"product","2":"type-product","3":"status-publish","4":"has-post-thumbnail","6":"product_cat-wholesale-crocs-shoes","7":"product_tag-eva-slippers-wholesale","8":"product_tag-mens-slippers-wholesale","9":"product_tag-wholesale-womens-slippers","11":"first","12":"instock","13":"shipping-taxable","14":"product-type-simple"},"acf":[],"_links":{"self":[{"href":"https:\/\/www.mappershoe.com\/fr\/wp-json\/wp\/v2\/product\/1000","targetHints":{"allow":["GET"]}}],"collection":[{"href":"https:\/\/www.mappershoe.com\/fr\/wp-json\/wp\/v2\/product"}],"about":[{"href":"https:\/\/www.mappershoe.com\/fr\/wp-json\/wp\/v2\/types\/product"}],"replies":[{"embeddable":true,"href":"https:\/\/www.mappershoe.com\/fr\/wp-json\/wp\/v2\/comments?post=1000"}],"wp:featuredmedia":[{"embeddable":true,"href":"https:\/\/www.mappershoe.com\/fr\/wp-json\/wp\/v2\/media\/1003"}],"wp:attachment":[{"href":"https:\/\/www.mappershoe.com\/fr\/wp-json\/wp\/v2\/media?parent=1000"}],"wp:term":[{"taxonomy":"product_brand","embeddable":true,"href":"https:\/\/www.mappershoe.com\/fr\/wp-json\/wp\/v2\/product_brand?post=1000"},{"taxonomy":"product_cat","embeddable":true,"href":"https:\/\/www.mappershoe.com\/fr\/wp-json\/wp\/v2\/product_cat?post=1000"},{"taxonomy":"product_tag","embeddable":true,"href":"https:\/\/www.mappershoe.com\/fr\/wp-json\/wp\/v2\/product_tag?post=1000"}],"curies":[{"name":"wp","href":"https:\/\/api.w.org\/{rel}","templated":true}]}}