{"id":1017,"date":"2025-04-27T03:10:49","date_gmt":"2025-04-27T03:10:49","guid":{"rendered":"https:\/\/www.mappershoe.com\/?post_type=product&#038;p=1017"},"modified":"2026-03-25T10:06:29","modified_gmt":"2026-03-25T10:06:29","slug":"crocs-shoes-wholesale","status":"publish","type":"product","link":"https:\/\/www.mappershoe.com\/fr\/produit\/crocs-shoes-wholesale\/","title":{"rendered":"Chaussures Crocs \u00e0 coussin d'air Wholesale, Chaussures de jardin personnalis\u00e9es pour hommes"},"content":{"rendered":"<div class=\"wp-block-columns is-layout-flex wp-container-core-columns-is-layout-9d6595d7 wp-block-columns-is-layout-flex\">\n<div class=\"wp-block-column is-layout-flow wp-block-column-is-layout-flow\">\n<h3 class=\"wp-block-heading\">Premium Air Cushion Crocs Shoes Wholesale Caract\u00e9ristiques :<\/h3>\n\n\n\n<p><strong>Semelle l\u00e9g\u00e8re et antid\u00e9rapante : <\/strong>Ces chaussures \u00e0 coussin d'air crocs wholesale ont une semelle textur\u00e9e antid\u00e9rapante qui am\u00e9liore l'adh\u00e9rence, pr\u00e9vient efficacement les glissades et les chutes, et prot\u00e8ge la s\u00e9curit\u00e9 des activit\u00e9s de plein air.<\/p>\n\n\n\n<p><strong>Semelle \u00e0 coussin d'air int\u00e9gr\u00e9 : <\/strong>Cette technologie innovante de coussin d'air offre un confort et un soutien excellents, et r\u00e9duit efficacement la fatigue du pied, m\u00eame apr\u00e8s de longues heures de marche.<\/p>\n\n\n\n<p><strong>Mat\u00e9riau EVA r\u00e9sistant \u00e0 l'usure :<\/strong> Ces chaussures crocs \u00e0 coussin d'air sont fabriqu\u00e9es en mat\u00e9riau EVA l\u00e9ger de haute qualit\u00e9, souple et durable, imperm\u00e9able et facile \u00e0 nettoyer, adapt\u00e9 \u00e0 une vari\u00e9t\u00e9 d'environnements ext\u00e9rieurs.<\/p>\n\n\n\n<p><strong>Semelles et lacets personnalisables : <\/strong>Les chaussures crocs personnalis\u00e9es pour hommes permettent de personnaliser les semelles et les lacets en termes de couleurs, de motifs et de mat\u00e9riaux afin de cr\u00e9er des styles uniques et exclusifs.<\/p>\n\n\n\n<p><strong>Prise en charge du LOGO personnalis\u00e9 et de la personnalisation en masse : <\/strong>Les chaussures crocs personnalis\u00e9es pour hommes offrent une vari\u00e9t\u00e9 de couleurs, de tailles et de services de personnalisation LOGO, supportent OEM\/ODM et de grandes quantit\u00e9s de livraison rapide.<\/p>\n<\/div>\n\n\n\n<div class=\"wp-block-column is-layout-flow wp-block-column-is-layout-flow\">\n<figure class=\"wp-block-image size-full\"><img decoding=\"async\" width=\"800\" height=\"800\" src=\"https:\/\/www.mappershoe.com\/wp-content\/uploads\/2025\/04\/air-cushion-crocs-shoes-wholesale-custom-crocs-shoes-for-men-13.webp\" alt=\"air-cushion-crocs-shoes-wholesale-custom-crocs-shoes-for-men-13\" class=\"wp-image-1029\" srcset=\"https:\/\/www.mappershoe.com\/wp-content\/uploads\/2025\/04\/air-cushion-crocs-shoes-wholesale-custom-crocs-shoes-for-men-13.webp 800w, https:\/\/www.mappershoe.com\/wp-content\/uploads\/2025\/04\/air-cushion-crocs-shoes-wholesale-custom-crocs-shoes-for-men-13-300x300.webp 300w, https:\/\/www.mappershoe.com\/wp-content\/uploads\/2025\/04\/air-cushion-crocs-shoes-wholesale-custom-crocs-shoes-for-men-13-150x150.webp 150w, https:\/\/www.mappershoe.com\/wp-content\/uploads\/2025\/04\/air-cushion-crocs-shoes-wholesale-custom-crocs-shoes-for-men-13-768x768.webp 768w, https:\/\/www.mappershoe.com\/wp-content\/uploads\/2025\/04\/air-cushion-crocs-shoes-wholesale-custom-crocs-shoes-for-men-13-600x600.webp 600w, https:\/\/www.mappershoe.com\/wp-content\/uploads\/2025\/04\/air-cushion-crocs-shoes-wholesale-custom-crocs-shoes-for-men-13-100x100.webp 100w\" sizes=\"(max-width: 800px) 100vw, 800px\" \/><\/figure>\n<\/div>\n<\/div>\n\n\n\n<p><\/p>","protected":false},"excerpt":{"rendered":"<p>Bienvenue pour commander nos chaussures Crocs personnalis\u00e9es. Nos chaussures Crocs \u00e0 coussin d'air en gros sont con\u00e7ues avec une semelle \u00e0 coussin d'air innovante qui fournit un amorti exceptionnel et un soutien de confort pour des p\u00e9riodes de port prolong\u00e9es. Fabriqu\u00e9es en mat\u00e9riau EVA de haute qualit\u00e9, l\u00e9g\u00e8res, imperm\u00e9ables, r\u00e9sistantes \u00e0 l'usure, adaptables \u00e0 une vari\u00e9t\u00e9 d'environnements ext\u00e9rieurs et de sc\u00e9narios quotidiens. Nous fournissons des services de personnalisation OEM\/ODM en gros et flexibles pour aider les marques \u00e0 cr\u00e9er des lignes de produits distinctives.<\/p>\n<h2>Chaussures Crocs Wholesale Sp\u00e9cifications :<\/h2>\n<table width=\"777\">\n<tbody>\n<tr>\n<td width=\"291\">Fabricant :<\/td>\n<td width=\"486\">Mingyi<\/td>\n<\/tr>\n<tr>\n<td>Style :<\/td>\n<td>Chaussures Crocs<\/td>\n<\/tr>\n<tr>\n<td>Mod\u00e8le :<\/td>\n<td>102<\/td>\n<\/tr>\n<tr>\n<td>Mat\u00e9riau :\u00a0<\/td>\n<td>EVA<\/td>\n<\/tr>\n<tr>\n<td>Couleur :\u00a0<\/td>\n<td>noir, gris, brun, kaki<\/td>\n<\/tr>\n<tr>\n<td>Taille :\u00a0<\/td>\n<td>36-37, 38-39,40-41, 42-43,44-45<\/td>\n<\/tr>\n<tr>\n<td>Options de personnalisation :\u00a0<\/td>\n<td>Logo (dessus, c\u00f4t\u00e9, semelle int\u00e9rieure) \/ Impression int\u00e9grale \/ Couleur \/ Mati\u00e8re \/ \u00c9paisseur de la semelle \/ Dessus<\/td>\n<\/tr>\n<tr>\n<td>Emballage :\u00a0<\/td>\n<td>Emballage personnalis\u00e9<\/td>\n<\/tr>\n<tr>\n<td>Exemple\uff1a<\/td>\n<td>\u00c9chantillons vierges gratuits<\/td>\n<\/tr>\n<\/tbody>\n<\/table>","protected":false},"featured_media":1018,"comment_status":"closed","ping_status":"closed","template":"","meta":{"_acf_changed":false},"product_brand":[],"product_cat":[18],"product_tag":[25,26],"class_list":{"0":"post-1017","1":"product","2":"type-product","3":"status-publish","4":"has-post-thumbnail","6":"product_cat-wholesale-crocs-shoes","7":"product_tag-eva-slippers-wholesale","8":"product_tag-mens-slippers-wholesale","10":"first","11":"instock","12":"shipping-taxable","13":"product-type-simple"},"acf":[],"_links":{"self":[{"href":"https:\/\/www.mappershoe.com\/fr\/wp-json\/wp\/v2\/product\/1017","targetHints":{"allow":["GET"]}}],"collection":[{"href":"https:\/\/www.mappershoe.com\/fr\/wp-json\/wp\/v2\/product"}],"about":[{"href":"https:\/\/www.mappershoe.com\/fr\/wp-json\/wp\/v2\/types\/product"}],"replies":[{"embeddable":true,"href":"https:\/\/www.mappershoe.com\/fr\/wp-json\/wp\/v2\/comments?post=1017"}],"wp:featuredmedia":[{"embeddable":true,"href":"https:\/\/www.mappershoe.com\/fr\/wp-json\/wp\/v2\/media\/1018"}],"wp:attachment":[{"href":"https:\/\/www.mappershoe.com\/fr\/wp-json\/wp\/v2\/media?parent=1017"}],"wp:term":[{"taxonomy":"product_brand","embeddable":true,"href":"https:\/\/www.mappershoe.com\/fr\/wp-json\/wp\/v2\/product_brand?post=1017"},{"taxonomy":"product_cat","embeddable":true,"href":"https:\/\/www.mappershoe.com\/fr\/wp-json\/wp\/v2\/product_cat?post=1017"},{"taxonomy":"product_tag","embeddable":true,"href":"https:\/\/www.mappershoe.com\/fr\/wp-json\/wp\/v2\/product_tag?post=1017"}],"curies":[{"name":"wp","href":"https:\/\/api.w.org\/{rel}","templated":true}]}}