{"id":1030,"date":"2025-04-27T03:51:14","date_gmt":"2025-04-27T03:51:14","guid":{"rendered":"https:\/\/www.mappershoe.com\/?post_type=product&#038;p=1030"},"modified":"2025-04-27T03:51:15","modified_gmt":"2025-04-27T03:51:15","slug":"custom-crocs-clogs","status":"publish","type":"product","link":"https:\/\/www.mappershoe.com\/fr\/produit\/custom-crocs-clogs\/","title":{"rendered":"Sabots Crocs personnalis\u00e9s avec logo, personnalisation des lani\u00e8res, chaussures Crocs en vrac en 5 couleurs"},"content":{"rendered":"<div class=\"wp-block-columns is-layout-flex wp-container-core-columns-is-layout-9d6595d7 wp-block-columns-is-layout-flex\">\n<div class=\"wp-block-column is-layout-flow wp-block-column-is-layout-flow\">\n<h3 class=\"wp-block-heading\">Premium Custom Crocs Clogs Features :<\/h3>\n\n\n\n<p><strong>Service de LOGO personnalis\u00e9 : <\/strong>Nos sabots crocs personnalis\u00e9s permettent d'imprimer un LOGO exclusif sur les chaussures et les lacets afin d'am\u00e9liorer la visibilit\u00e9 de la marque et de cr\u00e9er une reconnaissance unique.<\/p>\n\n\n\n<p><strong>Dentelle personnalisable : <\/strong>Ces lacets de chaussures crocs en vrac permettent de personnaliser le mat\u00e9riau, la couleur et le contenu de l'impression afin de r\u00e9pondre aux besoins des diff\u00e9rentes marques et activit\u00e9s.<\/p>\n\n\n\n<p><strong>Cinq couleurs populaires : <\/strong>Cinq couleurs g\u00e9n\u00e9rales sont propos\u00e9es pour nos sabots crocs personnalis\u00e9s, riches en correspondances, applicables aux diff\u00e9rents march\u00e9s et aux demandes des clients.<\/p>\n\n\n\n<p><strong>Mat\u00e9riau EVA confortable et l\u00e9ger :<\/strong> Nos sabots crocs personnalis\u00e9s sont fabriqu\u00e9s \u00e0 partir d'un mat\u00e9riau EVA souple et l\u00e9ger, qui est doux pour la peau tout en \u00e9tant confortable \u00e0 porter pendant une longue p\u00e9riode.<\/p>\n\n\n\n<p><strong>Conception respirante et drainante : <\/strong>La plupart des chaussures crocs en vrac sont con\u00e7ues avec une tige poreuse, respirante et dissipant la chaleur, \u00e0 drainage rapide, id\u00e9ale pour la plage d'\u00e9t\u00e9, la piscine et d'autres conditions glissantes.<\/p>\n\n\n\n<p><strong>Prise en charge du LOGO personnalis\u00e9 et de la personnalisation en masse : <\/strong>Les chaussures crocs personnalis\u00e9es pour hommes offrent une vari\u00e9t\u00e9 de couleurs, de tailles et de services de personnalisation LOGO, supportent OEM\/ODM et de grandes quantit\u00e9s de livraison rapide.<\/p>\n<\/div>\n\n\n\n<div class=\"wp-block-column is-layout-flow wp-block-column-is-layout-flow\">\n<figure class=\"wp-block-image size-full\"><img decoding=\"async\" width=\"1000\" height=\"1000\" src=\"https:\/\/www.mappershoe.com\/wp-content\/uploads\/2025\/04\/custom-crocs-clogs-with-logo-bulk-crocs-shoes-in-5-colors-7.webp\" alt=\"custom-crocs-clogs-with-logo-bulk-crocs-shoes-in-5-colors-7\" class=\"wp-image-1048\" srcset=\"https:\/\/www.mappershoe.com\/wp-content\/uploads\/2025\/04\/custom-crocs-clogs-with-logo-bulk-crocs-shoes-in-5-colors-7.webp 1000w, https:\/\/www.mappershoe.com\/wp-content\/uploads\/2025\/04\/custom-crocs-clogs-with-logo-bulk-crocs-shoes-in-5-colors-7-300x300.webp 300w, https:\/\/www.mappershoe.com\/wp-content\/uploads\/2025\/04\/custom-crocs-clogs-with-logo-bulk-crocs-shoes-in-5-colors-7-150x150.webp 150w, https:\/\/www.mappershoe.com\/wp-content\/uploads\/2025\/04\/custom-crocs-clogs-with-logo-bulk-crocs-shoes-in-5-colors-7-768x768.webp 768w, https:\/\/www.mappershoe.com\/wp-content\/uploads\/2025\/04\/custom-crocs-clogs-with-logo-bulk-crocs-shoes-in-5-colors-7-12x12.webp 12w, https:\/\/www.mappershoe.com\/wp-content\/uploads\/2025\/04\/custom-crocs-clogs-with-logo-bulk-crocs-shoes-in-5-colors-7-600x600.webp 600w, https:\/\/www.mappershoe.com\/wp-content\/uploads\/2025\/04\/custom-crocs-clogs-with-logo-bulk-crocs-shoes-in-5-colors-7-100x100.webp 100w\" sizes=\"(max-width: 1000px) 100vw, 1000px\" \/><\/figure>\n<\/div>\n<\/div>\n\n\n\n<p><\/p>","protected":false},"excerpt":{"rendered":"<p>Nos sabots crocs personnalis\u00e9s avec logo sont sp\u00e9cialement con\u00e7us pour la personnalisation de la marque, ce qui permet d'ajouter des logos exclusifs sur la tige ou les lacets, ainsi que de personnaliser la couleur et le design des lacets pour cr\u00e9er un produit de marque plus personnalis\u00e9. S\u00e9lectionn\u00e9es dans un mat\u00e9riau EVA l\u00e9ger et confortable, ces chaussures crocs en vrac avec cinq coloris populaires conviennent \u00e0 une vari\u00e9t\u00e9 de v\u00eatements de plein air, de plage et de sc\u00e8ne d\u00e9contract\u00e9e. MOQ flexible, service OEM\/ODM, contactez-nous d\u00e8s maintenant !<\/p>\n<h2>Sabots Crocs personnalis\u00e9s Sp\u00e9cifications :<\/h2>\n<table width=\"777\">\n<tbody>\n<tr>\n<td width=\"291\">Fabricant :<\/td>\n<td width=\"486\">Mingyi<\/td>\n<\/tr>\n<tr>\n<td>Style :<\/td>\n<td>Chaussures Crocs<\/td>\n<\/tr>\n<tr>\n<td>Mod\u00e8le :<\/td>\n<td>103<\/td>\n<\/tr>\n<tr>\n<td>Mat\u00e9riau :\u00a0<\/td>\n<td>EVA<\/td>\n<\/tr>\n<tr>\n<td>Couleur :\u00a0<\/td>\n<td>noir, blanc, rose, kaki, vert<\/td>\n<\/tr>\n<tr>\n<td>Taille :\u00a0<\/td>\n<td>36-37, 38-39,40-41, 42-43,44-45<\/td>\n<\/tr>\n<tr>\n<td>Options de personnalisation :\u00a0<\/td>\n<td>Logo (dessus, c\u00f4t\u00e9, semelle int\u00e9rieure) \/ Impression int\u00e9grale \/ Couleur \/ Mati\u00e8re \/ \u00c9paisseur de la semelle \/ Dessus<\/td>\n<\/tr>\n<tr>\n<td>Emballage :\u00a0<\/td>\n<td>Emballage personnalis\u00e9<\/td>\n<\/tr>\n<tr>\n<td>Exemple\uff1a<\/td>\n<td>\u00c9chantillons vierges gratuits<\/td>\n<\/tr>\n<\/tbody>\n<\/table>","protected":false},"featured_media":1047,"comment_status":"closed","ping_status":"closed","template":"","meta":{"_acf_changed":false},"product_brand":[],"product_cat":[18],"product_tag":[25,26,27],"class_list":{"0":"post-1030","1":"product","2":"type-product","3":"status-publish","4":"has-post-thumbnail","6":"product_cat-wholesale-crocs-shoes","7":"product_tag-eva-slippers-wholesale","8":"product_tag-mens-slippers-wholesale","9":"product_tag-wholesale-womens-slippers","11":"first","12":"instock","13":"shipping-taxable","14":"product-type-simple"},"acf":[],"_links":{"self":[{"href":"https:\/\/www.mappershoe.com\/fr\/wp-json\/wp\/v2\/product\/1030","targetHints":{"allow":["GET"]}}],"collection":[{"href":"https:\/\/www.mappershoe.com\/fr\/wp-json\/wp\/v2\/product"}],"about":[{"href":"https:\/\/www.mappershoe.com\/fr\/wp-json\/wp\/v2\/types\/product"}],"replies":[{"embeddable":true,"href":"https:\/\/www.mappershoe.com\/fr\/wp-json\/wp\/v2\/comments?post=1030"}],"wp:featuredmedia":[{"embeddable":true,"href":"https:\/\/www.mappershoe.com\/fr\/wp-json\/wp\/v2\/media\/1047"}],"wp:attachment":[{"href":"https:\/\/www.mappershoe.com\/fr\/wp-json\/wp\/v2\/media?parent=1030"}],"wp:term":[{"taxonomy":"product_brand","embeddable":true,"href":"https:\/\/www.mappershoe.com\/fr\/wp-json\/wp\/v2\/product_brand?post=1030"},{"taxonomy":"product_cat","embeddable":true,"href":"https:\/\/www.mappershoe.com\/fr\/wp-json\/wp\/v2\/product_cat?post=1030"},{"taxonomy":"product_tag","embeddable":true,"href":"https:\/\/www.mappershoe.com\/fr\/wp-json\/wp\/v2\/product_tag?post=1030"}],"curies":[{"name":"wp","href":"https:\/\/api.w.org\/{rel}","templated":true}]}}