{"id":1053,"date":"2025-04-27T06:34:54","date_gmt":"2025-04-27T06:34:54","guid":{"rendered":"https:\/\/www.mappershoe.com\/?post_type=product&#038;p=1053"},"modified":"2025-04-27T06:34:56","modified_gmt":"2025-04-27T06:34:56","slug":"custom-crocs-shoes","status":"publish","type":"product","link":"https:\/\/www.mappershoe.com\/fr\/produit\/custom-crocs-shoes\/","title":{"rendered":"Chaussures Crocs personnalis\u00e9es pour femmes, chaussures Crocs EVA en gros en 7 couleurs"},"content":{"rendered":"<div class=\"wp-block-columns is-layout-flex wp-container-core-columns-is-layout-9d6595d7 wp-block-columns-is-layout-flex\">\n<div class=\"wp-block-column is-layout-flow wp-block-column-is-layout-flow\">\n<h3 class=\"wp-block-heading\">Premium Custom Crocs Shoes Caract\u00e9ristiques :<\/h3>\n\n\n\n<p><strong>Mat\u00e9riau EVA l\u00e9ger de haute qualit\u00e9 : <\/strong>Nos chaussures Crocs en gros sont fabriqu\u00e9es dans un mat\u00e9riau EVA l\u00e9ger et tr\u00e8s \u00e9lastique, doux et confortable, procurant une sensation de confort pour le pied.<\/p>\n\n\n\n<p><strong>Sept mod\u00e8les de couleur unie :<\/strong> Ces chaussures crocs personnalis\u00e9es pour femmes ont s\u00e9lectionn\u00e9 sept couleurs unies populaires, pleines de couleurs, \u00e0 la mode et polyvalentes, pour r\u00e9pondre aux besoins d'une vari\u00e9t\u00e9 de correspondances.<\/p>\n\n\n\n<p><strong>Lacets et semelles personnalisables : <\/strong>Ces chaussures crocs personnalis\u00e9es pour femmes permettent de personnaliser la couleur et le style des lacets et des semelles, cr\u00e9ant ainsi un produit unique et exclusif.<\/p>\n\n\n\n<p><strong>Conception de la tige respirante et drainante : <\/strong>Ces chaussures crocs personnalis\u00e9es pour femmes ont des tiges poreuses avec une bonne respirabilit\u00e9 et un drainage rapide, ce qui convient \u00e0 l'\u00e9t\u00e9 et \u00e0 de nombreux environnements humides.<\/p>\n\n\n\n<p><strong>Service flexible de personnalisation des lots : <\/strong>Nos chaussures crocs en gros fournissent de grandes quantit\u00e9s et une personnalisation professionnelle OEM\/ODM, convenant aux marques et aux grossistes ayant des besoins d'achat multiples.<\/p>\n<\/div>\n\n\n\n<div class=\"wp-block-column is-layout-flow wp-block-column-is-layout-flow\">\n<figure class=\"wp-block-image size-full\"><img decoding=\"async\" width=\"800\" height=\"800\" src=\"https:\/\/www.mappershoe.com\/wp-content\/uploads\/2025\/04\/custom-crocs-shoes-for-women-eva-crocs-shoes-wholesale-in-7-colors-15.webp\" alt=\"custom-crocs-shoes-for-women-eva-crocs-shoes-wholesale-in-7-colors-6\" class=\"wp-image-1073\" srcset=\"https:\/\/www.mappershoe.com\/wp-content\/uploads\/2025\/04\/custom-crocs-shoes-for-women-eva-crocs-shoes-wholesale-in-7-colors-15.webp 800w, https:\/\/www.mappershoe.com\/wp-content\/uploads\/2025\/04\/custom-crocs-shoes-for-women-eva-crocs-shoes-wholesale-in-7-colors-15-300x300.webp 300w, https:\/\/www.mappershoe.com\/wp-content\/uploads\/2025\/04\/custom-crocs-shoes-for-women-eva-crocs-shoes-wholesale-in-7-colors-15-150x150.webp 150w, https:\/\/www.mappershoe.com\/wp-content\/uploads\/2025\/04\/custom-crocs-shoes-for-women-eva-crocs-shoes-wholesale-in-7-colors-15-768x768.webp 768w, https:\/\/www.mappershoe.com\/wp-content\/uploads\/2025\/04\/custom-crocs-shoes-for-women-eva-crocs-shoes-wholesale-in-7-colors-15-12x12.webp 12w, https:\/\/www.mappershoe.com\/wp-content\/uploads\/2025\/04\/custom-crocs-shoes-for-women-eva-crocs-shoes-wholesale-in-7-colors-15-600x600.webp 600w, https:\/\/www.mappershoe.com\/wp-content\/uploads\/2025\/04\/custom-crocs-shoes-for-women-eva-crocs-shoes-wholesale-in-7-colors-15-100x100.webp 100w\" sizes=\"(max-width: 800px) 100vw, 800px\" \/><\/figure>\n<\/div>\n<\/div>\n\n\n\n<p><\/p>","protected":false},"excerpt":{"rendered":"<p>Nous vous invitons \u00e0 acheter nos chaussures Crocs en gros. Nos chaussures Crocs personnalis\u00e9es pour femmes sont fabriqu\u00e9es en mat\u00e9riau EVA l\u00e9ger de haute qualit\u00e9, doux et durable, et la semelle int\u00e9rieure des chaussures est sp\u00e9cialement fabriqu\u00e9e avec un processus de texture antid\u00e9rapante, ce qui am\u00e9liore le confort et la performance antid\u00e9rapante des chaussures, les rendant appropri\u00e9es pour une utilisation quotidienne et ext\u00e9rieure dans de multiples sc\u00e9narios. Con\u00e7ues avec 7 couleurs unies, elles sont fra\u00eeches et polyvalentes. Elles permettent \u00e9galement de personnaliser la couleur et le style des lacets et des semelles, ce qui facilite la cr\u00e9ation de votre style.<\/p>\n<h2>Chaussures Crocs personnalis\u00e9es Sp\u00e9cifications :<\/h2>\n<table width=\"777\">\n<tbody>\n<tr>\n<td width=\"291\">Fabricant :<\/td>\n<td width=\"486\">Mingyi<\/td>\n<\/tr>\n<tr>\n<td>Style :<\/td>\n<td>Chaussures Crocs<\/td>\n<\/tr>\n<tr>\n<td>Mod\u00e8le :<\/td>\n<td>104<\/td>\n<\/tr>\n<tr>\n<td>Mat\u00e9riau :\u00a0<\/td>\n<td>EVA<\/td>\n<\/tr>\n<tr>\n<td>Couleur :\u00a0<\/td>\n<td>noir, blanc, rose, jaune, vert, bleu, gris<\/td>\n<\/tr>\n<tr>\n<td>Taille :\u00a0<\/td>\n<td>36-37, 38-39,40-41, 42-43,44-45<\/td>\n<\/tr>\n<tr>\n<td>Options de personnalisation :\u00a0<\/td>\n<td>Logo (dessus, c\u00f4t\u00e9, semelle int\u00e9rieure) \/ Impression int\u00e9grale \/ Couleur \/ Mati\u00e8re \/ \u00c9paisseur de la semelle \/ Dessus<\/td>\n<\/tr>\n<tr>\n<td>Emballage :\u00a0<\/td>\n<td>Emballage personnalis\u00e9<\/td>\n<\/tr>\n<tr>\n<td>Exemple\uff1a<\/td>\n<td>\u00c9chantillons vierges gratuits<\/td>\n<\/tr>\n<\/tbody>\n<\/table>","protected":false},"featured_media":1070,"comment_status":"closed","ping_status":"closed","template":"","meta":{"_acf_changed":false},"product_brand":[],"product_cat":[18],"product_tag":[25,27],"class_list":{"0":"post-1053","1":"product","2":"type-product","3":"status-publish","4":"has-post-thumbnail","6":"product_cat-wholesale-crocs-shoes","7":"product_tag-eva-slippers-wholesale","8":"product_tag-wholesale-womens-slippers","10":"first","11":"instock","12":"shipping-taxable","13":"product-type-simple"},"acf":[],"_links":{"self":[{"href":"https:\/\/www.mappershoe.com\/fr\/wp-json\/wp\/v2\/product\/1053","targetHints":{"allow":["GET"]}}],"collection":[{"href":"https:\/\/www.mappershoe.com\/fr\/wp-json\/wp\/v2\/product"}],"about":[{"href":"https:\/\/www.mappershoe.com\/fr\/wp-json\/wp\/v2\/types\/product"}],"replies":[{"embeddable":true,"href":"https:\/\/www.mappershoe.com\/fr\/wp-json\/wp\/v2\/comments?post=1053"}],"wp:featuredmedia":[{"embeddable":true,"href":"https:\/\/www.mappershoe.com\/fr\/wp-json\/wp\/v2\/media\/1070"}],"wp:attachment":[{"href":"https:\/\/www.mappershoe.com\/fr\/wp-json\/wp\/v2\/media?parent=1053"}],"wp:term":[{"taxonomy":"product_brand","embeddable":true,"href":"https:\/\/www.mappershoe.com\/fr\/wp-json\/wp\/v2\/product_brand?post=1053"},{"taxonomy":"product_cat","embeddable":true,"href":"https:\/\/www.mappershoe.com\/fr\/wp-json\/wp\/v2\/product_cat?post=1053"},{"taxonomy":"product_tag","embeddable":true,"href":"https:\/\/www.mappershoe.com\/fr\/wp-json\/wp\/v2\/product_tag?post=1053"}],"curies":[{"name":"wp","href":"https:\/\/api.w.org\/{rel}","templated":true}]}}