{"id":1282,"date":"2025-05-16T10:08:41","date_gmt":"2025-05-16T10:08:41","guid":{"rendered":"https:\/\/www.mappershoe.com\/?post_type=product&#038;p=1282"},"modified":"2025-05-16T10:08:44","modified_gmt":"2025-05-16T10:08:44","slug":"crocs-shoes-custom","status":"publish","type":"product","link":"https:\/\/www.mappershoe.com\/fr\/produit\/crocs-shoes-custom\/","title":{"rendered":"Conton Crocs Shoes Custom Indoor Keep Warm Furry EVA Clogs Wholesale"},"content":{"rendered":"<div class=\"wp-block-columns is-layout-flex wp-container-core-columns-is-layout-9d6595d7 wp-block-columns-is-layout-flex\">\n<div class=\"wp-block-column is-layout-flow wp-block-column-is-layout-flow\">\n<h3 class=\"wp-block-heading\">Premium Conton Crocs Shoes Custom Features :<\/h3>\n\n\n\n<p><strong>Doublure chaude : <\/strong>Ces chaussures conton crocs sont doubl\u00e9es d'une fausse fourrure douce. Elles bloquent efficacement la temp\u00e9rature et conviennent aux v\u00eatements d'int\u00e9rieur d'automne et d'hiver.<\/p>\n\n\n\n<p><strong>Semelle l\u00e9g\u00e8re en EVA : <\/strong>Ces chaussures Crocs personnalis\u00e9es sont fabriqu\u00e9es en mat\u00e9riau EVA \u00e0 haute \u00e9lasticit\u00e9, l\u00e9ger et confortable, avec absorption des chocs et durabilit\u00e9.<\/p>\n\n\n\n<p><strong>Logo et couleur personnalisables : <\/strong>Nos sabots EVA en gros peuvent \u00eatre personnalis\u00e9s en OEM pour r\u00e9pondre aux besoins des marques ou des clients en gros.<\/p>\n\n\n\n<p><strong>Structure de la semelle antid\u00e9rapante : <\/strong>La semelle de nos sabots EVA en gros est con\u00e7ue avec une texture concave-convexe, qui am\u00e9liore l'adh\u00e9rence et est antid\u00e9rapante et s\u00fbre.<\/p>\n\n\n\n<p><strong>Enveloppe confortable Forme du pied : <\/strong>Ces chaussures conton crocs customis\u00e9es s'adaptent bien au pied et offrent un bon soutien pour un port prolong\u00e9.<\/p>\n<\/div>\n\n\n\n<div class=\"wp-block-column is-layout-flow wp-block-column-is-layout-flow\">\n<figure class=\"wp-block-image size-full\"><img decoding=\"async\" width=\"1000\" height=\"1000\" src=\"https:\/\/www.mappershoe.com\/wp-content\/uploads\/2025\/05\/conton-crocs-shoes-custom-indoor-keep-warm-furry-eva-clogs-wholesale-4.webp\" alt=\"conton-crocs-shoes-custom-indoor-keep-warm-furry-eva-clogs-wholesale-4\" class=\"wp-image-1286\" srcset=\"https:\/\/www.mappershoe.com\/wp-content\/uploads\/2025\/05\/conton-crocs-shoes-custom-indoor-keep-warm-furry-eva-clogs-wholesale-4.webp 1000w, https:\/\/www.mappershoe.com\/wp-content\/uploads\/2025\/05\/conton-crocs-shoes-custom-indoor-keep-warm-furry-eva-clogs-wholesale-4-300x300.webp 300w, https:\/\/www.mappershoe.com\/wp-content\/uploads\/2025\/05\/conton-crocs-shoes-custom-indoor-keep-warm-furry-eva-clogs-wholesale-4-150x150.webp 150w, https:\/\/www.mappershoe.com\/wp-content\/uploads\/2025\/05\/conton-crocs-shoes-custom-indoor-keep-warm-furry-eva-clogs-wholesale-4-768x768.webp 768w, https:\/\/www.mappershoe.com\/wp-content\/uploads\/2025\/05\/conton-crocs-shoes-custom-indoor-keep-warm-furry-eva-clogs-wholesale-4-12x12.webp 12w, https:\/\/www.mappershoe.com\/wp-content\/uploads\/2025\/05\/conton-crocs-shoes-custom-indoor-keep-warm-furry-eva-clogs-wholesale-4-600x600.webp 600w, https:\/\/www.mappershoe.com\/wp-content\/uploads\/2025\/05\/conton-crocs-shoes-custom-indoor-keep-warm-furry-eva-clogs-wholesale-4-100x100.webp 100w\" sizes=\"(max-width: 1000px) 100vw, 1000px\" \/><\/figure>\n<\/div>\n<\/div>\n\n\n\n<p><\/p>","protected":false},"excerpt":{"rendered":"<p>Bienvenue \u00e0 l'achat de nos chaussures crocs conton personnalis\u00e9es. Ces sabots en peluche EVA sont con\u00e7us pour un usage int\u00e9rieur confortable, avec une doublure en peluche douce pour la chaleur, des semelles EVA l\u00e9g\u00e8res pour un confort tout au long de la journ\u00e9e, et un design antid\u00e9rapant pour la s\u00e9curit\u00e9. Id\u00e9ales pour les saisons d'automne et d'hiver, les commandes en gros permettent de personnaliser les logos et les couleurs.<\/p>\n<h2>\u00a0Chaussures Crocs Sp\u00e9cifications personnalis\u00e9es :<\/h2>\n<table width=\"777\">\n<tbody>\n<tr>\n<td width=\"291\">Fabricant :<\/td>\n<td width=\"486\">Mingyi<\/td>\n<\/tr>\n<tr>\n<td>Style :<\/td>\n<td>Chaussures Crocs<\/td>\n<\/tr>\n<tr>\n<td>Mod\u00e8le :<\/td>\n<td>105<\/td>\n<\/tr>\n<tr>\n<td>Mat\u00e9riau :\u00a0<\/td>\n<td>EVA<\/td>\n<\/tr>\n<tr>\n<td>Couleur :\u00a0<\/td>\n<td>noir, blanc, rose, vert\uff0c gris\uff0c<\/td>\n<\/tr>\n<tr>\n<td>Taille :\u00a0<\/td>\n<td>36-37, 38-39,40-41, 42-43,44-45<\/td>\n<\/tr>\n<tr>\n<td>Options de personnalisation :\u00a0<\/td>\n<td>Logo (dessus, c\u00f4t\u00e9, semelle int\u00e9rieure) \/ Impression int\u00e9grale \/ Couleur \/ Mati\u00e8re \/ \u00c9paisseur de la semelle \/ Dessus<\/td>\n<\/tr>\n<tr>\n<td>Emballage :\u00a0<\/td>\n<td>Emballage personnalis\u00e9<\/td>\n<\/tr>\n<tr>\n<td>Exemple\uff1a<\/td>\n<td>\u00c9chantillons vierges gratuits<\/td>\n<\/tr>\n<\/tbody>\n<\/table>","protected":false},"featured_media":1285,"comment_status":"closed","ping_status":"closed","template":"","meta":{"_acf_changed":false},"product_brand":[],"product_cat":[18],"product_tag":[25,26,27],"class_list":{"0":"post-1282","1":"product","2":"type-product","3":"status-publish","4":"has-post-thumbnail","6":"product_cat-wholesale-crocs-shoes","7":"product_tag-eva-slippers-wholesale","8":"product_tag-mens-slippers-wholesale","9":"product_tag-wholesale-womens-slippers","11":"first","12":"instock","13":"shipping-taxable","14":"product-type-simple"},"acf":[],"_links":{"self":[{"href":"https:\/\/www.mappershoe.com\/fr\/wp-json\/wp\/v2\/product\/1282","targetHints":{"allow":["GET"]}}],"collection":[{"href":"https:\/\/www.mappershoe.com\/fr\/wp-json\/wp\/v2\/product"}],"about":[{"href":"https:\/\/www.mappershoe.com\/fr\/wp-json\/wp\/v2\/types\/product"}],"replies":[{"embeddable":true,"href":"https:\/\/www.mappershoe.com\/fr\/wp-json\/wp\/v2\/comments?post=1282"}],"wp:featuredmedia":[{"embeddable":true,"href":"https:\/\/www.mappershoe.com\/fr\/wp-json\/wp\/v2\/media\/1285"}],"wp:attachment":[{"href":"https:\/\/www.mappershoe.com\/fr\/wp-json\/wp\/v2\/media?parent=1282"}],"wp:term":[{"taxonomy":"product_brand","embeddable":true,"href":"https:\/\/www.mappershoe.com\/fr\/wp-json\/wp\/v2\/product_brand?post=1282"},{"taxonomy":"product_cat","embeddable":true,"href":"https:\/\/www.mappershoe.com\/fr\/wp-json\/wp\/v2\/product_cat?post=1282"},{"taxonomy":"product_tag","embeddable":true,"href":"https:\/\/www.mappershoe.com\/fr\/wp-json\/wp\/v2\/product_tag?post=1282"}],"curies":[{"name":"wp","href":"https:\/\/api.w.org\/{rel}","templated":true}]}}