{"id":1289,"date":"2025-05-16T10:29:25","date_gmt":"2025-05-16T10:29:25","guid":{"rendered":"https:\/\/www.mappershoe.com\/?post_type=product&#038;p=1289"},"modified":"2025-10-27T07:18:52","modified_gmt":"2025-10-27T07:18:52","slug":"eva-clogs-wholesale","status":"publish","type":"product","link":"https:\/\/www.mappershoe.com\/fr\/produit\/eva-clogs-wholesale\/","title":{"rendered":"Sabots EVA chauds en gros, Chaussures Crocs d'hiver personnalis\u00e9es en tailles"},"content":{"rendered":"<div class=\"wp-block-columns is-layout-flex wp-container-core-columns-is-layout-9d6595d7 wp-block-columns-is-layout-flex\">\n<div class=\"wp-block-column is-layout-flow wp-block-column-is-layout-flow\">\n<h3 class=\"wp-block-heading\">Sabots EVA de premi\u00e8re qualit\u00e9 Caract\u00e9ristiques de gros :<\/h3>\n\n\n\n<p><strong>Doublure confortable :<\/strong> Ces sabots Eva en gros ont une doublure en polaire douce pour garder vos pieds au chaud tout au long de l'hiver et vous apporter du confort.<\/p>\n\n\n\n<p><strong>Mat\u00e9riau EVA \u00e9lastique et durable : <\/strong>La semelle de nos chaussures Crocs personnalis\u00e9es est faite d'un mat\u00e9riau EVA l\u00e9ger et durable qui offre amorti et soutien.<\/p>\n\n\n\n<p><strong>Semelle antid\u00e9rapante :<\/strong> Ce mod\u00e8le de semelle ext\u00e9rieure en EVA est con\u00e7u avec une bande de roulement scientifique pour am\u00e9liorer la friction et l'adh\u00e9rence sur les surfaces glissantes.<\/p>\n\n\n\n<p><strong>Style universel pour hommes et femmes : <\/strong>Nos chaussures Crocs personnalis\u00e9es sont disponibles dans toutes les tailles et conviennent aussi bien aux hommes qu'aux femmes, dans un style unisexe, \u00e0 la mode et polyvalent.<\/p>\n\n\n\n<p><strong>Service personnalisable : <\/strong>Ces sabots Eva en gros peuvent \u00eatre personnalis\u00e9s OEM\/ODM, y compris le logo, la couleur, le motif et l'emballage personnalis\u00e9, ce qui convient aux marques en gros et aux achats group\u00e9s.<\/p>\n<\/div>\n\n\n\n<div class=\"wp-block-column is-layout-flow wp-block-column-is-layout-flow\">\n<figure class=\"wp-block-image size-full\"><img decoding=\"async\" width=\"800\" height=\"800\" src=\"https:\/\/www.mappershoe.com\/wp-content\/uploads\/2025\/05\/warm-eva-clogs-wholesale-for-men-women-custom-crocs-shoes-6.webp\" alt=\"warm-eva-clogs-wholesale-for-men-women-custom-crocs-shoes-6\" class=\"wp-image-1295\" srcset=\"https:\/\/www.mappershoe.com\/wp-content\/uploads\/2025\/05\/warm-eva-clogs-wholesale-for-men-women-custom-crocs-shoes-6.webp 800w, https:\/\/www.mappershoe.com\/wp-content\/uploads\/2025\/05\/warm-eva-clogs-wholesale-for-men-women-custom-crocs-shoes-6-300x300.webp 300w, https:\/\/www.mappershoe.com\/wp-content\/uploads\/2025\/05\/warm-eva-clogs-wholesale-for-men-women-custom-crocs-shoes-6-150x150.webp 150w, https:\/\/www.mappershoe.com\/wp-content\/uploads\/2025\/05\/warm-eva-clogs-wholesale-for-men-women-custom-crocs-shoes-6-768x768.webp 768w, https:\/\/www.mappershoe.com\/wp-content\/uploads\/2025\/05\/warm-eva-clogs-wholesale-for-men-women-custom-crocs-shoes-6-12x12.webp 12w, https:\/\/www.mappershoe.com\/wp-content\/uploads\/2025\/05\/warm-eva-clogs-wholesale-for-men-women-custom-crocs-shoes-6-600x600.webp 600w, https:\/\/www.mappershoe.com\/wp-content\/uploads\/2025\/05\/warm-eva-clogs-wholesale-for-men-women-custom-crocs-shoes-6-100x100.webp 100w\" sizes=\"(max-width: 800px) 100vw, 800px\" \/><\/figure>\n<\/div>\n<\/div>\n\n\n\n<p><\/p>","protected":false},"excerpt":{"rendered":"<p>Bienvenue pour acheter nos sabots Eva en gros. Ces chaussures d'hiver EVA chaudes personnalis\u00e9es crocs sont faites de doublure en polaire douce et de mat\u00e9riau EVA \u00e0 haute \u00e9lasticit\u00e9, l\u00e9ger, confortable et chaud, adapt\u00e9 aux hommes et aux femmes, antid\u00e9rapant et r\u00e9sistant \u00e0 l'usure, s'adaptant \u00e0 une vari\u00e9t\u00e9 de sc\u00e8nes hivernales. Les chaussures crocs sont fabriqu\u00e9es \u00e0 partir d'une doublure en polaire et d'un mat\u00e9riau EVA \u00e0 haute \u00e9lasticit\u00e9.<\/p>\n<h2>Sabots en EVA Sp\u00e9cifications en gros :<\/h2>\n<table width=\"777\">\n<tbody>\n<tr>\n<td width=\"291\">Fabricant :<\/td>\n<td width=\"486\">Mingyi<\/td>\n<\/tr>\n<tr>\n<td>Style :<\/td>\n<td>Chaussures Crocs<\/td>\n<\/tr>\n<tr>\n<td>Mod\u00e8le :<\/td>\n<td>106<\/td>\n<\/tr>\n<tr>\n<td>Mat\u00e9riau :\u00a0<\/td>\n<td>EVA<\/td>\n<\/tr>\n<tr>\n<td>Couleur :\u00a0<\/td>\n<td>noir, blanc, brun\uff0cgray\uff0c<\/td>\n<\/tr>\n<tr>\n<td>Taille :\u00a0<\/td>\n<td>36-37, 38-39,40-41, 42-43,44-45<\/td>\n<\/tr>\n<tr>\n<td>Options de personnalisation :\u00a0<\/td>\n<td>Logo (dessus, c\u00f4t\u00e9, semelle int\u00e9rieure) \/ Impression int\u00e9grale \/ Couleur \/ Mati\u00e8re \/ \u00c9paisseur de la semelle \/ Dessus<\/td>\n<\/tr>\n<tr>\n<td>Emballage :\u00a0<\/td>\n<td>Emballage personnalis\u00e9<\/td>\n<\/tr>\n<tr>\n<td>Exemple\uff1a<\/td>\n<td>\u00c9chantillons vierges gratuits<\/td>\n<\/tr>\n<\/tbody>\n<\/table>","protected":false},"featured_media":1294,"comment_status":"closed","ping_status":"closed","template":"","meta":{"_acf_changed":false},"product_brand":[],"product_cat":[18],"product_tag":[25,26,27],"class_list":{"0":"post-1289","1":"product","2":"type-product","3":"status-publish","4":"has-post-thumbnail","6":"product_cat-wholesale-crocs-shoes","7":"product_tag-eva-slippers-wholesale","8":"product_tag-mens-slippers-wholesale","9":"product_tag-wholesale-womens-slippers","11":"first","12":"instock","13":"shipping-taxable","14":"product-type-simple"},"acf":[],"_links":{"self":[{"href":"https:\/\/www.mappershoe.com\/fr\/wp-json\/wp\/v2\/product\/1289","targetHints":{"allow":["GET"]}}],"collection":[{"href":"https:\/\/www.mappershoe.com\/fr\/wp-json\/wp\/v2\/product"}],"about":[{"href":"https:\/\/www.mappershoe.com\/fr\/wp-json\/wp\/v2\/types\/product"}],"replies":[{"embeddable":true,"href":"https:\/\/www.mappershoe.com\/fr\/wp-json\/wp\/v2\/comments?post=1289"}],"wp:featuredmedia":[{"embeddable":true,"href":"https:\/\/www.mappershoe.com\/fr\/wp-json\/wp\/v2\/media\/1294"}],"wp:attachment":[{"href":"https:\/\/www.mappershoe.com\/fr\/wp-json\/wp\/v2\/media?parent=1289"}],"wp:term":[{"taxonomy":"product_brand","embeddable":true,"href":"https:\/\/www.mappershoe.com\/fr\/wp-json\/wp\/v2\/product_brand?post=1289"},{"taxonomy":"product_cat","embeddable":true,"href":"https:\/\/www.mappershoe.com\/fr\/wp-json\/wp\/v2\/product_cat?post=1289"},{"taxonomy":"product_tag","embeddable":true,"href":"https:\/\/www.mappershoe.com\/fr\/wp-json\/wp\/v2\/product_tag?post=1289"}],"curies":[{"name":"wp","href":"https:\/\/api.w.org\/{rel}","templated":true}]}}