{"id":1402,"date":"2025-05-24T07:05:34","date_gmt":"2025-05-24T07:05:34","guid":{"rendered":"https:\/\/www.mappershoe.com\/?post_type=product&#038;p=1402"},"modified":"2025-05-24T07:05:36","modified_gmt":"2025-05-24T07:05:36","slug":"custom-slides-shoes","status":"publish","type":"product","link":"https:\/\/www.mappershoe.com\/fr\/produit\/custom-slides-shoes\/","title":{"rendered":"Chaussures \u00e0 glissi\u00e8re personnalis\u00e9es pour femmes et hommes, pantoufles \u00e0 logo personnalis\u00e9es Wholesale"},"content":{"rendered":"<div class=\"wp-block-columns is-layout-flex wp-container-core-columns-is-layout-9d6595d7 wp-block-columns-is-layout-flex\">\n<div class=\"wp-block-column is-layout-flow wp-block-column-is-layout-flow\">\n<h3 class=\"wp-block-heading\">Premium Custom Slides Shoes Features :<\/h3>\n\n\n\n<p><strong>Marquage personnalis\u00e9 :<\/strong> Ces chaussures \u00e0 glissi\u00e8re personnalis\u00e9es permettent l'impression d'un logo sur la semelle ou la lani\u00e8re - une option id\u00e9ale pour les cadeaux d'entreprise, l'identification d'une \u00e9quipe ou la promotion d'une marque.<\/p>\n\n\n\n<p><strong>PVC durable Mat\u00e9riau : <\/strong>Ces pantoufles en vrac sont fabriqu\u00e9es en PVC de haute qualit\u00e9 ; elles sont imperm\u00e9ables, faciles \u00e0 nettoyer et con\u00e7ues pour \u00eatre port\u00e9es tous les jours.<\/p>\n\n\n\n<p><strong>Conception ax\u00e9e sur le confort : <\/strong>Ces chaussures de glisse personnalis\u00e9es ont une semelle profil\u00e9e avec une texture antid\u00e9rapante pour un confort de marche et une adh\u00e9rence ferme sur les surfaces humides ou s\u00e8ches.<\/p>\n\n\n\n<p><strong>Unisexe et polyvalent Couleurs : <\/strong>Ces pantoufles sont disponibles en gros en noir, en blanc et en combo noir-blanc. Elles sont minimalistes, neutres et faciles \u00e0 assortir \u00e0 des tenues d\u00e9contract\u00e9es.<\/p>\n\n\n\n<p><strong>Bulk Wholesale Ready : <\/strong>Ces chaussures \u00e0 glissi\u00e8re personnalis\u00e9es sont parfaites pour les acheteurs en gros, avec une faible quantit\u00e9 de pi\u00e8ces et un d\u00e9lai de production rapide. Elles sont id\u00e9ales pour la vente au d\u00e9tail, les \u00e9v\u00e9nements, les h\u00f4tels ou les promotions.<\/p>\n<\/div>\n\n\n\n<div class=\"wp-block-column is-layout-flow wp-block-column-is-layout-flow\">\n<figure class=\"wp-block-image size-full\"><img decoding=\"async\" width=\"650\" height=\"650\" src=\"https:\/\/www.mappershoe.com\/wp-content\/uploads\/2025\/05\/custom-slides-shoes-personalized-brand-logo-slippers-wholesale-7.webp\" alt=\"custom-slides-shoes-personalized-brand-logo-slippers-wholesale-7\" class=\"wp-image-1409\" srcset=\"https:\/\/www.mappershoe.com\/wp-content\/uploads\/2025\/05\/custom-slides-shoes-personalized-brand-logo-slippers-wholesale-7.webp 650w, https:\/\/www.mappershoe.com\/wp-content\/uploads\/2025\/05\/custom-slides-shoes-personalized-brand-logo-slippers-wholesale-7-300x300.webp 300w, https:\/\/www.mappershoe.com\/wp-content\/uploads\/2025\/05\/custom-slides-shoes-personalized-brand-logo-slippers-wholesale-7-150x150.webp 150w, https:\/\/www.mappershoe.com\/wp-content\/uploads\/2025\/05\/custom-slides-shoes-personalized-brand-logo-slippers-wholesale-7-12x12.webp 12w, https:\/\/www.mappershoe.com\/wp-content\/uploads\/2025\/05\/custom-slides-shoes-personalized-brand-logo-slippers-wholesale-7-600x600.webp 600w, https:\/\/www.mappershoe.com\/wp-content\/uploads\/2025\/05\/custom-slides-shoes-personalized-brand-logo-slippers-wholesale-7-100x100.webp 100w\" sizes=\"(max-width: 650px) 100vw, 650px\" \/><\/figure>\n<\/div>\n<\/div>","protected":false},"excerpt":{"rendered":"<p>Nous vous invitons \u00e0 acheter nos chaussures \u00e0 glissi\u00e8re personnalis\u00e9es. Ces pantoufles en PVC pour hommes et femmes sont disponibles en noir, blanc et noir-blanc. Durables, r\u00e9sistantes \u00e0 l'eau et confortables avec une semelle antid\u00e9rapante, elles sont parfaites pour un usage quotidien. Ajoutez votre logo personnalis\u00e9 et commandez en gros pour les promotions de marque, les \u00e9v\u00e9nements ou l'utilisation dans l'h\u00f4tellerie.<\/p>\n<h2>Chaussures \u00e0 glissi\u00e8res personnalis\u00e9es Sp\u00e9cifications :<\/h2>\n<table width=\"430\">\n<tbody>\n<tr>\n<td width=\"199\">Fabricant :<\/td>\n<td width=\"231\">Mingyi<\/td>\n<\/tr>\n<tr>\n<td>Style :<\/td>\n<td>Pantoufles<\/td>\n<\/tr>\n<tr>\n<td>Mod\u00e8le :<\/td>\n<td>1001<\/td>\n<\/tr>\n<tr>\n<td>Mat\u00e9riau :\u00a0<\/td>\n<td>PVC<\/td>\n<\/tr>\n<tr>\n<td>Couleur :\u00a0<\/td>\n<td>blanc, noir<\/td>\n<\/tr>\n<tr>\n<td>Taille :\u00a0<\/td>\n<td>Taille US 6\u30016.5 \u30017 \u30017.5 \u30018\u30018.5\u30019\u30019.5\u300110-14<\/td>\n<\/tr>\n<tr>\n<td>Options de personnalisation :\u00a0<\/td>\n<td>Logo (dessus, c\u00f4t\u00e9, semelle int\u00e9rieure) \/ Impression int\u00e9grale \/ Couleur \/ Mati\u00e8re \/ \u00c9paisseur de la semelle \/ Dessus<\/td>\n<\/tr>\n<tr>\n<td>Emballage :\u00a0<\/td>\n<td>Emballage personnalis\u00e9<\/td>\n<\/tr>\n<tr>\n<td>Exemple\uff1a<\/td>\n<td>\u00c9chantillons vierges gratuits<\/td>\n<\/tr>\n<\/tbody>\n<\/table>","protected":false},"featured_media":1403,"comment_status":"closed","ping_status":"closed","template":"","meta":{"_acf_changed":false},"product_brand":[],"product_cat":[19],"product_tag":[26,24,27],"class_list":{"0":"post-1402","1":"product","2":"type-product","3":"status-publish","4":"has-post-thumbnail","6":"product_cat-slippers-in-bulk","7":"product_tag-mens-slippers-wholesale","8":"product_tag-wholesale-pvc-slippers","9":"product_tag-wholesale-womens-slippers","11":"first","12":"instock","13":"shipping-taxable","14":"product-type-simple"},"acf":[],"_links":{"self":[{"href":"https:\/\/www.mappershoe.com\/fr\/wp-json\/wp\/v2\/product\/1402","targetHints":{"allow":["GET"]}}],"collection":[{"href":"https:\/\/www.mappershoe.com\/fr\/wp-json\/wp\/v2\/product"}],"about":[{"href":"https:\/\/www.mappershoe.com\/fr\/wp-json\/wp\/v2\/types\/product"}],"replies":[{"embeddable":true,"href":"https:\/\/www.mappershoe.com\/fr\/wp-json\/wp\/v2\/comments?post=1402"}],"wp:featuredmedia":[{"embeddable":true,"href":"https:\/\/www.mappershoe.com\/fr\/wp-json\/wp\/v2\/media\/1403"}],"wp:attachment":[{"href":"https:\/\/www.mappershoe.com\/fr\/wp-json\/wp\/v2\/media?parent=1402"}],"wp:term":[{"taxonomy":"product_brand","embeddable":true,"href":"https:\/\/www.mappershoe.com\/fr\/wp-json\/wp\/v2\/product_brand?post=1402"},{"taxonomy":"product_cat","embeddable":true,"href":"https:\/\/www.mappershoe.com\/fr\/wp-json\/wp\/v2\/product_cat?post=1402"},{"taxonomy":"product_tag","embeddable":true,"href":"https:\/\/www.mappershoe.com\/fr\/wp-json\/wp\/v2\/product_tag?post=1402"}],"curies":[{"name":"wp","href":"https:\/\/api.w.org\/{rel}","templated":true}]}}