{"id":1410,"date":"2025-05-24T08:17:59","date_gmt":"2025-05-24T08:17:59","guid":{"rendered":"https:\/\/www.mappershoe.com\/?post_type=product&#038;p=1410"},"modified":"2025-05-24T08:18:12","modified_gmt":"2025-05-24T08:18:12","slug":"customized-slippers","status":"publish","type":"product","link":"https:\/\/www.mappershoe.com\/fr\/produit\/customized-slippers\/","title":{"rendered":"Pantoufles personnalis\u00e9es avec logo pour l'\u00e9t\u00e9, Wholesale Velcro Slippers, Adjustable Upper"},"content":{"rendered":"<div class=\"wp-block-columns is-layout-flex wp-container-core-columns-is-layout-9d6595d7 wp-block-columns-is-layout-flex\">\n<div class=\"wp-block-column is-layout-flow wp-block-column-is-layout-flow\">\n<h3 class=\"wp-block-heading\">Pantoufles personnalis\u00e9es de premi\u00e8re qualit\u00e9 avec logo Caract\u00e9ristiques :<\/h3>\n\n\n\n<p><strong>Tige r\u00e9glable : <\/strong>Ces pantoufles personnalis\u00e9es sont dot\u00e9es d'un syst\u00e8me de velcro, la largeur de la tige est r\u00e9glable de mani\u00e8re flexible pour s'adapter aux diff\u00e9rentes formes de pieds, ce qui les rend plus confortables \u00e0 porter.<\/p>\n\n\n\n<p><strong>Prise en charge du LOGO personnalis\u00e9 :<\/strong> Le logo de la marque peut \u00eatre personnalis\u00e9 en fonction de la demande du client afin d'am\u00e9liorer la reconnaissance de la marque. Ces pantoufles velcro en gros conviennent \u00e0 la promotion d'entreprise, aux activit\u00e9s de groupe ou \u00e0 la personnalisation de la marque.<\/p>\n\n\n\n<p><strong>Design d'\u00e9t\u00e9 respirant :<\/strong> Les pantoufles personnalis\u00e9es sont des chaussures d'\u00e9t\u00e9 sp\u00e9cialis\u00e9es. Leur conception ouverte garantit que les pieds n'auront pas chaud et permet de respirer sans \u00e9touffer.<\/p>\n\n\n\n<p><strong>Mat\u00e9riau PVC durable et antid\u00e9rapant :<\/strong> Les semelles de ces pantoufles \u00e0 velcro sont fabriqu\u00e9es en PVC \u00e9lastique de qualit\u00e9 commerciale. Ce mat\u00e9riau est antid\u00e9rapant et offre une excellente adh\u00e9rence \u00e0 l'int\u00e9rieur comme \u00e0 l'ext\u00e9rieur.<\/p>\n\n\n\n<p><strong>Flexibilit\u00e9 de la production de masse en gros : <\/strong>Ces pantoufles personnalis\u00e9es sont faciles \u00e0 produire en vrac pour les grossistes, les supermarch\u00e9s et les sites de commerce \u00e9lectronique.<\/p>\n<\/div>\n\n\n\n<div class=\"wp-block-column is-layout-flow wp-block-column-is-layout-flow\">\n<figure class=\"wp-block-image size-full\"><img decoding=\"async\" width=\"800\" height=\"800\" src=\"https:\/\/www.mappershoe.com\/wp-content\/uploads\/2025\/05\/customized-slippers-with-logo-for-summer-wholesale-velcro-slippers-4.webp\" alt=\"pantoufles-avec-logo-pour-l&#039;\u00e9t\u00e9-vente en gros-velcro-pantoufles-4\" class=\"wp-image-1414\" srcset=\"https:\/\/www.mappershoe.com\/wp-content\/uploads\/2025\/05\/customized-slippers-with-logo-for-summer-wholesale-velcro-slippers-4.webp 800w, https:\/\/www.mappershoe.com\/wp-content\/uploads\/2025\/05\/customized-slippers-with-logo-for-summer-wholesale-velcro-slippers-4-300x300.webp 300w, https:\/\/www.mappershoe.com\/wp-content\/uploads\/2025\/05\/customized-slippers-with-logo-for-summer-wholesale-velcro-slippers-4-150x150.webp 150w, https:\/\/www.mappershoe.com\/wp-content\/uploads\/2025\/05\/customized-slippers-with-logo-for-summer-wholesale-velcro-slippers-4-768x768.webp 768w, https:\/\/www.mappershoe.com\/wp-content\/uploads\/2025\/05\/customized-slippers-with-logo-for-summer-wholesale-velcro-slippers-4-12x12.webp 12w, https:\/\/www.mappershoe.com\/wp-content\/uploads\/2025\/05\/customized-slippers-with-logo-for-summer-wholesale-velcro-slippers-4-600x600.webp 600w, https:\/\/www.mappershoe.com\/wp-content\/uploads\/2025\/05\/customized-slippers-with-logo-for-summer-wholesale-velcro-slippers-4-100x100.webp 100w\" sizes=\"(max-width: 800px) 100vw, 800px\" \/><\/figure>\n<\/div>\n<\/div>","protected":false},"excerpt":{"rendered":"<p>Bienvenue \u00e0 l'achat de nos pantoufles personnalis\u00e9es avec un logo. Ces pantoufles velcro en PVC personnalis\u00e9es sont sp\u00e9cialement con\u00e7ues pour l'\u00e9t\u00e9, avec une tige r\u00e9glable adapt\u00e9e \u00e0 diff\u00e9rentes formes de pieds et un ajustement confortable. Elles peuvent \u00eatre imprim\u00e9es avec un logo exclusif, ce qui est id\u00e9al pour la promotion d'une marque ou les activit\u00e9s de groupe. Fabriqu\u00e9es en PVC antid\u00e9rapant et durable, l\u00e9g\u00e8res et respirantes, elles conviennent \u00e0 la distribution en gros et \u00e0 la coop\u00e9ration personnalis\u00e9e.<\/p>\n<h2>Personnalis\u00e9 Sp\u00e9cifications des pantoufles :<\/h2>\n<table width=\"430\">\n<tbody>\n<tr>\n<td width=\"199\">Fabricant :<\/td>\n<td width=\"231\">Mingyi<\/td>\n<\/tr>\n<tr>\n<td>Style :<\/td>\n<td>Pantoufles<\/td>\n<\/tr>\n<tr>\n<td>Mod\u00e8le :<\/td>\n<td>2293<\/td>\n<\/tr>\n<tr>\n<td>Mat\u00e9riau :\u00a0<\/td>\n<td>PVC<\/td>\n<\/tr>\n<tr>\n<td>Couleur :\u00a0<\/td>\n<td>blanc, noir, rouge<\/td>\n<\/tr>\n<tr>\n<td>Taille :\u00a0<\/td>\n<td>Taille US 6\u30016.5 \u30017 \u30017.5 \u30018\u30018.5\u30019\u30019.5\u300110-14<\/td>\n<\/tr>\n<tr>\n<td>Options de personnalisation :\u00a0<\/td>\n<td>Logo (dessus, c\u00f4t\u00e9, semelle int\u00e9rieure) \/ Impression int\u00e9grale \/ Couleur \/ Mati\u00e8re \/ \u00c9paisseur de la semelle \/ Dessus<\/td>\n<\/tr>\n<tr>\n<td>Emballage :\u00a0<\/td>\n<td>Emballage personnalis\u00e9<\/td>\n<\/tr>\n<tr>\n<td>Exemple\uff1a<\/td>\n<td>\u00c9chantillons vierges gratuits<\/td>\n<\/tr>\n<\/tbody>\n<\/table>","protected":false},"featured_media":1412,"comment_status":"closed","ping_status":"closed","template":"","meta":{"_acf_changed":false},"product_brand":[],"product_cat":[19],"product_tag":[26,24,27],"class_list":{"0":"post-1410","1":"product","2":"type-product","3":"status-publish","4":"has-post-thumbnail","6":"product_cat-slippers-in-bulk","7":"product_tag-mens-slippers-wholesale","8":"product_tag-wholesale-pvc-slippers","9":"product_tag-wholesale-womens-slippers","11":"first","12":"instock","13":"shipping-taxable","14":"product-type-simple"},"acf":[],"_links":{"self":[{"href":"https:\/\/www.mappershoe.com\/fr\/wp-json\/wp\/v2\/product\/1410","targetHints":{"allow":["GET"]}}],"collection":[{"href":"https:\/\/www.mappershoe.com\/fr\/wp-json\/wp\/v2\/product"}],"about":[{"href":"https:\/\/www.mappershoe.com\/fr\/wp-json\/wp\/v2\/types\/product"}],"replies":[{"embeddable":true,"href":"https:\/\/www.mappershoe.com\/fr\/wp-json\/wp\/v2\/comments?post=1410"}],"wp:featuredmedia":[{"embeddable":true,"href":"https:\/\/www.mappershoe.com\/fr\/wp-json\/wp\/v2\/media\/1412"}],"wp:attachment":[{"href":"https:\/\/www.mappershoe.com\/fr\/wp-json\/wp\/v2\/media?parent=1410"}],"wp:term":[{"taxonomy":"product_brand","embeddable":true,"href":"https:\/\/www.mappershoe.com\/fr\/wp-json\/wp\/v2\/product_brand?post=1410"},{"taxonomy":"product_cat","embeddable":true,"href":"https:\/\/www.mappershoe.com\/fr\/wp-json\/wp\/v2\/product_cat?post=1410"},{"taxonomy":"product_tag","embeddable":true,"href":"https:\/\/www.mappershoe.com\/fr\/wp-json\/wp\/v2\/product_tag?post=1410"}],"curies":[{"name":"wp","href":"https:\/\/api.w.org\/{rel}","templated":true}]}}