{"id":1436,"date":"2025-05-30T09:53:19","date_gmt":"2025-05-30T09:53:19","guid":{"rendered":"https:\/\/www.mappershoe.com\/?post_type=product&#038;p=1436"},"modified":"2025-10-27T06:59:01","modified_gmt":"2025-10-27T06:59:01","slug":"custom-made-slippers","status":"publish","type":"product","link":"https:\/\/www.mappershoe.com\/fr\/produit\/custom-made-slippers\/","title":{"rendered":"Chaussons personnalis\u00e9s avec logo, chaussons de plage Nike en vrac"},"content":{"rendered":"<div class=\"wp-block-columns is-layout-flex wp-container-core-columns-is-layout-9d6595d7 wp-block-columns-is-layout-flex\">\n<div class=\"wp-block-column is-layout-flow wp-block-column-is-layout-flow\">\n<h3 class=\"wp-block-heading\">Pantoufles de premi\u00e8re qualit\u00e9 fabriqu\u00e9es sur mesure Caract\u00e9ristiques :<\/h3>\n\n\n\n<p><strong>Design et logo personnalis\u00e9s : <\/strong>Des mod\u00e8les, couleurs et logos sp\u00e9ciaux sont cr\u00e9\u00e9s pour les pantoufles Nike en gros en fonction des exigences de la marque, afin d'assurer l'identification et l'unicit\u00e9 de la marque.<\/p>\n\n\n\n<p><strong>Semelle antid\u00e9rapante et r\u00e9sistante \u00e0 l'usure :<\/strong> Le design de cette pantoufle sur mesure est scientifiquement con\u00e7u pour offrir une meilleure traction et des propri\u00e9t\u00e9s antid\u00e9rapantes pour une utilisation dans de nombreux environnements tels que les plages, les piscines et les environnements ext\u00e9rieurs.<\/p>\n\n\n\n<p><strong>Mat\u00e9riaux souples et confortables : <\/strong>Ces pantoufles sur mesure sont fabriqu\u00e9es \u00e0 partir du meilleur mat\u00e9riau EVA \u00e0 haute \u00e9lasticit\u00e9, qui fonctionne tr\u00e8s bien en termes d'amortissement et de rebond, offrant une sensation de l\u00e9g\u00e8ret\u00e9 et d'absence de pression lors du port, id\u00e9al pour les longues p\u00e9riodes de marche ou de station debout.<\/p>\n\n\n\n<p><strong>Multifonctionnel pour diff\u00e9rentes occasions :<\/strong> Ces pantoufles Nike en gros sont fonctionnelles pour la plage, les sentiers sablonneux, les piscines et l'utilisation quotidienne, combinant fonctionnalit\u00e9 et apparence \u00e0 la mode.<\/p>\n\n\n\n<p><strong>Style inspir\u00e9 de marques renomm\u00e9es : <\/strong>Le mod\u00e8le de pantoufles sur mesure s'inspire des pantoufles Nike et constitue un mod\u00e8le tendance et tr\u00e8s recherch\u00e9 sur le march\u00e9, simple \u00e0 vendre et \u00e0 commercialiser.<\/p>\n<\/div>\n\n\n\n<div class=\"wp-block-column is-layout-flow wp-block-column-is-layout-flow\">\n<figure class=\"wp-block-image size-full\"><img decoding=\"async\" width=\"800\" height=\"800\" src=\"https:\/\/www.mappershoe.com\/wp-content\/uploads\/2025\/05\/custom-made-slippers-with-logo-wholesale-nike-slippers-beach-casual-6.webp\" alt=\"custom-made-slippers-with-logo-wholesale-nike-slippers-beach-casual-6\" class=\"wp-image-1442\" srcset=\"https:\/\/www.mappershoe.com\/wp-content\/uploads\/2025\/05\/custom-made-slippers-with-logo-wholesale-nike-slippers-beach-casual-6.webp 800w, https:\/\/www.mappershoe.com\/wp-content\/uploads\/2025\/05\/custom-made-slippers-with-logo-wholesale-nike-slippers-beach-casual-6-300x300.webp 300w, https:\/\/www.mappershoe.com\/wp-content\/uploads\/2025\/05\/custom-made-slippers-with-logo-wholesale-nike-slippers-beach-casual-6-150x150.webp 150w, https:\/\/www.mappershoe.com\/wp-content\/uploads\/2025\/05\/custom-made-slippers-with-logo-wholesale-nike-slippers-beach-casual-6-768x768.webp 768w, https:\/\/www.mappershoe.com\/wp-content\/uploads\/2025\/05\/custom-made-slippers-with-logo-wholesale-nike-slippers-beach-casual-6-12x12.webp 12w, https:\/\/www.mappershoe.com\/wp-content\/uploads\/2025\/05\/custom-made-slippers-with-logo-wholesale-nike-slippers-beach-casual-6-600x600.webp 600w, https:\/\/www.mappershoe.com\/wp-content\/uploads\/2025\/05\/custom-made-slippers-with-logo-wholesale-nike-slippers-beach-casual-6-100x100.webp 100w\" sizes=\"(max-width: 800px) 100vw, 800px\" \/><\/figure>\n<\/div>\n<\/div>\n\n\n\n<p><\/p>","protected":false},"excerpt":{"rendered":"<p>Nous vous invitons \u00e0 acheter nos pantoufles personnalis\u00e9es. Ces pantoufles personnalis\u00e9es en EVA sont la combinaison parfaite d'un confort l\u00e9ger et d'un design moderne et \u00e0 la mode de Nike. Elles sont fabriqu\u00e9es \u00e0 partir d'un mat\u00e9riau EVA doux mais durable pour un meilleur amorti et une meilleure r\u00e9sistance au glissement. La possibilit\u00e9 de personnaliser enti\u00e8rement les logos fait de ce produit une solution id\u00e9ale pour les acheteurs en gros qui cherchent \u00e0 offrir \u00e0 leurs clients des chaussures de plage et des chaussures d\u00e9contract\u00e9es de marque \u00e0 des prix directs d'usine.<\/p>\n<h2>Pantoufles sur mesure Sp\u00e9cifications :<\/h2>\n<table width=\"777\">\n<tbody>\n<tr>\n<td width=\"291\">Fabricant :<\/td>\n<td width=\"486\">Mingyi<\/td>\n<\/tr>\n<tr>\n<td>Style :<\/td>\n<td>Pantoufles<\/td>\n<\/tr>\n<tr>\n<td>Mod\u00e8le :<\/td>\n<td>003<\/td>\n<\/tr>\n<tr>\n<td>Mat\u00e9riau :\u00a0<\/td>\n<td>EVA<\/td>\n<\/tr>\n<tr>\n<td>Couleur :\u00a0<\/td>\n<td>noir, blanc, abricot, vert, vert clair<\/td>\n<\/tr>\n<tr>\n<td>Taille :\u00a0<\/td>\n<td>36-37, 38-39,40-41, 42-43,44-45<\/td>\n<\/tr>\n<tr>\n<td>Options de personnalisation :\u00a0<\/td>\n<td>Logo (dessus, c\u00f4t\u00e9, semelle int\u00e9rieure) \/ Impression int\u00e9grale \/ Couleur \/ Mati\u00e8re \/ \u00c9paisseur de la semelle \/ Dessus<\/td>\n<\/tr>\n<tr>\n<td>Emballage :\u00a0<\/td>\n<td>Emballage personnalis\u00e9<\/td>\n<\/tr>\n<tr>\n<td>Exemple\uff1a<\/td>\n<td>\u00c9chantillons vierges gratuits<\/td>\n<\/tr>\n<\/tbody>\n<\/table>\n<p>&nbsp;<\/p>","protected":false},"featured_media":1441,"comment_status":"closed","ping_status":"closed","template":"","meta":{"_acf_changed":false},"product_brand":[],"product_cat":[19],"product_tag":[25,26,27],"class_list":{"0":"post-1436","1":"product","2":"type-product","3":"status-publish","4":"has-post-thumbnail","6":"product_cat-slippers-in-bulk","7":"product_tag-eva-slippers-wholesale","8":"product_tag-mens-slippers-wholesale","9":"product_tag-wholesale-womens-slippers","11":"first","12":"instock","13":"shipping-taxable","14":"product-type-simple"},"acf":[],"_links":{"self":[{"href":"https:\/\/www.mappershoe.com\/fr\/wp-json\/wp\/v2\/product\/1436","targetHints":{"allow":["GET"]}}],"collection":[{"href":"https:\/\/www.mappershoe.com\/fr\/wp-json\/wp\/v2\/product"}],"about":[{"href":"https:\/\/www.mappershoe.com\/fr\/wp-json\/wp\/v2\/types\/product"}],"replies":[{"embeddable":true,"href":"https:\/\/www.mappershoe.com\/fr\/wp-json\/wp\/v2\/comments?post=1436"}],"wp:featuredmedia":[{"embeddable":true,"href":"https:\/\/www.mappershoe.com\/fr\/wp-json\/wp\/v2\/media\/1441"}],"wp:attachment":[{"href":"https:\/\/www.mappershoe.com\/fr\/wp-json\/wp\/v2\/media?parent=1436"}],"wp:term":[{"taxonomy":"product_brand","embeddable":true,"href":"https:\/\/www.mappershoe.com\/fr\/wp-json\/wp\/v2\/product_brand?post=1436"},{"taxonomy":"product_cat","embeddable":true,"href":"https:\/\/www.mappershoe.com\/fr\/wp-json\/wp\/v2\/product_cat?post=1436"},{"taxonomy":"product_tag","embeddable":true,"href":"https:\/\/www.mappershoe.com\/fr\/wp-json\/wp\/v2\/product_tag?post=1436"}],"curies":[{"name":"wp","href":"https:\/\/api.w.org\/{rel}","templated":true}]}}