{"id":1452,"date":"2025-06-06T03:50:40","date_gmt":"2025-06-06T03:50:40","guid":{"rendered":"https:\/\/www.mappershoe.com\/?post_type=product&#038;p=1452"},"modified":"2025-06-06T03:50:43","modified_gmt":"2025-06-06T03:50:43","slug":"custom-slide-slippers","status":"publish","type":"product","link":"https:\/\/www.mappershoe.com\/fr\/produit\/custom-slide-slippers\/","title":{"rendered":"Chaussons personnalis\u00e9s avec logo, chaussons \u00e0 coussin d'air pour femmes et hommes, vente en gros"},"content":{"rendered":"<div class=\"wp-block-columns is-layout-flex wp-container-core-columns-is-layout-9d6595d7 wp-block-columns-is-layout-flex\">\n<div class=\"wp-block-column is-layout-flow wp-block-column-is-layout-flow\">\n<h3 class=\"wp-block-heading\">Pantoufles \u00e0 glissi\u00e8re personnalis\u00e9es de premi\u00e8re qualit\u00e9 Caract\u00e9ristiques :<\/h3>\n\n\n\n<p><strong>Coussinets souples :<\/strong> Nos pantoufles de glisse personnalis\u00e9es int\u00e8grent un coussin d'air sur mesure, qui est doux et sensible \u00e0 l'usure et r\u00e9duit efficacement la pression exerc\u00e9e sur les pieds par la marche ou la station debout prolong\u00e9e.<\/p>\n\n\n\n<p><strong>Adaptable \u00e0 diff\u00e9rents environnements : <\/strong>Nos pantoufles \u00e0 coussin d'air sont dot\u00e9es d'une semelle antid\u00e9rapante et durable qui peut \u00eatre port\u00e9e \u00e0 l'int\u00e9rieur comme \u00e0 l'ext\u00e9rieur. \u00c0 la maison, au bureau ou \u00e0 l'ext\u00e9rieur, vous pouvez les porter en toute s\u00e9curit\u00e9.<\/p>\n\n\n\n<p><strong>Mati\u00e8re PVC de premi\u00e8re qualit\u00e9 : <\/strong>Ces pantoufles personnalis\u00e9es sont fabriqu\u00e9es \u00e0 partir de PVC de qualit\u00e9 sup\u00e9rieure, respectueux de l'environnement, recyclable, imperm\u00e9able et s\u00e9chant rapidement, tout en \u00e9tant l\u00e9ger, souple et durable.<\/p>\n\n\n\n<p><strong>Option de personnalisation de la marque apr\u00e8s commercialisation : <\/strong>Le dessus de nos pantoufles \u00e0 coussin d'air peut \u00eatre imprim\u00e9 avec le nom ou le logo de votre marque. Elles sont id\u00e9ales pour des cadeaux personnalis\u00e9s, des activit\u00e9s promotionnelles ou la promotion d'une marque.<\/p>\n\n\n\n<p><strong>Couleurs vives\/motifs imprimables :<\/strong> Les pantoufles personnalis\u00e9es pr\u00e9sentent un certain nombre de couleurs, de d\u00e9grad\u00e9s et de motifs imprim\u00e9s, avec l'option de motifs lumineux, pour r\u00e9pondre \u00e0 diff\u00e9rents go\u00fbts et identit\u00e9s de marque.<\/p>\n<\/div>\n\n\n\n<div class=\"wp-block-column is-layout-flow wp-block-column-is-layout-flow\">\n<figure class=\"wp-block-image size-full\"><img decoding=\"async\" width=\"800\" height=\"800\" src=\"https:\/\/www.mappershoe.com\/wp-content\/uploads\/2025\/06\/custom-slide-slippers-with-logo-air-cushion-slides-slipper-wholesale-6.webp\" alt=\"pantoufles \u00e0 glissi\u00e8re personnalis\u00e9es avec coussin d&#039;air logo - pantoufles \u00e0 glissi\u00e8re - vente en gros - 6\" class=\"wp-image-1458\" srcset=\"https:\/\/www.mappershoe.com\/wp-content\/uploads\/2025\/06\/custom-slide-slippers-with-logo-air-cushion-slides-slipper-wholesale-6.webp 800w, https:\/\/www.mappershoe.com\/wp-content\/uploads\/2025\/06\/custom-slide-slippers-with-logo-air-cushion-slides-slipper-wholesale-6-300x300.webp 300w, https:\/\/www.mappershoe.com\/wp-content\/uploads\/2025\/06\/custom-slide-slippers-with-logo-air-cushion-slides-slipper-wholesale-6-150x150.webp 150w, https:\/\/www.mappershoe.com\/wp-content\/uploads\/2025\/06\/custom-slide-slippers-with-logo-air-cushion-slides-slipper-wholesale-6-768x768.webp 768w, https:\/\/www.mappershoe.com\/wp-content\/uploads\/2025\/06\/custom-slide-slippers-with-logo-air-cushion-slides-slipper-wholesale-6-12x12.webp 12w, https:\/\/www.mappershoe.com\/wp-content\/uploads\/2025\/06\/custom-slide-slippers-with-logo-air-cushion-slides-slipper-wholesale-6-600x600.webp 600w, https:\/\/www.mappershoe.com\/wp-content\/uploads\/2025\/06\/custom-slide-slippers-with-logo-air-cushion-slides-slipper-wholesale-6-100x100.webp 100w\" sizes=\"(max-width: 800px) 100vw, 800px\" \/><\/figure>\n<\/div>\n<\/div>","protected":false},"excerpt":{"rendered":"<p>Nous vous invitons \u00e0 acheter nos pantoufles personnalis\u00e9es. Marchez dans le confort et le style avec nos pantoufles \u00e0 coussin d'air en PVC avec logo personnalis\u00e9, con\u00e7ues pour une utilisation \u00e0 l'int\u00e9rieur et \u00e0 l'ext\u00e9rieur. Avec une semelle \u00e0 coussin d'air confortable, un PVC l\u00e9ger et imperm\u00e9able, et une semelle de massage antid\u00e9rapante, ces pantoufles promettent d'\u00eatre confortables et durables. Parfaites pour la vente en gros et la personnalisation de marque, elles garantissent une alternative respirante, \u00e0 s\u00e9chage rapide et respectueuse de l'environnement pour les hommes et les femmes.<\/p>\n<h2>Pantoufles \u00e0 glissi\u00e8re personnalis\u00e9es Sp\u00e9cifications :<\/h2>\n<table width=\"430\">\n<tbody>\n<tr>\n<td width=\"199\">Fabricant :<\/td>\n<td width=\"231\">Mingyi<\/td>\n<\/tr>\n<tr>\n<td>Style :<\/td>\n<td>Pantoufles<\/td>\n<\/tr>\n<tr>\n<td>Mod\u00e8le :<\/td>\n<td>2261<\/td>\n<\/tr>\n<tr>\n<td>Mat\u00e9riau :\u00a0<\/td>\n<td>PVC<\/td>\n<\/tr>\n<tr>\n<td>Couleur :\u00a0<\/td>\n<td width=\"231\">blanc, noir\uff0c rouge, rose, orange, jaune, bleu<\/td>\n<\/tr>\n<tr>\n<td>Taille :\u00a0<\/td>\n<td>Taille US 6\u30016.5 \u30017 \u30017.5 \u30018\u30018.5\u30019\u30019.5\u300110-14<\/td>\n<\/tr>\n<tr>\n<td>Options de personnalisation :\u00a0<\/td>\n<td>Logo (dessus, c\u00f4t\u00e9, semelle int\u00e9rieure) \/ Impression int\u00e9grale \/ Couleur \/ Mati\u00e8re \/ \u00c9paisseur de la semelle \/ Dessus<\/td>\n<\/tr>\n<tr>\n<td>Emballage :\u00a0<\/td>\n<td>Emballage personnalis\u00e9<\/td>\n<\/tr>\n<tr>\n<td>Exemple\uff1a<\/td>\n<td>\u00c9chantillons vierges gratuits<\/td>\n<\/tr>\n<\/tbody>\n<\/table>","protected":false},"featured_media":1454,"comment_status":"closed","ping_status":"closed","template":"","meta":{"_acf_changed":false},"product_brand":[],"product_cat":[19],"product_tag":[26,24,27],"class_list":{"0":"post-1452","1":"product","2":"type-product","3":"status-publish","4":"has-post-thumbnail","6":"product_cat-slippers-in-bulk","7":"product_tag-mens-slippers-wholesale","8":"product_tag-wholesale-pvc-slippers","9":"product_tag-wholesale-womens-slippers","11":"first","12":"instock","13":"shipping-taxable","14":"product-type-simple"},"acf":[],"_links":{"self":[{"href":"https:\/\/www.mappershoe.com\/fr\/wp-json\/wp\/v2\/product\/1452","targetHints":{"allow":["GET"]}}],"collection":[{"href":"https:\/\/www.mappershoe.com\/fr\/wp-json\/wp\/v2\/product"}],"about":[{"href":"https:\/\/www.mappershoe.com\/fr\/wp-json\/wp\/v2\/types\/product"}],"replies":[{"embeddable":true,"href":"https:\/\/www.mappershoe.com\/fr\/wp-json\/wp\/v2\/comments?post=1452"}],"wp:featuredmedia":[{"embeddable":true,"href":"https:\/\/www.mappershoe.com\/fr\/wp-json\/wp\/v2\/media\/1454"}],"wp:attachment":[{"href":"https:\/\/www.mappershoe.com\/fr\/wp-json\/wp\/v2\/media?parent=1452"}],"wp:term":[{"taxonomy":"product_brand","embeddable":true,"href":"https:\/\/www.mappershoe.com\/fr\/wp-json\/wp\/v2\/product_brand?post=1452"},{"taxonomy":"product_cat","embeddable":true,"href":"https:\/\/www.mappershoe.com\/fr\/wp-json\/wp\/v2\/product_cat?post=1452"},{"taxonomy":"product_tag","embeddable":true,"href":"https:\/\/www.mappershoe.com\/fr\/wp-json\/wp\/v2\/product_tag?post=1452"}],"curies":[{"name":"wp","href":"https:\/\/api.w.org\/{rel}","templated":true}]}}