{"id":1467,"date":"2025-06-06T06:37:19","date_gmt":"2025-06-06T06:37:19","guid":{"rendered":"https:\/\/www.mappershoe.com\/?post_type=product&#038;p=1467"},"modified":"2025-06-06T06:37:22","modified_gmt":"2025-06-06T06:37:22","slug":"custom-slippers-with-logo","status":"publish","type":"product","link":"https:\/\/www.mappershoe.com\/fr\/produit\/custom-slippers-with-logo\/","title":{"rendered":"Pantoufles personnalis\u00e9es avec logo, Pantoufles en gros en deux couleurs pour femmes et hommes"},"content":{"rendered":"<div class=\"wp-block-columns is-layout-flex wp-container-core-columns-is-layout-9d6595d7 wp-block-columns-is-layout-flex\">\n<div class=\"wp-block-column is-layout-flow wp-block-column-is-layout-flow\">\n<h3 class=\"wp-block-heading\">Pantoufles personnalis\u00e9es de premi\u00e8re qualit\u00e9 avec logo Caract\u00e9ristiques :<\/h3>\n\n\n\n<p><strong>Personnalisation multidimensionnelle : <\/strong>Les pantoufles en PVC en gros permettent de personnaliser les logos sur le dessus de la chaussure, les c\u00f4t\u00e9s et la semelle int\u00e9rieure, ainsi que des motifs enti\u00e8rement imprim\u00e9s, des couleurs multiples, des mat\u00e9riaux, des mod\u00e8les de semelles et des mod\u00e8les de dessus pour r\u00e9pondre aux besoins personnalis\u00e9s sp\u00e9cifiques \u00e0 la marque.<\/p>\n\n\n\n<p><strong>Confort ultime : <\/strong>Nos pantoufles personnalis\u00e9es avec logo sont fabriqu\u00e9es \u00e0 partir d'un mat\u00e9riau PVC ultra-l\u00e9ger et souple, offrant d'excellentes performances d'absorption des chocs et une conception de massage par points. Elles offrent une exp\u00e9rience de port confortable et de r\u00e9duction de la pression qui reste agr\u00e9able m\u00eame apr\u00e8s plusieurs heures d'utilisation.<\/p>\n\n\n\n<p><strong>Fonctionnalit\u00e9 multifonctionnelle : <\/strong>Nos pantoufles personnalis\u00e9es avec logo offrent des fonctions antid\u00e9rapantes, r\u00e9sistantes \u00e0 l'usure, imperm\u00e9ables, respirantes et \u00e0 s\u00e9chage rapide, pour diverses applications telles que les salles de bains, les plages, les activit\u00e9s de plein air et les h\u00f4tels.<\/p>\n\n\n\n<p><strong>Style unisexe bicolore :<\/strong> Nos pantoufles en gros pr\u00e9sentent un sch\u00e9ma de couleurs bicolores \u00e0 la mode et \u00e9l\u00e9gant qui assure la coh\u00e9rence du design et offre une vari\u00e9t\u00e9, id\u00e9ale pour les couples, les familles et les commandes en vrac.<\/p>\n\n\n\n<p><strong>S\u00e9chage rapide et nettoyage facile :<\/strong> Le mat\u00e9riau PVC imperm\u00e9able \u00e0 s\u00e9chage rapide des pantoufles en gros se nettoie simplement en le rin\u00e7ant, et la caract\u00e9ristique de s\u00e9chage rapide repousse l'humidit\u00e9 et les odeurs, ce qui le rend facile \u00e0 entretenir.<\/p>\n<\/div>\n\n\n\n<div class=\"wp-block-column is-layout-flow wp-block-column-is-layout-flow\">\n<figure class=\"wp-block-image size-full\"><img decoding=\"async\" width=\"800\" height=\"800\" src=\"https:\/\/www.mappershoe.com\/wp-content\/uploads\/2025\/06\/custom-slippers-with-logo-wholesale-slippers-in-two-colors-1.webp\" alt=\"custom-slippers-with-logo-wholesale-slippers-in-two-colors-1\" class=\"wp-image-1468\" srcset=\"https:\/\/www.mappershoe.com\/wp-content\/uploads\/2025\/06\/custom-slippers-with-logo-wholesale-slippers-in-two-colors-1.webp 800w, https:\/\/www.mappershoe.com\/wp-content\/uploads\/2025\/06\/custom-slippers-with-logo-wholesale-slippers-in-two-colors-1-300x300.webp 300w, https:\/\/www.mappershoe.com\/wp-content\/uploads\/2025\/06\/custom-slippers-with-logo-wholesale-slippers-in-two-colors-1-150x150.webp 150w, https:\/\/www.mappershoe.com\/wp-content\/uploads\/2025\/06\/custom-slippers-with-logo-wholesale-slippers-in-two-colors-1-768x768.webp 768w, https:\/\/www.mappershoe.com\/wp-content\/uploads\/2025\/06\/custom-slippers-with-logo-wholesale-slippers-in-two-colors-1-12x12.webp 12w, https:\/\/www.mappershoe.com\/wp-content\/uploads\/2025\/06\/custom-slippers-with-logo-wholesale-slippers-in-two-colors-1-600x600.webp 600w, https:\/\/www.mappershoe.com\/wp-content\/uploads\/2025\/06\/custom-slippers-with-logo-wholesale-slippers-in-two-colors-1-100x100.webp 100w\" sizes=\"(max-width: 800px) 100vw, 800px\" \/><\/figure>\n<\/div>\n<\/div>","protected":false},"excerpt":{"rendered":"<p>D\u00e9couvrez nos pantoufles hautement personnalis\u00e9es avec logo - parfaites pour les grossistes, les h\u00f4tels ou les promotions de marque. Avec des options de placement complet du logo, d'impression sur toute la surface et de conception unisexe bicolore, ces pantoufles allient style et fonction. Les pantoufles en PVC en gros sont l\u00e9g\u00e8res, imperm\u00e9ables, antid\u00e9rapantes, \u00e0 s\u00e9chage rapide et ultra-douces avec des semelles de massage, ce qui les rend id\u00e9ales pour un large \u00e9ventail d'utilisations en int\u00e9rieur et en ext\u00e9rieur.<\/p>\n<h2>Pantoufles personnalis\u00e9es avec logo Sp\u00e9cifications :<\/h2>\n<table width=\"430\">\n<tbody>\n<tr>\n<td width=\"199\">Fabricant :<\/td>\n<td width=\"231\">Mingyi<\/td>\n<\/tr>\n<tr>\n<td>Style :<\/td>\n<td>Pantoufles<\/td>\n<\/tr>\n<tr>\n<td>Mod\u00e8le :<\/td>\n<td>2191<\/td>\n<\/tr>\n<tr>\n<td>Mat\u00e9riau :\u00a0<\/td>\n<td>PVC<\/td>\n<\/tr>\n<tr>\n<td>Couleur :\u00a0<\/td>\n<td width=\"231\">blanc, noir, rouge, rose, orange, jaune, vert, bleu marine, bleu, gris, brun<\/td>\n<\/tr>\n<tr>\n<td>Taille :\u00a0<\/td>\n<td>Taille US 6\u30016.5 \u30017 \u30017.5 \u30018\u30018.5\u30019\u30019.5\u300110-14<\/td>\n<\/tr>\n<tr>\n<td>Options de personnalisation :\u00a0<\/td>\n<td>Logo (dessus, c\u00f4t\u00e9, semelle int\u00e9rieure) \/ Impression int\u00e9grale \/ Couleur \/ Mati\u00e8re \/ \u00c9paisseur de la semelle \/ Dessus<\/td>\n<\/tr>\n<tr>\n<td>Emballage :\u00a0<\/td>\n<td>Emballage personnalis\u00e9<\/td>\n<\/tr>\n<tr>\n<td>Exemple\uff1a<\/td>\n<td>\u00c9chantillons vierges gratuits<\/td>\n<\/tr>\n<\/tbody>\n<\/table>","protected":false},"featured_media":1480,"comment_status":"closed","ping_status":"closed","template":"","meta":{"_acf_changed":false},"product_brand":[],"product_cat":[19],"product_tag":[26,24,27],"class_list":{"0":"post-1467","1":"product","2":"type-product","3":"status-publish","4":"has-post-thumbnail","6":"product_cat-slippers-in-bulk","7":"product_tag-mens-slippers-wholesale","8":"product_tag-wholesale-pvc-slippers","9":"product_tag-wholesale-womens-slippers","11":"first","12":"instock","13":"shipping-taxable","14":"product-type-simple"},"acf":[],"_links":{"self":[{"href":"https:\/\/www.mappershoe.com\/fr\/wp-json\/wp\/v2\/product\/1467","targetHints":{"allow":["GET"]}}],"collection":[{"href":"https:\/\/www.mappershoe.com\/fr\/wp-json\/wp\/v2\/product"}],"about":[{"href":"https:\/\/www.mappershoe.com\/fr\/wp-json\/wp\/v2\/types\/product"}],"replies":[{"embeddable":true,"href":"https:\/\/www.mappershoe.com\/fr\/wp-json\/wp\/v2\/comments?post=1467"}],"wp:featuredmedia":[{"embeddable":true,"href":"https:\/\/www.mappershoe.com\/fr\/wp-json\/wp\/v2\/media\/1480"}],"wp:attachment":[{"href":"https:\/\/www.mappershoe.com\/fr\/wp-json\/wp\/v2\/media?parent=1467"}],"wp:term":[{"taxonomy":"product_brand","embeddable":true,"href":"https:\/\/www.mappershoe.com\/fr\/wp-json\/wp\/v2\/product_brand?post=1467"},{"taxonomy":"product_cat","embeddable":true,"href":"https:\/\/www.mappershoe.com\/fr\/wp-json\/wp\/v2\/product_cat?post=1467"},{"taxonomy":"product_tag","embeddable":true,"href":"https:\/\/www.mappershoe.com\/fr\/wp-json\/wp\/v2\/product_tag?post=1467"}],"curies":[{"name":"wp","href":"https:\/\/api.w.org\/{rel}","templated":true}]}}