{"id":1482,"date":"2025-06-10T02:09:54","date_gmt":"2025-06-10T02:09:54","guid":{"rendered":"https:\/\/www.mappershoe.com\/?post_type=product&#038;p=1482"},"modified":"2025-06-10T02:09:56","modified_gmt":"2025-06-10T02:09:56","slug":"slippers-in-bulk","status":"publish","type":"product","link":"https:\/\/www.mappershoe.com\/fr\/produit\/slippers-in-bulk\/","title":{"rendered":"Pantoufles d'ext\u00e9rieur en vrac, sandales de sport personnalis\u00e9es avec logo pour hommes"},"content":{"rendered":"<div class=\"wp-block-columns is-layout-flex wp-container-core-columns-is-layout-9d6595d7 wp-block-columns-is-layout-flex\">\n<div class=\"wp-block-column is-layout-flow wp-block-column-is-layout-flow\">\n<h3 class=\"wp-block-heading\">Pantoufles de qualit\u00e9 sup\u00e9rieure en vrac Caract\u00e9ristiques :<\/h3>\n\n\n\n<p><strong>Conception ergonomique qui \u00e9pouse la forme naturelle du pied : <\/strong>Nos pantoufles en vrac sont anatomiquement model\u00e9es d'apr\u00e8s le pied humain ; la courbure de la semelle est identique \u00e0 celle de la vo\u00fbte plantaire pour \u00e9viter la fatigue et faciliter la marche.<\/p>\n\n\n\n<p><strong>Nombreuses options de personnalisation :<\/strong> Ces sandales de sport personnalis\u00e9es permettent de personnaliser les logos (sur le dessus de la chaussure, les c\u00f4t\u00e9s et la semelle int\u00e9rieure), les graphiques enti\u00e8rement imprim\u00e9s, le mat\u00e9riau de la semelle, les lani\u00e8res de la chaussure, la couleur et le mat\u00e9riau, r\u00e9pondant ainsi pleinement aux besoins personnalis\u00e9s des marques ou des projets.<\/p>\n\n\n\n<p><strong>Conception tr\u00e8s confortable : <\/strong>Nos pantoufles en vrac sont fabriqu\u00e9es dans un mat\u00e9riau EVA l\u00e9ger et doux, avec des particules de massage int\u00e9gr\u00e9es et une structure d'absorption des chocs, offrant un amorti et un confort optimal pour les pieds, ce qui permet de les porter pendant de longues heures et de r\u00e9pondre aux besoins des sportifs et des amateurs de loisirs.<\/p>\n\n\n\n<p><strong>Capacit\u00e9 de production \u00e0 grande \u00e9chelle et livraison rapide : <\/strong>Nos pantoufles en vrac sont \u00e9quip\u00e9es de moules et de lignes de production bien rod\u00e9s et permettent de passer des commandes personnalis\u00e9es en grandes quantit\u00e9s dans des d\u00e9lais raisonnables, ce qui convient parfaitement \u00e0 la constitution de stocks pour les saisons promotionnelles ou aux initiatives de collaboration avec les marques.<\/p>\n\n\n\n<p><strong>Technologie d'impression de haute qualit\u00e9 : <\/strong>Ces sandales de sport personnalis\u00e9es utilisent des techniques avanc\u00e9es de s\u00e9rigraphie, de transfert thermique ou d'impression num\u00e9rique. Les motifs sont clairs et durables et conviennent \u00e0 des dessins complexes et \u00e0 des logos de marque, am\u00e9liorant ainsi la reconnaissance du produit.<\/p>\n<\/div>\n\n\n\n<div class=\"wp-block-column is-layout-flow wp-block-column-is-layout-flow\">\n<figure class=\"wp-block-image size-full\"><img decoding=\"async\" width=\"800\" height=\"800\" src=\"https:\/\/www.mappershoe.com\/wp-content\/uploads\/2025\/06\/outdoor-slippers-in-bulk-custom-sport-slide-sandals-with-logo-for-men-1.webp\" alt=\"outdoor-slippers-in-bulk-custom-sport-slide-sandals-with-logo-for-men-1\" class=\"wp-image-1483\" srcset=\"https:\/\/www.mappershoe.com\/wp-content\/uploads\/2025\/06\/outdoor-slippers-in-bulk-custom-sport-slide-sandals-with-logo-for-men-1.webp 800w, https:\/\/www.mappershoe.com\/wp-content\/uploads\/2025\/06\/outdoor-slippers-in-bulk-custom-sport-slide-sandals-with-logo-for-men-1-300x300.webp 300w, https:\/\/www.mappershoe.com\/wp-content\/uploads\/2025\/06\/outdoor-slippers-in-bulk-custom-sport-slide-sandals-with-logo-for-men-1-150x150.webp 150w, https:\/\/www.mappershoe.com\/wp-content\/uploads\/2025\/06\/outdoor-slippers-in-bulk-custom-sport-slide-sandals-with-logo-for-men-1-768x768.webp 768w, https:\/\/www.mappershoe.com\/wp-content\/uploads\/2025\/06\/outdoor-slippers-in-bulk-custom-sport-slide-sandals-with-logo-for-men-1-12x12.webp 12w, https:\/\/www.mappershoe.com\/wp-content\/uploads\/2025\/06\/outdoor-slippers-in-bulk-custom-sport-slide-sandals-with-logo-for-men-1-600x600.webp 600w, https:\/\/www.mappershoe.com\/wp-content\/uploads\/2025\/06\/outdoor-slippers-in-bulk-custom-sport-slide-sandals-with-logo-for-men-1-100x100.webp 100w\" sizes=\"(max-width: 800px) 100vw, 800px\" \/><\/figure>\n<\/div>\n<\/div>\n\n\n\n<p><\/p>","protected":false},"excerpt":{"rendered":"<p>Bienvenue \u00e0 l'achat de nos pantoufles Eva en vrac. Ces sandales de sport personnalis\u00e9es sont id\u00e9ales pour les commandes estivales en vrac. Con\u00e7ues pour un usage ext\u00e9rieur, elles offrent un confort l\u00e9ger, une performance imperm\u00e9able et des semelles antid\u00e9rapantes. Elles sont enti\u00e8rement personnalisables avec votre logo (sur le dessus, le c\u00f4t\u00e9 ou la semelle int\u00e9rieure), l'impression sur toute la surface, les couleurs, la sangle, le mat\u00e9riau et la semelle. Parfaites pour les centres de vacances, les \u00e9quipes, les gymnases et les campagnes promotionnelles.<\/p>\n<h2>Chaussons EVA en vrac Sp\u00e9cifications :<\/h2>\n<table width=\"777\">\n<tbody>\n<tr>\n<td width=\"291\">Fabricant :<\/td>\n<td width=\"486\">Mingyi<\/td>\n<\/tr>\n<tr>\n<td>Style :<\/td>\n<td>Pantoufles<\/td>\n<\/tr>\n<tr>\n<td>Mod\u00e8le :<\/td>\n<td>004<\/td>\n<\/tr>\n<tr>\n<td>Mat\u00e9riau :\u00a0<\/td>\n<td>EVA<\/td>\n<\/tr>\n<tr>\n<td>Couleur :\u00a0<\/td>\n<td>noir, blanc, abricot<\/td>\n<\/tr>\n<tr>\n<td>Taille :\u00a0<\/td>\n<td>36-37, 38-39,40-41, 42-43,44-45<\/td>\n<\/tr>\n<tr>\n<td>Options de personnalisation :\u00a0<\/td>\n<td>Logo (dessus, c\u00f4t\u00e9, semelle int\u00e9rieure) \/ Impression int\u00e9grale \/ Couleur \/ Mati\u00e8re \/ \u00c9paisseur de la semelle \/ Dessus<\/td>\n<\/tr>\n<tr>\n<td>Emballage :\u00a0<\/td>\n<td>Emballage personnalis\u00e9<\/td>\n<\/tr>\n<tr>\n<td>Exemple\uff1a<\/td>\n<td>\u00c9chantillons vierges gratuits<\/td>\n<\/tr>\n<\/tbody>\n<\/table>","protected":false},"featured_media":1484,"comment_status":"closed","ping_status":"closed","template":"","meta":{"_acf_changed":false},"product_brand":[],"product_cat":[19],"product_tag":[25,26],"class_list":{"0":"post-1482","1":"product","2":"type-product","3":"status-publish","4":"has-post-thumbnail","6":"product_cat-slippers-in-bulk","7":"product_tag-eva-slippers-wholesale","8":"product_tag-mens-slippers-wholesale","10":"first","11":"instock","12":"shipping-taxable","13":"product-type-simple"},"acf":[],"_links":{"self":[{"href":"https:\/\/www.mappershoe.com\/fr\/wp-json\/wp\/v2\/product\/1482","targetHints":{"allow":["GET"]}}],"collection":[{"href":"https:\/\/www.mappershoe.com\/fr\/wp-json\/wp\/v2\/product"}],"about":[{"href":"https:\/\/www.mappershoe.com\/fr\/wp-json\/wp\/v2\/types\/product"}],"replies":[{"embeddable":true,"href":"https:\/\/www.mappershoe.com\/fr\/wp-json\/wp\/v2\/comments?post=1482"}],"wp:featuredmedia":[{"embeddable":true,"href":"https:\/\/www.mappershoe.com\/fr\/wp-json\/wp\/v2\/media\/1484"}],"wp:attachment":[{"href":"https:\/\/www.mappershoe.com\/fr\/wp-json\/wp\/v2\/media?parent=1482"}],"wp:term":[{"taxonomy":"product_brand","embeddable":true,"href":"https:\/\/www.mappershoe.com\/fr\/wp-json\/wp\/v2\/product_brand?post=1482"},{"taxonomy":"product_cat","embeddable":true,"href":"https:\/\/www.mappershoe.com\/fr\/wp-json\/wp\/v2\/product_cat?post=1482"},{"taxonomy":"product_tag","embeddable":true,"href":"https:\/\/www.mappershoe.com\/fr\/wp-json\/wp\/v2\/product_tag?post=1482"}],"curies":[{"name":"wp","href":"https:\/\/api.w.org\/{rel}","templated":true}]}}