{"id":1491,"date":"2025-06-10T03:05:53","date_gmt":"2025-06-10T03:05:53","guid":{"rendered":"https:\/\/www.mappershoe.com\/?post_type=product&#038;p=1491"},"modified":"2026-01-03T07:44:12","modified_gmt":"2026-01-03T07:44:12","slug":"custom-branded-slippers","status":"publish","type":"product","link":"https:\/\/www.mappershoe.com\/fr\/produit\/custom-branded-slippers\/","title":{"rendered":"Bulk Custom Branded Slippers, Yeezy 350 Slipper Supply"},"content":{"rendered":"<div class=\"wp-block-columns is-layout-flex wp-container-core-columns-is-layout-9d6595d7 wp-block-columns-is-layout-flex\">\n<div class=\"wp-block-column is-layout-flow wp-block-column-is-layout-flow\">\n<h3 class=\"wp-block-heading\">Pantoufles personnalis\u00e9es de premi\u00e8re qualit\u00e9 Caract\u00e9ristiques :<\/h3>\n\n\n\n<p><strong>Design ext\u00e9rieur de type 350 : <\/strong>Ces chaussons personnalis\u00e9s s'inspirent du look classique de la Yeezy 350. L'empeigne pr\u00e9sente un motif de transfert thermique de type Primeknit, qui donne une apparence unique \u00e0 la rue et conf\u00e8re \u00e0 la marque une valeur de sophistication et de mode.<\/p>\n\n\n\n<p><strong>Nombreuses options de personnalisation : <\/strong>Ces yeezy slippers wholesale prennent en charge la personnalisation des logos de la marque (dessus, panneaux lat\u00e9raux, semelle int\u00e9rieure), des motifs d'impression complets, de la semelle ext\u00e9rieure, du mat\u00e9riau du dessus, de la couleur et de la taille, r\u00e9pondant aux exigences OEM\/ODM et convenant \u00e0 divers \u00e9v\u00e9nements, promotions ou collaborations de marque.<\/p>\n\n\n\n<p><strong>Semelle ext\u00e9rieure l\u00e9g\u00e8re en EVA :<\/strong> La semelle ext\u00e9rieure des pantoufles personnalis\u00e9es est fabriqu\u00e9e \u00e0 partir d'un mat\u00e9riau EVA \u00e0 haute \u00e9lasticit\u00e9, l\u00e9ger, souple, amortissant les chocs et r\u00e9sistant \u00e0 l'usure, tout en offrant \u00e0 la fois soutien et flexibilit\u00e9.<\/p>\n\n\n\n<p><strong>Double usage int\u00e9rieur\/ext\u00e9rieur : <\/strong>Ces yeezy slippers wholesale ont une texture antid\u00e9rapante et une fonction imperm\u00e9able, disponible pour la maison, le balcon, la plage, la salle de gym, la piscine, l'h\u00f4tel et d'autres applications, avec une grande praticit\u00e9 et une longue dur\u00e9e de vie.<\/p>\n\n\n\n<p><strong>Plusieurs tailles disponibles : <\/strong>Ces pantoufles personnalis\u00e9es vont de la taille enfant \u00e0 la taille adulte, avec des mod\u00e8les distincts pour les hommes et les femmes, r\u00e9pondant ainsi aux besoins de personnalisation de tous les groupes d'\u00e2ge.<\/p>\n<\/div>\n\n\n\n<div class=\"wp-block-column is-layout-flow wp-block-column-is-layout-flow\">\n<figure class=\"wp-block-image size-full\"><img decoding=\"async\" width=\"800\" height=\"800\" src=\"https:\/\/www.mappershoe.com\/wp-content\/uploads\/2025\/06\/custom-branded-slippers-with-logo-fashion-yeezy-350-slipper-wholesale-4.webp\" alt=\"custom-branded-slippers-with-logo-fashion-yeezy-350-slipper-wholesale-4\" class=\"wp-image-1495\" srcset=\"https:\/\/www.mappershoe.com\/wp-content\/uploads\/2025\/06\/custom-branded-slippers-with-logo-fashion-yeezy-350-slipper-wholesale-4.webp 800w, https:\/\/www.mappershoe.com\/wp-content\/uploads\/2025\/06\/custom-branded-slippers-with-logo-fashion-yeezy-350-slipper-wholesale-4-300x300.webp 300w, https:\/\/www.mappershoe.com\/wp-content\/uploads\/2025\/06\/custom-branded-slippers-with-logo-fashion-yeezy-350-slipper-wholesale-4-150x150.webp 150w, https:\/\/www.mappershoe.com\/wp-content\/uploads\/2025\/06\/custom-branded-slippers-with-logo-fashion-yeezy-350-slipper-wholesale-4-768x768.webp 768w, https:\/\/www.mappershoe.com\/wp-content\/uploads\/2025\/06\/custom-branded-slippers-with-logo-fashion-yeezy-350-slipper-wholesale-4-12x12.webp 12w, https:\/\/www.mappershoe.com\/wp-content\/uploads\/2025\/06\/custom-branded-slippers-with-logo-fashion-yeezy-350-slipper-wholesale-4-600x600.webp 600w, https:\/\/www.mappershoe.com\/wp-content\/uploads\/2025\/06\/custom-branded-slippers-with-logo-fashion-yeezy-350-slipper-wholesale-4-100x100.webp 100w\" sizes=\"(max-width: 800px) 100vw, 800px\" \/><\/figure>\n<\/div>\n<\/div>\n\n\n\n<p><\/p>","protected":false},"excerpt":{"rendered":"<p>Bienvenue \u00e0 l'achat de nos pantoufles personnalis\u00e9es. Ces pantoufles EVA en gros sont sur le design Yeezy 350 tendance et sont disponibles dans des designs pr\u00eats \u00e0 \u00eatre personnalis\u00e9s. Avec une tige en Primeknit imprim\u00e9, un amorti l\u00e9ger et un EVA antid\u00e9rapant, ils sont parfaits pour une utilisation int\u00e9rieure\/ext\u00e9rieure. Elles sont enti\u00e8rement personnalisables avec des logos, des couleurs et des motifs, ce qui signifie que ces pantoufles au style agr\u00e9able sont parfaites pour les promotions de marque, les projets de vente au d\u00e9tail ou les cadeaux en vrac.<\/p>\n<h2>Pantoufles de marque personnalis\u00e9es Sp\u00e9cifications :<\/h2>\n<table width=\"777\">\n<tbody>\n<tr>\n<td width=\"291\">Fabricant :<\/td>\n<td width=\"486\">Mingyi<\/td>\n<\/tr>\n<tr>\n<td>Style :<\/td>\n<td>Pantoufles<\/td>\n<\/tr>\n<tr>\n<td>Mod\u00e8le :<\/td>\n<td>005<\/td>\n<\/tr>\n<tr>\n<td>Mat\u00e9riau :\u00a0<\/td>\n<td>EVA<\/td>\n<\/tr>\n<tr>\n<td>Couleur :\u00a0<\/td>\n<td>noir, blanc, rouge, rose, orange, jaune, vert, bleu, bleu clair, rouge ros\u00e9, brun<\/td>\n<\/tr>\n<tr>\n<td>Taille :\u00a0<\/td>\n<td>36-37, 38-39,40-41, 42-43,44-45<\/td>\n<\/tr>\n<tr>\n<td>Options de personnalisation :\u00a0<\/td>\n<td>Logo (dessus, c\u00f4t\u00e9, semelle int\u00e9rieure) \/ Impression int\u00e9grale \/ Couleur \/ Mati\u00e8re \/ \u00c9paisseur de la semelle \/ Dessus<\/td>\n<\/tr>\n<tr>\n<td>Emballage :\u00a0<\/td>\n<td>Emballage personnalis\u00e9<\/td>\n<\/tr>\n<tr>\n<td>Exemple\uff1a<\/td>\n<td>\u00c9chantillons vierges gratuits<\/td>\n<\/tr>\n<\/tbody>\n<\/table>","protected":false},"featured_media":1493,"comment_status":"closed","ping_status":"closed","template":"","meta":{"_acf_changed":false},"product_brand":[],"product_cat":[19],"product_tag":[25,26,27],"class_list":{"0":"post-1491","1":"product","2":"type-product","3":"status-publish","4":"has-post-thumbnail","6":"product_cat-slippers-in-bulk","7":"product_tag-eva-slippers-wholesale","8":"product_tag-mens-slippers-wholesale","9":"product_tag-wholesale-womens-slippers","11":"first","12":"instock","13":"shipping-taxable","14":"product-type-simple"},"acf":[],"_links":{"self":[{"href":"https:\/\/www.mappershoe.com\/fr\/wp-json\/wp\/v2\/product\/1491","targetHints":{"allow":["GET"]}}],"collection":[{"href":"https:\/\/www.mappershoe.com\/fr\/wp-json\/wp\/v2\/product"}],"about":[{"href":"https:\/\/www.mappershoe.com\/fr\/wp-json\/wp\/v2\/types\/product"}],"replies":[{"embeddable":true,"href":"https:\/\/www.mappershoe.com\/fr\/wp-json\/wp\/v2\/comments?post=1491"}],"wp:featuredmedia":[{"embeddable":true,"href":"https:\/\/www.mappershoe.com\/fr\/wp-json\/wp\/v2\/media\/1493"}],"wp:attachment":[{"href":"https:\/\/www.mappershoe.com\/fr\/wp-json\/wp\/v2\/media?parent=1491"}],"wp:term":[{"taxonomy":"product_brand","embeddable":true,"href":"https:\/\/www.mappershoe.com\/fr\/wp-json\/wp\/v2\/product_brand?post=1491"},{"taxonomy":"product_cat","embeddable":true,"href":"https:\/\/www.mappershoe.com\/fr\/wp-json\/wp\/v2\/product_cat?post=1491"},{"taxonomy":"product_tag","embeddable":true,"href":"https:\/\/www.mappershoe.com\/fr\/wp-json\/wp\/v2\/product_tag?post=1491"}],"curies":[{"name":"wp","href":"https:\/\/api.w.org\/{rel}","templated":true}]}}