{"id":1521,"date":"2025-06-20T09:38:59","date_gmt":"2025-06-20T09:38:59","guid":{"rendered":"https:\/\/www.mappershoe.com\/?post_type=product&#038;p=1521"},"modified":"2026-01-03T07:41:43","modified_gmt":"2026-01-03T07:41:43","slug":"mens-custom-slippers","status":"publish","type":"product","link":"https:\/\/www.mappershoe.com\/fr\/produit\/mens-custom-slippers\/","title":{"rendered":"New Mens Custom Slippers, Thick Soles Eva Slippers Bulk (Chaussons personnalis\u00e9s pour hommes, semelles \u00e9paisses)"},"content":{"rendered":"<div class=\"wp-block-columns is-layout-flex wp-container-core-columns-is-layout-9d6595d7 wp-block-columns-is-layout-flex\">\n<div class=\"wp-block-column is-layout-flow wp-block-column-is-layout-flow\">\n<h3 class=\"wp-block-heading\">Pantoufles personnalis\u00e9es Premium pour hommes Caract\u00e9ristiques :<\/h3>\n\n\n\n<p><strong>Design ext\u00e9rieur a\u00e9rodynamique :<\/strong> Le corps de la chaussure en vrac Eva pr\u00e9sente une structure tridimensionnelle rationalis\u00e9e, associ\u00e9e \u00e0 des motifs g\u00e9om\u00e9triques en relief et \u00e0 des motifs creux sur la face ext\u00e9rieure, cr\u00e9ant un effet visuel dynamique qui convient parfaitement aux individus branch\u00e9s et aux clients des marques de mode.<\/p>\n\n\n\n<p><strong>Semelle ext\u00e9rieure en EVA \u00e9paissie et moul\u00e9e d'une seule pi\u00e8ce : <\/strong>L'ensemble de la chaussure des pantoufles personnalis\u00e9es pour homme est fabriqu\u00e9 \u00e0 l'aide d'un processus de moulage par injection en une seule pi\u00e8ce d'EVA \u00e0 haute \u00e9lasticit\u00e9, ce qui donne une semelle ext\u00e9rieure \u00e9paisse mais souple qui r\u00e9duit efficacement l'impact de la marche. Elle permet \u00e9galement d'augmenter la taille d'environ 3,5 \u00e0 4 cm, am\u00e9liorant ainsi le confort de port et les proportions du corps.<\/p>\n\n\n\n<p><strong>Semelle int\u00e9rieure int\u00e9gr\u00e9e \u00e0 particules de massage 3D :<\/strong> La semelle int\u00e9rieure des pantoufles personnalis\u00e9es pour homme pr\u00e9sente des textures antid\u00e9rapantes et des surfaces de massage sur\u00e9lev\u00e9es, garantissant la relaxation des pieds tout en maintenant la respirabilit\u00e9 et le confort, et convenant \u00e0 une utilisation prolong\u00e9e \u00e0 l'int\u00e9rieur comme \u00e0 l'ext\u00e9rieur.<\/p>\n\n\n\n<p><strong>Semelle antid\u00e9rapante et r\u00e9sistante \u00e0 l'usure : <\/strong>La semelle des pantoufles Eva est profond\u00e9ment textur\u00e9e pour offrir une meilleure traction et une capacit\u00e9 antid\u00e9rapante, ainsi qu'une fonctionnalit\u00e9 et une s\u00e9curit\u00e9 maximales. Elle convient aux environnements glissants tels que les salles de bains, les piscines et les balcons, et peut \u00eatre utilis\u00e9e comme pantoufles d'ext\u00e9rieur d\u00e9contract\u00e9es.<\/p>\n\n\n\n<p><strong>Niveaux de personnalisation multidimensionnels : <\/strong>Les pantoufles personnalis\u00e9es pour hommes offrent des niveaux de personnalisation qui incluent les logos (sur le dessus de la chaussure, le c\u00f4t\u00e9 ou la semelle int\u00e9rieure), la couleur du lacet, les combinaisons de couleurs g\u00e9n\u00e9rales, l'impression de motifs et le mat\u00e9riau de la semelle, de sorte que chaque paire de pantoufles peut \u00eatre personnalis\u00e9e pour refl\u00e9ter la personnalit\u00e9 de la marque.<\/p>\n<\/div>\n\n\n\n<div class=\"wp-block-column is-layout-flow wp-block-column-is-layout-flow\">\n<figure class=\"wp-block-image size-full\"><img decoding=\"async\" width=\"800\" height=\"800\" src=\"https:\/\/www.mappershoe.com\/wp-content\/uploads\/2025\/06\/mens-custom-slippers-new-thick-soles-height-increasing-eva-slippers-bulk-7.webp\" alt=\"mens-custom-slippers-new-thick-soles-height-increasing-eva-slippers-bulk- (7)\" class=\"wp-image-1528\" srcset=\"https:\/\/www.mappershoe.com\/wp-content\/uploads\/2025\/06\/mens-custom-slippers-new-thick-soles-height-increasing-eva-slippers-bulk-7.webp 800w, https:\/\/www.mappershoe.com\/wp-content\/uploads\/2025\/06\/mens-custom-slippers-new-thick-soles-height-increasing-eva-slippers-bulk-7-300x300.webp 300w, https:\/\/www.mappershoe.com\/wp-content\/uploads\/2025\/06\/mens-custom-slippers-new-thick-soles-height-increasing-eva-slippers-bulk-7-150x150.webp 150w, https:\/\/www.mappershoe.com\/wp-content\/uploads\/2025\/06\/mens-custom-slippers-new-thick-soles-height-increasing-eva-slippers-bulk-7-768x768.webp 768w, https:\/\/www.mappershoe.com\/wp-content\/uploads\/2025\/06\/mens-custom-slippers-new-thick-soles-height-increasing-eva-slippers-bulk-7-12x12.webp 12w, https:\/\/www.mappershoe.com\/wp-content\/uploads\/2025\/06\/mens-custom-slippers-new-thick-soles-height-increasing-eva-slippers-bulk-7-600x600.webp 600w, https:\/\/www.mappershoe.com\/wp-content\/uploads\/2025\/06\/mens-custom-slippers-new-thick-soles-height-increasing-eva-slippers-bulk-7-100x100.webp 100w\" sizes=\"(max-width: 800px) 100vw, 800px\" \/><\/figure>\n<\/div>\n<\/div>\n\n\n\n<p><\/p>","protected":false},"excerpt":{"rendered":"<p>Nous vous invitons \u00e0 passer des commandes group\u00e9es. Ces nouveaux chaussons personnalis\u00e9s pour hommes pr\u00e9sentent une semelle \u00e9paisse moderne avec un profil g\u00e9om\u00e9trique audacieux. Fabriqu\u00e9es en EVA souple et l\u00e9ger, elles offrent un surcro\u00eet de hauteur, une absorption des chocs et un confort total du pied gr\u00e2ce \u00e0 une semelle int\u00e9rieure de massage textur\u00e9e. Des logos personnalis\u00e9s peuvent \u00eatre ajout\u00e9s sur le dessus, le c\u00f4t\u00e9 ou la semelle int\u00e9rieure, ce qui les rend id\u00e9ales pour la vente en gros, la personnalisation des marques ou les lignes de vente au d\u00e9tail \u00e0 la pointe de la mode.<\/p>\n<h2>Pantoufles personnalis\u00e9es pour hommes Sp\u00e9cifications :<\/h2>\n<table width=\"777\">\n<tbody>\n<tr>\n<td width=\"291\">Fabricant :<\/td>\n<td width=\"486\">Mingyi<\/td>\n<\/tr>\n<tr>\n<td>Style :<\/td>\n<td>Pantoufles<\/td>\n<\/tr>\n<tr>\n<td>Mod\u00e8le :<\/td>\n<td>006<\/td>\n<\/tr>\n<tr>\n<td>Mat\u00e9riau :\u00a0<\/td>\n<td>EVA<\/td>\n<\/tr>\n<tr>\n<td>Couleur :\u00a0<\/td>\n<td>noir, blanc, abricot<\/td>\n<\/tr>\n<tr>\n<td>Taille :\u00a0<\/td>\n<td>36-37, 38-39,40-41, 42-43,44-45<\/td>\n<\/tr>\n<tr>\n<td>Options de personnalisation :\u00a0<\/td>\n<td>Logo (dessus, c\u00f4t\u00e9, semelle int\u00e9rieure) \/ Impression int\u00e9grale \/ Couleur \/ Mati\u00e8re \/ \u00c9paisseur de la semelle \/ Dessus<\/td>\n<\/tr>\n<tr>\n<td>Emballage :\u00a0<\/td>\n<td>Emballage personnalis\u00e9<\/td>\n<\/tr>\n<tr>\n<td>Exemple\uff1a<\/td>\n<td>\u00c9chantillons vierges gratuits<\/td>\n<\/tr>\n<\/tbody>\n<\/table>","protected":false},"featured_media":1527,"comment_status":"closed","ping_status":"closed","template":"","meta":{"_acf_changed":false},"product_brand":[],"product_cat":[19],"product_tag":[25,26],"class_list":{"0":"post-1521","1":"product","2":"type-product","3":"status-publish","4":"has-post-thumbnail","6":"product_cat-slippers-in-bulk","7":"product_tag-eva-slippers-wholesale","8":"product_tag-mens-slippers-wholesale","10":"first","11":"instock","12":"shipping-taxable","13":"product-type-simple"},"acf":[],"_links":{"self":[{"href":"https:\/\/www.mappershoe.com\/fr\/wp-json\/wp\/v2\/product\/1521","targetHints":{"allow":["GET"]}}],"collection":[{"href":"https:\/\/www.mappershoe.com\/fr\/wp-json\/wp\/v2\/product"}],"about":[{"href":"https:\/\/www.mappershoe.com\/fr\/wp-json\/wp\/v2\/types\/product"}],"replies":[{"embeddable":true,"href":"https:\/\/www.mappershoe.com\/fr\/wp-json\/wp\/v2\/comments?post=1521"}],"wp:featuredmedia":[{"embeddable":true,"href":"https:\/\/www.mappershoe.com\/fr\/wp-json\/wp\/v2\/media\/1527"}],"wp:attachment":[{"href":"https:\/\/www.mappershoe.com\/fr\/wp-json\/wp\/v2\/media?parent=1521"}],"wp:term":[{"taxonomy":"product_brand","embeddable":true,"href":"https:\/\/www.mappershoe.com\/fr\/wp-json\/wp\/v2\/product_brand?post=1521"},{"taxonomy":"product_cat","embeddable":true,"href":"https:\/\/www.mappershoe.com\/fr\/wp-json\/wp\/v2\/product_cat?post=1521"},{"taxonomy":"product_tag","embeddable":true,"href":"https:\/\/www.mappershoe.com\/fr\/wp-json\/wp\/v2\/product_tag?post=1521"}],"curies":[{"name":"wp","href":"https:\/\/api.w.org\/{rel}","templated":true}]}}