{"id":1530,"date":"2025-07-01T08:03:12","date_gmt":"2025-07-01T08:03:12","guid":{"rendered":"https:\/\/www.mappershoe.com\/?post_type=product&#038;p=1530"},"modified":"2025-07-01T08:03:15","modified_gmt":"2025-07-01T08:03:15","slug":"customized-eva-slippers","status":"publish","type":"product","link":"https:\/\/www.mappershoe.com\/fr\/produit\/customized-eva-slippers\/","title":{"rendered":"Chaussons EVA personnalis\u00e9s Sandales en mousse unisexe originales de haute qualit\u00e9 avec logo"},"content":{"rendered":"<div class=\"wp-block-columns is-layout-flex wp-container-core-columns-is-layout-9d6595d7 wp-block-columns-is-layout-flex\">\n<div class=\"wp-block-column is-layout-flow wp-block-column-is-layout-flow\">\n<h3 class=\"wp-block-heading\">Best Customized Eva Slipper Caract\u00e9ristiques :<\/h3>\n\n\n\n<p><strong>Design minimaliste et \u00e9l\u00e9gant :<\/strong> Nos pantoufles personnalis\u00e9es en eva sont fabriqu\u00e9es d'une seule pi\u00e8ce et pr\u00e9sentent des lignes \u00e9pur\u00e9es et une esth\u00e9tique moderne. Elles sont parfaites pour la maison, les sorties d\u00e9contract\u00e9es ou le travail.<\/p>\n\n\n\n<p><strong>Possibilit\u00e9 d'impression de logos personnalis\u00e9s :<\/strong> Ces pantoufles en eva peuvent \u00eatre personnalis\u00e9es avec votre propre logo - id\u00e9al pour la promotion de la marque, les cadeaux d'entreprise, l'utilisation dans les h\u00f4tels ou l'\u00e9tiquetage priv\u00e9.<\/p>\n\n\n\n<p><strong>Vari\u00e9t\u00e9 d'options de couleurs :<\/strong> Nos pantoufles eva personnalis\u00e9es sont disponibles dans une gamme de couleurs tendance comme le noir, le beige, le vert et le marron pour convenir \u00e0 diff\u00e9rentes pr\u00e9f\u00e9rences et occasions.<\/p>\n\n\n\n<p><strong>Douceur et confort :<\/strong> La taille personnalis\u00e9e des pantoufles en gros garantit un ajustement parfait qui \u00e9pouse le pied confortablement - plus de pantoufles l\u00e2ches ou serr\u00e9es.<\/p>\n\n\n\n<p><strong>Mat\u00e9riaux durables et de haute qualit\u00e9 :<\/strong> Pantoufles de gros fabriqu\u00e9es avec des mat\u00e9riaux doux et de qualit\u00e9 sup\u00e9rieure et une semelle antid\u00e9rapante et r\u00e9sistante \u00e0 l'usure pour un confort et une s\u00e9curit\u00e9 durables.<\/p>\n<\/div>\n\n\n\n<div class=\"wp-block-column is-layout-flow wp-block-column-is-layout-flow\">\n<figure class=\"wp-block-image size-full\"><img decoding=\"async\" width=\"790\" height=\"982\" src=\"https:\/\/www.mappershoe.com\/wp-content\/uploads\/2025\/07\/best-customized-eva-slippers-original-unisex-foam-sandals-5.webp\" alt=\"best-customized-eva-slippers-original-unisex-foam-sandals-5\" class=\"wp-image-1542\" srcset=\"https:\/\/www.mappershoe.com\/wp-content\/uploads\/2025\/07\/best-customized-eva-slippers-original-unisex-foam-sandals-5.webp 790w, https:\/\/www.mappershoe.com\/wp-content\/uploads\/2025\/07\/best-customized-eva-slippers-original-unisex-foam-sandals-5-241x300.webp 241w, https:\/\/www.mappershoe.com\/wp-content\/uploads\/2025\/07\/best-customized-eva-slippers-original-unisex-foam-sandals-5-768x955.webp 768w, https:\/\/www.mappershoe.com\/wp-content\/uploads\/2025\/07\/best-customized-eva-slippers-original-unisex-foam-sandals-5-10x12.webp 10w, https:\/\/www.mappershoe.com\/wp-content\/uploads\/2025\/07\/best-customized-eva-slippers-original-unisex-foam-sandals-5-600x746.webp 600w\" sizes=\"(max-width: 790px) 100vw, 790px\" \/><\/figure>\n<\/div>\n<\/div>\n\n\n\n<p><\/p>","protected":false},"excerpt":{"rendered":"<p>Nous vous invitons \u00e0 passer des commandes en gros pour nos pantoufles Eva personnalis\u00e9es. Faites l'exp\u00e9rience du confort ultime et du minimalisme avec nos pantoufles personnalis\u00e9es en EVA, con\u00e7ues avec un corps moul\u00e9 en une seule pi\u00e8ce et une semelle extra-\u00e9paisse pour un amorti semblable \u00e0 celui d'un nuage. Id\u00e9ales pour la maison, les h\u00f4tels, les spas, les salles de sport et les promotions. La personnalisation OEM et ODM est enti\u00e8rement prise en charge.<\/p>\n<h2>Chaussons EVA personnalis\u00e9s Sp\u00e9cifications :<\/h2>\n<table width=\"777\">\n<tbody>\n<tr>\n<td width=\"291\">Fabricant :<\/td>\n<td width=\"486\">Mingyi<\/td>\n<\/tr>\n<tr>\n<td>Style :<\/td>\n<td>Pantoufles<\/td>\n<\/tr>\n<tr>\n<td>Mod\u00e8le :<\/td>\n<td>007<\/td>\n<\/tr>\n<tr>\n<td>Mat\u00e9riau :\u00a0<\/td>\n<td>EVA<\/td>\n<\/tr>\n<tr>\n<td>Couleur :\u00a0<\/td>\n<td>noir, blanc, abricot<\/td>\n<\/tr>\n<tr>\n<td>Taille :\u00a0<\/td>\n<td>36-37, 38-39,40-41, 42-43,44-45<\/td>\n<\/tr>\n<tr>\n<td>Options de personnalisation :\u00a0<\/td>\n<td>Logo (dessus, c\u00f4t\u00e9, semelle int\u00e9rieure) \/ Impression int\u00e9grale \/ Couleur \/ Mati\u00e8re \/ \u00c9paisseur de la semelle \/ Dessus<\/td>\n<\/tr>\n<tr>\n<td>Emballage :\u00a0<\/td>\n<td>Emballage personnalis\u00e9<\/td>\n<\/tr>\n<tr>\n<td>Exemple\uff1a<\/td>\n<td>\u00c9chantillons vierges gratuits<\/td>\n<\/tr>\n<\/tbody>\n<\/table>","protected":false},"featured_media":1538,"comment_status":"closed","ping_status":"closed","template":"","meta":{"_acf_changed":false},"product_brand":[],"product_cat":[19],"product_tag":[25,26,27],"class_list":{"0":"post-1530","1":"product","2":"type-product","3":"status-publish","4":"has-post-thumbnail","6":"product_cat-slippers-in-bulk","7":"product_tag-eva-slippers-wholesale","8":"product_tag-mens-slippers-wholesale","9":"product_tag-wholesale-womens-slippers","11":"first","12":"instock","13":"shipping-taxable","14":"product-type-simple"},"acf":[],"_links":{"self":[{"href":"https:\/\/www.mappershoe.com\/fr\/wp-json\/wp\/v2\/product\/1530","targetHints":{"allow":["GET"]}}],"collection":[{"href":"https:\/\/www.mappershoe.com\/fr\/wp-json\/wp\/v2\/product"}],"about":[{"href":"https:\/\/www.mappershoe.com\/fr\/wp-json\/wp\/v2\/types\/product"}],"replies":[{"embeddable":true,"href":"https:\/\/www.mappershoe.com\/fr\/wp-json\/wp\/v2\/comments?post=1530"}],"wp:featuredmedia":[{"embeddable":true,"href":"https:\/\/www.mappershoe.com\/fr\/wp-json\/wp\/v2\/media\/1538"}],"wp:attachment":[{"href":"https:\/\/www.mappershoe.com\/fr\/wp-json\/wp\/v2\/media?parent=1530"}],"wp:term":[{"taxonomy":"product_brand","embeddable":true,"href":"https:\/\/www.mappershoe.com\/fr\/wp-json\/wp\/v2\/product_brand?post=1530"},{"taxonomy":"product_cat","embeddable":true,"href":"https:\/\/www.mappershoe.com\/fr\/wp-json\/wp\/v2\/product_cat?post=1530"},{"taxonomy":"product_tag","embeddable":true,"href":"https:\/\/www.mappershoe.com\/fr\/wp-json\/wp\/v2\/product_tag?post=1530"}],"curies":[{"name":"wp","href":"https:\/\/api.w.org\/{rel}","templated":true}]}}