{"id":1533,"date":"2025-07-01T10:00:25","date_gmt":"2025-07-01T10:00:25","guid":{"rendered":"https:\/\/www.mappershoe.com\/?post_type=product&#038;p=1533"},"modified":"2025-07-01T10:00:27","modified_gmt":"2025-07-01T10:00:27","slug":"wholesale-house-slippers","status":"publish","type":"product","link":"https:\/\/www.mappershoe.com\/fr\/produit\/wholesale-house-slippers\/","title":{"rendered":"Wholesale House Slippers Unisex, Massage Slippers Custom Logo Home Bath"},"content":{"rendered":"<div class=\"wp-block-columns is-layout-flex wp-container-core-columns-is-layout-9d6595d7 wp-block-columns-is-layout-flex\">\n<div class=\"wp-block-column is-layout-flow wp-block-column-is-layout-flow\">\n<h3 class=\"wp-block-heading\">Pantoufles de maison Premium Wholesale Caract\u00e9ristiques :<\/h3>\n\n\n\n<p><strong>PVC souple Mat\u00e9riau : <\/strong>Les pantoufles de maison en gros sont fabriqu\u00e9es en PVC \u00e9cologique de bonne qualit\u00e9. Ces chaussures ont une bonne \u00e9lasticit\u00e9, sont l\u00e9g\u00e8res et confortables et douces au toucher. Elles peuvent \u00eatre utilis\u00e9es pour les activit\u00e9s m\u00e9nag\u00e8res quotidiennes ou pour prendre un bain.<\/p>\n\n\n\n<p><strong>Semelle de particules de massage :<\/strong> La semelle des pantoufles \u00e0 message personnalis\u00e9 est dot\u00e9e de points de massage r\u00e9guli\u00e8rement espac\u00e9s pour stimuler les points d'acupression des pieds pendant la marche, ce qui r\u00e9duit la fatigue et am\u00e9liore le confort de port.<\/p>\n\n\n\n<p><strong>Adaptation universelle :<\/strong> Ces pantoufles de maison en gros sont disponibles dans plusieurs couleurs et tailles contemporaines pour le b\u00e9n\u00e9fice des clients des deux sexes et des deux \u00e2ges et peuvent \u00eatre utilis\u00e9es dans les maisons, les h\u00f4tels, les bains publics et autres.<\/p>\n\n\n\n<p><strong>Semelle antid\u00e9rapante : <\/strong>La semelle de ces pantoufles de maison en gros est dot\u00e9e d'une texture antid\u00e9rapante \u00e9paissie qui emp\u00eache efficacement de glisser. Elle est optimale pour les surfaces humides et glissantes telles que les salles de bains et les piscines.<\/p>\n\n\n\n<p><strong>Prise en charge de la personnalisation de la marque :<\/strong> Les pantoufles \u00e0 message personnalis\u00e9 offrent plusieurs techniques d'impression de logo, y compris la s\u00e9rigraphie, l'impression par transfert thermique et le gaufrage, afin de r\u00e9pondre aux diff\u00e9rentes exigences des clients OEM\/ODM en mati\u00e8re de marque.<\/p>\n<\/div>\n\n\n\n<div class=\"wp-block-column is-layout-flow wp-block-column-is-layout-flow\">\n<figure class=\"wp-block-image size-full\"><img decoding=\"async\" width=\"790\" height=\"812\" src=\"https:\/\/www.mappershoe.com\/wp-content\/uploads\/2025\/07\/wholesale-house-slippers-unisex-massage-slippers-custom-logo-4.webp\" alt=\"wholesale-house-slippers-unisex-massage-slippers-custom-logo-4\" class=\"wp-image-1551\" srcset=\"https:\/\/www.mappershoe.com\/wp-content\/uploads\/2025\/07\/wholesale-house-slippers-unisex-massage-slippers-custom-logo-4.webp 790w, https:\/\/www.mappershoe.com\/wp-content\/uploads\/2025\/07\/wholesale-house-slippers-unisex-massage-slippers-custom-logo-4-292x300.webp 292w, https:\/\/www.mappershoe.com\/wp-content\/uploads\/2025\/07\/wholesale-house-slippers-unisex-massage-slippers-custom-logo-4-768x789.webp 768w, https:\/\/www.mappershoe.com\/wp-content\/uploads\/2025\/07\/wholesale-house-slippers-unisex-massage-slippers-custom-logo-4-12x12.webp 12w, https:\/\/www.mappershoe.com\/wp-content\/uploads\/2025\/07\/wholesale-house-slippers-unisex-massage-slippers-custom-logo-4-600x617.webp 600w\" sizes=\"(max-width: 790px) 100vw, 790px\" \/><\/figure>\n<\/div>\n<\/div>","protected":false},"excerpt":{"rendered":"<p>Ces pantoufles d'int\u00e9rieur en PVC souple sont dot\u00e9es d'un syst\u00e8me de massage des pieds qui leur conf\u00e8re confort et durabilit\u00e9. Elles conviennent \u00e0 la salle de bains, \u00e0 la maison, \u00e0 l'h\u00f4tel et \u00e0 d'autres lieux. Diverses couleurs et tailles sont disponibles, avec personnalisation de logo et diverses capacit\u00e9s d'impression, ce qui en fait un produit id\u00e9al pour les commandes en gros et les besoins de personnalisation de logo. Nous sommes impatients de coop\u00e9rer avec votre marque.<\/p>\n<h2>Pantoufles de maison en gros Sp\u00e9cifications :<\/h2>\n<table width=\"248\">\n<tbody>\n<tr>\n<td width=\"115\">Fabricant :<\/td>\n<td width=\"133\">Mingyi<\/td>\n<\/tr>\n<tr>\n<td>Style :<\/td>\n<td>Pantoufles<\/td>\n<\/tr>\n<tr>\n<td>Mod\u00e8le :<\/td>\n<td>2381<\/td>\n<\/tr>\n<tr>\n<td>Mat\u00e9riau :\u00a0<\/td>\n<td>PVC<\/td>\n<\/tr>\n<tr>\n<td>Couleur :\u00a0<\/td>\n<td width=\"133\">noir, blanc, rouge, orange, jaune, vert, bleu marine, bleu clair, bleu, gris, brun, violet<\/td>\n<\/tr>\n<tr>\n<td>Taille :\u00a0<\/td>\n<td>Taille US 6\u30016.5 \u30017 \u30017.5 \u30018\u30018.5\u30019\u30019.5\u300110-14<\/td>\n<\/tr>\n<tr>\n<td>Options de personnalisation :\u00a0<\/td>\n<td>Logo (dessus, c\u00f4t\u00e9, semelle int\u00e9rieure) \/ Impression int\u00e9grale \/ Couleur \/ Mati\u00e8re \/ \u00c9paisseur de la semelle \/ Dessus<\/td>\n<\/tr>\n<tr>\n<td>Emballage :\u00a0<\/td>\n<td>Emballage personnalis\u00e9<\/td>\n<\/tr>\n<tr>\n<td>Exemple\uff1a<\/td>\n<td>\u00c9chantillons vierges gratuits<\/td>\n<\/tr>\n<\/tbody>\n<\/table>","protected":false},"featured_media":1548,"comment_status":"closed","ping_status":"closed","template":"","meta":{"_acf_changed":false},"product_brand":[],"product_cat":[19],"product_tag":[26,24,27],"class_list":{"0":"post-1533","1":"product","2":"type-product","3":"status-publish","4":"has-post-thumbnail","6":"product_cat-slippers-in-bulk","7":"product_tag-mens-slippers-wholesale","8":"product_tag-wholesale-pvc-slippers","9":"product_tag-wholesale-womens-slippers","11":"first","12":"instock","13":"shipping-taxable","14":"product-type-simple"},"acf":[],"_links":{"self":[{"href":"https:\/\/www.mappershoe.com\/fr\/wp-json\/wp\/v2\/product\/1533","targetHints":{"allow":["GET"]}}],"collection":[{"href":"https:\/\/www.mappershoe.com\/fr\/wp-json\/wp\/v2\/product"}],"about":[{"href":"https:\/\/www.mappershoe.com\/fr\/wp-json\/wp\/v2\/types\/product"}],"replies":[{"embeddable":true,"href":"https:\/\/www.mappershoe.com\/fr\/wp-json\/wp\/v2\/comments?post=1533"}],"wp:featuredmedia":[{"embeddable":true,"href":"https:\/\/www.mappershoe.com\/fr\/wp-json\/wp\/v2\/media\/1548"}],"wp:attachment":[{"href":"https:\/\/www.mappershoe.com\/fr\/wp-json\/wp\/v2\/media?parent=1533"}],"wp:term":[{"taxonomy":"product_brand","embeddable":true,"href":"https:\/\/www.mappershoe.com\/fr\/wp-json\/wp\/v2\/product_brand?post=1533"},{"taxonomy":"product_cat","embeddable":true,"href":"https:\/\/www.mappershoe.com\/fr\/wp-json\/wp\/v2\/product_cat?post=1533"},{"taxonomy":"product_tag","embeddable":true,"href":"https:\/\/www.mappershoe.com\/fr\/wp-json\/wp\/v2\/product_tag?post=1533"}],"curies":[{"name":"wp","href":"https:\/\/api.w.org\/{rel}","templated":true}]}}