{"id":1565,"date":"2025-07-17T15:17:29","date_gmt":"2025-07-17T15:17:29","guid":{"rendered":"https:\/\/www.mappershoe.com\/?post_type=product&#038;p=1565"},"modified":"2026-01-03T07:38:53","modified_gmt":"2026-01-03T07:38:53","slug":"custom-printed-slippers","status":"publish","type":"product","link":"https:\/\/www.mappershoe.com\/fr\/produit\/custom-printed-slippers\/","title":{"rendered":"Pantoufles imprim\u00e9es sur mesure, pantoufles \u00e0 semelles \u00e9paisses en vrac avec logo"},"content":{"rendered":"<div class=\"wp-block-columns is-layout-flex wp-container-core-columns-is-layout-9d6595d7 wp-block-columns-is-layout-flex\">\n<div class=\"wp-block-column is-layout-flow wp-block-column-is-layout-flow\">\n<h3 class=\"wp-block-heading\">Pantoufles imprim\u00e9es personnalis\u00e9es de premi\u00e8re qualit\u00e9 Caract\u00e9ristiques :<\/h3>\n\n\n\n<p><strong>Impression personnalis\u00e9e Design :<\/strong> Nous disposons d'installations pour l'impression personnalis\u00e9e o\u00f9 les clients peuvent imprimer des dessins, des motifs ou m\u00eame des logos sur la partie sup\u00e9rieure de la chaussure selon leur propre choix, d\u00e9voilant ainsi la caract\u00e9ristique unique de la marque.<\/p>\n\n\n\n<p><strong>Semelle \u00e9paisse :<\/strong> Les semelles \u00e9paisses de nos pantoufles imprim\u00e9es personnalis\u00e9es ajoutent un confort et un soutien suppl\u00e9mentaires lors de la marche sur les plages de sable, antid\u00e9rapantes et durables.<\/p>\n\n\n\n<p><strong>Mat\u00e9riaux confortables : <\/strong>La semelle et la partie sup\u00e9rieure des pantoufles de gros sont fabriqu\u00e9es en PVC de haute qualit\u00e9, l\u00e9ger et doux, offrant un confort m\u00eame en cas d'utilisation pendant de longues heures.<\/p>\n\n\n\n<p><strong>Convient pour une utilisation en ext\u00e9rieur :<\/strong> Con\u00e7ues sp\u00e9cialement pour les environnements ext\u00e9rieurs tels que les plages et les piscines, les pantoufles imprim\u00e9es personnalis\u00e9es sont imperm\u00e9ables, respirantes et offrent une exp\u00e9rience de port tr\u00e8s confortable et sans restriction.<\/p>\n\n\n\n<p><strong>Vari\u00e9t\u00e9 d'options :<\/strong> Les pantoufles imprim\u00e9es personnalis\u00e9es sont disponibles dans une vari\u00e9t\u00e9 de couleurs, de motifs et de tailles pour r\u00e9pondre aux besoins de diff\u00e9rents acheteurs.<\/p>\n<\/div>\n\n\n\n<div class=\"wp-block-column is-layout-flow wp-block-column-is-layout-flow\">\n<figure class=\"wp-block-image size-full\"><img decoding=\"async\" width=\"800\" height=\"800\" src=\"https:\/\/www.mappershoe.com\/wp-content\/uploads\/2025\/07\/custom-printed-slippers-for-beach-thick-sole-slippers-wholesale-with-logo-2.webp\" alt=\"pantoufles de plage \u00e0 semelles \u00e9paisses imprim\u00e9es sur mesure-wholesale-with-logo-2\" class=\"wp-image-1567\" srcset=\"https:\/\/www.mappershoe.com\/wp-content\/uploads\/2025\/07\/custom-printed-slippers-for-beach-thick-sole-slippers-wholesale-with-logo-2.webp 800w, https:\/\/www.mappershoe.com\/wp-content\/uploads\/2025\/07\/custom-printed-slippers-for-beach-thick-sole-slippers-wholesale-with-logo-2-300x300.webp 300w, https:\/\/www.mappershoe.com\/wp-content\/uploads\/2025\/07\/custom-printed-slippers-for-beach-thick-sole-slippers-wholesale-with-logo-2-150x150.webp 150w, https:\/\/www.mappershoe.com\/wp-content\/uploads\/2025\/07\/custom-printed-slippers-for-beach-thick-sole-slippers-wholesale-with-logo-2-768x768.webp 768w, https:\/\/www.mappershoe.com\/wp-content\/uploads\/2025\/07\/custom-printed-slippers-for-beach-thick-sole-slippers-wholesale-with-logo-2-12x12.webp 12w, https:\/\/www.mappershoe.com\/wp-content\/uploads\/2025\/07\/custom-printed-slippers-for-beach-thick-sole-slippers-wholesale-with-logo-2-600x600.webp 600w, https:\/\/www.mappershoe.com\/wp-content\/uploads\/2025\/07\/custom-printed-slippers-for-beach-thick-sole-slippers-wholesale-with-logo-2-100x100.webp 100w\" sizes=\"(max-width: 800px) 100vw, 800px\" \/><\/figure>\n<\/div>\n<\/div>","protected":false},"excerpt":{"rendered":"<p>N'h\u00e9sitez pas \u00e0 nous contacter pour l'achat en gros des pantoufles imprim\u00e9es personnalis\u00e9es dans la conception de semelle \u00e9paisse pour un confort optimal, sp\u00e9cialement con\u00e7u pour les environnements ext\u00e9rieurs comme la plage et les zones de bord de piscine. Elles peuvent \u00eatre imprim\u00e9es avec un logo pour am\u00e9liorer la reconnaissance de la marque, et sont donc id\u00e9ales pour les grossistes et le marketing d'entreprise.<\/p>\n<h2>Pantoufles imprim\u00e9es sur mesure Sp\u00e9cifications :<\/h2>\n<table width=\"248\">\n<tbody>\n<tr>\n<td width=\"115\">Fabricant :<\/td>\n<td width=\"133\">Mingyi<\/td>\n<\/tr>\n<tr>\n<td>Style :<\/td>\n<td>Pantoufles<\/td>\n<\/tr>\n<tr>\n<td>Mod\u00e8le :<\/td>\n<td>221<\/td>\n<\/tr>\n<tr>\n<td>Mat\u00e9riau :\u00a0<\/td>\n<td>PVC<\/td>\n<\/tr>\n<tr>\n<td>Couleur :\u00a0<\/td>\n<td width=\"133\">noir, blanc, rouge, orange, jaune, vert, bleu clair, bleu, gris, brun, violet, rose<\/td>\n<\/tr>\n<tr>\n<td>Taille :\u00a0<\/td>\n<td>Taille US 6\u30016.5 \u30017 \u30017.5 \u30018\u30018.5\u30019\u30019.5\u300110-14<\/td>\n<\/tr>\n<tr>\n<td>Options de personnalisation :\u00a0<\/td>\n<td>Logo (dessus, c\u00f4t\u00e9, semelle int\u00e9rieure) \/ Impression int\u00e9grale \/ Couleur \/ Mati\u00e8re \/ \u00c9paisseur de la semelle \/ Dessus<\/td>\n<\/tr>\n<tr>\n<td>Emballage :\u00a0<\/td>\n<td>Emballage personnalis\u00e9<\/td>\n<\/tr>\n<tr>\n<td>Exemple\uff1a<\/td>\n<td>\u00c9chantillons vierges gratuits<\/td>\n<\/tr>\n<\/tbody>\n<\/table>","protected":false},"featured_media":1566,"comment_status":"closed","ping_status":"closed","template":"","meta":{"_acf_changed":false},"product_brand":[],"product_cat":[19],"product_tag":[26,24,27],"class_list":{"0":"post-1565","1":"product","2":"type-product","3":"status-publish","4":"has-post-thumbnail","6":"product_cat-slippers-in-bulk","7":"product_tag-mens-slippers-wholesale","8":"product_tag-wholesale-pvc-slippers","9":"product_tag-wholesale-womens-slippers","11":"first","12":"instock","13":"shipping-taxable","14":"product-type-simple"},"acf":[],"_links":{"self":[{"href":"https:\/\/www.mappershoe.com\/fr\/wp-json\/wp\/v2\/product\/1565","targetHints":{"allow":["GET"]}}],"collection":[{"href":"https:\/\/www.mappershoe.com\/fr\/wp-json\/wp\/v2\/product"}],"about":[{"href":"https:\/\/www.mappershoe.com\/fr\/wp-json\/wp\/v2\/types\/product"}],"replies":[{"embeddable":true,"href":"https:\/\/www.mappershoe.com\/fr\/wp-json\/wp\/v2\/comments?post=1565"}],"wp:featuredmedia":[{"embeddable":true,"href":"https:\/\/www.mappershoe.com\/fr\/wp-json\/wp\/v2\/media\/1566"}],"wp:attachment":[{"href":"https:\/\/www.mappershoe.com\/fr\/wp-json\/wp\/v2\/media?parent=1565"}],"wp:term":[{"taxonomy":"product_brand","embeddable":true,"href":"https:\/\/www.mappershoe.com\/fr\/wp-json\/wp\/v2\/product_brand?post=1565"},{"taxonomy":"product_cat","embeddable":true,"href":"https:\/\/www.mappershoe.com\/fr\/wp-json\/wp\/v2\/product_cat?post=1565"},{"taxonomy":"product_tag","embeddable":true,"href":"https:\/\/www.mappershoe.com\/fr\/wp-json\/wp\/v2\/product_tag?post=1565"}],"curies":[{"name":"wp","href":"https:\/\/api.w.org\/{rel}","templated":true}]}}