{"id":1576,"date":"2025-07-17T16:50:07","date_gmt":"2025-07-17T16:50:07","guid":{"rendered":"https:\/\/www.mappershoe.com\/?post_type=product&#038;p=1576"},"modified":"2025-07-17T16:52:33","modified_gmt":"2025-07-17T16:52:33","slug":"custom-cloud-slides","status":"publish","type":"product","link":"https:\/\/www.mappershoe.com\/fr\/produit\/custom-cloud-slides\/","title":{"rendered":"Chaussons d'\u00e9t\u00e9 en mousse EVA, chaussons en mousse EVA, vente en gros"},"content":{"rendered":"<div class=\"wp-block-columns is-layout-flex wp-container-core-columns-is-layout-9d6595d7 wp-block-columns-is-layout-flex\">\n<div class=\"wp-block-column is-layout-flow wp-block-column-is-layout-flow\">\n<h3 class=\"wp-block-heading\">Meilleures fonctions de diapositives de nuage personnalis\u00e9es :<\/h3>\n\n\n\n<p><strong>Design \u00e9l\u00e9gant :<\/strong> Les diapositives Cloud personnalis\u00e9es sont tout simplement \u00e9l\u00e9gantes et simples, parfaites pour le port quotidien et les sorties estivales, et offrent le niveau id\u00e9al de confort et d'apparence.<\/p>\n\n\n\n<p><strong>Mat\u00e9riau EVA l\u00e9ger : <\/strong>L'ensemble de la chaussure des pantoufles en mousse EVA est fabriqu\u00e9 en EVA haute densit\u00e9 par moulage par injection en une seule pi\u00e8ce, avec des propri\u00e9t\u00e9s l\u00e9g\u00e8res, antid\u00e9rapantes et douces pour un confort m\u00eame apr\u00e8s un usage prolong\u00e9.<\/p>\n\n\n\n<p><strong>Semelle ergonomique :<\/strong> Les glissi\u00e8res sur mesure sp\u00e9cialement con\u00e7ues pour \u00e9pouser la forme naturelle du pied offrent un meilleur soutien et r\u00e9duisent la fatigue li\u00e9e \u00e0 la marche prolong\u00e9e.<\/p>\n\n\n\n<p><strong>Antid\u00e9rapant et durable : <\/strong>La semelle de la chaussure de sport personnalis\u00e9e a une forme ondul\u00e9e ou textur\u00e9e, id\u00e9ale pour tous les sols, offrant une meilleure adh\u00e9rence et une plus grande s\u00e9curit\u00e9.<\/p>\n\n\n\n<p><strong>Options de personnalisation :<\/strong> Les couleurs, les logos, les tailles et l'emballage peuvent \u00eatre personnalis\u00e9s pour r\u00e9pondre \u00e0 des besoins sp\u00e9cifiques. Les diapositives en nuage personnalis\u00e9es sont parfaites pour la personnalisation de la marque, les cadeaux publicitaires, les \u00e9ditions d'\u00e9quipe, etc.<\/p>\n<\/div>\n\n\n\n<div class=\"wp-block-column is-layout-flow wp-block-column-is-layout-flow\">\n<figure class=\"wp-block-image size-full\"><img decoding=\"async\" width=\"750\" height=\"805\" src=\"https:\/\/www.mappershoe.com\/wp-content\/uploads\/2025\/07\/fashion-custom-cloud-slides-summer-eva-foam-slippers-wholesale-1.webp\" alt=\"fashion-custom-cloud-slides-summer-eva-foam-slippers-wholesale-1\" class=\"wp-image-1577\" srcset=\"https:\/\/www.mappershoe.com\/wp-content\/uploads\/2025\/07\/fashion-custom-cloud-slides-summer-eva-foam-slippers-wholesale-1.webp 750w, https:\/\/www.mappershoe.com\/wp-content\/uploads\/2025\/07\/fashion-custom-cloud-slides-summer-eva-foam-slippers-wholesale-1-280x300.webp 280w, https:\/\/www.mappershoe.com\/wp-content\/uploads\/2025\/07\/fashion-custom-cloud-slides-summer-eva-foam-slippers-wholesale-1-11x12.webp 11w, https:\/\/www.mappershoe.com\/wp-content\/uploads\/2025\/07\/fashion-custom-cloud-slides-summer-eva-foam-slippers-wholesale-1-600x644.webp 600w\" sizes=\"(max-width: 750px) 100vw, 750px\" \/><\/figure>\n<\/div>\n<\/div>\n\n\n\n<p><\/p>","protected":false},"excerpt":{"rendered":"<p>Ces \u00e9l\u00e9gants chaussons en mousse sont parfaits pour le confort et la polyvalence en \u00e9t\u00e9. L\u00e9g\u00e8res, amorties et antid\u00e9rapantes, les pantoufles en mousse EVA en gros sont id\u00e9ales pour une utilisation quotidienne ou pour la r\u00e9cup\u00e9ration sportive. Personnalisation et logo en gros, couleur et emballage disponibles \u00e0 la vente. Nous appr\u00e9cions votre demande et votre partenariat.<\/p>\n<h2>Chaussons EVA personnalis\u00e9s Sp\u00e9cifications :<\/h2>\n<table width=\"448\">\n<tbody>\n<tr>\n<td width=\"168\">Fabricant :<\/td>\n<td width=\"280\">Mingyi<\/td>\n<\/tr>\n<tr>\n<td>Style :<\/td>\n<td>Pantoufles<\/td>\n<\/tr>\n<tr>\n<td>Mod\u00e8le :<\/td>\n<td>008<\/td>\n<\/tr>\n<tr>\n<td>Mat\u00e9riau :\u00a0<\/td>\n<td>EVA<\/td>\n<\/tr>\n<tr>\n<td>Couleur :\u00a0<\/td>\n<td>noir, blanc, abricot<\/td>\n<\/tr>\n<tr>\n<td>Taille :\u00a0<\/td>\n<td>36-37, 38-39,40-41, 42-43,44-45<\/td>\n<\/tr>\n<tr>\n<td>Options de personnalisation :\u00a0<\/td>\n<td>Logo (dessus, c\u00f4t\u00e9, semelle int\u00e9rieure) \/ Impression int\u00e9grale \/ Couleur \/ Mati\u00e8re \/ \u00c9paisseur de la semelle \/ Dessus<\/td>\n<\/tr>\n<tr>\n<td>Emballage :\u00a0<\/td>\n<td>Emballage personnalis\u00e9<\/td>\n<\/tr>\n<tr>\n<td>Exemple\uff1a<\/td>\n<td>\u00c9chantillons vierges gratuits<\/td>\n<\/tr>\n<\/tbody>\n<\/table>","protected":false},"featured_media":1578,"comment_status":"closed","ping_status":"closed","template":"","meta":{"_acf_changed":false},"product_brand":[],"product_cat":[19],"product_tag":[25,26,27],"class_list":{"0":"post-1576","1":"product","2":"type-product","3":"status-publish","4":"has-post-thumbnail","6":"product_cat-slippers-in-bulk","7":"product_tag-eva-slippers-wholesale","8":"product_tag-mens-slippers-wholesale","9":"product_tag-wholesale-womens-slippers","11":"first","12":"instock","13":"shipping-taxable","14":"product-type-simple"},"acf":[],"_links":{"self":[{"href":"https:\/\/www.mappershoe.com\/fr\/wp-json\/wp\/v2\/product\/1576","targetHints":{"allow":["GET"]}}],"collection":[{"href":"https:\/\/www.mappershoe.com\/fr\/wp-json\/wp\/v2\/product"}],"about":[{"href":"https:\/\/www.mappershoe.com\/fr\/wp-json\/wp\/v2\/types\/product"}],"replies":[{"embeddable":true,"href":"https:\/\/www.mappershoe.com\/fr\/wp-json\/wp\/v2\/comments?post=1576"}],"wp:featuredmedia":[{"embeddable":true,"href":"https:\/\/www.mappershoe.com\/fr\/wp-json\/wp\/v2\/media\/1578"}],"wp:attachment":[{"href":"https:\/\/www.mappershoe.com\/fr\/wp-json\/wp\/v2\/media?parent=1576"}],"wp:term":[{"taxonomy":"product_brand","embeddable":true,"href":"https:\/\/www.mappershoe.com\/fr\/wp-json\/wp\/v2\/product_brand?post=1576"},{"taxonomy":"product_cat","embeddable":true,"href":"https:\/\/www.mappershoe.com\/fr\/wp-json\/wp\/v2\/product_cat?post=1576"},{"taxonomy":"product_tag","embeddable":true,"href":"https:\/\/www.mappershoe.com\/fr\/wp-json\/wp\/v2\/product_tag?post=1576"}],"curies":[{"name":"wp","href":"https:\/\/api.w.org\/{rel}","templated":true}]}}