{"id":1583,"date":"2025-07-18T01:20:11","date_gmt":"2025-07-18T01:20:11","guid":{"rendered":"https:\/\/www.mappershoe.com\/?post_type=product&#038;p=1583"},"modified":"2025-07-18T01:20:13","modified_gmt":"2025-07-18T01:20:13","slug":"custom-yeezy-slides","status":"publish","type":"product","link":"https:\/\/www.mappershoe.com\/fr\/produit\/custom-yeezy-slides\/","title":{"rendered":"Custom Yeezy Slides, Cheap Casual Brand Slippers Wholesale"},"content":{"rendered":"<div class=\"wp-block-columns is-layout-flex wp-container-core-columns-is-layout-9d6595d7 wp-block-columns-is-layout-flex\">\n<div class=\"wp-block-column is-layout-flow wp-block-column-is-layout-flow\">\n<h3 class=\"wp-block-heading\">Premium Custom Yeezy Slides Features :<\/h3>\n\n\n\n<p><strong>Style Yeezy \u00e9pur\u00e9 : <\/strong>La chaussure custom yeezy slides slippers aux lignes \u00e9pur\u00e9es et \u00e0 la semelle robuste affiche un look branch\u00e9 et moderne, toujours dans la tendance.<\/p>\n\n\n\n<p><strong>Mat\u00e9riau EVA l\u00e9ger : <\/strong>Gr\u00e2ce au mat\u00e9riau EVA \u00e0 haute \u00e9lasticit\u00e9 utilis\u00e9 pour produire ces pantoufles yeezy personnalis\u00e9es, la chaussure reste souple et l\u00e9g\u00e8re, garantissant une exp\u00e9rience de port fluide et sans tracas.<\/p>\n\n\n\n<p><strong>Proc\u00e9d\u00e9 de moulage en une seule pi\u00e8ce :<\/strong> La nature sans couture de ces pantoufles yeezy personnalis\u00e9es emp\u00eache la rupture, ce qui se traduit par une plus grande durabilit\u00e9 et un confort g\u00e9n\u00e9ral.<\/p>\n\n\n\n<p><strong>Semelle antid\u00e9rapante : <\/strong>Nos pantoufles Eva en gros sont dot\u00e9es d'un motif textur\u00e9 sur le dessous, ce qui am\u00e9liore la traction et convient \u00e0 divers sc\u00e9narios tels que les salles de bains, les environnements ext\u00e9rieurs et les plages.<\/p>\n\n\n\n<p><strong>Possibilit\u00e9 de personnalisation et de vente en gros :<\/strong> Les couleurs, les logos et les tailles peuvent \u00eatre personnalis\u00e9s en fonction des besoins du client, ce qui en fait un produit id\u00e9al pour cr\u00e9er des pantoufles de marque personnalis\u00e9es. Gr\u00e2ce \u00e0 son faible co\u00fbt et \u00e0 sa grande rentabilit\u00e9, il convient aux achats en gros des supermarch\u00e9s, des marques et des canaux de commerce \u00e9lectronique.<\/p>\n<\/div>\n\n\n\n<div class=\"wp-block-column is-layout-flow wp-block-column-is-layout-flow\">\n<figure class=\"wp-block-image size-full\"><img decoding=\"async\" width=\"800\" height=\"800\" src=\"https:\/\/www.mappershoe.com\/wp-content\/uploads\/2025\/07\/custom-yeezy-slides-cheap-casual-brand-slippers-wholesale-7.webp\" alt=\"custom-yeezy-slides-cheap-casual-brand-slippers-wholesale-7\" class=\"wp-image-1591\" srcset=\"https:\/\/www.mappershoe.com\/wp-content\/uploads\/2025\/07\/custom-yeezy-slides-cheap-casual-brand-slippers-wholesale-7.webp 800w, https:\/\/www.mappershoe.com\/wp-content\/uploads\/2025\/07\/custom-yeezy-slides-cheap-casual-brand-slippers-wholesale-7-300x300.webp 300w, https:\/\/www.mappershoe.com\/wp-content\/uploads\/2025\/07\/custom-yeezy-slides-cheap-casual-brand-slippers-wholesale-7-150x150.webp 150w, https:\/\/www.mappershoe.com\/wp-content\/uploads\/2025\/07\/custom-yeezy-slides-cheap-casual-brand-slippers-wholesale-7-768x768.webp 768w, https:\/\/www.mappershoe.com\/wp-content\/uploads\/2025\/07\/custom-yeezy-slides-cheap-casual-brand-slippers-wholesale-7-12x12.webp 12w, https:\/\/www.mappershoe.com\/wp-content\/uploads\/2025\/07\/custom-yeezy-slides-cheap-casual-brand-slippers-wholesale-7-600x600.webp 600w, https:\/\/www.mappershoe.com\/wp-content\/uploads\/2025\/07\/custom-yeezy-slides-cheap-casual-brand-slippers-wholesale-7-100x100.webp 100w\" sizes=\"(max-width: 800px) 100vw, 800px\" \/><\/figure>\n<\/div>\n<\/div>\n\n\n\n<p><\/p>","protected":false},"excerpt":{"rendered":"<p>N'h\u00e9sitez pas \u00e0 nous contacter pour des achats en vrac ou pour personnaliser nos diapositives Yeezy. Sandales \u00e0 enfiler en EVA de style Yeezy, con\u00e7ues pour \u00eatre confortables et abordables. L\u00e9g\u00e8res, durables et enti\u00e8rement personnalisables, elles sont id\u00e9ales pour le port quotidien et les applications de marque en gros.<\/p>\n<h2>Custom Yeezy Slides Sp\u00e9cifications :<\/h2>\n<table width=\"448\">\n<tbody>\n<tr>\n<td width=\"168\">Fabricant :<\/td>\n<td width=\"280\">Mingyi<\/td>\n<\/tr>\n<tr>\n<td>Style :<\/td>\n<td>Pantoufles<\/td>\n<\/tr>\n<tr>\n<td>Mod\u00e8le :<\/td>\n<td>009<\/td>\n<\/tr>\n<tr>\n<td>Mat\u00e9riau :\u00a0<\/td>\n<td>EVA<\/td>\n<\/tr>\n<tr>\n<td>Couleur :\u00a0<\/td>\n<td>noir, abricot, orange, vert, gris<\/td>\n<\/tr>\n<tr>\n<td>Taille :\u00a0<\/td>\n<td>36-37, 38-39,40-41, 42-43,44-45<\/td>\n<\/tr>\n<tr>\n<td>Options de personnalisation :\u00a0<\/td>\n<td>Logo (dessus, c\u00f4t\u00e9, semelle int\u00e9rieure) \/ Impression int\u00e9grale \/ Couleur \/ Mati\u00e8re \/ \u00c9paisseur de la semelle \/ Dessus<\/td>\n<\/tr>\n<tr>\n<td>Emballage :\u00a0<\/td>\n<td>Emballage personnalis\u00e9<\/td>\n<\/tr>\n<tr>\n<td>Exemple\uff1a<\/td>\n<td>\u00c9chantillons vierges gratuits<\/td>\n<\/tr>\n<\/tbody>\n<\/table>","protected":false},"featured_media":1585,"comment_status":"closed","ping_status":"closed","template":"","meta":{"_acf_changed":false},"product_brand":[],"product_cat":[19],"product_tag":[25,26,27],"class_list":{"0":"post-1583","1":"product","2":"type-product","3":"status-publish","4":"has-post-thumbnail","6":"product_cat-slippers-in-bulk","7":"product_tag-eva-slippers-wholesale","8":"product_tag-mens-slippers-wholesale","9":"product_tag-wholesale-womens-slippers","11":"first","12":"instock","13":"shipping-taxable","14":"product-type-simple"},"acf":[],"_links":{"self":[{"href":"https:\/\/www.mappershoe.com\/fr\/wp-json\/wp\/v2\/product\/1583","targetHints":{"allow":["GET"]}}],"collection":[{"href":"https:\/\/www.mappershoe.com\/fr\/wp-json\/wp\/v2\/product"}],"about":[{"href":"https:\/\/www.mappershoe.com\/fr\/wp-json\/wp\/v2\/types\/product"}],"replies":[{"embeddable":true,"href":"https:\/\/www.mappershoe.com\/fr\/wp-json\/wp\/v2\/comments?post=1583"}],"wp:featuredmedia":[{"embeddable":true,"href":"https:\/\/www.mappershoe.com\/fr\/wp-json\/wp\/v2\/media\/1585"}],"wp:attachment":[{"href":"https:\/\/www.mappershoe.com\/fr\/wp-json\/wp\/v2\/media?parent=1583"}],"wp:term":[{"taxonomy":"product_brand","embeddable":true,"href":"https:\/\/www.mappershoe.com\/fr\/wp-json\/wp\/v2\/product_brand?post=1583"},{"taxonomy":"product_cat","embeddable":true,"href":"https:\/\/www.mappershoe.com\/fr\/wp-json\/wp\/v2\/product_cat?post=1583"},{"taxonomy":"product_tag","embeddable":true,"href":"https:\/\/www.mappershoe.com\/fr\/wp-json\/wp\/v2\/product_tag?post=1583"}],"curies":[{"name":"wp","href":"https:\/\/api.w.org\/{rel}","templated":true}]}}