{"id":1600,"date":"2025-07-18T02:12:07","date_gmt":"2025-07-18T02:12:07","guid":{"rendered":"https:\/\/www.mappershoe.com\/?post_type=product&#038;p=1600"},"modified":"2025-07-18T02:12:09","modified_gmt":"2025-07-18T02:12:09","slug":"pillow-slides-in-bulk","status":"publish","type":"product","link":"https:\/\/www.mappershoe.com\/fr\/produit\/pillow-slides-in-bulk\/","title":{"rendered":"Grandes lames d'oreiller japonaises en vrac, Eva lames de nuage personnalis\u00e9es avec logo"},"content":{"rendered":"<div class=\"wp-block-columns is-layout-flex wp-container-core-columns-is-layout-9d6595d7 wp-block-columns-is-layout-flex\">\n<div class=\"wp-block-column is-layout-flow wp-block-column-is-layout-flow\">\n<h3 class=\"wp-block-heading\">Glissi\u00e8res d'oreiller de qualit\u00e9 sup\u00e9rieure en vrac Caract\u00e9ristiques :<\/h3>\n\n\n\n<p><strong>Conception surdimensionn\u00e9e : <\/strong>Ces glissi\u00e8res d'oreiller en vrac sont cr\u00e9\u00e9es pour accommoder les clients ayant des pieds plus larges ou plus longs, leur donnant un ajustement plus spacieux sans rentrer leurs pieds, r\u00e9pondant ainsi \u00e0 la demande de tailles plus grandes sur les march\u00e9s am\u00e9ricains et europ\u00e9ens.<\/p>\n\n\n\n<p><strong>Mat\u00e9riau EVA souple : <\/strong>Ces chaussons en vrac sont fabriqu\u00e9s \u00e0 partir d'un mat\u00e9riau EVA \u00e0 haute \u00e9lasticit\u00e9, ce qui leur conf\u00e8re un toucher doux comme un nuage, un amorti l\u00e9ger comme l'air et une r\u00e9duction de la fatigue, m\u00eame apr\u00e8s un usage prolong\u00e9.<\/p>\n\n\n\n<p><strong>Semelle ergonomique :<\/strong> La semelle \u00e9paisse des Custom cloud slides, associ\u00e9e \u00e0 une structure de soutien de la vo\u00fbte plantaire, maintient la pression sur le pied \u00e0 un niveau minimal, soulageant ainsi le pied de mani\u00e8re pratique, de sorte que la marche devienne une exp\u00e9rience confortable \u00e9tape par \u00e9tape.<\/p>\n\n\n\n<p><strong>Semelle antid\u00e9rapante : <\/strong>Cette semelle ext\u00e9rieure en vrac pr\u00e9sente une texture tridimensionnelle pour une forte traction, des performances antid\u00e9rapantes et une grande durabilit\u00e9, convenant \u00e0 divers sc\u00e9narios tels que les salles de bains, les maisons et l'utilisation en ext\u00e9rieur.<\/p>\n\n\n\n<p><strong>Options de logo et de couleur personnalisables : <\/strong>Nous offrons des services OEM\/ODM, permettant la personnalisation des logos, des couleurs et de l'emballage, ce qui est id\u00e9al pour la personnalisation des marques et les clients en gros.<\/p>\n<\/div>\n\n\n\n<div class=\"wp-block-column is-layout-flow wp-block-column-is-layout-flow\">\n<figure class=\"wp-block-image size-full\"><img decoding=\"async\" width=\"1602\" height=\"1362\" src=\"https:\/\/www.mappershoe.com\/wp-content\/uploads\/2025\/07\/large-size-japanese-pillow-slides-in-bulk-eva-custom-cloud-slides-with-logo-2.webp\" alt=\"grand-format-japonais-glissi\u00e8res-d&#039;oreiller-en-bulk-eva-glissi\u00e8res-cloud-personnalis\u00e9es-avec-logo-2\" class=\"wp-image-1602\" srcset=\"https:\/\/www.mappershoe.com\/wp-content\/uploads\/2025\/07\/large-size-japanese-pillow-slides-in-bulk-eva-custom-cloud-slides-with-logo-2.webp 1602w, https:\/\/www.mappershoe.com\/wp-content\/uploads\/2025\/07\/large-size-japanese-pillow-slides-in-bulk-eva-custom-cloud-slides-with-logo-2-300x255.webp 300w, https:\/\/www.mappershoe.com\/wp-content\/uploads\/2025\/07\/large-size-japanese-pillow-slides-in-bulk-eva-custom-cloud-slides-with-logo-2-768x653.webp 768w, https:\/\/www.mappershoe.com\/wp-content\/uploads\/2025\/07\/large-size-japanese-pillow-slides-in-bulk-eva-custom-cloud-slides-with-logo-2-14x12.webp 14w, https:\/\/www.mappershoe.com\/wp-content\/uploads\/2025\/07\/large-size-japanese-pillow-slides-in-bulk-eva-custom-cloud-slides-with-logo-2-1200x1020.webp 1200w, https:\/\/www.mappershoe.com\/wp-content\/uploads\/2025\/07\/large-size-japanese-pillow-slides-in-bulk-eva-custom-cloud-slides-with-logo-2-600x510.webp 600w\" sizes=\"(max-width: 1602px) 100vw, 1602px\" \/><\/figure>\n<\/div>\n<\/div>\n\n\n\n<p><\/p>","protected":false},"excerpt":{"rendered":"<p>Nous vous invitons \u00e0 acheter les pantoufles en vrac. Pantoufles de style japonais de grande taille, fabriqu\u00e9es en mat\u00e9riau EVA souple, dot\u00e9es de semelles \u00e9paisses pour le rembourrage, d'un confort l\u00e9ger, et adapt\u00e9es \u00e0 une utilisation int\u00e9rieure et ext\u00e9rieure. Elles peuvent \u00eatre personnalis\u00e9es en fonction du logo et de la couleur, et conviennent aux besoins de personnalisation des marques en gros et des personnes.<\/p>\n<h2>Glissi\u00e8res d'oreiller en vrac Sp\u00e9cifications :<\/h2>\n<table width=\"448\">\n<tbody>\n<tr>\n<td width=\"168\">Fabricant :<\/td>\n<td width=\"280\">Mingyi<\/td>\n<\/tr>\n<tr>\n<td>Style :<\/td>\n<td>Pantoufles<\/td>\n<\/tr>\n<tr>\n<td>Mod\u00e8le :<\/td>\n<td>010<\/td>\n<\/tr>\n<tr>\n<td>Mat\u00e9riau :\u00a0<\/td>\n<td>EVA<\/td>\n<\/tr>\n<tr>\n<td>Couleur :\u00a0<\/td>\n<td width=\"280\">Abricot, orange, jaune, vert, rose, bleu clair, vert pomme, blanc, rouge, rouge ros\u00e9, violet, violet clair, rouge brique, caf\u00e9, vert olive, orange clair, gris, kaki, bleu royal, bleu fonc\u00e9, noir, vert noir\u00e2tre, rouge vin, bleu violet.<\/td>\n<\/tr>\n<tr>\n<td>Taille :\u00a0<\/td>\n<td>36-37, 38-39,40-41, 42-43,44-45,46-47,48-49<\/td>\n<\/tr>\n<tr>\n<td>Options de personnalisation :\u00a0<\/td>\n<td>Logo (dessus, c\u00f4t\u00e9, semelle int\u00e9rieure) \/ Impression int\u00e9grale \/ Couleur \/ Mati\u00e8re \/ \u00c9paisseur de la semelle \/ Dessus<\/td>\n<\/tr>\n<tr>\n<td>Emballage :\u00a0<\/td>\n<td>Emballage personnalis\u00e9<\/td>\n<\/tr>\n<tr>\n<td>Exemple\uff1a<\/td>\n<td>\u00c9chantillons vierges gratuits<\/td>\n<\/tr>\n<\/tbody>\n<\/table>","protected":false},"featured_media":1603,"comment_status":"closed","ping_status":"closed","template":"","meta":{"_acf_changed":false},"product_brand":[],"product_cat":[19],"product_tag":[25,26,27],"class_list":{"0":"post-1600","1":"product","2":"type-product","3":"status-publish","4":"has-post-thumbnail","6":"product_cat-slippers-in-bulk","7":"product_tag-eva-slippers-wholesale","8":"product_tag-mens-slippers-wholesale","9":"product_tag-wholesale-womens-slippers","11":"first","12":"instock","13":"shipping-taxable","14":"product-type-simple"},"acf":[],"_links":{"self":[{"href":"https:\/\/www.mappershoe.com\/fr\/wp-json\/wp\/v2\/product\/1600","targetHints":{"allow":["GET"]}}],"collection":[{"href":"https:\/\/www.mappershoe.com\/fr\/wp-json\/wp\/v2\/product"}],"about":[{"href":"https:\/\/www.mappershoe.com\/fr\/wp-json\/wp\/v2\/types\/product"}],"replies":[{"embeddable":true,"href":"https:\/\/www.mappershoe.com\/fr\/wp-json\/wp\/v2\/comments?post=1600"}],"wp:featuredmedia":[{"embeddable":true,"href":"https:\/\/www.mappershoe.com\/fr\/wp-json\/wp\/v2\/media\/1603"}],"wp:attachment":[{"href":"https:\/\/www.mappershoe.com\/fr\/wp-json\/wp\/v2\/media?parent=1600"}],"wp:term":[{"taxonomy":"product_brand","embeddable":true,"href":"https:\/\/www.mappershoe.com\/fr\/wp-json\/wp\/v2\/product_brand?post=1600"},{"taxonomy":"product_cat","embeddable":true,"href":"https:\/\/www.mappershoe.com\/fr\/wp-json\/wp\/v2\/product_cat?post=1600"},{"taxonomy":"product_tag","embeddable":true,"href":"https:\/\/www.mappershoe.com\/fr\/wp-json\/wp\/v2\/product_tag?post=1600"}],"curies":[{"name":"wp","href":"https:\/\/api.w.org\/{rel}","templated":true}]}}