{"id":1637,"date":"2025-07-31T06:40:59","date_gmt":"2025-07-31T06:40:59","guid":{"rendered":"https:\/\/www.mappershoe.com\/?post_type=product&#038;p=1637"},"modified":"2025-10-27T06:51:10","modified_gmt":"2025-10-27T06:51:10","slug":"custom-design-slippers","status":"publish","type":"product","link":"https:\/\/www.mappershoe.com\/fr\/produit\/custom-design-slippers\/","title":{"rendered":"Pantoufles personnalis\u00e9es avec dessus transparent, pantoufles de maison en vrac"},"content":{"rendered":"<div class=\"wp-block-columns is-layout-flex wp-container-core-columns-is-layout-9d6595d7 wp-block-columns-is-layout-flex\">\n<div class=\"wp-block-column is-layout-flow wp-block-column-is-layout-flow\">\n<h3 class=\"wp-block-heading\">Design personnalis\u00e9 de premi\u00e8re qualit\u00e9 Caract\u00e9ristiques des pantoufles :<\/h3>\n\n\n\n<p><strong>Design transparent, \u00e9l\u00e9gant et minimaliste : <\/strong>Ces pantoufles personnalis\u00e9es sont dot\u00e9es d'une tige en PVC clair et transparent et d'un design unique et moderne, qui r\u00e9pond aux attentes des consommateurs en mati\u00e8re d'esth\u00e9tique personnalis\u00e9e et minimaliste.<\/p>\n\n\n\n<p><strong>Logo personnalis\u00e9 :<\/strong> Ces pantoufles de maison en vrac offrent des services de personnalisation des logos et d'impression pour r\u00e9pondre aux besoins de diverses marques. Des motifs et des logos uniques peuvent \u00eatre personnalis\u00e9s pour am\u00e9liorer la reconnaissance de la marque.<\/p>\n\n\n\n<p><strong>L\u00e9ger et chaud, il peut \u00eatre port\u00e9 par tous les temps :<\/strong> Fabriqu\u00e9es en PVC l\u00e9ger et chaud, ces pantoufles personnalis\u00e9es sont parfaites pour l'int\u00e9rieur, la vill\u00e9giature, l'h\u00f4tellerie, etc.<\/p>\n\n\n\n<p><strong>Antid\u00e9rapant et durable, il peut \u00eatre port\u00e9 sans souci : <\/strong>Les pantoufles de maison en vrac pr\u00e9sentent une texture antid\u00e9rapante sur la semelle qui cr\u00e9e une traction extraordinaire, assurant la stabilit\u00e9 et la s\u00e9curit\u00e9 m\u00eame sur les surfaces glissantes.<\/p>\n\n\n\n<p><strong>Facile \u00e0 nettoyer et \u00e0 entretenir : <\/strong>Les pantoufles au design personnalis\u00e9 sont faciles \u00e0 nettoyer et \u00e0 entretenir et se tachent facilement, ce qui les fait briller, vous offrant ainsi une facilit\u00e9 d'utilisation et une durabilit\u00e9.<\/p>\n<\/div>\n\n\n\n<div class=\"wp-block-column is-layout-flow wp-block-column-is-layout-flow\">\n<figure class=\"wp-block-image size-full\"><img decoding=\"async\" width=\"800\" height=\"800\" src=\"https:\/\/www.mappershoe.com\/wp-content\/uploads\/2025\/07\/custom-design-slippers-with-clear-transparent-upper-bulk-house-slippers-with-logo-13.webp\" alt=\"custom-design-slippers-with-clear-transparent-upper-bulk-house-slippers-with-logo-13\" class=\"wp-image-1650\" srcset=\"https:\/\/www.mappershoe.com\/wp-content\/uploads\/2025\/07\/custom-design-slippers-with-clear-transparent-upper-bulk-house-slippers-with-logo-13.webp 800w, https:\/\/www.mappershoe.com\/wp-content\/uploads\/2025\/07\/custom-design-slippers-with-clear-transparent-upper-bulk-house-slippers-with-logo-13-300x300.webp 300w, https:\/\/www.mappershoe.com\/wp-content\/uploads\/2025\/07\/custom-design-slippers-with-clear-transparent-upper-bulk-house-slippers-with-logo-13-150x150.webp 150w, https:\/\/www.mappershoe.com\/wp-content\/uploads\/2025\/07\/custom-design-slippers-with-clear-transparent-upper-bulk-house-slippers-with-logo-13-768x768.webp 768w, https:\/\/www.mappershoe.com\/wp-content\/uploads\/2025\/07\/custom-design-slippers-with-clear-transparent-upper-bulk-house-slippers-with-logo-13-12x12.webp 12w, https:\/\/www.mappershoe.com\/wp-content\/uploads\/2025\/07\/custom-design-slippers-with-clear-transparent-upper-bulk-house-slippers-with-logo-13-600x600.webp 600w, https:\/\/www.mappershoe.com\/wp-content\/uploads\/2025\/07\/custom-design-slippers-with-clear-transparent-upper-bulk-house-slippers-with-logo-13-100x100.webp 100w\" sizes=\"(max-width: 800px) 100vw, 800px\" \/><\/figure>\n<\/div>\n<\/div>\n\n\n\n<p><\/p>","protected":false},"excerpt":{"rendered":"<p>Pour l'achat en gros de nos pantoufles personnalis\u00e9es. Ces pantoufles en PVC personnalis\u00e9es sont dot\u00e9es d'une tige transparente \u00e9l\u00e9gante, offrant un look moderne associ\u00e9 au confort et \u00e0 la praticit\u00e9. Enti\u00e8rement personnalisables avec des logos, elles sont parfaites pour les commandes en gros dans les secteurs de l'h\u00f4tellerie, de la maison et de la vente au d\u00e9tail.<\/p>\n<h2>Conception sur mesure Sp\u00e9cifications des pantoufles :<\/h2>\n<table width=\"419\">\n<tbody>\n<tr>\n<td width=\"115\">Fabricant :<\/td>\n<td width=\"304\">Mingyi<\/td>\n<\/tr>\n<tr>\n<td>Style :<\/td>\n<td>Pantoufles<\/td>\n<\/tr>\n<tr>\n<td>Mod\u00e8le :<\/td>\n<td>2294<\/td>\n<\/tr>\n<tr>\n<td>Mat\u00e9riau :\u00a0<\/td>\n<td>PVC<\/td>\n<\/tr>\n<tr>\n<td>Couleur :\u00a0<\/td>\n<td width=\"304\">noir, blanc, rouge, orange, jaune, vert, bleu marine, bleu, gris, brun, rose<\/td>\n<\/tr>\n<tr>\n<td>Taille :\u00a0<\/td>\n<td>Taille US 6\u30016.5 \u30017 \u30017.5 \u30018\u30018.5\u30019\u30019.5\u300110-14<\/td>\n<\/tr>\n<tr>\n<td>Options de personnalisation :\u00a0<\/td>\n<td>Logo (dessus, c\u00f4t\u00e9, semelle int\u00e9rieure) \/ Impression int\u00e9grale \/ Couleur \/ Mati\u00e8re \/ \u00c9paisseur de la semelle \/ Dessus<\/td>\n<\/tr>\n<tr>\n<td>Emballage :\u00a0<\/td>\n<td>Emballage personnalis\u00e9<\/td>\n<\/tr>\n<tr>\n<td>Exemple\uff1a<\/td>\n<td>\u00c9chantillons vierges gratuits<\/td>\n<\/tr>\n<\/tbody>\n<\/table>\n<p>&nbsp;<\/p>\n<p><script src=\"chrome-extension:\/\/fpelahbljekknahkcaegamhcndkfpfnc\/iFrame.js\" type=\"text\/javascript\"><\/script><\/p>","protected":false},"featured_media":1649,"comment_status":"closed","ping_status":"closed","template":"","meta":{"_acf_changed":false},"product_brand":[],"product_cat":[19],"product_tag":[26,24,27],"class_list":{"0":"post-1637","1":"product","2":"type-product","3":"status-publish","4":"has-post-thumbnail","6":"product_cat-slippers-in-bulk","7":"product_tag-mens-slippers-wholesale","8":"product_tag-wholesale-pvc-slippers","9":"product_tag-wholesale-womens-slippers","11":"first","12":"instock","13":"shipping-taxable","14":"product-type-simple"},"acf":[],"_links":{"self":[{"href":"https:\/\/www.mappershoe.com\/fr\/wp-json\/wp\/v2\/product\/1637","targetHints":{"allow":["GET"]}}],"collection":[{"href":"https:\/\/www.mappershoe.com\/fr\/wp-json\/wp\/v2\/product"}],"about":[{"href":"https:\/\/www.mappershoe.com\/fr\/wp-json\/wp\/v2\/types\/product"}],"replies":[{"embeddable":true,"href":"https:\/\/www.mappershoe.com\/fr\/wp-json\/wp\/v2\/comments?post=1637"}],"wp:featuredmedia":[{"embeddable":true,"href":"https:\/\/www.mappershoe.com\/fr\/wp-json\/wp\/v2\/media\/1649"}],"wp:attachment":[{"href":"https:\/\/www.mappershoe.com\/fr\/wp-json\/wp\/v2\/media?parent=1637"}],"wp:term":[{"taxonomy":"product_brand","embeddable":true,"href":"https:\/\/www.mappershoe.com\/fr\/wp-json\/wp\/v2\/product_brand?post=1637"},{"taxonomy":"product_cat","embeddable":true,"href":"https:\/\/www.mappershoe.com\/fr\/wp-json\/wp\/v2\/product_cat?post=1637"},{"taxonomy":"product_tag","embeddable":true,"href":"https:\/\/www.mappershoe.com\/fr\/wp-json\/wp\/v2\/product_tag?post=1637"}],"curies":[{"name":"wp","href":"https:\/\/api.w.org\/{rel}","templated":true}]}}