{"id":1655,"date":"2025-07-31T07:06:28","date_gmt":"2025-07-31T07:06:28","guid":{"rendered":"https:\/\/www.mappershoe.com\/?post_type=product&#038;p=1655"},"modified":"2025-07-31T10:36:26","modified_gmt":"2025-07-31T10:36:26","slug":"custom-made-crocs-shoes","status":"publish","type":"product","link":"https:\/\/www.mappershoe.com\/fr\/produit\/custom-made-crocs-shoes\/","title":{"rendered":"Chaussures Crocs \u00e0 talons hauts fabriqu\u00e9es sur mesure, chaussures sabots pour femmes en gros"},"content":{"rendered":"<div class=\"wp-block-columns is-layout-flex wp-container-core-columns-is-layout-9d6595d7 wp-block-columns-is-layout-flex\">\n<div class=\"wp-block-column is-layout-flow wp-block-column-is-layout-flow\">\n<h3 class=\"wp-block-heading\">Premium Custom Made Crocs Shoes Features :<\/h3>\n\n\n\n<p><strong>Conception sur mesure :<\/strong> Avec de nombreux niveaux de personnalisation, les chaussures sabots pour femmes en gros ont des logos, des couleurs, des motifs et des accessoires personnalis\u00e9s pour r\u00e9pondre aux besoins de la marque ou des commandes en vrac.<\/p>\n\n\n\n<p><strong>Talons hauts Design :<\/strong> Le design classique \u00e0 talon haut des chaussures Crocs sur mesure est \u00e0 la mode et confortable, ce qui leur permet d'\u00eatre utilis\u00e9es au quotidien et pour les activit\u00e9s de jardinage, et de convenir \u00e0 divers sc\u00e9narios.<\/p>\n\n\n\n<p><strong>Mat\u00e9riau EVA ultra-l\u00e9ger : <\/strong>Ces chaussures Crocs sur mesure sont fabriqu\u00e9es en mat\u00e9riau EVA l\u00e9ger, ce qui les rend extr\u00eamement l\u00e9g\u00e8res et leur permet de supporter le poids d'un port prolong\u00e9 et d'offrir un confort tout au long de la journ\u00e9e.<\/p>\n\n\n\n<p><strong>Plus grande respirabilit\u00e9 et activit\u00e9 antimicrobienne : <\/strong>Ces chaussures Crocs sur mesure sont adapt\u00e9es \u00e0 une utilisation prolong\u00e9e. Le dessus respirant \u00e9limine efficacement la transpiration pour garder les pieds au sec, et l'activit\u00e9 antimicrobienne emp\u00eache les odeurs de se d\u00e9velopper, ce qui les rend parfaites pour le jardinage et d'autres utilisations en ext\u00e9rieur.<\/p>\n\n\n\n<p><strong>Utilisation flexible :<\/strong> Ces chaussures sabots pour femmes conviennent \u00e0 la plupart des occasions ext\u00e9rieures, telles que le jardin, la plage, le centre de vill\u00e9giature, la piscine et le plein air, et offrent confort et style.<\/p>\n<\/div>\n\n\n\n<div class=\"wp-block-column is-layout-flow wp-block-column-is-layout-flow\">\n<figure class=\"wp-block-image size-full\"><img decoding=\"async\" width=\"800\" height=\"800\" src=\"https:\/\/www.mappershoe.com\/wp-content\/uploads\/2025\/07\/high-heeled-custom-made-crocs-shoes-wholesale-women-clog-shoes-2.webp\" alt=\"talons hauts-custom-made-crocs-shoes-wholesale-women-clog-shoes-2\" class=\"wp-image-1657\" srcset=\"https:\/\/www.mappershoe.com\/wp-content\/uploads\/2025\/07\/high-heeled-custom-made-crocs-shoes-wholesale-women-clog-shoes-2.webp 800w, https:\/\/www.mappershoe.com\/wp-content\/uploads\/2025\/07\/high-heeled-custom-made-crocs-shoes-wholesale-women-clog-shoes-2-300x300.webp 300w, https:\/\/www.mappershoe.com\/wp-content\/uploads\/2025\/07\/high-heeled-custom-made-crocs-shoes-wholesale-women-clog-shoes-2-150x150.webp 150w, https:\/\/www.mappershoe.com\/wp-content\/uploads\/2025\/07\/high-heeled-custom-made-crocs-shoes-wholesale-women-clog-shoes-2-768x768.webp 768w, https:\/\/www.mappershoe.com\/wp-content\/uploads\/2025\/07\/high-heeled-custom-made-crocs-shoes-wholesale-women-clog-shoes-2-12x12.webp 12w, https:\/\/www.mappershoe.com\/wp-content\/uploads\/2025\/07\/high-heeled-custom-made-crocs-shoes-wholesale-women-clog-shoes-2-600x600.webp 600w, https:\/\/www.mappershoe.com\/wp-content\/uploads\/2025\/07\/high-heeled-custom-made-crocs-shoes-wholesale-women-clog-shoes-2-100x100.webp 100w\" sizes=\"(max-width: 800px) 100vw, 800px\" \/><\/figure>\n<\/div>\n<\/div>\n\n\n\n<p><\/p>","protected":false},"excerpt":{"rendered":"<p>N'h\u00e9sitez pas \u00e0 nous contacter pour des achats en gros de chaussures Crocs personnalis\u00e9es. Ces chaussures sabots \u00e0 talons hauts pour femmes combinent un design \u00e9l\u00e9gant et le confort. Elles sont con\u00e7ues \u00e0 partir d'un mat\u00e9riau EVA l\u00e9ger et conviennent pour l'ext\u00e9rieur, avec une bonne respirabilit\u00e9, des semelles antid\u00e9rapantes et un design personnalisable. Id\u00e9ales pour les transactions en gros, elles offrent une solution polyvalente et \u00e0 la mode pour les femmes qui souhaitent profiter du confort et du style dans leurs chaussures de tous les jours.<\/p>\n<h2>Chaussures Crocs sur mesure Sp\u00e9cifications :<\/h2>\n<table width=\"448\">\n<tbody>\n<tr>\n<td width=\"168\">Fabricant :<\/td>\n<td width=\"280\">Mingyi<\/td>\n<\/tr>\n<tr>\n<td>Style :<\/td>\n<td>Chaussures Crocs<\/td>\n<\/tr>\n<tr>\n<td>Mod\u00e8le :<\/td>\n<td>107<\/td>\n<\/tr>\n<tr>\n<td>Mat\u00e9riau :\u00a0<\/td>\n<td>EVA<\/td>\n<\/tr>\n<tr>\n<td>Couleur :\u00a0<\/td>\n<td width=\"280\">noir\uff0cblanc\uff0capricot\uff0crose<\/td>\n<\/tr>\n<tr>\n<td>Taille :\u00a0<\/td>\n<td>36-37, 38-39,40-41, 42-43,44-45<\/td>\n<\/tr>\n<tr>\n<td>Options de personnalisation :\u00a0<\/td>\n<td>Logo (dessus, c\u00f4t\u00e9, semelle int\u00e9rieure) \/ Impression int\u00e9grale \/ Couleur \/ Mati\u00e8re \/ \u00c9paisseur de la semelle \/ Dessus<\/td>\n<\/tr>\n<tr>\n<td>Emballage :\u00a0<\/td>\n<td>Emballage personnalis\u00e9<\/td>\n<\/tr>\n<tr>\n<td>Exemple\uff1a<\/td>\n<td>\u00c9chantillons vierges gratuits<\/td>\n<\/tr>\n<\/tbody>\n<\/table>\n<p><script src=\"chrome-extension:\/\/fpelahbljekknahkcaegamhcndkfpfnc\/iFrame.js\" type=\"text\/javascript\"><\/script><\/p>\n<p>\n<script src=\"chrome-extension:\/\/fpelahbljekknahkcaegamhcndkfpfnc\/iFrame.js\" type=\"text\/javascript\"><\/script><\/p>","protected":false},"featured_media":1656,"comment_status":"closed","ping_status":"closed","template":"","meta":{"_acf_changed":false},"product_brand":[],"product_cat":[18],"product_tag":[25,27],"class_list":{"0":"post-1655","1":"product","2":"type-product","3":"status-publish","4":"has-post-thumbnail","6":"product_cat-wholesale-crocs-shoes","7":"product_tag-eva-slippers-wholesale","8":"product_tag-wholesale-womens-slippers","10":"first","11":"instock","12":"shipping-taxable","13":"product-type-simple"},"acf":[],"_links":{"self":[{"href":"https:\/\/www.mappershoe.com\/fr\/wp-json\/wp\/v2\/product\/1655","targetHints":{"allow":["GET"]}}],"collection":[{"href":"https:\/\/www.mappershoe.com\/fr\/wp-json\/wp\/v2\/product"}],"about":[{"href":"https:\/\/www.mappershoe.com\/fr\/wp-json\/wp\/v2\/types\/product"}],"replies":[{"embeddable":true,"href":"https:\/\/www.mappershoe.com\/fr\/wp-json\/wp\/v2\/comments?post=1655"}],"wp:featuredmedia":[{"embeddable":true,"href":"https:\/\/www.mappershoe.com\/fr\/wp-json\/wp\/v2\/media\/1656"}],"wp:attachment":[{"href":"https:\/\/www.mappershoe.com\/fr\/wp-json\/wp\/v2\/media?parent=1655"}],"wp:term":[{"taxonomy":"product_brand","embeddable":true,"href":"https:\/\/www.mappershoe.com\/fr\/wp-json\/wp\/v2\/product_brand?post=1655"},{"taxonomy":"product_cat","embeddable":true,"href":"https:\/\/www.mappershoe.com\/fr\/wp-json\/wp\/v2\/product_cat?post=1655"},{"taxonomy":"product_tag","embeddable":true,"href":"https:\/\/www.mappershoe.com\/fr\/wp-json\/wp\/v2\/product_tag?post=1655"}],"curies":[{"name":"wp","href":"https:\/\/api.w.org\/{rel}","templated":true}]}}