{"id":1666,"date":"2025-07-31T08:34:17","date_gmt":"2025-07-31T08:34:17","guid":{"rendered":"https:\/\/www.mappershoe.com\/?post_type=product&#038;p=1666"},"modified":"2025-10-18T01:00:39","modified_gmt":"2025-10-18T01:00:39","slug":"crocs-in-bulk","status":"publish","type":"product","link":"https:\/\/www.mappershoe.com\/fr\/produit\/crocs-in-bulk\/","title":{"rendered":"New Fashion Tire Crocs in Bulk, Crocs Mens Clog Shoes Custom"},"content":{"rendered":"<div class=\"wp-block-columns is-layout-flex wp-container-core-columns-is-layout-9d6595d7 wp-block-columns-is-layout-flex\">\n<div class=\"wp-block-column is-layout-flow wp-block-column-is-layout-flow\">\n<h3 class=\"wp-block-heading\">Premium Tire Crocs in Bulk Caract\u00e9ristiques :<\/h3>\n\n\n\n<p><strong>Motif de pneu exclusif : <\/strong>Chacune de ces chaussures Crocs en vrac est dot\u00e9e d'un motif innovant de bande de roulement, ce qui les rend \u00e0 la mode et \u00e9l\u00e9gantes. Elles sont \u00e0 la fois fonctionnelles et \u00e9l\u00e9gantes, parfaites pour l'ext\u00e9rieur, les loisirs et bien d'autres occasions.<\/p>\n\n\n\n<p><strong>Un soutien confortable, une tenue adapt\u00e9e \u00e0 tous les temps :<\/strong> Ces chaussures sabots pour hommes sont fabriqu\u00e9es dans un mat\u00e9riau EVA souple, l\u00e9ger et dot\u00e9 d'une bonne capacit\u00e9 d'absorption des chocs, ce qui permet de les porter longtemps sans se fatiguer. Elles peuvent \u00eatre port\u00e9es au travail, en voyage et \u00e0 la maison, entre autres.<\/p>\n\n\n\n<p><strong>Hautement personnalisable :<\/strong> Ces Crocs en vrac sont pr\u00e9programm\u00e9s avec un certain nombre de types de personnalisation, y compris les logos, la couleur et l'impression, pour s'adapter \u00e0 la taille du client en gros. Ils peuvent \u00e9galement \u00eatre personnalis\u00e9s pour la vente au d\u00e9tail, les achats group\u00e9s, les personnalisations commerciales et d'autres applications B2B.<\/p>\n\n\n\n<p><strong>Semelle antid\u00e9rapante et r\u00e9sistante \u00e0 l'usure : <\/strong>Ces sabots pour hommes en vrac sont dot\u00e9s d'une semelle en caoutchouc antid\u00e9rapante qui am\u00e9liore l'adh\u00e9rence et emp\u00eache de glisser. Elles sont particuli\u00e8rement adapt\u00e9es \u00e0 une utilisation dans des conditions humides et glissantes, avec des performances de s\u00e9curit\u00e9 sup\u00e9rieures.<\/p>\n\n\n\n<p><strong>Polyvalent<\/strong>: Ces Crocs pour hommes disponibles en vrac peuvent \u00eatre port\u00e9s dans de nombreux sc\u00e9narios, y compris au quotidien, \u00e0 l'ext\u00e9rieur et \u00e0 l'int\u00e9rieur de la maison. Elles sont faciles \u00e0 nettoyer, s\u00e8chent rapidement et r\u00e9sistent aux intemp\u00e9ries.<\/p>\n<\/div>\n\n\n\n<div class=\"wp-block-column is-layout-flow wp-block-column-is-layout-flow\">\n<figure class=\"wp-block-image size-full\"><img decoding=\"async\" width=\"790\" height=\"918\" src=\"https:\/\/www.mappershoe.com\/wp-content\/uploads\/2025\/07\/new-fashion-tire-crocs-in-bulk-crocs-mens-clog-shoes-custom-1.webp\" alt=\"new-fashion-tire-crocs-in-bulk-crocs-mens-clog-shoes-custom-1\" class=\"wp-image-1667\" srcset=\"https:\/\/www.mappershoe.com\/wp-content\/uploads\/2025\/07\/new-fashion-tire-crocs-in-bulk-crocs-mens-clog-shoes-custom-1.webp 790w, https:\/\/www.mappershoe.com\/wp-content\/uploads\/2025\/07\/new-fashion-tire-crocs-in-bulk-crocs-mens-clog-shoes-custom-1-258x300.webp 258w, https:\/\/www.mappershoe.com\/wp-content\/uploads\/2025\/07\/new-fashion-tire-crocs-in-bulk-crocs-mens-clog-shoes-custom-1-768x892.webp 768w, https:\/\/www.mappershoe.com\/wp-content\/uploads\/2025\/07\/new-fashion-tire-crocs-in-bulk-crocs-mens-clog-shoes-custom-1-10x12.webp 10w, https:\/\/www.mappershoe.com\/wp-content\/uploads\/2025\/07\/new-fashion-tire-crocs-in-bulk-crocs-mens-clog-shoes-custom-1-600x697.webp 600w\" sizes=\"(max-width: 790px) 100vw, 790px\" \/><\/figure>\n<\/div>\n<\/div>\n\n\n\n<p><\/p>","protected":false},"excerpt":{"rendered":"<p>N'h\u00e9sitez pas \u00e0 nous contacter pour des achats de crocs en vrac. Ces sabots Crocs pour homme offrent un design unique de bande de roulement pour un look \u00e0 la mode et fonctionnel. Fabriqu\u00e9es en EVA l\u00e9ger, elles offrent confort et soutien tout au long de la journ\u00e9e, parfaites pour les tenues d\u00e9contract\u00e9es, les activit\u00e9s de plein air et bien plus encore. Extr\u00eamement personnalisables avec des logos, des couleurs et des illustrations, ces chaussures sont parfaites pour les commandes en gros et les grossistes.<\/p>\n<h2>Tirez les Crocs en vrac Sp\u00e9cifications :<\/h2>\n<table width=\"448\">\n<tbody>\n<tr>\n<td width=\"168\">Fabricant :<\/td>\n<td width=\"280\">Mingyi<\/td>\n<\/tr>\n<tr>\n<td>Style :<\/td>\n<td>Chaussures Crocs<\/td>\n<\/tr>\n<tr>\n<td>Mod\u00e8le :<\/td>\n<td>108<\/td>\n<\/tr>\n<tr>\n<td>Mat\u00e9riau :\u00a0<\/td>\n<td>EVA<\/td>\n<\/tr>\n<tr>\n<td>Couleur :\u00a0<\/td>\n<td width=\"280\">noir, gris, abricot, vert<\/td>\n<\/tr>\n<tr>\n<td>Taille :\u00a0<\/td>\n<td>36-37, 38-39,40-41, 42-43,44-45<\/td>\n<\/tr>\n<tr>\n<td>Options de personnalisation :\u00a0<\/td>\n<td>Logo (dessus, c\u00f4t\u00e9, semelle int\u00e9rieure) \/ Impression int\u00e9grale \/ Couleur \/ Mati\u00e8re \/ \u00c9paisseur de la semelle \/ Dessus<\/td>\n<\/tr>\n<tr>\n<td>Emballage :\u00a0<\/td>\n<td>Emballage personnalis\u00e9<\/td>\n<\/tr>\n<tr>\n<td>Exemple\uff1a<\/td>\n<td>\u00c9chantillons vierges gratuits<\/td>\n<\/tr>\n<\/tbody>\n<\/table>\n<p><script src=\"chrome-extension:\/\/fpelahbljekknahkcaegamhcndkfpfnc\/iFrame.js\" type=\"text\/javascript\"><\/script><\/p>\n<p><script src=\"chrome-extension:\/\/fpelahbljekknahkcaegamhcndkfpfnc\/iFrame.js\" type=\"text\/javascript\"><\/script><\/p>","protected":false},"featured_media":1668,"comment_status":"closed","ping_status":"closed","template":"","meta":{"_acf_changed":false},"product_brand":[],"product_cat":[18],"product_tag":[25,26],"class_list":{"0":"post-1666","1":"product","2":"type-product","3":"status-publish","4":"has-post-thumbnail","6":"product_cat-wholesale-crocs-shoes","7":"product_tag-eva-slippers-wholesale","8":"product_tag-mens-slippers-wholesale","10":"first","11":"instock","12":"shipping-taxable","13":"product-type-simple"},"acf":[],"_links":{"self":[{"href":"https:\/\/www.mappershoe.com\/fr\/wp-json\/wp\/v2\/product\/1666","targetHints":{"allow":["GET"]}}],"collection":[{"href":"https:\/\/www.mappershoe.com\/fr\/wp-json\/wp\/v2\/product"}],"about":[{"href":"https:\/\/www.mappershoe.com\/fr\/wp-json\/wp\/v2\/types\/product"}],"replies":[{"embeddable":true,"href":"https:\/\/www.mappershoe.com\/fr\/wp-json\/wp\/v2\/comments?post=1666"}],"wp:featuredmedia":[{"embeddable":true,"href":"https:\/\/www.mappershoe.com\/fr\/wp-json\/wp\/v2\/media\/1668"}],"wp:attachment":[{"href":"https:\/\/www.mappershoe.com\/fr\/wp-json\/wp\/v2\/media?parent=1666"}],"wp:term":[{"taxonomy":"product_brand","embeddable":true,"href":"https:\/\/www.mappershoe.com\/fr\/wp-json\/wp\/v2\/product_brand?post=1666"},{"taxonomy":"product_cat","embeddable":true,"href":"https:\/\/www.mappershoe.com\/fr\/wp-json\/wp\/v2\/product_cat?post=1666"},{"taxonomy":"product_tag","embeddable":true,"href":"https:\/\/www.mappershoe.com\/fr\/wp-json\/wp\/v2\/product_tag?post=1666"}],"curies":[{"name":"wp","href":"https:\/\/api.w.org\/{rel}","templated":true}]}}