{"id":1677,"date":"2025-07-31T09:16:07","date_gmt":"2025-07-31T09:16:07","guid":{"rendered":"https:\/\/www.mappershoe.com\/?post_type=product&#038;p=1677"},"modified":"2026-01-03T07:32:05","modified_gmt":"2026-01-03T07:32:05","slug":"bulk-croc-shoes","status":"publish","type":"product","link":"https:\/\/www.mappershoe.com\/fr\/produit\/bulk-croc-shoes\/","title":{"rendered":"Factory Bulk Croc Shoes, Outdoor Garden Clogs Shoes Supply"},"content":{"rendered":"<div class=\"wp-block-columns is-layout-flex wp-container-core-columns-is-layout-9d6595d7 wp-block-columns-is-layout-flex\">\n<div class=\"wp-block-column is-layout-flow wp-block-column-is-layout-flow\">\n<h3 class=\"wp-block-heading\">Premium Unisex Bulk Croc Shoes Caract\u00e9ristiques :<\/h3>\n\n\n\n<p><strong>Conception universelle :<\/strong> Les chaussures de jardin unisexes sont con\u00e7ues dans un style sabot classique et peuvent \u00eatre utilis\u00e9es pour de nombreux usages ext\u00e9rieurs tels que le jardin, la plage et la salle de bains, r\u00e9pondant ainsi aux besoins d'individus d'horizons divers.<\/p>\n\n\n\n<p><strong>Options bicolores : <\/strong>Ces chaussures en croc en vrac offrent deux combinaisons de couleurs pour r\u00e9pondre aux besoins personnalis\u00e9s des diff\u00e9rents consommateurs et conviennent \u00e9galement \u00e0 la personnalisation de la marque ou \u00e0 la vente au d\u00e9tail.<\/p>\n\n\n\n<p><strong>Support de personnalisation en masse :<\/strong> Nos sabots de jardin en vrac offrent une assistance \u00e0 l'achat en vrac et fournissent des services personnalis\u00e9s tels que des logos, des couleurs et des emballages personnalis\u00e9s pour r\u00e9pondre aux besoins de personnalisation des marques ou des d\u00e9taillants et am\u00e9liorer la comp\u00e9titivit\u00e9 du march\u00e9.<\/p>\n\n\n\n<p><strong>Perfor\u00e9 pour l'a\u00e9ration et le confort, le confort tout au long de la journ\u00e9e : <\/strong>La tige perfor\u00e9e et ventil\u00e9e de ces chaussures en croc en vrac garde les pieds au frais et \u00e0 l'aise pour une utilisation prolong\u00e9e, id\u00e9ale pour les apr\u00e8s-midi chauds de l'\u00e9t\u00e9 ou par temps pluvieux. <\/p>\n\n\n\n<p><strong>Semelle antid\u00e9rapante et durable : <\/strong>Ces chaussures en croc en vrac sont dot\u00e9es d'une semelle r\u00e9sistante \u00e0 l'usure et antid\u00e9rapante, offrant une prise ferme contre le glissement. Elles sont particuli\u00e8rement recommand\u00e9es pour l'ext\u00e9rieur.<\/p>\n<\/div>\n\n\n\n<div class=\"wp-block-column is-layout-flow wp-block-column-is-layout-flow\">\n<figure class=\"wp-block-image size-full\"><img decoding=\"async\" width=\"1000\" height=\"1000\" src=\"https:\/\/www.mappershoe.com\/wp-content\/uploads\/2025\/07\/unisex-bulk-croc-shoes-two-colors-outdoor-garden-clogs-shoes-wholesale-5.webp\" alt=\"unisex-bulk-croc-shoes-two-colors-outdoor-garden-clogs-shoes-wholesale-5\" class=\"wp-image-1682\" srcset=\"https:\/\/www.mappershoe.com\/wp-content\/uploads\/2025\/07\/unisex-bulk-croc-shoes-two-colors-outdoor-garden-clogs-shoes-wholesale-5.webp 1000w, https:\/\/www.mappershoe.com\/wp-content\/uploads\/2025\/07\/unisex-bulk-croc-shoes-two-colors-outdoor-garden-clogs-shoes-wholesale-5-300x300.webp 300w, https:\/\/www.mappershoe.com\/wp-content\/uploads\/2025\/07\/unisex-bulk-croc-shoes-two-colors-outdoor-garden-clogs-shoes-wholesale-5-150x150.webp 150w, https:\/\/www.mappershoe.com\/wp-content\/uploads\/2025\/07\/unisex-bulk-croc-shoes-two-colors-outdoor-garden-clogs-shoes-wholesale-5-768x768.webp 768w, https:\/\/www.mappershoe.com\/wp-content\/uploads\/2025\/07\/unisex-bulk-croc-shoes-two-colors-outdoor-garden-clogs-shoes-wholesale-5-12x12.webp 12w, https:\/\/www.mappershoe.com\/wp-content\/uploads\/2025\/07\/unisex-bulk-croc-shoes-two-colors-outdoor-garden-clogs-shoes-wholesale-5-600x600.webp 600w, https:\/\/www.mappershoe.com\/wp-content\/uploads\/2025\/07\/unisex-bulk-croc-shoes-two-colors-outdoor-garden-clogs-shoes-wholesale-5-100x100.webp 100w\" sizes=\"(max-width: 1000px) 100vw, 1000px\" \/><\/figure>\n<\/div>\n<\/div>\n\n\n\n<p><\/p>","protected":false},"excerpt":{"rendered":"<p>N'h\u00e9sitez pas \u00e0 nous contacter pour des chaussures en croc en vrac. Ces sabots de jardin conviennent aux femmes et aux hommes, gr\u00e2ce \u00e0 leur confort et \u00e0 leur durabilit\u00e9. Ils ont un fond antid\u00e9rapant et deux options de couleur, ce qui les rend parfaits pour une utilisation lors de toute activit\u00e9 ext\u00e9rieure, par exemple, le jardinage, les voyages \u00e0 la plage, et les v\u00eatements d\u00e9contract\u00e9s. Avec la possibilit\u00e9 de les personnaliser gr\u00e2ce \u00e0 la vente en gros, les sabots sont un excellent choix pour les marques et les d\u00e9taillants \u00e0 la recherche de chaussures distinctives et \u00e9l\u00e9gantes.<\/p>\n<h2>Chaussures croco en vrac unisexe Sp\u00e9cifications :<\/h2>\n<table width=\"448\">\n<tbody>\n<tr>\n<td width=\"168\">Fabricant :<\/td>\n<td width=\"280\">Mingyi<\/td>\n<\/tr>\n<tr>\n<td>Style :<\/td>\n<td>Chaussures Crocs<\/td>\n<\/tr>\n<tr>\n<td>Mod\u00e8le :<\/td>\n<td>109<\/td>\n<\/tr>\n<tr>\n<td>Mat\u00e9riau :\u00a0<\/td>\n<td>EVA<\/td>\n<\/tr>\n<tr>\n<td>Couleur :\u00a0<\/td>\n<td width=\"280\">blanc, abricot, blanc+brun, blanc+noir<\/td>\n<\/tr>\n<tr>\n<td>Taille :\u00a0<\/td>\n<td>36-37, 38-39,40-41, 42-43,44-45<\/td>\n<\/tr>\n<tr>\n<td>Options de personnalisation :\u00a0<\/td>\n<td>Logo (dessus, c\u00f4t\u00e9, semelle int\u00e9rieure) \/ Impression int\u00e9grale \/ Couleur \/ Mati\u00e8re \/ \u00c9paisseur de la semelle \/ Dessus<\/td>\n<\/tr>\n<tr>\n<td>Emballage :\u00a0<\/td>\n<td>Emballage personnalis\u00e9<\/td>\n<\/tr>\n<tr>\n<td>Exemple\uff1a<\/td>\n<td>\u00c9chantillons vierges gratuits<\/td>\n<\/tr>\n<\/tbody>\n<\/table>\n<p><script src=\"chrome-extension:\/\/fpelahbljekknahkcaegamhcndkfpfnc\/iFrame.js\" type=\"text\/javascript\"><\/script><\/p>\n<p><script src=\"chrome-extension:\/\/fpelahbljekknahkcaegamhcndkfpfnc\/iFrame.js\" type=\"text\/javascript\"><\/script><\/p>\n<p><script src=\"chrome-extension:\/\/fpelahbljekknahkcaegamhcndkfpfnc\/iFrame.js\" type=\"text\/javascript\"><\/script><\/p>","protected":false},"featured_media":1681,"comment_status":"closed","ping_status":"closed","template":"","meta":{"_acf_changed":false},"product_brand":[],"product_cat":[18],"product_tag":[25,26,27],"class_list":{"0":"post-1677","1":"product","2":"type-product","3":"status-publish","4":"has-post-thumbnail","6":"product_cat-wholesale-crocs-shoes","7":"product_tag-eva-slippers-wholesale","8":"product_tag-mens-slippers-wholesale","9":"product_tag-wholesale-womens-slippers","11":"first","12":"instock","13":"shipping-taxable","14":"product-type-simple"},"acf":[],"_links":{"self":[{"href":"https:\/\/www.mappershoe.com\/fr\/wp-json\/wp\/v2\/product\/1677","targetHints":{"allow":["GET"]}}],"collection":[{"href":"https:\/\/www.mappershoe.com\/fr\/wp-json\/wp\/v2\/product"}],"about":[{"href":"https:\/\/www.mappershoe.com\/fr\/wp-json\/wp\/v2\/types\/product"}],"replies":[{"embeddable":true,"href":"https:\/\/www.mappershoe.com\/fr\/wp-json\/wp\/v2\/comments?post=1677"}],"wp:featuredmedia":[{"embeddable":true,"href":"https:\/\/www.mappershoe.com\/fr\/wp-json\/wp\/v2\/media\/1681"}],"wp:attachment":[{"href":"https:\/\/www.mappershoe.com\/fr\/wp-json\/wp\/v2\/media?parent=1677"}],"wp:term":[{"taxonomy":"product_brand","embeddable":true,"href":"https:\/\/www.mappershoe.com\/fr\/wp-json\/wp\/v2\/product_brand?post=1677"},{"taxonomy":"product_cat","embeddable":true,"href":"https:\/\/www.mappershoe.com\/fr\/wp-json\/wp\/v2\/product_cat?post=1677"},{"taxonomy":"product_tag","embeddable":true,"href":"https:\/\/www.mappershoe.com\/fr\/wp-json\/wp\/v2\/product_tag?post=1677"}],"curies":[{"name":"wp","href":"https:\/\/api.w.org\/{rel}","templated":true}]}}