{"id":1690,"date":"2025-07-31T09:37:32","date_gmt":"2025-07-31T09:37:32","guid":{"rendered":"https:\/\/www.mappershoe.com\/?post_type=product&#038;p=1690"},"modified":"2025-07-31T10:10:57","modified_gmt":"2025-07-31T10:10:57","slug":"eva-foam-clog-shoes-bulk","status":"publish","type":"product","link":"https:\/\/www.mappershoe.com\/fr\/produit\/eva-foam-clog-shoes-bulk\/","title":{"rendered":"Sabots unisexes en mousse EVA en vrac, sabots de sport Crocs en gros avec lacets"},"content":{"rendered":"<div class=\"wp-block-columns is-layout-flex wp-container-core-columns-is-layout-9d6595d7 wp-block-columns-is-layout-flex\">\n<div class=\"wp-block-column is-layout-flow wp-block-column-is-layout-flow\">\n<h3 class=\"wp-block-heading\">Premium Unisex EVA Foam Clog Shoes Bulk Features :<\/h3>\n\n\n\n<p><strong>Mousse EVA confortable :<\/strong> Ces sabots de sport Crocs wholesale sont fabriqu\u00e9s en mousse EVA de haute qualit\u00e9, qui est souple, mais qui offre un grand soutien et un bon amorti, ce qui les rend tr\u00e8s confortables \u00e0 porter tout au long de la journ\u00e9e.<\/p>\n\n\n\n<p><strong>Design \u00e9l\u00e9gant et sportif : <\/strong>Ces chaussures sabots en mousse EVA sont con\u00e7ues dans l'esprit des Crocs avec des caract\u00e9ristiques semblables \u00e0 celles des baskets, telles que des lacets pour un soutien suppl\u00e9mentaire et un look plus tendance, alliant fonction et style.<\/p>\n\n\n\n<p><strong>Respirant \u00e0 l'extr\u00eame : <\/strong>La t\u00eate de ces sabots en mousse EVA est respirante, de sorte que les pieds restent au sec. Ils sont parfaits pour l'\u00e9t\u00e9 ou pour des conditions o\u00f9 de longues p\u00e9riodes de station debout sont n\u00e9cessaires.<\/p>\n\n\n\n<p><strong>Semelle antid\u00e9rapante : <\/strong>La semelle de ces sabots en mousse EVA est antid\u00e9rapante et assure une excellente traction et une marche en toute s\u00e9curit\u00e9.<\/p>\n\n\n\n<p><strong>Tr\u00e8s polyvalent :<\/strong> Pour l'int\u00e9rieur, l'ext\u00e9rieur, la maison, la salle de sport, les soins de sant\u00e9, l'h\u00f4tellerie et d'autres environnements, ces sabots de sport en gros sont pratiques et confortables. Leur style athl\u00e9tique les rend parfaits pour un usage quotidien ou pour des exercices l\u00e9gers.<\/p>\n<\/div>\n\n\n\n<div class=\"wp-block-column is-layout-flow wp-block-column-is-layout-flow\">\n<figure class=\"wp-block-image size-full\"><img decoding=\"async\" width=\"800\" height=\"800\" src=\"https:\/\/www.mappershoe.com\/wp-content\/uploads\/2025\/07\/unisex-eva-foam-clog-shoes-bulk\u200b-crocs-sport-clogs-wholesale-with-laces-8.webp\" alt=\"unisex-eva-foam-clog-shoes-bulk-crocs-sport-clogs-wholesale-with-laces-8\" class=\"wp-image-1698\" srcset=\"https:\/\/www.mappershoe.com\/wp-content\/uploads\/2025\/07\/unisex-eva-foam-clog-shoes-bulk\u200b-crocs-sport-clogs-wholesale-with-laces-8.webp 800w, https:\/\/www.mappershoe.com\/wp-content\/uploads\/2025\/07\/unisex-eva-foam-clog-shoes-bulk\u200b-crocs-sport-clogs-wholesale-with-laces-8-300x300.webp 300w, https:\/\/www.mappershoe.com\/wp-content\/uploads\/2025\/07\/unisex-eva-foam-clog-shoes-bulk\u200b-crocs-sport-clogs-wholesale-with-laces-8-150x150.webp 150w, https:\/\/www.mappershoe.com\/wp-content\/uploads\/2025\/07\/unisex-eva-foam-clog-shoes-bulk\u200b-crocs-sport-clogs-wholesale-with-laces-8-768x768.webp 768w, https:\/\/www.mappershoe.com\/wp-content\/uploads\/2025\/07\/unisex-eva-foam-clog-shoes-bulk\u200b-crocs-sport-clogs-wholesale-with-laces-8-12x12.webp 12w, https:\/\/www.mappershoe.com\/wp-content\/uploads\/2025\/07\/unisex-eva-foam-clog-shoes-bulk\u200b-crocs-sport-clogs-wholesale-with-laces-8-600x600.webp 600w, https:\/\/www.mappershoe.com\/wp-content\/uploads\/2025\/07\/unisex-eva-foam-clog-shoes-bulk\u200b-crocs-sport-clogs-wholesale-with-laces-8-100x100.webp 100w\" sizes=\"(max-width: 800px) 100vw, 800px\" \/><\/figure>\n<\/div>\n<\/div>\n\n\n\n<p><\/p>","protected":false},"excerpt":{"rendered":"<p>N'h\u00e9sitez pas \u00e0 nous contacter pour acheter des sabots en mousse EVA en gros. Ces sabots de sport unisexes en gros combinent confort et style, inspir\u00e9s par les embl\u00e9matiques sabots de sport Crocs. Ils sont fabriqu\u00e9s en mat\u00e9riaux EVA de couleur claire, respirants et adapt\u00e9s \u00e0 un usage quotidien. Ils ont des lacets r\u00e9glables et des semelles antid\u00e9rapantes avec une grande adh\u00e9rence et un bon maintien. Ils peuvent \u00eatre achet\u00e9s en gros, avec des logos, des couleurs et des lacets personnalis\u00e9s.<\/p>\n<h2>Chaussures sabots unisexes en mousse EVA en vrac Sp\u00e9cifications :<\/h2>\n<table width=\"448\">\n<tbody>\n<tr>\n<td width=\"168\">Fabricant :<\/td>\n<td width=\"280\">Mingyi<\/td>\n<\/tr>\n<tr>\n<td>Style :<\/td>\n<td>Chaussures Crocs<\/td>\n<\/tr>\n<tr>\n<td>Mod\u00e8le :<\/td>\n<td>110<\/td>\n<\/tr>\n<tr>\n<td>Mat\u00e9riau :\u00a0<\/td>\n<td>EVA<\/td>\n<\/tr>\n<tr>\n<td>Couleur :\u00a0<\/td>\n<td width=\"280\">noir, blanc, abricot, vert, rouge, bleu<\/td>\n<\/tr>\n<tr>\n<td>Taille :\u00a0<\/td>\n<td>36-37, 38-39,40-41, 42-43,44-45<\/td>\n<\/tr>\n<tr>\n<td>Options de personnalisation :\u00a0<\/td>\n<td>Logo (dessus, c\u00f4t\u00e9, semelle int\u00e9rieure) \/ Impression int\u00e9grale \/ Couleur \/ Mati\u00e8re \/ \u00c9paisseur de la semelle \/ Dessus<\/td>\n<\/tr>\n<tr>\n<td>Emballage :\u00a0<\/td>\n<td>Emballage personnalis\u00e9<\/td>\n<\/tr>\n<tr>\n<td>Exemple\uff1a<\/td>\n<td>\u00c9chantillons vierges gratuits<\/td>\n<\/tr>\n<\/tbody>\n<\/table>\n<p><script src=\"chrome-extension:\/\/fpelahbljekknahkcaegamhcndkfpfnc\/iFrame.js\" type=\"text\/javascript\"><\/script><\/p>\n<p><script src=\"chrome-extension:\/\/fpelahbljekknahkcaegamhcndkfpfnc\/iFrame.js\" type=\"text\/javascript\"><\/script><\/p>\n<p><script src=\"chrome-extension:\/\/fpelahbljekknahkcaegamhcndkfpfnc\/iFrame.js\" type=\"text\/javascript\"><\/script><\/p>\n<p>\n<script src=\"chrome-extension:\/\/fpelahbljekknahkcaegamhcndkfpfnc\/iFrame.js\" type=\"text\/javascript\"><\/script><\/p>","protected":false},"featured_media":1697,"comment_status":"closed","ping_status":"closed","template":"","meta":{"_acf_changed":false},"product_brand":[],"product_cat":[18],"product_tag":[25,26,27],"class_list":{"0":"post-1690","1":"product","2":"type-product","3":"status-publish","4":"has-post-thumbnail","6":"product_cat-wholesale-crocs-shoes","7":"product_tag-eva-slippers-wholesale","8":"product_tag-mens-slippers-wholesale","9":"product_tag-wholesale-womens-slippers","11":"first","12":"instock","13":"shipping-taxable","14":"product-type-simple"},"acf":[],"_links":{"self":[{"href":"https:\/\/www.mappershoe.com\/fr\/wp-json\/wp\/v2\/product\/1690","targetHints":{"allow":["GET"]}}],"collection":[{"href":"https:\/\/www.mappershoe.com\/fr\/wp-json\/wp\/v2\/product"}],"about":[{"href":"https:\/\/www.mappershoe.com\/fr\/wp-json\/wp\/v2\/types\/product"}],"replies":[{"embeddable":true,"href":"https:\/\/www.mappershoe.com\/fr\/wp-json\/wp\/v2\/comments?post=1690"}],"wp:featuredmedia":[{"embeddable":true,"href":"https:\/\/www.mappershoe.com\/fr\/wp-json\/wp\/v2\/media\/1697"}],"wp:attachment":[{"href":"https:\/\/www.mappershoe.com\/fr\/wp-json\/wp\/v2\/media?parent=1690"}],"wp:term":[{"taxonomy":"product_brand","embeddable":true,"href":"https:\/\/www.mappershoe.com\/fr\/wp-json\/wp\/v2\/product_brand?post=1690"},{"taxonomy":"product_cat","embeddable":true,"href":"https:\/\/www.mappershoe.com\/fr\/wp-json\/wp\/v2\/product_cat?post=1690"},{"taxonomy":"product_tag","embeddable":true,"href":"https:\/\/www.mappershoe.com\/fr\/wp-json\/wp\/v2\/product_tag?post=1690"}],"curies":[{"name":"wp","href":"https:\/\/api.w.org\/{rel}","templated":true}]}}