{"id":1703,"date":"2025-07-31T10:05:10","date_gmt":"2025-07-31T10:05:10","guid":{"rendered":"https:\/\/www.mappershoe.com\/?post_type=product&#038;p=1703"},"modified":"2025-07-31T10:35:44","modified_gmt":"2025-07-31T10:35:44","slug":"wholesale-birkenstock-clogs","status":"publish","type":"product","link":"https:\/\/www.mappershoe.com\/fr\/produit\/wholesale-birkenstock-clogs\/","title":{"rendered":"Sabots Birkenstock \u00e0 deux bandes, Sandales Birkenstock en coton Logo personnalis\u00e9"},"content":{"rendered":"<div class=\"wp-block-columns is-layout-flex wp-container-core-columns-is-layout-9d6595d7 wp-block-columns-is-layout-flex\">\n<div class=\"wp-block-column is-layout-flow wp-block-column-is-layout-flow\">\n<h3 class=\"wp-block-heading\">Premium Wholesale Birkenstock Clogs Caract\u00e9ristiques :<\/h3>\n\n\n\n<p><strong>Aspect Birkenstock classique :<\/strong> Les sabots birkenstock en gros sont fabriqu\u00e9s selon le mod\u00e8le classique \u00e0 deux lani\u00e8res, offrant une apparence \u00e9l\u00e9gante et un soutien sup\u00e9rieur du pied, parfaits pour \u00eatre port\u00e9s \u00e0 toutes les occasions d\u00e9contract\u00e9es et au quotidien.<\/p>\n\n\n\n<p><strong>Tige en coton doux pour le confort :<\/strong> Les sabots birkenstock wholesale sont dot\u00e9s d'une tige en coton de premi\u00e8re qualit\u00e9 qui est douce, l\u00e9g\u00e8re et confortable et qui offre un confort \u00e0 long terme, en particulier pour les personnes vivant dans des climats chauds.<\/p>\n\n\n\n<p><strong>Logo et marque personnalis\u00e9s : <\/strong>Les sabots birkenstock en gros peuvent \u00e9galement \u00eatre imprim\u00e9s avec un graphique ou une marque. La tige, ainsi que les lacets ext\u00e9rieurs, peuvent \u00eatre imprim\u00e9s selon les besoins du client, ce qui permet d'obtenir une visibilit\u00e9 maximale de la marque.<\/p>\n\n\n\n<p><strong>Semelle antid\u00e9rapante : <\/strong>La semelle antid\u00e9rapante des sandales birkenstock en coton offre une adh\u00e9rence maximale sur les surfaces glissantes ou humides, ce qui garantit une s\u00e9curit\u00e9 maximale et les rend id\u00e9ales pour les activit\u00e9s de plein air.<\/p>\n\n\n\n<p><strong>Doublure en polaire en option : <\/strong>Les sandales Birkenstock en coton peuvent \u00eatre command\u00e9es en option avec une doublure en polaire, parfaite pour \u00eatre port\u00e9e en hiver et en automne. La doublure en polaire offre une chaleur et un confort accrus, devenant chaude et douce au toucher, vous r\u00e9chauffant \u00e0 chaque pas, ce qui est parfait pour l'hiver.<\/p>\n<\/div>\n\n\n\n<div class=\"wp-block-column is-layout-flow wp-block-column-is-layout-flow\">\n<figure class=\"wp-block-image size-full\"><img decoding=\"async\" width=\"800\" height=\"800\" src=\"https:\/\/www.mappershoe.com\/wp-content\/uploads\/2025\/07\/two-strap-wholesale-birkenstock-clogs-cotton-birkenstock-sandals-custom-logo-3.webp\" alt=\"two-strap-wholesale-birkenstock-clogs-cotton-birkenstock-sandals-custom-logo-3\" class=\"wp-image-1709\" srcset=\"https:\/\/www.mappershoe.com\/wp-content\/uploads\/2025\/07\/two-strap-wholesale-birkenstock-clogs-cotton-birkenstock-sandals-custom-logo-3.webp 800w, https:\/\/www.mappershoe.com\/wp-content\/uploads\/2025\/07\/two-strap-wholesale-birkenstock-clogs-cotton-birkenstock-sandals-custom-logo-3-300x300.webp 300w, https:\/\/www.mappershoe.com\/wp-content\/uploads\/2025\/07\/two-strap-wholesale-birkenstock-clogs-cotton-birkenstock-sandals-custom-logo-3-150x150.webp 150w, https:\/\/www.mappershoe.com\/wp-content\/uploads\/2025\/07\/two-strap-wholesale-birkenstock-clogs-cotton-birkenstock-sandals-custom-logo-3-768x768.webp 768w, https:\/\/www.mappershoe.com\/wp-content\/uploads\/2025\/07\/two-strap-wholesale-birkenstock-clogs-cotton-birkenstock-sandals-custom-logo-3-12x12.webp 12w, https:\/\/www.mappershoe.com\/wp-content\/uploads\/2025\/07\/two-strap-wholesale-birkenstock-clogs-cotton-birkenstock-sandals-custom-logo-3-600x600.webp 600w, https:\/\/www.mappershoe.com\/wp-content\/uploads\/2025\/07\/two-strap-wholesale-birkenstock-clogs-cotton-birkenstock-sandals-custom-logo-3-100x100.webp 100w\" sizes=\"(max-width: 800px) 100vw, 800px\" \/><\/figure>\n<\/div>\n<\/div>\n\n\n\n<p><\/p>","protected":false},"excerpt":{"rendered":"<p>Bienvenue pour acheter nos sabots Birkenstock en gros. Ces sandales Birkenstock \u00e0 deux brides en coton sont parfaitement adapt\u00e9es \u00e0 l'achat en gros, avec une tige en coton personnalis\u00e9e pour la robustesse et le confort. Comme il est possible d'ajouter un logo personnalis\u00e9, ces sandales sont parfaites pour les entreprises qui souhaitent faire de la publicit\u00e9 de mani\u00e8re \u00e9cologique et \u00e9l\u00e9gante. Id\u00e9ales pour un usage d\u00e9contract\u00e9, la vente au d\u00e9tail ou les promotions.<\/p>\n<h2>Sabots Birkenstock en gros Sp\u00e9cifications :<\/h2>\n<table width=\"448\">\n<tbody>\n<tr>\n<td width=\"168\">Fabricant :<\/td>\n<td width=\"280\">Mingyi<\/td>\n<\/tr>\n<tr>\n<td>Style :<\/td>\n<td>Sandales Birkenstock<\/td>\n<\/tr>\n<tr>\n<td>Mod\u00e8le :<\/td>\n<td>501<\/td>\n<\/tr>\n<tr>\n<td>Mat\u00e9riau :\u00a0<\/td>\n<td>eva\/crok\/coton<\/td>\n<\/tr>\n<tr>\n<td>Couleur :\u00a0<\/td>\n<td width=\"280\">noir, brun, abricot<\/td>\n<\/tr>\n<tr>\n<td>Taille :\u00a0<\/td>\n<td>36-37, 38-39,40-41, 42-43,44-45<\/td>\n<\/tr>\n<tr>\n<td>Options de personnalisation :\u00a0<\/td>\n<td>Logo (dessus, c\u00f4t\u00e9, semelle int\u00e9rieure) \/ Impression int\u00e9grale \/ Couleur \/ Mati\u00e8re \/ \u00c9paisseur de la semelle \/ Dessus<\/td>\n<\/tr>\n<tr>\n<td>Emballage :\u00a0<\/td>\n<td>Emballage personnalis\u00e9<\/td>\n<\/tr>\n<tr>\n<td>Exemple\uff1a<\/td>\n<td>\u00c9chantillons vierges gratuits<\/td>\n<\/tr>\n<\/tbody>\n<\/table>\n<p><script src=\"chrome-extension:\/\/fpelahbljekknahkcaegamhcndkfpfnc\/iFrame.js\" type=\"text\/javascript\"><\/script><\/p>","protected":false},"featured_media":1707,"comment_status":"closed","ping_status":"closed","template":"","meta":{"_acf_changed":false},"product_brand":[],"product_cat":[20],"product_tag":[26,27],"class_list":{"0":"post-1703","1":"product","2":"type-product","3":"status-publish","4":"has-post-thumbnail","6":"product_cat-wholesale-sandals","7":"product_tag-mens-slippers-wholesale","8":"product_tag-wholesale-womens-slippers","10":"first","11":"instock","12":"shipping-taxable","13":"product-type-simple"},"acf":[],"_links":{"self":[{"href":"https:\/\/www.mappershoe.com\/fr\/wp-json\/wp\/v2\/product\/1703","targetHints":{"allow":["GET"]}}],"collection":[{"href":"https:\/\/www.mappershoe.com\/fr\/wp-json\/wp\/v2\/product"}],"about":[{"href":"https:\/\/www.mappershoe.com\/fr\/wp-json\/wp\/v2\/types\/product"}],"replies":[{"embeddable":true,"href":"https:\/\/www.mappershoe.com\/fr\/wp-json\/wp\/v2\/comments?post=1703"}],"wp:featuredmedia":[{"embeddable":true,"href":"https:\/\/www.mappershoe.com\/fr\/wp-json\/wp\/v2\/media\/1707"}],"wp:attachment":[{"href":"https:\/\/www.mappershoe.com\/fr\/wp-json\/wp\/v2\/media?parent=1703"}],"wp:term":[{"taxonomy":"product_brand","embeddable":true,"href":"https:\/\/www.mappershoe.com\/fr\/wp-json\/wp\/v2\/product_brand?post=1703"},{"taxonomy":"product_cat","embeddable":true,"href":"https:\/\/www.mappershoe.com\/fr\/wp-json\/wp\/v2\/product_cat?post=1703"},{"taxonomy":"product_tag","embeddable":true,"href":"https:\/\/www.mappershoe.com\/fr\/wp-json\/wp\/v2\/product_tag?post=1703"}],"curies":[{"name":"wp","href":"https:\/\/api.w.org\/{rel}","templated":true}]}}