{"id":1749,"date":"2025-09-04T10:49:17","date_gmt":"2025-09-04T10:49:17","guid":{"rendered":"https:\/\/www.mappershoe.com\/?post_type=product&#038;p=1749"},"modified":"2025-09-04T10:49:23","modified_gmt":"2025-09-04T10:49:23","slug":"custom-kids-slippers","status":"publish","type":"product","link":"https:\/\/www.mappershoe.com\/fr\/produit\/custom-kids-slippers\/","title":{"rendered":"Pantoufles pour enfants avec logo, Pantoufles antid\u00e9rapantes en gros"},"content":{"rendered":"<div class=\"wp-block-columns is-layout-flex wp-container-core-columns-is-layout-9d6595d7 wp-block-columns-is-layout-flex\">\n<div class=\"wp-block-column is-layout-flow wp-block-column-is-layout-flow\">\n<h3 class=\"wp-block-heading\">Pantoufles pour enfants personnalis\u00e9es de premi\u00e8re qualit\u00e9 Caract\u00e9ristiques :<\/h3>\n\n\n\n<p><strong>S\u00e9curit\u00e9 et conception antid\u00e9rapante :<\/strong> Ces pantoufles personnalis\u00e9es pour enfants sont dot\u00e9es d'une semelle antid\u00e9rapante en PVC \u00e9pais qui emp\u00eache les enfants de glisser dans la salle de bain, la piscine ou sur des sols glissants.<\/p>\n\n\n\n<p><strong>Respirant et confortable :<\/strong> Nos pantoufles en vrac pour enfants sont fabriqu\u00e9es en PVC souple, l\u00e9ger et non compressif. La tige est con\u00e7ue pour s'adapter aux petits pieds et fournir un ajustement confortable et stable, \u00e9vitant la fatigue m\u00eame apr\u00e8s de longues promenades.<\/p>\n\n\n\n<p><strong>Durable et pratique : <\/strong>Les pantoufles personnalis\u00e9es pour enfants en PVC sont r\u00e9sistantes \u00e0 l'eau et \u00e0 l'humidit\u00e9, et les chaussures sont faciles \u00e0 rincer sur place, de sorte que les parents peuvent facilement les ranger et les entretenir pour une utilisation quotidienne continue.<\/p>\n\n\n\n<p><strong>Polyvalent : <\/strong>Nos pantoufles pour enfants en gros peuvent \u00eatre utilis\u00e9es comme pantoufles de salle de bain, sandales de maison, sandales de plage, et conviennent \u00e9galement pour le jardin d'enfants ou les activit\u00e9s de plein air l\u00e9g\u00e8res.<\/p>\n\n\n\n<p><strong>Tailles sp\u00e9cifiques aux enfants :<\/strong> Ces pantoufles personnalis\u00e9es pour enfants sont disponibles en tailles 9,5C-13,5C et 1Y-4Y. Elles conviennent aux enfants de diff\u00e9rents \u00e2ges et r\u00e9pondent \u00e0 leurs besoins de croissance.<\/p>\n<\/div>\n\n\n\n<div class=\"wp-block-column is-layout-flow wp-block-column-is-layout-flow\">\n<figure class=\"wp-block-image size-full\"><img decoding=\"async\" width=\"750\" height=\"750\" src=\"https:\/\/www.mappershoe.com\/wp-content\/uploads\/2025\/09\/custom-kids-slippers-with-logo-non-slip-slipper-wholesale-7.webp\" alt=\"Chaussons pour enfants personnalis\u00e9s avec logo - chaussons antid\u00e9rapants - vente en gros - 7\" class=\"wp-image-1756\" srcset=\"https:\/\/www.mappershoe.com\/wp-content\/uploads\/2025\/09\/custom-kids-slippers-with-logo-non-slip-slipper-wholesale-7.webp 750w, https:\/\/www.mappershoe.com\/wp-content\/uploads\/2025\/09\/custom-kids-slippers-with-logo-non-slip-slipper-wholesale-7-300x300.webp 300w, https:\/\/www.mappershoe.com\/wp-content\/uploads\/2025\/09\/custom-kids-slippers-with-logo-non-slip-slipper-wholesale-7-150x150.webp 150w, https:\/\/www.mappershoe.com\/wp-content\/uploads\/2025\/09\/custom-kids-slippers-with-logo-non-slip-slipper-wholesale-7-12x12.webp 12w, https:\/\/www.mappershoe.com\/wp-content\/uploads\/2025\/09\/custom-kids-slippers-with-logo-non-slip-slipper-wholesale-7-600x600.webp 600w, https:\/\/www.mappershoe.com\/wp-content\/uploads\/2025\/09\/custom-kids-slippers-with-logo-non-slip-slipper-wholesale-7-100x100.webp 100w\" sizes=\"(max-width: 750px) 100vw, 750px\" \/><\/figure>\n<\/div>\n<\/div>","protected":false},"excerpt":{"rendered":"<p>Nous vous invitons \u00e0 acheter ces pantoufles pour enfants personnalis\u00e9es. Les pantoufles pour enfants en PVC avec logo, antid\u00e9rapantes pour la salle de bain et la maison, sont disponibles en quatre couleurs vibrantes. Disponibles en tailles 9.5C-13.5C et 1Y-4Y, ces pantoufles pour enfants l\u00e9g\u00e8res et durables sont s\u00fbres, confortables et parfaites pour un usage quotidien \u00e0 la maison, dans la salle de bain, \u00e0 la plage ou \u00e0 l'\u00e9cole.<\/p>\n<h2>Chaussons pour enfants sur mesure Sp\u00e9cifications :<\/h2>\n<table width=\"419\">\n<tbody>\n<tr>\n<td width=\"115\">Fabricant :<\/td>\n<td width=\"304\">Mingyi<\/td>\n<\/tr>\n<tr>\n<td>Style :<\/td>\n<td>Pantoufles<\/td>\n<\/tr>\n<tr>\n<td>Mod\u00e8le :<\/td>\n<td>2295<\/td>\n<\/tr>\n<tr>\n<td>Mat\u00e9riau :\u00a0<\/td>\n<td>PVC<\/td>\n<\/tr>\n<tr>\n<td>Couleur :\u00a0<\/td>\n<td width=\"304\">noir, blanc, rose, bleu<\/td>\n<\/tr>\n<tr>\n<td>Taille :\u00a0<\/td>\n<td>9,5C, 10C, 11C, 11,5C, 12C, 13C, 13,5C, 1A, 2A, 2,5A, 3A, 4A<\/td>\n<\/tr>\n<tr>\n<td>Options de personnalisation :\u00a0<\/td>\n<td>Logo (dessus, c\u00f4t\u00e9, semelle int\u00e9rieure) \/ Impression int\u00e9grale \/ Couleur \/ Mati\u00e8re \/ \u00c9paisseur de la semelle \/ Dessus<\/td>\n<\/tr>\n<tr>\n<td>Emballage :\u00a0<\/td>\n<td>Emballage personnalis\u00e9<\/td>\n<\/tr>\n<tr>\n<td>Exemple\uff1a<\/td>\n<td>\u00c9chantillons vierges gratuits<\/td>\n<\/tr>\n<\/tbody>\n<\/table>","protected":false},"featured_media":1753,"comment_status":"closed","ping_status":"closed","template":"","meta":{"_acf_changed":false},"product_brand":[],"product_cat":[19],"product_tag":[28,24],"class_list":{"0":"post-1749","1":"product","2":"type-product","3":"status-publish","4":"has-post-thumbnail","6":"product_cat-slippers-in-bulk","7":"product_tag-kids-slippers-wholesale","8":"product_tag-wholesale-pvc-slippers","10":"first","11":"instock","12":"shipping-taxable","13":"product-type-simple"},"acf":[],"_links":{"self":[{"href":"https:\/\/www.mappershoe.com\/fr\/wp-json\/wp\/v2\/product\/1749","targetHints":{"allow":["GET"]}}],"collection":[{"href":"https:\/\/www.mappershoe.com\/fr\/wp-json\/wp\/v2\/product"}],"about":[{"href":"https:\/\/www.mappershoe.com\/fr\/wp-json\/wp\/v2\/types\/product"}],"replies":[{"embeddable":true,"href":"https:\/\/www.mappershoe.com\/fr\/wp-json\/wp\/v2\/comments?post=1749"}],"wp:featuredmedia":[{"embeddable":true,"href":"https:\/\/www.mappershoe.com\/fr\/wp-json\/wp\/v2\/media\/1753"}],"wp:attachment":[{"href":"https:\/\/www.mappershoe.com\/fr\/wp-json\/wp\/v2\/media?parent=1749"}],"wp:term":[{"taxonomy":"product_brand","embeddable":true,"href":"https:\/\/www.mappershoe.com\/fr\/wp-json\/wp\/v2\/product_brand?post=1749"},{"taxonomy":"product_cat","embeddable":true,"href":"https:\/\/www.mappershoe.com\/fr\/wp-json\/wp\/v2\/product_cat?post=1749"},{"taxonomy":"product_tag","embeddable":true,"href":"https:\/\/www.mappershoe.com\/fr\/wp-json\/wp\/v2\/product_tag?post=1749"}],"curies":[{"name":"wp","href":"https:\/\/api.w.org\/{rel}","templated":true}]}}