{"id":1759,"date":"2025-09-05T01:52:26","date_gmt":"2025-09-05T01:52:26","guid":{"rendered":"https:\/\/www.mappershoe.com\/?post_type=product&#038;p=1759"},"modified":"2026-01-03T08:03:43","modified_gmt":"2026-01-03T08:03:43","slug":"wholesale-childrens-sandals","status":"publish","type":"product","link":"https:\/\/www.mappershoe.com\/fr\/produit\/wholesale-childrens-sandals\/","title":{"rendered":"Factory Wholesale Childrens Sandals, Custom Yeezy Sandals"},"content":{"rendered":"<div class=\"wp-block-columns is-layout-flex wp-container-core-columns-is-layout-9d6595d7 wp-block-columns-is-layout-flex\">\n<div class=\"wp-block-column is-layout-flow wp-block-column-is-layout-flow\">\n<h3 class=\"wp-block-heading\">Premium Soft Wholesale Childrens Sandals Caract\u00e9ristiques :<\/h3>\n\n\n\n<p><strong>Mat\u00e9riaux de haute qualit\u00e9 : <\/strong>Ces sandales pour enfants sont fabriqu\u00e9es en EVA, un mat\u00e9riau souple et l\u00e9ger qui r\u00e9siste \u00e0 l'usure et au d\u00e9rapage et qui est respirant et confortable. Les enfants peuvent les porter en toute s\u00e9curit\u00e9 toute la journ\u00e9e.<\/p>\n\n\n\n<p><strong>Plusieurs couleurs et tailles :<\/strong> Ces sandales pour enfants en gros sont disponibles en 7 couleurs magnifiques, et la taille varie de 130 mm \u00e0 190 mm, couvrant un large \u00e9ventail de groupes d'\u00e2ge. L'impression de logos et le service OEM\/ODM sont fournis pour une publicit\u00e9 pratique et un marketing diversifi\u00e9.<\/p>\n\n\n\n<p><strong>Conception en velcro :<\/strong> Ces sandales Eva en gros ont des fermetures velcro, ce qui permet aux petits d\u00e9tenteurs de pieds d'enfiler et d'enlever facilement leurs chaussures tout seuls !<\/p>\n\n\n\n<p><strong>Large application : <\/strong>Nos sandales Yeezy personnalis\u00e9es pr\u00e9sentent un design sportif et un contour qui suit la forme du pied, ce qui les rend adapt\u00e9es aux v\u00eatements d\u00e9contract\u00e9s et aux activit\u00e9s sportives. Elles sont largement utilis\u00e9es dans les environnements r\u00e9sidentiels, scolaires, de plein air et de plage et ont re\u00e7u une acceptation satisfaisante sur le march\u00e9.<\/p>\n\n\n\n<p><strong>Qualit\u00e9 des exportations : <\/strong>Ces sandales pour enfants en gros sont soumises \u00e0 des tests de qualit\u00e9 stricts et respectent les normes de qualit\u00e9 du march\u00e9 de gros international. Elles conviennent aux distributeurs mondiaux, aux supermarch\u00e9s et aux canaux de distribution de cadeaux.<\/p>\n<\/div>\n\n\n\n<div class=\"wp-block-column is-layout-flow wp-block-column-is-layout-flow\">\n<figure class=\"wp-block-image size-full\"><img decoding=\"async\" width=\"800\" height=\"800\" src=\"https:\/\/www.mappershoe.com\/wp-content\/uploads\/2025\/09\/wholesale-childrens-sandals-outdoor-custom-yeezy-sandals-3.webp\" alt=\"wholesale-childrens-sandals-outdoor-custom-yeezy-sandals-3\" class=\"wp-image-1762\" srcset=\"https:\/\/www.mappershoe.com\/wp-content\/uploads\/2025\/09\/wholesale-childrens-sandals-outdoor-custom-yeezy-sandals-3.webp 800w, https:\/\/www.mappershoe.com\/wp-content\/uploads\/2025\/09\/wholesale-childrens-sandals-outdoor-custom-yeezy-sandals-3-300x300.webp 300w, https:\/\/www.mappershoe.com\/wp-content\/uploads\/2025\/09\/wholesale-childrens-sandals-outdoor-custom-yeezy-sandals-3-150x150.webp 150w, https:\/\/www.mappershoe.com\/wp-content\/uploads\/2025\/09\/wholesale-childrens-sandals-outdoor-custom-yeezy-sandals-3-768x768.webp 768w, https:\/\/www.mappershoe.com\/wp-content\/uploads\/2025\/09\/wholesale-childrens-sandals-outdoor-custom-yeezy-sandals-3-12x12.webp 12w, https:\/\/www.mappershoe.com\/wp-content\/uploads\/2025\/09\/wholesale-childrens-sandals-outdoor-custom-yeezy-sandals-3-600x600.webp 600w, https:\/\/www.mappershoe.com\/wp-content\/uploads\/2025\/09\/wholesale-childrens-sandals-outdoor-custom-yeezy-sandals-3-100x100.webp 100w\" sizes=\"(max-width: 800px) 100vw, 800px\" \/><\/figure>\n<\/div>\n<\/div>\n\n\n\n<p><\/p>","protected":false},"excerpt":{"rendered":"<p>Nous vous invitons \u00e0 acheter nos sandales pour enfants en gros. Ces pantoufles EVA pour enfants sont faites d'un mat\u00e9riau l\u00e9ger et d'une texture douce, r\u00e9sistantes \u00e0 l'usure et au d\u00e9rapage, respirantes et confortables, prot\u00e9geant les enfants en toute s\u00e9curit\u00e9 et au chaud lorsqu'ils sortent tous les jours et jouent \u00e0 l'ext\u00e9rieur. Nous fournissons la personnalisation LOGO et le service OEM\/ODM pour aider les propri\u00e9taires de marques et les acheteurs en gros \u00e0 fabriquer des produits diff\u00e9renci\u00e9s.<\/p>\n<h2>Soft Wholesale Childrens Sandals Sp\u00e9cifications :<\/h2>\n<table width=\"448\">\n<tbody>\n<tr>\n<td width=\"168\">Fabricant :<\/td>\n<td width=\"280\">Mingyi<\/td>\n<\/tr>\n<tr>\n<td>Style :<\/td>\n<td>Pantoufles<\/td>\n<\/tr>\n<tr>\n<td>Mod\u00e8le :<\/td>\n<td>011<\/td>\n<\/tr>\n<tr>\n<td>Mat\u00e9riau :\u00a0<\/td>\n<td>EVA<\/td>\n<\/tr>\n<tr>\n<td>Couleur :\u00a0<\/td>\n<td width=\"280\">Abricot, jaune, vert, rose, vert pomme, violet, noir<\/td>\n<\/tr>\n<tr>\n<td>Taille :\u00a0<\/td>\n<td width=\"280\">130 mm, 140 mm, 150 mm, 160 mm, 170 mm, 180 mm, 190 mm<\/td>\n<\/tr>\n<tr>\n<td>Options de personnalisation :\u00a0<\/td>\n<td>Logo (dessus, c\u00f4t\u00e9, semelle int\u00e9rieure) \/ Impression int\u00e9grale \/ Couleur \/ Mati\u00e8re \/ \u00c9paisseur de la semelle \/ Dessus<\/td>\n<\/tr>\n<tr>\n<td>Emballage :\u00a0<\/td>\n<td>Emballage personnalis\u00e9<\/td>\n<\/tr>\n<tr>\n<td>Exemple\uff1a<\/td>\n<td>\u00c9chantillons vierges gratuits<\/td>\n<\/tr>\n<\/tbody>\n<\/table>\n<p>&nbsp;<\/p>","protected":false},"featured_media":1760,"comment_status":"closed","ping_status":"closed","template":"","meta":{"_acf_changed":false},"product_brand":[],"product_cat":[19,20],"product_tag":[25,28],"class_list":{"0":"post-1759","1":"product","2":"type-product","3":"status-publish","4":"has-post-thumbnail","6":"product_cat-slippers-in-bulk","7":"product_cat-wholesale-sandals","8":"product_tag-eva-slippers-wholesale","9":"product_tag-kids-slippers-wholesale","11":"first","12":"instock","13":"shipping-taxable","14":"product-type-simple"},"acf":[],"_links":{"self":[{"href":"https:\/\/www.mappershoe.com\/fr\/wp-json\/wp\/v2\/product\/1759","targetHints":{"allow":["GET"]}}],"collection":[{"href":"https:\/\/www.mappershoe.com\/fr\/wp-json\/wp\/v2\/product"}],"about":[{"href":"https:\/\/www.mappershoe.com\/fr\/wp-json\/wp\/v2\/types\/product"}],"replies":[{"embeddable":true,"href":"https:\/\/www.mappershoe.com\/fr\/wp-json\/wp\/v2\/comments?post=1759"}],"wp:featuredmedia":[{"embeddable":true,"href":"https:\/\/www.mappershoe.com\/fr\/wp-json\/wp\/v2\/media\/1760"}],"wp:attachment":[{"href":"https:\/\/www.mappershoe.com\/fr\/wp-json\/wp\/v2\/media?parent=1759"}],"wp:term":[{"taxonomy":"product_brand","embeddable":true,"href":"https:\/\/www.mappershoe.com\/fr\/wp-json\/wp\/v2\/product_brand?post=1759"},{"taxonomy":"product_cat","embeddable":true,"href":"https:\/\/www.mappershoe.com\/fr\/wp-json\/wp\/v2\/product_cat?post=1759"},{"taxonomy":"product_tag","embeddable":true,"href":"https:\/\/www.mappershoe.com\/fr\/wp-json\/wp\/v2\/product_tag?post=1759"}],"curies":[{"name":"wp","href":"https:\/\/api.w.org\/{rel}","templated":true}]}}