{"id":1817,"date":"2025-09-08T10:00:58","date_gmt":"2025-09-08T10:00:58","guid":{"rendered":"https:\/\/www.mappershoe.com\/?post_type=product&#038;p=1817"},"modified":"2025-09-08T10:01:07","modified_gmt":"2025-09-08T10:01:07","slug":"custom-size-slippers","status":"publish","type":"product","link":"https:\/\/www.mappershoe.com\/fr\/produit\/custom-size-slippers\/","title":{"rendered":"Chaussons sur mesure pour tous les \u00e2ges, Yeezy Slides Wholesale"},"content":{"rendered":"<div class=\"wp-block-columns is-layout-flex wp-container-core-columns-is-layout-9d6595d7 wp-block-columns-is-layout-flex\">\n<div class=\"wp-block-column is-layout-flow wp-block-column-is-layout-flow\">\n<h3 class=\"wp-block-heading\">Pantoufles de premi\u00e8re qualit\u00e9 \u00e0 taille personnalis\u00e9e Caract\u00e9ristiques :<\/h3>\n\n\n\n<p><strong>Styles Yeezy :<\/strong> Ces diapositives Yeezy customis\u00e9es en gros pr\u00e9sentent des designs chics, simples et \u00e9l\u00e9gants, ce qui explique qu'elles soient des best-sellers.<\/p>\n\n\n\n<p><strong>Fabriqu\u00e9 en mat\u00e9riau EVA de haute qualit\u00e9 :<\/strong> Nos pantoufles sur mesure sont l\u00e9g\u00e8res, douces, antid\u00e9rapantes et durables, ce qui permet de les porter longtemps. Nous offrons la possibilit\u00e9 de personnaliser les logos et de r\u00e9aliser des OEM\/ODM, ce qui permet de r\u00e9pondre \u00e0 la fois aux besoins de promotion de la marque et aux besoins des grossistes.<\/p>\n\n\n\n<p><strong>Plusieurs tailles disponibles : <\/strong>Nos pantoufles sur mesure conviennent \u00e0 tous les \u00e2ges, de 24-25 \u00e0 44-45, aux enfants, aux adolescents et aux adultes, et sont adapt\u00e9es \u00e0 la maison, \u00e0 l'\u00e9cole et aux circuits de vente au d\u00e9tail.<\/p>\n\n\n\n<p><strong>Utilisation \u00e0 l'int\u00e9rieur et \u00e0 l'ext\u00e9rieur :<\/strong> Ces chaussures Yeezy personnalis\u00e9es conviennent aussi bien \u00e0 l'int\u00e9rieur qu'\u00e0 l'ext\u00e9rieur, ainsi qu'aux activit\u00e9s de loisirs telles que la plage et l'\u00e9cole. Nous acceptons les commandes en gros et r\u00e9pondons aux besoins du march\u00e9 mondial.<\/p>\n<\/div>\n\n\n\n<div class=\"wp-block-column is-layout-flow wp-block-column-is-layout-flow\">\n<figure class=\"wp-block-image size-full\"><img decoding=\"async\" width=\"800\" height=\"800\" src=\"https:\/\/www.mappershoe.com\/wp-content\/uploads\/2025\/09\/custom-size-slippers-for-all-ages-yeezy-slides-wholesale-2.webp\" alt=\"custom-size-slippers-for-all-ages-yeezy-slides-wholesale-2\" class=\"wp-image-1823\" srcset=\"https:\/\/www.mappershoe.com\/wp-content\/uploads\/2025\/09\/custom-size-slippers-for-all-ages-yeezy-slides-wholesale-2.webp 800w, https:\/\/www.mappershoe.com\/wp-content\/uploads\/2025\/09\/custom-size-slippers-for-all-ages-yeezy-slides-wholesale-2-300x300.webp 300w, https:\/\/www.mappershoe.com\/wp-content\/uploads\/2025\/09\/custom-size-slippers-for-all-ages-yeezy-slides-wholesale-2-150x150.webp 150w, https:\/\/www.mappershoe.com\/wp-content\/uploads\/2025\/09\/custom-size-slippers-for-all-ages-yeezy-slides-wholesale-2-768x768.webp 768w, https:\/\/www.mappershoe.com\/wp-content\/uploads\/2025\/09\/custom-size-slippers-for-all-ages-yeezy-slides-wholesale-2-12x12.webp 12w, https:\/\/www.mappershoe.com\/wp-content\/uploads\/2025\/09\/custom-size-slippers-for-all-ages-yeezy-slides-wholesale-2-600x600.webp 600w, https:\/\/www.mappershoe.com\/wp-content\/uploads\/2025\/09\/custom-size-slippers-for-all-ages-yeezy-slides-wholesale-2-100x100.webp 100w\" sizes=\"(max-width: 800px) 100vw, 800px\" \/><\/figure>\n<\/div>\n<\/div>\n\n\n\n<p><\/p>","protected":false},"excerpt":{"rendered":"<p>Nous vous invitons \u00e0 acheter nos pantoufles de taille personnalis\u00e9e. Ces pantoufles EVA de style Yeezy sont disponibles dans les tailles 24 \u00e0 45, pour les enfants comme pour les adultes. L\u00e9g\u00e8res, antid\u00e9rapantes, elles conviennent aussi bien \u00e0 l'int\u00e9rieur qu'\u00e0 l'ext\u00e9rieur. Logo personnalis\u00e9 et services OEM\/ODM disponibles pour les commandes en gros.<\/p>\n<h2>Taille personnalis\u00e9e Sp\u00e9cifications des pantoufles :<\/h2>\n<table width=\"448\">\n<tbody>\n<tr>\n<td width=\"168\">Fabricant :<\/td>\n<td width=\"280\">Mingyi<\/td>\n<\/tr>\n<tr>\n<td>Style :<\/td>\n<td>Pantoufles<\/td>\n<\/tr>\n<tr>\n<td>Mod\u00e8le :<\/td>\n<td>012<\/td>\n<\/tr>\n<tr>\n<td>Mat\u00e9riau :\u00a0<\/td>\n<td>EVA<\/td>\n<\/tr>\n<tr>\n<td>Couleur :\u00a0<\/td>\n<td width=\"280\">Blanc, brun, vert, rose, caf\u00e9, bleu, noir, gris<\/td>\n<\/tr>\n<tr>\n<td>Taille :\u00a0<\/td>\n<td width=\"280\">24-25, 26-27, 28-29, 30-31, 32-33, 34-35, 36-37, 38-39, 40-41, 42-43, 44-45<\/td>\n<\/tr>\n<tr>\n<td>Options de personnalisation :\u00a0<\/td>\n<td>Logo (dessus, c\u00f4t\u00e9, semelle int\u00e9rieure) \/ Impression int\u00e9grale \/ Couleur \/ Mati\u00e8re \/ \u00c9paisseur de la semelle \/ Dessus<\/td>\n<\/tr>\n<tr>\n<td>Emballage :\u00a0<\/td>\n<td>Emballage personnalis\u00e9<\/td>\n<\/tr>\n<tr>\n<td>Exemple\uff1a<\/td>\n<td>\u00c9chantillons vierges gratuits<\/td>\n<\/tr>\n<\/tbody>\n<\/table>","protected":false},"featured_media":1822,"comment_status":"closed","ping_status":"closed","template":"","meta":{"_acf_changed":false},"product_brand":[],"product_cat":[19],"product_tag":[25,28,26,27],"class_list":{"0":"post-1817","1":"product","2":"type-product","3":"status-publish","4":"has-post-thumbnail","6":"product_cat-slippers-in-bulk","7":"product_tag-eva-slippers-wholesale","8":"product_tag-kids-slippers-wholesale","9":"product_tag-mens-slippers-wholesale","10":"product_tag-wholesale-womens-slippers","12":"first","13":"instock","14":"shipping-taxable","15":"product-type-simple"},"acf":[],"_links":{"self":[{"href":"https:\/\/www.mappershoe.com\/fr\/wp-json\/wp\/v2\/product\/1817","targetHints":{"allow":["GET"]}}],"collection":[{"href":"https:\/\/www.mappershoe.com\/fr\/wp-json\/wp\/v2\/product"}],"about":[{"href":"https:\/\/www.mappershoe.com\/fr\/wp-json\/wp\/v2\/types\/product"}],"replies":[{"embeddable":true,"href":"https:\/\/www.mappershoe.com\/fr\/wp-json\/wp\/v2\/comments?post=1817"}],"wp:featuredmedia":[{"embeddable":true,"href":"https:\/\/www.mappershoe.com\/fr\/wp-json\/wp\/v2\/media\/1822"}],"wp:attachment":[{"href":"https:\/\/www.mappershoe.com\/fr\/wp-json\/wp\/v2\/media?parent=1817"}],"wp:term":[{"taxonomy":"product_brand","embeddable":true,"href":"https:\/\/www.mappershoe.com\/fr\/wp-json\/wp\/v2\/product_brand?post=1817"},{"taxonomy":"product_cat","embeddable":true,"href":"https:\/\/www.mappershoe.com\/fr\/wp-json\/wp\/v2\/product_cat?post=1817"},{"taxonomy":"product_tag","embeddable":true,"href":"https:\/\/www.mappershoe.com\/fr\/wp-json\/wp\/v2\/product_tag?post=1817"}],"curies":[{"name":"wp","href":"https:\/\/api.w.org\/{rel}","templated":true}]}}