{"id":1831,"date":"2025-09-08T15:12:58","date_gmt":"2025-09-08T15:12:58","guid":{"rendered":"https:\/\/www.mappershoe.com\/?post_type=product&#038;p=1831"},"modified":"2025-09-12T08:58:46","modified_gmt":"2025-09-12T08:58:46","slug":"custom-slide-sandals-wholesale","status":"publish","type":"product","link":"https:\/\/www.mappershoe.com\/fr\/produit\/custom-slide-sandals-wholesale\/","title":{"rendered":"Sandales \u00e0 glissi\u00e8re en gros, Sandales \u00e0 glissi\u00e8re pour enfants en vrac"},"content":{"rendered":"<div class=\"wp-block-columns is-layout-flex wp-container-core-columns-is-layout-9d6595d7 wp-block-columns-is-layout-flex\">\n<div class=\"wp-block-column is-layout-flow wp-block-column-is-layout-flow\">\n<h3 class=\"wp-block-heading\">Premium Custom Slide Sandals Wholesale Caract\u00e9ristiques :<\/h3>\n\n\n\n<p><strong>Mat\u00e9riau :<\/strong> Ces sandales personnalis\u00e9es sont fabriqu\u00e9es en EVA l\u00e9ger et souple. La semelle \u00e9paisse est souple et flexible, ce qui les rend confortables m\u00eame pour de longues promenades.<\/p>\n\n\n\n<p><strong>Couleurs : <\/strong>Ces sandales \u00e0 glissi\u00e8re personnalis\u00e9es sont disponibles en gros dans une vari\u00e9t\u00e9 de couleurs pour r\u00e9pondre aux go\u00fbts de chaque enfant. Elles sont disponibles en version normale et en version sertie de diamants pour un look \u00e9l\u00e9gant et accrocheur.<\/p>\n\n\n\n<p><strong>Gamme de tailles :<\/strong> Ces sandales pour enfants avec logo sont disponibles dans les tailles 130mm-240mm et conviennent aux enfants de tous \u00e2ges. Elles peuvent \u00eatre lac\u00e9es pour se transformer instantan\u00e9ment en sandales pour de multiples usages.<\/p>\n\n\n\n<p><strong>Utilisations multiples :<\/strong> Ces chaussons pour enfants sont fabriqu\u00e9s en EVA d'une seule pi\u00e8ce, sont r\u00e9sistants \u00e0 l'eau et faciles \u00e0 nettoyer. Elles peuvent \u00eatre utilis\u00e9es comme pantoufles d'int\u00e9rieur, sandales de plage ou chaussures de piscine, pour un usage quotidien ou pendant les vacances. Nous prenons en charge la production en vrac, les logos et les emballages personnalis\u00e9s.<\/p>\n<\/div>\n\n\n\n<div class=\"wp-block-column is-layout-flow wp-block-column-is-layout-flow\">\n<figure class=\"wp-block-image size-full\"><img decoding=\"async\" width=\"1920\" height=\"1920\" src=\"https:\/\/www.mappershoe.com\/wp-content\/uploads\/2025\/09\/custom-slide-sandals-wholesale-kids-pillow-slides-in-bulk-5.webp\" alt=\"custom-slide-sandals-wholesale-kids-pillow-slides-in-bulk-5\" class=\"wp-image-1836\" srcset=\"https:\/\/www.mappershoe.com\/wp-content\/uploads\/2025\/09\/custom-slide-sandals-wholesale-kids-pillow-slides-in-bulk-5.webp 1920w, https:\/\/www.mappershoe.com\/wp-content\/uploads\/2025\/09\/custom-slide-sandals-wholesale-kids-pillow-slides-in-bulk-5-300x300.webp 300w, https:\/\/www.mappershoe.com\/wp-content\/uploads\/2025\/09\/custom-slide-sandals-wholesale-kids-pillow-slides-in-bulk-5-150x150.webp 150w, https:\/\/www.mappershoe.com\/wp-content\/uploads\/2025\/09\/custom-slide-sandals-wholesale-kids-pillow-slides-in-bulk-5-768x768.webp 768w, https:\/\/www.mappershoe.com\/wp-content\/uploads\/2025\/09\/custom-slide-sandals-wholesale-kids-pillow-slides-in-bulk-5-12x12.webp 12w, https:\/\/www.mappershoe.com\/wp-content\/uploads\/2025\/09\/custom-slide-sandals-wholesale-kids-pillow-slides-in-bulk-5-1200x1200.webp 1200w, https:\/\/www.mappershoe.com\/wp-content\/uploads\/2025\/09\/custom-slide-sandals-wholesale-kids-pillow-slides-in-bulk-5-600x600.webp 600w, https:\/\/www.mappershoe.com\/wp-content\/uploads\/2025\/09\/custom-slide-sandals-wholesale-kids-pillow-slides-in-bulk-5-100x100.webp 100w\" sizes=\"(max-width: 1920px) 100vw, 1920px\" \/><\/figure>\n<\/div>\n<\/div>\n\n\n\n<p><\/p>","protected":false},"excerpt":{"rendered":"<p>Bienvenue sur notre site de vente en gros de sandales \u00e0 glissi\u00e8re personnalis\u00e9es. Les sandales \u00e0 coussin EVA pour enfants sont disponibles en gros, dans des couleurs vibrantes avec un dessus en strass en option. Tailles 130mm-240mm, souples et durables avec semelle antid\u00e9rapante. Le logo personnalis\u00e9 est disponible, et le lacet permet de transformer les diapositives en sandales pour un usage polyvalent.<\/p>\n<h2>Custom Slide Sandals Wholesale Sp\u00e9cifications :<\/h2>\n<table width=\"448\">\n<tbody>\n<tr>\n<td width=\"168\">Fabricant :<\/td>\n<td width=\"280\">Mingyi<\/td>\n<\/tr>\n<tr>\n<td>Style :<\/td>\n<td>Pantoufles<\/td>\n<\/tr>\n<tr>\n<td>Mod\u00e8le :<\/td>\n<td>013<\/td>\n<\/tr>\n<tr>\n<td>Mat\u00e9riau :\u00a0<\/td>\n<td>EVA<\/td>\n<\/tr>\n<tr>\n<td>Couleur :\u00a0<\/td>\n<td width=\"280\">Couleurs, blanc, marron, gris, bleu, vert, bleu clair, rose, orange, violet<\/td>\n<\/tr>\n<tr>\n<td>Taille :\u00a0<\/td>\n<td width=\"280\">14\/15(130mm), 16\/17(140mm), 18\/19(150mm), 20\/21(160mm), 22\/23(170mm), 24\/25(180mm), 26\/27(190mm), 28\/29(200mm), 30\/31(210mm), 32\/33(220mm), 34\/35(230mm), 36\/37 (240mm)<\/td>\n<\/tr>\n<tr>\n<td>Options de personnalisation :\u00a0<\/td>\n<td>Logo (dessus, c\u00f4t\u00e9, semelle int\u00e9rieure) \/ Impression int\u00e9grale \/ Couleur \/ Mati\u00e8re \/ \u00c9paisseur de la semelle \/ Dessus<\/td>\n<\/tr>\n<tr>\n<td>Emballage :\u00a0<\/td>\n<td>Emballage personnalis\u00e9<\/td>\n<\/tr>\n<tr>\n<td>Exemple\uff1a<\/td>\n<td>\u00c9chantillons vierges gratuits<\/td>\n<\/tr>\n<\/tbody>\n<\/table>","protected":false},"featured_media":1832,"comment_status":"closed","ping_status":"closed","template":"","meta":{"_acf_changed":false},"product_brand":[],"product_cat":[19,20],"product_tag":[25,28],"class_list":{"0":"post-1831","1":"product","2":"type-product","3":"status-publish","4":"has-post-thumbnail","6":"product_cat-slippers-in-bulk","7":"product_cat-wholesale-sandals","8":"product_tag-eva-slippers-wholesale","9":"product_tag-kids-slippers-wholesale","11":"first","12":"instock","13":"shipping-taxable","14":"product-type-simple"},"acf":[],"_links":{"self":[{"href":"https:\/\/www.mappershoe.com\/fr\/wp-json\/wp\/v2\/product\/1831","targetHints":{"allow":["GET"]}}],"collection":[{"href":"https:\/\/www.mappershoe.com\/fr\/wp-json\/wp\/v2\/product"}],"about":[{"href":"https:\/\/www.mappershoe.com\/fr\/wp-json\/wp\/v2\/types\/product"}],"replies":[{"embeddable":true,"href":"https:\/\/www.mappershoe.com\/fr\/wp-json\/wp\/v2\/comments?post=1831"}],"wp:featuredmedia":[{"embeddable":true,"href":"https:\/\/www.mappershoe.com\/fr\/wp-json\/wp\/v2\/media\/1832"}],"wp:attachment":[{"href":"https:\/\/www.mappershoe.com\/fr\/wp-json\/wp\/v2\/media?parent=1831"}],"wp:term":[{"taxonomy":"product_brand","embeddable":true,"href":"https:\/\/www.mappershoe.com\/fr\/wp-json\/wp\/v2\/product_brand?post=1831"},{"taxonomy":"product_cat","embeddable":true,"href":"https:\/\/www.mappershoe.com\/fr\/wp-json\/wp\/v2\/product_cat?post=1831"},{"taxonomy":"product_tag","embeddable":true,"href":"https:\/\/www.mappershoe.com\/fr\/wp-json\/wp\/v2\/product_tag?post=1831"}],"curies":[{"name":"wp","href":"https:\/\/api.w.org\/{rel}","templated":true}]}}