{"id":1855,"date":"2025-09-19T07:30:09","date_gmt":"2025-09-19T07:30:09","guid":{"rendered":"https:\/\/www.mappershoe.com\/?post_type=product&#038;p=1855"},"modified":"2025-09-19T07:30:13","modified_gmt":"2025-09-19T07:30:13","slug":"slipper-soles-wholesale","status":"publish","type":"product","link":"https:\/\/www.mappershoe.com\/fr\/produit\/slipper-soles-wholesale\/","title":{"rendered":"Semelles de chaussons en PVC grossiste, Semelles de tongs Bulk Supply"},"content":{"rendered":"<div class=\"wp-block-columns is-layout-flex wp-container-core-columns-is-layout-9d6595d7 wp-block-columns-is-layout-flex\">\n<div class=\"wp-block-column is-layout-flow wp-block-column-is-layout-flow\">\n<h3 class=\"wp-block-heading\">Semelles de chaussure en PVC de premi\u00e8re qualit\u00e9 Caract\u00e9ristiques de gros :<\/h3>\n\n\n\n<p><strong>Diverses options :<\/strong> Ces semelles de tongs en PVC en vrac sont disponibles en diff\u00e9rentes tailles, couleurs et \u00e9paisseurs pour r\u00e9pondre aux besoins de styles vari\u00e9s, tels que les tongs et les pantoufles.<\/p>\n\n\n\n<p><strong>PVC flexible et r\u00e9sistant \u00e0 l'usure :<\/strong> Ces semelles de pantoufles en gros sont extr\u00eamement flexibles, r\u00e9sistantes \u00e0 l'usure et antid\u00e9rapantes, pour plus de commodit\u00e9 et de durabilit\u00e9.<\/p>\n\n\n\n<p><strong>L\u00e9ger et facile \u00e0 traiter :<\/strong> Ces semelles de pantoufles en PVC sont l\u00e9g\u00e8res et faciles \u00e0 traiter, ce qui est pratique pour le traitement secondaire et l'ajout d'empeignes.<\/p>\n\n\n\n<p><strong>Service de personnalisation :<\/strong> Ces semelles de pantoufles en PVC peuvent \u00eatre personnalis\u00e9es avec un logo et un traitement semi-fini, ce qui peut \u00eatre utilis\u00e9 pour la fabrication de chaussures OEM\/ODM. Elles peuvent \u00eatre utilis\u00e9es pour diverses applications, y compris les pantoufles de maison, les chaussures de plage, les pantoufles de salle de bain, les tongs, etc.<\/p>\n<\/div>\n\n\n\n<div class=\"wp-block-column is-layout-flow wp-block-column-is-layout-flow\">\n<figure class=\"wp-block-image size-full\"><img decoding=\"async\" width=\"1800\" height=\"1800\" src=\"https:\/\/www.mappershoe.com\/wp-content\/uploads\/2025\/09\/pvc-slipper-soles-wholesale-flip-flop-soles-bulk-supply-1.webp\" alt=\"pvc-slippper-soles-wholesale-flip-flop-soles-bulk-supply-1\" class=\"wp-image-1863\" srcset=\"https:\/\/www.mappershoe.com\/wp-content\/uploads\/2025\/09\/pvc-slipper-soles-wholesale-flip-flop-soles-bulk-supply-1.webp 1800w, https:\/\/www.mappershoe.com\/wp-content\/uploads\/2025\/09\/pvc-slipper-soles-wholesale-flip-flop-soles-bulk-supply-1-300x300.webp 300w, https:\/\/www.mappershoe.com\/wp-content\/uploads\/2025\/09\/pvc-slipper-soles-wholesale-flip-flop-soles-bulk-supply-1-150x150.webp 150w, https:\/\/www.mappershoe.com\/wp-content\/uploads\/2025\/09\/pvc-slipper-soles-wholesale-flip-flop-soles-bulk-supply-1-768x768.webp 768w, https:\/\/www.mappershoe.com\/wp-content\/uploads\/2025\/09\/pvc-slipper-soles-wholesale-flip-flop-soles-bulk-supply-1-12x12.webp 12w, https:\/\/www.mappershoe.com\/wp-content\/uploads\/2025\/09\/pvc-slipper-soles-wholesale-flip-flop-soles-bulk-supply-1-1200x1200.webp 1200w, https:\/\/www.mappershoe.com\/wp-content\/uploads\/2025\/09\/pvc-slipper-soles-wholesale-flip-flop-soles-bulk-supply-1-600x600.webp 600w, https:\/\/www.mappershoe.com\/wp-content\/uploads\/2025\/09\/pvc-slipper-soles-wholesale-flip-flop-soles-bulk-supply-1-100x100.webp 100w\" sizes=\"(max-width: 1800px) 100vw, 1800px\" \/><\/figure>\n<\/div>\n<\/div>\n\n\n\n<p><\/p>","protected":false},"excerpt":{"rendered":"<p>Nous vous invitons \u00e0 acheter en gros ces semelles de pantoufles, adapt\u00e9es \u00e0 la fabrication de pantoufles et de tongs en PVC, en diff\u00e9rentes couleurs, tailles et \u00e9paisseurs. Fabriqu\u00e9es en PVC, ces demi-semelles sont flexibles, imperm\u00e9ables, r\u00e9sistantes \u00e0 l'humidit\u00e9 et \u00e0 l'usure, et offrent un excellent amorti et un bon soutien pour la marche. Avec un logo personnalis\u00e9, une fabrication OEM\/ODM et un approvisionnement de masse, elles sont une source appropri\u00e9e pour les usines de chaussures, les grossistes et les commandes de personnalisation de marque.<\/p>\n<h2>Semelles de chaussure en PVC en gros Sp\u00e9cifications :<\/h2>\n<table width=\"448\">\n<tbody>\n<tr>\n<td width=\"168\">Fabricant :<\/td>\n<td width=\"280\">Mingyi<\/td>\n<\/tr>\n<tr>\n<td>Style :<\/td>\n<td>Pi\u00e8ces de rechange<\/td>\n<\/tr>\n<tr>\n<td>Mod\u00e8le :<\/td>\n<td>1001<\/td>\n<\/tr>\n<tr>\n<td>Mat\u00e9riau :\u00a0<\/td>\n<td>PVC<\/td>\n<\/tr>\n<tr>\n<td>Couleur :\u00a0<\/td>\n<td>Sur mesure<\/td>\n<\/tr>\n<tr>\n<td>Taille :\u00a0<\/td>\n<td width=\"280\">Sur mesure<\/td>\n<\/tr>\n<tr>\n<td>Options de personnalisation :\u00a0<\/td>\n<td>Logo (dessus, c\u00f4t\u00e9, semelle int\u00e9rieure) \/ Impression int\u00e9grale \/ Couleur \/ Mati\u00e8re \/ \u00c9paisseur de la semelle \/ Dessus<\/td>\n<\/tr>\n<tr>\n<td>Emballage :\u00a0<\/td>\n<td>Emballage personnalis\u00e9<\/td>\n<\/tr>\n<tr>\n<td>Exemple\uff1a<\/td>\n<td>\u00c9chantillons vierges gratuits<\/td>\n<\/tr>\n<\/tbody>\n<\/table>","protected":false},"featured_media":1864,"comment_status":"closed","ping_status":"closed","template":"","meta":{"_acf_changed":false},"product_brand":[],"product_cat":[16],"product_tag":[],"class_list":{"0":"post-1855","1":"product","2":"type-product","3":"status-publish","4":"has-post-thumbnail","6":"product_cat-wholesale-slipper-parts","8":"first","9":"instock","10":"shipping-taxable","11":"product-type-simple"},"acf":[],"_links":{"self":[{"href":"https:\/\/www.mappershoe.com\/fr\/wp-json\/wp\/v2\/product\/1855","targetHints":{"allow":["GET"]}}],"collection":[{"href":"https:\/\/www.mappershoe.com\/fr\/wp-json\/wp\/v2\/product"}],"about":[{"href":"https:\/\/www.mappershoe.com\/fr\/wp-json\/wp\/v2\/types\/product"}],"replies":[{"embeddable":true,"href":"https:\/\/www.mappershoe.com\/fr\/wp-json\/wp\/v2\/comments?post=1855"}],"wp:featuredmedia":[{"embeddable":true,"href":"https:\/\/www.mappershoe.com\/fr\/wp-json\/wp\/v2\/media\/1864"}],"wp:attachment":[{"href":"https:\/\/www.mappershoe.com\/fr\/wp-json\/wp\/v2\/media?parent=1855"}],"wp:term":[{"taxonomy":"product_brand","embeddable":true,"href":"https:\/\/www.mappershoe.com\/fr\/wp-json\/wp\/v2\/product_brand?post=1855"},{"taxonomy":"product_cat","embeddable":true,"href":"https:\/\/www.mappershoe.com\/fr\/wp-json\/wp\/v2\/product_cat?post=1855"},{"taxonomy":"product_tag","embeddable":true,"href":"https:\/\/www.mappershoe.com\/fr\/wp-json\/wp\/v2\/product_tag?post=1855"}],"curies":[{"name":"wp","href":"https:\/\/api.w.org\/{rel}","templated":true}]}}