{"id":1856,"date":"2025-09-19T06:18:42","date_gmt":"2025-09-19T06:18:42","guid":{"rendered":"https:\/\/www.mappershoe.com\/?post_type=product&#038;p=1856"},"modified":"2025-09-19T07:25:39","modified_gmt":"2025-09-19T07:25:39","slug":"custom-logo-crocs","status":"publish","type":"product","link":"https:\/\/www.mappershoe.com\/fr\/produit\/custom-logo-crocs\/","title":{"rendered":"Logo personnalis\u00e9 Crocs pour enfants, Eva Kids Clog Slippers Wholesale"},"content":{"rendered":"<div class=\"wp-block-columns is-layout-flex wp-container-core-columns-is-layout-9d6595d7 wp-block-columns-is-layout-flex\">\n<div class=\"wp-block-column is-layout-flow wp-block-column-is-layout-flow\">\n<h3 class=\"wp-block-heading\">Premium Custom Logo Crocs for Children Caract\u00e9ristiques :<\/h3>\n\n\n\n<p><strong>Design personnalisable :<\/strong> Ces chaussons sabots pour enfants supportent en gros l'impression de logos (dessus, c\u00f4t\u00e9, semelle int\u00e9rieure), des motifs enti\u00e8rement imprim\u00e9s et de multiples options de couleurs.<\/p>\n\n\n\n<p><strong>Mat\u00e9riau EVA de qualit\u00e9 :<\/strong> Ces crocs pour enfants avec logo personnalis\u00e9 sont fabriqu\u00e9s dans un mat\u00e9riau EVA de premi\u00e8re qualit\u00e9 et sont l\u00e9gers, doux, antid\u00e9rapants et durables pour une utilisation en int\u00e9rieur et en ext\u00e9rieur.<\/p>\n\n\n\n<p><strong>Confortable : <\/strong>Ces crocs \u00e0 logo personnalis\u00e9 pour enfants sont con\u00e7ues pour des pieds de taille enfant afin d'offrir un confort tout au long de la journ\u00e9e.<\/p>\n\n\n\n<p><strong>\u00c0 la mode et pratique :<\/strong> Ces pantoufles en sabot pour enfants ont un style sabot eva tr\u00e8s tendance et sont appr\u00e9ci\u00e9es par les gar\u00e7ons et les filles, faciles \u00e0 porter et \u00e0 nettoyer.<\/p>\n\n\n\n<p><strong>Pr\u00eat pour la vente en gros : <\/strong>Ces Crocs pour enfants avec logo personnalis\u00e9 sont parfaits pour le marquage, la vente au d\u00e9tail, les cadeaux promotionnels ou les commandes en gros.<\/p>\n<\/div>\n\n\n\n<div class=\"wp-block-column is-layout-flow wp-block-column-is-layout-flow\">\n<figure class=\"wp-block-image size-full\"><img decoding=\"async\" width=\"800\" height=\"800\" src=\"https:\/\/www.mappershoe.com\/wp-content\/uploads\/2025\/09\/custom-logo-crocs-for-children-kids-clog-slippers-wholesale-2.webp\" alt=\"custom-logo-crocs-for-children-kids-clog-slippers-wholesale-2\" class=\"wp-image-1858\" srcset=\"https:\/\/www.mappershoe.com\/wp-content\/uploads\/2025\/09\/custom-logo-crocs-for-children-kids-clog-slippers-wholesale-2.webp 800w, https:\/\/www.mappershoe.com\/wp-content\/uploads\/2025\/09\/custom-logo-crocs-for-children-kids-clog-slippers-wholesale-2-300x300.webp 300w, https:\/\/www.mappershoe.com\/wp-content\/uploads\/2025\/09\/custom-logo-crocs-for-children-kids-clog-slippers-wholesale-2-150x150.webp 150w, https:\/\/www.mappershoe.com\/wp-content\/uploads\/2025\/09\/custom-logo-crocs-for-children-kids-clog-slippers-wholesale-2-768x768.webp 768w, https:\/\/www.mappershoe.com\/wp-content\/uploads\/2025\/09\/custom-logo-crocs-for-children-kids-clog-slippers-wholesale-2-12x12.webp 12w, https:\/\/www.mappershoe.com\/wp-content\/uploads\/2025\/09\/custom-logo-crocs-for-children-kids-clog-slippers-wholesale-2-600x600.webp 600w, https:\/\/www.mappershoe.com\/wp-content\/uploads\/2025\/09\/custom-logo-crocs-for-children-kids-clog-slippers-wholesale-2-100x100.webp 100w\" sizes=\"(max-width: 800px) 100vw, 800px\" \/><\/figure>\n<\/div>\n<\/div>\n\n\n\n<p><\/p>","protected":false},"excerpt":{"rendered":"<p>Bienvenue \u00e0 l'achat de ces pantoufles Crocs avec logo personnalis\u00e9, con\u00e7ues pour les gar\u00e7ons et les filles. L\u00e9gers, durables et antid\u00e9rapants, ces sabots pour enfants offrent des options de personnalisation compl\u00e8tes, y compris l'impression du logo, la s\u00e9lection des couleurs et le choix des mat\u00e9riaux. Id\u00e9ales pour les commandes en gros, les cha\u00eenes de magasins, les cadeaux promotionnels et les projets de marquage OEM\/ODM.<\/p>\n<h2>Logo personnalis\u00e9 Crocs pour enfants Sp\u00e9cifications :<\/h2>\n<table width=\"448\">\n<tbody>\n<tr>\n<td width=\"168\">Fabricant :<\/td>\n<td width=\"280\">Mingyi<\/td>\n<\/tr>\n<tr>\n<td>Style :<\/td>\n<td>Chaussures Crocs<\/td>\n<\/tr>\n<tr>\n<td>Mod\u00e8le :<\/td>\n<td>101<\/td>\n<\/tr>\n<tr>\n<td>Mat\u00e9riau :\u00a0<\/td>\n<td>PVC<\/td>\n<\/tr>\n<tr>\n<td>Couleur :\u00a0<\/td>\n<td width=\"280\">noir, blanc, rouge, rose, jaune, vert menthe, kaki, bleu, bleu fonc\u00e9, bleu brume, bleu clair, rouge rose, abricot, vert militaire<\/td>\n<\/tr>\n<tr>\n<td>Taille :\u00a0<\/td>\n<td width=\"280\">C8\/14CM, C9\/15CM, C10\/16CM, C11\/17CM, C12\/18CM, C13\/19CM, J1\/20CM, J2\/21CM, J3\/22CM<\/td>\n<\/tr>\n<tr>\n<td>Options de personnalisation :\u00a0<\/td>\n<td>Logo (dessus, c\u00f4t\u00e9, semelle int\u00e9rieure) \/ Impression int\u00e9grale \/ Couleur \/ Mati\u00e8re \/ \u00c9paisseur de la semelle \/ Dessus<\/td>\n<\/tr>\n<tr>\n<td>Emballage :\u00a0<\/td>\n<td>Emballage personnalis\u00e9<\/td>\n<\/tr>\n<tr>\n<td>Exemple\uff1a<\/td>\n<td>\u00c9chantillons vierges gratuits<\/td>\n<\/tr>\n<\/tbody>\n<\/table>","protected":false},"featured_media":1857,"comment_status":"closed","ping_status":"closed","template":"","meta":{"_acf_changed":false},"product_brand":[],"product_cat":[18],"product_tag":[25,28],"class_list":{"0":"post-1856","1":"product","2":"type-product","3":"status-publish","4":"has-post-thumbnail","6":"product_cat-wholesale-crocs-shoes","7":"product_tag-eva-slippers-wholesale","8":"product_tag-kids-slippers-wholesale","10":"first","11":"instock","12":"shipping-taxable","13":"product-type-simple"},"acf":[],"_links":{"self":[{"href":"https:\/\/www.mappershoe.com\/fr\/wp-json\/wp\/v2\/product\/1856","targetHints":{"allow":["GET"]}}],"collection":[{"href":"https:\/\/www.mappershoe.com\/fr\/wp-json\/wp\/v2\/product"}],"about":[{"href":"https:\/\/www.mappershoe.com\/fr\/wp-json\/wp\/v2\/types\/product"}],"replies":[{"embeddable":true,"href":"https:\/\/www.mappershoe.com\/fr\/wp-json\/wp\/v2\/comments?post=1856"}],"wp:featuredmedia":[{"embeddable":true,"href":"https:\/\/www.mappershoe.com\/fr\/wp-json\/wp\/v2\/media\/1857"}],"wp:attachment":[{"href":"https:\/\/www.mappershoe.com\/fr\/wp-json\/wp\/v2\/media?parent=1856"}],"wp:term":[{"taxonomy":"product_brand","embeddable":true,"href":"https:\/\/www.mappershoe.com\/fr\/wp-json\/wp\/v2\/product_brand?post=1856"},{"taxonomy":"product_cat","embeddable":true,"href":"https:\/\/www.mappershoe.com\/fr\/wp-json\/wp\/v2\/product_cat?post=1856"},{"taxonomy":"product_tag","embeddable":true,"href":"https:\/\/www.mappershoe.com\/fr\/wp-json\/wp\/v2\/product_tag?post=1856"}],"curies":[{"name":"wp","href":"https:\/\/api.w.org\/{rel}","templated":true}]}}