{"id":1874,"date":"2025-09-23T03:32:38","date_gmt":"2025-09-23T03:32:38","guid":{"rendered":"https:\/\/www.mappershoe.com\/?post_type=product&#038;p=1874"},"modified":"2025-09-23T03:32:43","modified_gmt":"2025-09-23T03:32:43","slug":"slipper-uppers-wholesale","status":"publish","type":"product","link":"https:\/\/www.mappershoe.com\/fr\/produit\/slipper-uppers-wholesale\/","title":{"rendered":"Tiges de pantoufles imprim\u00e9es sur mesure grossiste, Tiges en PVC en vrac"},"content":{"rendered":"<div class=\"wp-block-columns is-layout-flex wp-container-core-columns-is-layout-9d6595d7 wp-block-columns-is-layout-flex\">\n<div class=\"wp-block-column is-layout-flow wp-block-column-is-layout-flow\">\n<h3 class=\"wp-block-heading\">Premium Custom Printed Slipper Uppers Wholesale Caract\u00e9ristiques :<\/h3>\n\n\n\n<p><strong>Diverses options de personnalisation :<\/strong> Mingyi propose la s\u00e9rigraphie, l'impression par transfert thermique, l'impression au laser, le gaufrage, la broderie et d'autres proc\u00e9d\u00e9s pour r\u00e9pondre aux besoins des diff\u00e9rents styles des diff\u00e9rentes marques de pantoufles.<\/p>\n\n\n\n<p><strong>Mat\u00e9riau PVC de qualit\u00e9 sup\u00e9rieure : <\/strong>Nos pantoufles personnalis\u00e9es en gros sont flexibles, durables, imperm\u00e9ables et faciles \u00e0 nettoyer. Elles conviennent \u00e0 la production \u00e0 grande \u00e9chelle et \u00e0 l'utilisation \u00e0 long terme.<\/p>\n\n\n\n<p><strong>Diverses couleurs et tailles : <\/strong>Les pantoufles imprim\u00e9es en gros sont disponibles en plusieurs tailles et couleurs, compatibles avec diff\u00e9rentes semelles pour r\u00e9pondre aux besoins des enfants, des hommes et des femmes en mati\u00e8re de pantoufles.<\/p>\n\n\n\n<p><strong>Forte compatibilit\u00e9 :<\/strong> Les pantoufles imprim\u00e9es en gros sont compatibles avec une vari\u00e9t\u00e9 de semelles de pantoufles en PVC\/EVA, convenant aux pantoufles d'int\u00e9rieur, aux chaussures de plage, aux chaussures de jardin, et plus encore.<\/p>\n\n\n\n<p><strong>Avantages de la personnalisation en gros :<\/strong> Nos chaussons en PVC personnalis\u00e9s peuvent \u00eatre personnalis\u00e9s en vrac OEM\/ODM avec de faibles quantit\u00e9s minimales de commande, ce qui convient aux marques, aux grossistes et aux usines.<\/p>\n<\/div>\n\n\n\n<div class=\"wp-block-column is-layout-flow wp-block-column-is-layout-flow\">\n<figure class=\"wp-block-image size-full\"><img decoding=\"async\" width=\"1200\" height=\"1200\" src=\"https:\/\/www.mappershoe.com\/wp-content\/uploads\/2025\/09\/custom-printed-slipper-uppers-wholesale-pvc-upper-bulk-2.webp\" alt=\"nageoires de pantoufles imprim\u00e9es personnalis\u00e9es - vente en gros de nageoires de pantoufles en pvc - lot 2\" class=\"wp-image-1876\" srcset=\"https:\/\/www.mappershoe.com\/wp-content\/uploads\/2025\/09\/custom-printed-slipper-uppers-wholesale-pvc-upper-bulk-2.webp 1200w, https:\/\/www.mappershoe.com\/wp-content\/uploads\/2025\/09\/custom-printed-slipper-uppers-wholesale-pvc-upper-bulk-2-300x300.webp 300w, https:\/\/www.mappershoe.com\/wp-content\/uploads\/2025\/09\/custom-printed-slipper-uppers-wholesale-pvc-upper-bulk-2-150x150.webp 150w, https:\/\/www.mappershoe.com\/wp-content\/uploads\/2025\/09\/custom-printed-slipper-uppers-wholesale-pvc-upper-bulk-2-768x768.webp 768w, https:\/\/www.mappershoe.com\/wp-content\/uploads\/2025\/09\/custom-printed-slipper-uppers-wholesale-pvc-upper-bulk-2-12x12.webp 12w, https:\/\/www.mappershoe.com\/wp-content\/uploads\/2025\/09\/custom-printed-slipper-uppers-wholesale-pvc-upper-bulk-2-600x600.webp 600w, https:\/\/www.mappershoe.com\/wp-content\/uploads\/2025\/09\/custom-printed-slipper-uppers-wholesale-pvc-upper-bulk-2-100x100.webp 100w\" sizes=\"(max-width: 1200px) 100vw, 1200px\" \/><\/figure>\n<\/div>\n<\/div>\n\n\n\n<p><\/p>","protected":false},"excerpt":{"rendered":"<p>Nous vous invitons \u00e0 acheter en gros nos chaussons en PVC imprim\u00e9s avec des options d'impression personnalis\u00e9es, y compris le gaufrage, le laser et la broderie. Ces empeignes en PVC durable sont disponibles en plusieurs couleurs et tailles et sont sp\u00e9cialement con\u00e7ues pour \u00eatre combin\u00e9es avec des semelles en EVA ou en PVC pour une vari\u00e9t\u00e9 de styles de pantoufles. Ils constituent une excellente option pour les commandes en gros, les projets OEM\/ODM et les fabricants de chaussures \u00e0 la recherche de composants de pantoufles de haute qualit\u00e9 et personnalisables.<\/p>\n<h2>Tiges de pantoufles imprim\u00e9es sur mesure Wholesale Sp\u00e9cifications :<\/h2>\n<table width=\"448\">\n<tbody>\n<tr>\n<td width=\"168\">Fabricant :<\/td>\n<td width=\"280\">Mingyi<\/td>\n<\/tr>\n<tr>\n<td>Style :<\/td>\n<td>Pi\u00e8ces de rechange<\/td>\n<\/tr>\n<tr>\n<td>Mod\u00e8le :<\/td>\n<td>1002<\/td>\n<\/tr>\n<tr>\n<td>Mat\u00e9riau :\u00a0<\/td>\n<td>PVC<\/td>\n<\/tr>\n<tr>\n<td>Couleur :\u00a0<\/td>\n<td width=\"280\">Sur mesure<\/td>\n<\/tr>\n<tr>\n<td>Taille :\u00a0<\/td>\n<td width=\"280\">Sur mesure<\/td>\n<\/tr>\n<tr>\n<td>Options de personnalisation :\u00a0<\/td>\n<td>Logo (dessus, c\u00f4t\u00e9, semelle int\u00e9rieure) \/ Impression int\u00e9grale \/ Couleur \/ Mati\u00e8re \/ \u00c9paisseur de la semelle \/ Dessus<\/td>\n<\/tr>\n<tr>\n<td>Emballage :\u00a0<\/td>\n<td>Emballage personnalis\u00e9<\/td>\n<\/tr>\n<tr>\n<td>Exemple\uff1a<\/td>\n<td>\u00c9chantillons vierges gratuits<\/td>\n<\/tr>\n<\/tbody>\n<\/table>","protected":false},"featured_media":1875,"comment_status":"closed","ping_status":"closed","template":"","meta":{"_acf_changed":false},"product_brand":[],"product_cat":[16],"product_tag":[],"class_list":{"0":"post-1874","1":"product","2":"type-product","3":"status-publish","4":"has-post-thumbnail","6":"product_cat-wholesale-slipper-parts","8":"first","9":"instock","10":"shipping-taxable","11":"product-type-simple"},"acf":[],"_links":{"self":[{"href":"https:\/\/www.mappershoe.com\/fr\/wp-json\/wp\/v2\/product\/1874","targetHints":{"allow":["GET"]}}],"collection":[{"href":"https:\/\/www.mappershoe.com\/fr\/wp-json\/wp\/v2\/product"}],"about":[{"href":"https:\/\/www.mappershoe.com\/fr\/wp-json\/wp\/v2\/types\/product"}],"replies":[{"embeddable":true,"href":"https:\/\/www.mappershoe.com\/fr\/wp-json\/wp\/v2\/comments?post=1874"}],"wp:featuredmedia":[{"embeddable":true,"href":"https:\/\/www.mappershoe.com\/fr\/wp-json\/wp\/v2\/media\/1875"}],"wp:attachment":[{"href":"https:\/\/www.mappershoe.com\/fr\/wp-json\/wp\/v2\/media?parent=1874"}],"wp:term":[{"taxonomy":"product_brand","embeddable":true,"href":"https:\/\/www.mappershoe.com\/fr\/wp-json\/wp\/v2\/product_brand?post=1874"},{"taxonomy":"product_cat","embeddable":true,"href":"https:\/\/www.mappershoe.com\/fr\/wp-json\/wp\/v2\/product_cat?post=1874"},{"taxonomy":"product_tag","embeddable":true,"href":"https:\/\/www.mappershoe.com\/fr\/wp-json\/wp\/v2\/product_tag?post=1874"}],"curies":[{"name":"wp","href":"https:\/\/api.w.org\/{rel}","templated":true}]}}