{"id":1881,"date":"2025-09-23T06:43:42","date_gmt":"2025-09-23T06:43:42","guid":{"rendered":"https:\/\/www.mappershoe.com\/?post_type=product&#038;p=1881"},"modified":"2025-09-23T06:43:46","modified_gmt":"2025-09-23T06:43:46","slug":"custom-croc-charms","status":"publish","type":"product","link":"https:\/\/www.mappershoe.com\/fr\/produit\/custom-croc-charms\/","title":{"rendered":"Breloque crocodile personnalis\u00e9e, breloque chaussures de jardin 26 lettres or en vrac"},"content":{"rendered":"<div class=\"wp-block-columns is-layout-flex wp-container-core-columns-is-layout-9d6595d7 wp-block-columns-is-layout-flex\">\n<div class=\"wp-block-column is-layout-flow wp-block-column-is-layout-flow\">\n<h3 class=\"wp-block-heading\">Premium Custom Croc Charms Caract\u00e9ristiques :<\/h3>\n\n\n\n<p><strong>Collection compl\u00e8te d'alphabets :<\/strong> Ces breloques en croc personnalis\u00e9es permettent de choisir parmi 26 lettres de A \u00e0 Z pour cr\u00e9er votre propre nom, marque ou slogan.<\/p>\n\n\n\n<p><strong>Finition m\u00e9tallique :<\/strong> Ces breloques personnalis\u00e9es en forme de crocodile sont fabriqu\u00e9es en m\u00e9tal de haute qualit\u00e9. Cette breloque est robuste, lisse et de qualit\u00e9 sup\u00e9rieure.<\/p>\n\n\n\n<p><strong>Motif incrust\u00e9 de diamants fantaisie :<\/strong> Les diamants simul\u00e9s contrastant avec une finition dor\u00e9e sont \u00e9l\u00e9gants et tr\u00e8s brillants, ce qui ajoute de la valeur \u00e0 l'ensemble de votre sabot de jardin.<\/p>\n\n\n\n<p><strong>Installation s\u00e9curis\u00e9e :<\/strong> Cette breloque a \u00e9t\u00e9 sp\u00e9cialement con\u00e7ue pour les chaussures de jardin EVA\/Crocs. Elle s'adapte parfaitement et ne tombe pas. Convient aux chaussures d'enfants et d'adultes.<\/p>\n\n\n\n<p><strong>Vente en gros et personnalisation : <\/strong>Nous proposons la vente en gros, la personnalisation OEM\/ODM et des emballages de marque, parfaits pour les d\u00e9taillants, les distributeurs et les projets de cadeaux.<\/p>\n<\/div>\n\n\n\n<div class=\"wp-block-column is-layout-flow wp-block-column-is-layout-flow\">\n<figure class=\"wp-block-image size-full\"><img decoding=\"async\" width=\"1000\" height=\"1000\" src=\"https:\/\/www.mappershoe.com\/wp-content\/uploads\/2025\/09\/custom-croc-charms-26-letter-gold-garden-shoes-charm-bulk-4.webp\" alt=\"custom-croc-charms-26-letter-gold-garden-shoes-charm-bulk-4\" class=\"wp-image-1885\" srcset=\"https:\/\/www.mappershoe.com\/wp-content\/uploads\/2025\/09\/custom-croc-charms-26-letter-gold-garden-shoes-charm-bulk-4.webp 1000w, https:\/\/www.mappershoe.com\/wp-content\/uploads\/2025\/09\/custom-croc-charms-26-letter-gold-garden-shoes-charm-bulk-4-300x300.webp 300w, https:\/\/www.mappershoe.com\/wp-content\/uploads\/2025\/09\/custom-croc-charms-26-letter-gold-garden-shoes-charm-bulk-4-150x150.webp 150w, https:\/\/www.mappershoe.com\/wp-content\/uploads\/2025\/09\/custom-croc-charms-26-letter-gold-garden-shoes-charm-bulk-4-768x768.webp 768w, https:\/\/www.mappershoe.com\/wp-content\/uploads\/2025\/09\/custom-croc-charms-26-letter-gold-garden-shoes-charm-bulk-4-12x12.webp 12w, https:\/\/www.mappershoe.com\/wp-content\/uploads\/2025\/09\/custom-croc-charms-26-letter-gold-garden-shoes-charm-bulk-4-600x600.webp 600w, https:\/\/www.mappershoe.com\/wp-content\/uploads\/2025\/09\/custom-croc-charms-26-letter-gold-garden-shoes-charm-bulk-4-100x100.webp 100w\" sizes=\"(max-width: 1000px) 100vw, 1000px\" \/><\/figure>\n<\/div>\n<\/div>\n\n\n\n<p><\/p>","protected":false},"excerpt":{"rendered":"<p>Nous vous invitons \u00e0 acheter nos breloques en forme de croc personnalis\u00e9es. Mingyi wholesale Metal 26 Letters Gold Diamond Croc Charms pour chaussures de jardin. Construction m\u00e9tallique durable avec un design de diamant \u00e9tincelant, offrant une personnalisation \u00e9l\u00e9gante pour les chaussures EVA et Crocs. Id\u00e9al pour les commandes en gros, les collections de d\u00e9tail, les projets de marque et la personnalisation OEM\/ODM.<\/p>\n<h2>Charms en crocodile personnalis\u00e9s Sp\u00e9cifications :<\/h2>\n<table width=\"419\">\n<tbody>\n<tr>\n<td width=\"115\">Fabricant :<\/td>\n<td width=\"304\">Mingyi<\/td>\n<\/tr>\n<tr>\n<td>Style :<\/td>\n<td>Breloques en crocodile<\/td>\n<\/tr>\n<tr>\n<td>Mod\u00e8le :<\/td>\n<td>1003<\/td>\n<\/tr>\n<tr>\n<td>Mat\u00e9riau :\u00a0<\/td>\n<td>m\u00e9tal<\/td>\n<\/tr>\n<tr>\n<td>Couleur :\u00a0<\/td>\n<td width=\"304\">Sur mesure<\/td>\n<\/tr>\n<tr>\n<td>Taille :\u00a0<\/td>\n<td width=\"304\">Sur mesure<\/td>\n<\/tr>\n<tr>\n<td>Options de personnalisation :\u00a0<\/td>\n<td>Breloques personnalis\u00e9es<\/td>\n<\/tr>\n<tr>\n<td>Emballage :\u00a0<\/td>\n<td>Emballage personnalis\u00e9<\/td>\n<\/tr>\n<tr>\n<td>Exemple\uff1a<\/td>\n<td>\u00c9chantillons vierges gratuits<\/td>\n<\/tr>\n<\/tbody>\n<\/table>","protected":false},"featured_media":1882,"comment_status":"closed","ping_status":"closed","template":"","meta":{"_acf_changed":false},"product_brand":[],"product_cat":[29],"product_tag":[],"class_list":{"0":"post-1881","1":"product","2":"type-product","3":"status-publish","4":"has-post-thumbnail","6":"product_cat-wholesale-croc-charms","8":"first","9":"instock","10":"shipping-taxable","11":"product-type-simple"},"acf":[],"_links":{"self":[{"href":"https:\/\/www.mappershoe.com\/fr\/wp-json\/wp\/v2\/product\/1881","targetHints":{"allow":["GET"]}}],"collection":[{"href":"https:\/\/www.mappershoe.com\/fr\/wp-json\/wp\/v2\/product"}],"about":[{"href":"https:\/\/www.mappershoe.com\/fr\/wp-json\/wp\/v2\/types\/product"}],"replies":[{"embeddable":true,"href":"https:\/\/www.mappershoe.com\/fr\/wp-json\/wp\/v2\/comments?post=1881"}],"wp:featuredmedia":[{"embeddable":true,"href":"https:\/\/www.mappershoe.com\/fr\/wp-json\/wp\/v2\/media\/1882"}],"wp:attachment":[{"href":"https:\/\/www.mappershoe.com\/fr\/wp-json\/wp\/v2\/media?parent=1881"}],"wp:term":[{"taxonomy":"product_brand","embeddable":true,"href":"https:\/\/www.mappershoe.com\/fr\/wp-json\/wp\/v2\/product_brand?post=1881"},{"taxonomy":"product_cat","embeddable":true,"href":"https:\/\/www.mappershoe.com\/fr\/wp-json\/wp\/v2\/product_cat?post=1881"},{"taxonomy":"product_tag","embeddable":true,"href":"https:\/\/www.mappershoe.com\/fr\/wp-json\/wp\/v2\/product_tag?post=1881"}],"curies":[{"name":"wp","href":"https:\/\/api.w.org\/{rel}","templated":true}]}}