{"id":1925,"date":"2025-10-15T06:51:22","date_gmt":"2025-10-15T06:51:22","guid":{"rendered":"https:\/\/www.mappershoe.com\/?post_type=product&#038;p=1925"},"modified":"2025-10-15T06:51:26","modified_gmt":"2025-10-15T06:51:26","slug":"croc-charms-bulk","status":"publish","type":"product","link":"https:\/\/www.mappershoe.com\/fr\/produit\/croc-charms-bulk\/","title":{"rendered":"Labubu Croc Charms Bulk, Sandales de jardin personnalis\u00e9es Accessoires Charms"},"content":{"rendered":"<div class=\"wp-block-columns is-layout-flex wp-container-core-columns-is-layout-9d6595d7 wp-block-columns-is-layout-flex\">\n<div class=\"wp-block-column is-layout-flow wp-block-column-is-layout-flow\">\n<h3 class=\"wp-block-heading\">Premium Labubu Croc Charms Bulk Caract\u00e9ristiques :<\/h3>\n\n\n\n<p><strong>Creative Labubu Design :<\/strong> Les breloques en crocodile sont orn\u00e9es d'un dessin anim\u00e9 Labubu qui rehausse le style et attire l'attention des jeunes consommateurs et du march\u00e9 de la mode.<\/p>\n\n\n\n<p><strong>Mat\u00e9riau en caoutchouc durable :<\/strong> Les breloques croco en vrac sont fabriqu\u00e9es \u00e0 partir d'un caoutchouc tr\u00e8s \u00e9lastique et respectueux de l'environnement, ce qui les rend flexibles, durables et r\u00e9sistantes \u00e0 la d\u00e9coloration et \u00e0 la rupture. Ils conviennent \u00e0 diff\u00e9rents styles de chaussures, y compris les chaussures de jardin en EVA\/PVC et les Crocs.<\/p>\n\n\n\n<p><strong>Options personnalisables :<\/strong> Les breloques en croc en vrac peuvent \u00eatre personnalis\u00e9es (OEM\/ODM), y compris la couleur, le logo, le design et l'emballage, afin de r\u00e9pondre aux besoins de personnalisation de la marque et de promotion des cadeaux.<\/p>\n\n\n\n<p><strong>Installation facile et ajustement s\u00fbr : <\/strong>Nos breloques de sandales de jardin personnalis\u00e9es sont dot\u00e9es d'un syst\u00e8me d'encliquetage pour une installation facile et un maintien s\u00fbr, ce qui les rend adapt\u00e9es aux accessoires de chaussures en gros, au d\u00e9tail et personnalis\u00e9s par la marque.<\/p>\n\n\n\n<p><strong>Approvisionnement en gros :<\/strong> Nos sandales de jardin personnalis\u00e9es offrent de grandes quantit\u00e9s et de faibles QMo, ce qui les rend adapt\u00e9es aux achats en gros par les vendeurs transfrontaliers, les plateformes de commerce \u00e9lectronique, les marques de chaussures et les entreprises de cadeaux.<\/p>\n<\/div>\n\n\n\n<div class=\"wp-block-column is-layout-flow wp-block-column-is-layout-flow\">\n<figure class=\"wp-block-image size-full\"><img decoding=\"async\" width=\"1000\" height=\"1000\" src=\"https:\/\/www.mappershoe.com\/wp-content\/uploads\/2025\/10\/labubu-croc-charms-bulk-custom-garden-sandals-charms-accessories-3.webp\" alt=\"labubu-croc-charms-bulk-custom-garden-sandals-charms-accessories-3\" class=\"wp-image-1928\" srcset=\"https:\/\/www.mappershoe.com\/wp-content\/uploads\/2025\/10\/labubu-croc-charms-bulk-custom-garden-sandals-charms-accessories-3.webp 1000w, https:\/\/www.mappershoe.com\/wp-content\/uploads\/2025\/10\/labubu-croc-charms-bulk-custom-garden-sandals-charms-accessories-3-300x300.webp 300w, https:\/\/www.mappershoe.com\/wp-content\/uploads\/2025\/10\/labubu-croc-charms-bulk-custom-garden-sandals-charms-accessories-3-150x150.webp 150w, https:\/\/www.mappershoe.com\/wp-content\/uploads\/2025\/10\/labubu-croc-charms-bulk-custom-garden-sandals-charms-accessories-3-768x768.webp 768w, https:\/\/www.mappershoe.com\/wp-content\/uploads\/2025\/10\/labubu-croc-charms-bulk-custom-garden-sandals-charms-accessories-3-12x12.webp 12w, https:\/\/www.mappershoe.com\/wp-content\/uploads\/2025\/10\/labubu-croc-charms-bulk-custom-garden-sandals-charms-accessories-3-600x600.webp 600w, https:\/\/www.mappershoe.com\/wp-content\/uploads\/2025\/10\/labubu-croc-charms-bulk-custom-garden-sandals-charms-accessories-3-100x100.webp 100w\" sizes=\"(max-width: 1000px) 100vw, 1000px\" \/><\/figure>\n<\/div>\n<\/div>\n\n\n\n<p><\/p>","protected":false},"excerpt":{"rendered":"<p>Bienvenue \u00e0 l'achat des breloques croco Labubu, fabriqu\u00e9es en caoutchouc durable et parfaites pour les sandales de jardin personnalis\u00e9es. Ils peuvent \u00eatre personnalis\u00e9s en fonction du logo et de la forme (OEM\/ODM), ce qui est id\u00e9al pour les marques et les grossistes \u00e0 la recherche d'accessoires cr\u00e9atifs pour les chaussures.<\/p>\n<h2>Labubu Croc Charms Bulk Sp\u00e9cifications :<\/h2>\n<table width=\"419\">\n<tbody>\n<tr>\n<td width=\"115\">Fabricant :<\/td>\n<td width=\"304\">Mingyi<\/td>\n<\/tr>\n<tr>\n<td>Style :<\/td>\n<td>Breloques en crocodile<\/td>\n<\/tr>\n<tr>\n<td>Mod\u00e8le :<\/td>\n<td>1004<\/td>\n<\/tr>\n<tr>\n<td>Mat\u00e9riau :\u00a0<\/td>\n<td>caoutchouc<\/td>\n<\/tr>\n<tr>\n<td>Couleur :\u00a0<\/td>\n<td width=\"304\">Sur mesure<\/td>\n<\/tr>\n<tr>\n<td>Taille :\u00a0<\/td>\n<td width=\"304\">Sur mesure<\/td>\n<\/tr>\n<tr>\n<td>Options de personnalisation :\u00a0<\/td>\n<td>breloques personnalis\u00e9es<\/td>\n<\/tr>\n<tr>\n<td>Emballage :\u00a0<\/td>\n<td>Emballage personnalis\u00e9<\/td>\n<\/tr>\n<tr>\n<td>Exemple\uff1a<\/td>\n<td>\u00c9chantillons vierges gratuits<\/td>\n<\/tr>\n<\/tbody>\n<\/table>","protected":false},"featured_media":1926,"comment_status":"closed","ping_status":"closed","template":"","meta":{"_acf_changed":false},"product_brand":[],"product_cat":[29],"product_tag":[],"class_list":{"0":"post-1925","1":"product","2":"type-product","3":"status-publish","4":"has-post-thumbnail","6":"product_cat-wholesale-croc-charms","8":"first","9":"instock","10":"shipping-taxable","11":"product-type-simple"},"acf":[],"_links":{"self":[{"href":"https:\/\/www.mappershoe.com\/fr\/wp-json\/wp\/v2\/product\/1925","targetHints":{"allow":["GET"]}}],"collection":[{"href":"https:\/\/www.mappershoe.com\/fr\/wp-json\/wp\/v2\/product"}],"about":[{"href":"https:\/\/www.mappershoe.com\/fr\/wp-json\/wp\/v2\/types\/product"}],"replies":[{"embeddable":true,"href":"https:\/\/www.mappershoe.com\/fr\/wp-json\/wp\/v2\/comments?post=1925"}],"wp:featuredmedia":[{"embeddable":true,"href":"https:\/\/www.mappershoe.com\/fr\/wp-json\/wp\/v2\/media\/1926"}],"wp:attachment":[{"href":"https:\/\/www.mappershoe.com\/fr\/wp-json\/wp\/v2\/media?parent=1925"}],"wp:term":[{"taxonomy":"product_brand","embeddable":true,"href":"https:\/\/www.mappershoe.com\/fr\/wp-json\/wp\/v2\/product_brand?post=1925"},{"taxonomy":"product_cat","embeddable":true,"href":"https:\/\/www.mappershoe.com\/fr\/wp-json\/wp\/v2\/product_cat?post=1925"},{"taxonomy":"product_tag","embeddable":true,"href":"https:\/\/www.mappershoe.com\/fr\/wp-json\/wp\/v2\/product_tag?post=1925"}],"curies":[{"name":"wp","href":"https:\/\/api.w.org\/{rel}","templated":true}]}}