{"id":1932,"date":"2025-10-15T07:39:14","date_gmt":"2025-10-15T07:39:14","guid":{"rendered":"https:\/\/www.mappershoe.com\/?post_type=product&#038;p=1932"},"modified":"2025-10-15T07:39:19","modified_gmt":"2025-10-15T07:39:19","slug":"crocs-charms-bulk","status":"publish","type":"product","link":"https:\/\/www.mappershoe.com\/fr\/produit\/crocs-charms-bulk\/","title":{"rendered":"Crocs Charms Bulk, Custom Shoe Charms Sneaker-Inspired Styles"},"content":{"rendered":"<div class=\"wp-block-columns is-layout-flex wp-container-core-columns-is-layout-9d6595d7 wp-block-columns-is-layout-flex\">\n<div class=\"wp-block-column is-layout-flow wp-block-column-is-layout-flow\">\n<h3 class=\"wp-block-heading\">Premium Crocs Charms Bulk Caract\u00e9ristiques :<\/h3>\n\n\n\n<p><strong>Des looks innovants inspir\u00e9s des baskets :<\/strong> Les breloques Crocs en vrac s'inspirent des baskets tr\u00e8s populaires de Nike, Adidas et d'autres marques similaires, ce qui conf\u00e8re aux Crocs un look branch\u00e9 et personnalis\u00e9.<\/p>\n\n\n\n<p><strong>Mati\u00e8re souple par excellence :<\/strong> Le bulk Crocs charms est compos\u00e9 de caoutchouc souple de qualit\u00e9 sup\u00e9rieure, imperm\u00e9able, l\u00e9ger, sans odeurs et suffisamment durable pour une utilisation r\u00e9p\u00e9t\u00e9e.<\/p>\n\n\n\n<p><strong>Id\u00e9al pour les Crocs et les Jibbitz :<\/strong> Ces charms crocs en vrac sont sp\u00e9cifiquement dimensionn\u00e9s et enti\u00e8rement compatibles avec les trous des chaussures crocs pour un ajustement parfait.<\/p>\n\n\n\n<p><strong>Option de personnalisation en vrac :<\/strong> Les breloques en vrac de Crocs offrent des possibilit\u00e9s de personnalisation en vrac, telles que l'impression de logos, la modification des couleurs et des designs personnalis\u00e9s. Elles sont id\u00e9ales pour la strat\u00e9gie de marque, les cadeaux ou la vente au d\u00e9tail.<\/p>\n\n\n\n<p><strong>Des accessoires tendance pour tous les \u00e2ges :<\/strong> Les breloques Crocs personnalis\u00e9es conviennent aussi bien aux hommes qu'aux femmes, aux jeunes qu'aux moins jeunes. Elles peuvent \u00eatre facilement personnalis\u00e9es et sont tr\u00e8s appr\u00e9ci\u00e9es des amateurs de marques branch\u00e9es et des vendeurs d'accessoires de chaussures.<\/p>\n<\/div>\n\n\n\n<div class=\"wp-block-column is-layout-flow wp-block-column-is-layout-flow\">\n<figure class=\"wp-block-image size-full\"><img decoding=\"async\" width=\"1000\" height=\"1000\" src=\"https:\/\/www.mappershoe.com\/wp-content\/uploads\/2025\/10\/crocs-charms-bulk-custom-shoe-charms-sneaker-inspired-style-2.webp\" alt=\"crocs-charms-bulk-custom-shoe-charms-sneaker-inspired-style-2\" class=\"wp-image-1934\" srcset=\"https:\/\/www.mappershoe.com\/wp-content\/uploads\/2025\/10\/crocs-charms-bulk-custom-shoe-charms-sneaker-inspired-style-2.webp 1000w, https:\/\/www.mappershoe.com\/wp-content\/uploads\/2025\/10\/crocs-charms-bulk-custom-shoe-charms-sneaker-inspired-style-2-300x300.webp 300w, https:\/\/www.mappershoe.com\/wp-content\/uploads\/2025\/10\/crocs-charms-bulk-custom-shoe-charms-sneaker-inspired-style-2-150x150.webp 150w, https:\/\/www.mappershoe.com\/wp-content\/uploads\/2025\/10\/crocs-charms-bulk-custom-shoe-charms-sneaker-inspired-style-2-768x768.webp 768w, https:\/\/www.mappershoe.com\/wp-content\/uploads\/2025\/10\/crocs-charms-bulk-custom-shoe-charms-sneaker-inspired-style-2-12x12.webp 12w, https:\/\/www.mappershoe.com\/wp-content\/uploads\/2025\/10\/crocs-charms-bulk-custom-shoe-charms-sneaker-inspired-style-2-600x600.webp 600w, https:\/\/www.mappershoe.com\/wp-content\/uploads\/2025\/10\/crocs-charms-bulk-custom-shoe-charms-sneaker-inspired-style-2-100x100.webp 100w\" sizes=\"(max-width: 1000px) 100vw, 1000px\" \/><\/figure>\n<\/div>\n<\/div>\n\n\n\n<p><\/p>","protected":false},"excerpt":{"rendered":"<p>Bienvenue \u00e0 l'achat de ces breloques Crocs personnalis\u00e9es en vrac dans des breloques de chaussures en caoutchouc \u00e0 la mode compatibles avec Crocs, id\u00e9ales pour les marques, les cadeaux ou la vente au d\u00e9tail. Ils sont enti\u00e8rement compatibles avec les Crocs Jibbitz, offrant un mat\u00e9riau r\u00e9sistant et imperm\u00e9able et des possibilit\u00e9s de personnalisation illimit\u00e9es.<\/p>\n<h2>Crocs Charms Bulk Sp\u00e9cifications :<\/h2>\n<table width=\"419\">\n<tbody>\n<tr>\n<td width=\"115\">Fabricant :<\/td>\n<td width=\"304\">Mingyi<\/td>\n<\/tr>\n<tr>\n<td>Style :<\/td>\n<td>Breloques en crocodile<\/td>\n<\/tr>\n<tr>\n<td>Mod\u00e8le :<\/td>\n<td>1005<\/td>\n<\/tr>\n<tr>\n<td>Mat\u00e9riau :\u00a0<\/td>\n<td>Caoutchouc<\/td>\n<\/tr>\n<tr>\n<td>Couleur :\u00a0<\/td>\n<td width=\"304\">Sur mesure<\/td>\n<\/tr>\n<tr>\n<td>Taille :\u00a0<\/td>\n<td width=\"304\">Sur mesure<\/td>\n<\/tr>\n<tr>\n<td>Options de personnalisation :\u00a0<\/td>\n<td>Breloques personnalis\u00e9es<\/td>\n<\/tr>\n<tr>\n<td>Emballage :\u00a0<\/td>\n<td>Emballage personnalis\u00e9<\/td>\n<\/tr>\n<tr>\n<td>Exemple\uff1a<\/td>\n<td>\u00c9chantillons vierges gratuits<\/td>\n<\/tr>\n<\/tbody>\n<\/table>","protected":false},"featured_media":1933,"comment_status":"closed","ping_status":"closed","template":"","meta":{"_acf_changed":false},"product_brand":[],"product_cat":[29],"product_tag":[],"class_list":{"0":"post-1932","1":"product","2":"type-product","3":"status-publish","4":"has-post-thumbnail","6":"product_cat-wholesale-croc-charms","8":"first","9":"instock","10":"shipping-taxable","11":"product-type-simple"},"acf":[],"_links":{"self":[{"href":"https:\/\/www.mappershoe.com\/fr\/wp-json\/wp\/v2\/product\/1932","targetHints":{"allow":["GET"]}}],"collection":[{"href":"https:\/\/www.mappershoe.com\/fr\/wp-json\/wp\/v2\/product"}],"about":[{"href":"https:\/\/www.mappershoe.com\/fr\/wp-json\/wp\/v2\/types\/product"}],"replies":[{"embeddable":true,"href":"https:\/\/www.mappershoe.com\/fr\/wp-json\/wp\/v2\/comments?post=1932"}],"wp:featuredmedia":[{"embeddable":true,"href":"https:\/\/www.mappershoe.com\/fr\/wp-json\/wp\/v2\/media\/1933"}],"wp:attachment":[{"href":"https:\/\/www.mappershoe.com\/fr\/wp-json\/wp\/v2\/media?parent=1932"}],"wp:term":[{"taxonomy":"product_brand","embeddable":true,"href":"https:\/\/www.mappershoe.com\/fr\/wp-json\/wp\/v2\/product_brand?post=1932"},{"taxonomy":"product_cat","embeddable":true,"href":"https:\/\/www.mappershoe.com\/fr\/wp-json\/wp\/v2\/product_cat?post=1932"},{"taxonomy":"product_tag","embeddable":true,"href":"https:\/\/www.mappershoe.com\/fr\/wp-json\/wp\/v2\/product_tag?post=1932"}],"curies":[{"name":"wp","href":"https:\/\/api.w.org\/{rel}","templated":true}]}}