{"id":1938,"date":"2025-10-15T08:18:05","date_gmt":"2025-10-15T08:18:05","guid":{"rendered":"https:\/\/www.mappershoe.com\/?post_type=product&#038;p=1938"},"modified":"2025-10-27T06:43:47","modified_gmt":"2025-10-27T06:43:47","slug":"custom-croc-shoe-charms","status":"publish","type":"product","link":"https:\/\/www.mappershoe.com\/fr\/produit\/custom-croc-shoe-charms\/","title":{"rendered":"Chaussures en croc personnalis\u00e9es, Mini Shark Clogs Charms Wholesale"},"content":{"rendered":"<div class=\"wp-block-columns is-layout-flex wp-container-core-columns-is-layout-9d6595d7 wp-block-columns-is-layout-flex\">\n<div class=\"wp-block-column is-layout-flow wp-block-column-is-layout-flow\">\n<h3 class=\"wp-block-heading\">Premium Custom Croc Shoe Charms Caract\u00e9ristiques :<\/h3>\n\n\n\n<p><strong>Capacit\u00e9 de personnalisation :<\/strong> Nos sabots de jardin et nos breloques en gros peuvent \u00eatre personnalis\u00e9s en termes de couleurs, de logos et de dessins en fonction des exigences (de la marque\/du client) afin de d\u00e9velopper des collections de breloques de chaussures personnalis\u00e9es et, surtout, la notori\u00e9t\u00e9 de la marque.<\/p>\n\n\n\n<p><strong>Caoutchouc Mat\u00e9riaux : <\/strong>Les breloques pour chaussures en croc personnalis\u00e9es de Mingyi sont fabriqu\u00e9es \u00e0 partir de mat\u00e9riaux PVC\/TPR s\u00fbrs, non toxiques et respectueux de l'environnement. Ils sont doux, durables et r\u00e9sistants \u00e0 la d\u00e9formation. Ils sont \u00e9galement imperm\u00e9ables et r\u00e9sistants \u00e0 la d\u00e9coloration, ce qui permet de les utiliser dans diverses applications.<\/p>\n\n\n\n<p><strong>Fixation facile et ajustement s\u00fbr : <\/strong>Les boutons situ\u00e9s \u00e0 l'arri\u00e8re de nos breloques personnalis\u00e9es en forme de crocodile s'adaptent aux sabots classiques, tels que les Crocs, les chaussures de jardin en EVA et les chaussures de plage, pour une fixation facile et un maintien s\u00fbr.<\/p>\n\n\n\n<p><strong>Mini requin au design tr\u00e8s tendance : <\/strong>Nos breloques de chaussures en crocodile personnalis\u00e9es sont propos\u00e9es dans un design de requin de dessin anim\u00e9 \u00e0 la mode et mignon qui est appr\u00e9ci\u00e9 par les enfants, les adolescents et les personnes \u00e0 la mode et qui ajoute de l'amusement et de la singularit\u00e9 aux chaussures.<\/p>\n\n\n\n<p><strong>Services de vente en gros et OEM\/ODM disponibles : <\/strong>Le grossiste en sabots et breloques de jardin propose des services de vente en gros et de production personnalis\u00e9e, accepte les petites commandes d'essai et assure une livraison rapide, le tout dans un emballage de marque.<\/p>\n<\/div>\n\n\n\n<div class=\"wp-block-column is-layout-flow wp-block-column-is-layout-flow\">\n<figure class=\"wp-block-image size-full\"><img decoding=\"async\" width=\"1280\" height=\"1280\" src=\"https:\/\/www.mappershoe.com\/wp-content\/uploads\/2025\/10\/custom-croc-shoe-charms-shark-garden-clogs-charms-wholesale-2.webp\" alt=\"custom-croc-shoe-charms-shark-garden-clogs-charms-wholesale-2\" class=\"wp-image-1941\" srcset=\"https:\/\/www.mappershoe.com\/wp-content\/uploads\/2025\/10\/custom-croc-shoe-charms-shark-garden-clogs-charms-wholesale-2.webp 1280w, https:\/\/www.mappershoe.com\/wp-content\/uploads\/2025\/10\/custom-croc-shoe-charms-shark-garden-clogs-charms-wholesale-2-300x300.webp 300w, https:\/\/www.mappershoe.com\/wp-content\/uploads\/2025\/10\/custom-croc-shoe-charms-shark-garden-clogs-charms-wholesale-2-150x150.webp 150w, https:\/\/www.mappershoe.com\/wp-content\/uploads\/2025\/10\/custom-croc-shoe-charms-shark-garden-clogs-charms-wholesale-2-768x768.webp 768w, https:\/\/www.mappershoe.com\/wp-content\/uploads\/2025\/10\/custom-croc-shoe-charms-shark-garden-clogs-charms-wholesale-2-12x12.webp 12w, https:\/\/www.mappershoe.com\/wp-content\/uploads\/2025\/10\/custom-croc-shoe-charms-shark-garden-clogs-charms-wholesale-2-1200x1200.webp 1200w, https:\/\/www.mappershoe.com\/wp-content\/uploads\/2025\/10\/custom-croc-shoe-charms-shark-garden-clogs-charms-wholesale-2-600x600.webp 600w, https:\/\/www.mappershoe.com\/wp-content\/uploads\/2025\/10\/custom-croc-shoe-charms-shark-garden-clogs-charms-wholesale-2-100x100.webp 100w\" sizes=\"(max-width: 1280px) 100vw, 1280px\" \/><\/figure>\n<\/div>\n<\/div>\n\n\n\n<p><\/p>","protected":false},"excerpt":{"rendered":"<p>Bienvenue sur le site de Mingyi pour l'achat de breloques pour chaussures en forme de requin. Les breloques pour sabots de jardin offrent des breloques cr\u00e9atives et adorables en forme de requin, fabriqu\u00e9es en caoutchouc souple de haute qualit\u00e9, compatibles avec les sabots Crocs. Nous prenons en charge \u00e0 la fois la personnalisation de la marque et la vente en gros. C'est la solution id\u00e9ale pour les marques de chaussures, les vendeurs en ligne et les vendeurs de cadeaux qui recherchent des breloques personnalis\u00e9es pour Crocs.<\/p>\n<h2>Charms pour chaussures en crocodile sur mesure Sp\u00e9cifications :<\/h2>\n<table width=\"419\">\n<tbody>\n<tr>\n<td width=\"115\">Fabricant :<\/td>\n<td width=\"304\">Mingyi<\/td>\n<\/tr>\n<tr>\n<td>Style :<\/td>\n<td>Breloques en crocodile<\/td>\n<\/tr>\n<tr>\n<td>Mod\u00e8le :<\/td>\n<td>1006<\/td>\n<\/tr>\n<tr>\n<td>Mat\u00e9riau :\u00a0<\/td>\n<td>Caoutchouc<\/td>\n<\/tr>\n<tr>\n<td>Couleur :\u00a0<\/td>\n<td width=\"304\">Sur mesure<\/td>\n<\/tr>\n<tr>\n<td>Taille :\u00a0<\/td>\n<td width=\"304\">Sur mesure<\/td>\n<\/tr>\n<tr>\n<td>Options de personnalisation :\u00a0<\/td>\n<td>Breloques personnalis\u00e9es<\/td>\n<\/tr>\n<tr>\n<td>Emballage :\u00a0<\/td>\n<td>Emballage personnalis\u00e9<\/td>\n<\/tr>\n<tr>\n<td>Exemple\uff1a<\/td>\n<td>\u00c9chantillons vierges gratuits<\/td>\n<\/tr>\n<\/tbody>\n<\/table>","protected":false},"featured_media":1940,"comment_status":"closed","ping_status":"closed","template":"","meta":{"_acf_changed":false},"product_brand":[],"product_cat":[29],"product_tag":[],"class_list":{"0":"post-1938","1":"product","2":"type-product","3":"status-publish","4":"has-post-thumbnail","6":"product_cat-wholesale-croc-charms","8":"first","9":"instock","10":"shipping-taxable","11":"product-type-simple"},"acf":[],"_links":{"self":[{"href":"https:\/\/www.mappershoe.com\/fr\/wp-json\/wp\/v2\/product\/1938","targetHints":{"allow":["GET"]}}],"collection":[{"href":"https:\/\/www.mappershoe.com\/fr\/wp-json\/wp\/v2\/product"}],"about":[{"href":"https:\/\/www.mappershoe.com\/fr\/wp-json\/wp\/v2\/types\/product"}],"replies":[{"embeddable":true,"href":"https:\/\/www.mappershoe.com\/fr\/wp-json\/wp\/v2\/comments?post=1938"}],"wp:featuredmedia":[{"embeddable":true,"href":"https:\/\/www.mappershoe.com\/fr\/wp-json\/wp\/v2\/media\/1940"}],"wp:attachment":[{"href":"https:\/\/www.mappershoe.com\/fr\/wp-json\/wp\/v2\/media?parent=1938"}],"wp:term":[{"taxonomy":"product_brand","embeddable":true,"href":"https:\/\/www.mappershoe.com\/fr\/wp-json\/wp\/v2\/product_brand?post=1938"},{"taxonomy":"product_cat","embeddable":true,"href":"https:\/\/www.mappershoe.com\/fr\/wp-json\/wp\/v2\/product_cat?post=1938"},{"taxonomy":"product_tag","embeddable":true,"href":"https:\/\/www.mappershoe.com\/fr\/wp-json\/wp\/v2\/product_tag?post=1938"}],"curies":[{"name":"wp","href":"https:\/\/api.w.org\/{rel}","templated":true}]}}