{"id":1946,"date":"2025-10-15T09:06:42","date_gmt":"2025-10-15T09:06:42","guid":{"rendered":"https:\/\/www.mappershoe.com\/?post_type=product&#038;p=1946"},"modified":"2025-10-15T09:08:22","modified_gmt":"2025-10-15T09:08:22","slug":"customized-croc-charms","status":"publish","type":"product","link":"https:\/\/www.mappershoe.com\/fr\/produit\/customized-croc-charms\/","title":{"rendered":"Bijoux en crocodile, Bijoux en caoutchouc, Bijoux de chaussures en gros, Noctilucent"},"content":{"rendered":"<div class=\"wp-block-columns is-layout-flex wp-container-core-columns-is-layout-9d6595d7 wp-block-columns-is-layout-flex\">\n<div class=\"wp-block-column is-layout-flow wp-block-column-is-layout-flow\">\n<h3 class=\"wp-block-heading\">Charms en croc personnalis\u00e9s de premi\u00e8re qualit\u00e9 Caract\u00e9ristiques :<\/h3>\n\n\n\n<p><strong>Noctilucent Design :<\/strong> Ces breloques en croc personnalis\u00e9es sont dot\u00e9es d'un mat\u00e9riau qui r\u00e9fl\u00e9chit la lumi\u00e8re pendant la journ\u00e9e et s'illumine la nuit, donnant \u00e0 vos chaussures un aspect festif.<\/p>\n\n\n\n<p><strong>Th\u00e8me de No\u00ebl :<\/strong> La mati\u00e8re phosphorescente de ces breloques en croc personnalis\u00e9es noctilucides est disponible dans diff\u00e9rents th\u00e8mes festifs, tels que le P\u00e8re No\u00ebl, les flocons de neige, les rennes et les arbres de No\u00ebl, afin de donner \u00e0 vos chaussures un air de f\u00eate.<\/p>\n\n\n\n<p><strong>Mat\u00e9riau en caoutchouc de haute qualit\u00e9 :<\/strong> Nos breloques en croc personnalis\u00e9es sont \u00e9lastiques, r\u00e9sistantes \u00e0 l'usure, imperm\u00e9ables et r\u00e9sistantes aux rayures. Elles conviennent donc parfaitement aux Crocs, aux sandales, etc.<\/p>\n\n\n\n<p><strong>Logos et dessins personnalis\u00e9s :<\/strong> Notre service de personnalisation OEM\/ODM vous permet de cr\u00e9er votre propre logo ou des mod\u00e8les uniques en fonction de vos besoins.<\/p>\n\n\n\n<p><strong>Disponible en gros : <\/strong>Nos breloques en caoutchouc pour chaussures conviennent aux promotions de No\u00ebl, aux cadeaux et aux achats en gros pour les grossistes et les d\u00e9taillants d'accessoires pour chaussures.<\/p>\n<\/div>\n\n\n\n<div class=\"wp-block-column is-layout-flow wp-block-column-is-layout-flow\">\n<figure class=\"wp-block-image size-full\"><img decoding=\"async\" width=\"1500\" height=\"1500\" src=\"https:\/\/www.mappershoe.com\/wp-content\/uploads\/2025\/10\/noctilucent-christmas-customized-croc-charms-rubber-shoe-charms-wholesale-5.webp\" alt=\"noctilucent-christmas-customized-croc-charms-rubber-shoe-charms-wholesale-5\" class=\"wp-image-1951\" srcset=\"https:\/\/www.mappershoe.com\/wp-content\/uploads\/2025\/10\/noctilucent-christmas-customized-croc-charms-rubber-shoe-charms-wholesale-5.webp 1500w, https:\/\/www.mappershoe.com\/wp-content\/uploads\/2025\/10\/noctilucent-christmas-customized-croc-charms-rubber-shoe-charms-wholesale-5-300x300.webp 300w, https:\/\/www.mappershoe.com\/wp-content\/uploads\/2025\/10\/noctilucent-christmas-customized-croc-charms-rubber-shoe-charms-wholesale-5-150x150.webp 150w, https:\/\/www.mappershoe.com\/wp-content\/uploads\/2025\/10\/noctilucent-christmas-customized-croc-charms-rubber-shoe-charms-wholesale-5-768x768.webp 768w, https:\/\/www.mappershoe.com\/wp-content\/uploads\/2025\/10\/noctilucent-christmas-customized-croc-charms-rubber-shoe-charms-wholesale-5-12x12.webp 12w, https:\/\/www.mappershoe.com\/wp-content\/uploads\/2025\/10\/noctilucent-christmas-customized-croc-charms-rubber-shoe-charms-wholesale-5-1200x1200.webp 1200w, https:\/\/www.mappershoe.com\/wp-content\/uploads\/2025\/10\/noctilucent-christmas-customized-croc-charms-rubber-shoe-charms-wholesale-5-600x600.webp 600w, https:\/\/www.mappershoe.com\/wp-content\/uploads\/2025\/10\/noctilucent-christmas-customized-croc-charms-rubber-shoe-charms-wholesale-5-100x100.webp 100w\" sizes=\"(max-width: 1500px) 100vw, 1500px\" \/><\/figure>\n<\/div>\n<\/div>\n\n\n\n<p><\/p>","protected":false},"excerpt":{"rendered":"<p>Bienvenue sur le site de vente en gros de breloques pour chaussures en caoutchouc. Ajoutez une lueur festive \u00e0 vos Crocs avec les breloques de No\u00ebl personnalis\u00e9es. Avec des motifs de P\u00e8re No\u00ebl, de renne et d'arbre de No\u00ebl, ces breloques durables et phosphorescentes sont parfaites pour les Crocs et les sandales. Id\u00e9ales pour les cadeaux de No\u00ebl en gros et les commandes OEM de breloques de chaussures personnalis\u00e9es.<\/p>\n<h2>Charms en crocodile personnalis\u00e9s Sp\u00e9cifications :<\/h2>\n<table width=\"419\">\n<tbody>\n<tr>\n<td width=\"115\">Fabricant :<\/td>\n<td width=\"304\">Mingyi<\/td>\n<\/tr>\n<tr>\n<td>Style :<\/td>\n<td>Breloques en crocodile<\/td>\n<\/tr>\n<tr>\n<td>Mod\u00e8le :<\/td>\n<td>1007<\/td>\n<\/tr>\n<tr>\n<td>Mat\u00e9riau :\u00a0<\/td>\n<td>Caoutchouc<\/td>\n<\/tr>\n<tr>\n<td>Couleur :\u00a0<\/td>\n<td width=\"304\">Sur mesure<\/td>\n<\/tr>\n<tr>\n<td>Taille :\u00a0<\/td>\n<td width=\"304\">Sur mesure<\/td>\n<\/tr>\n<tr>\n<td>Options de personnalisation :\u00a0<\/td>\n<td>Breloques personnalis\u00e9es<\/td>\n<\/tr>\n<tr>\n<td>Emballage :\u00a0<\/td>\n<td>Emballage personnalis\u00e9<\/td>\n<\/tr>\n<tr>\n<td>Exemple\uff1a<\/td>\n<td>\u00c9chantillons vierges gratuits<\/td>\n<\/tr>\n<\/tbody>\n<\/table>","protected":false},"featured_media":1948,"comment_status":"closed","ping_status":"closed","template":"","meta":{"_acf_changed":false},"product_brand":[],"product_cat":[29],"product_tag":[],"class_list":{"0":"post-1946","1":"product","2":"type-product","3":"status-publish","4":"has-post-thumbnail","6":"product_cat-wholesale-croc-charms","8":"first","9":"instock","10":"shipping-taxable","11":"product-type-simple"},"acf":[],"_links":{"self":[{"href":"https:\/\/www.mappershoe.com\/fr\/wp-json\/wp\/v2\/product\/1946","targetHints":{"allow":["GET"]}}],"collection":[{"href":"https:\/\/www.mappershoe.com\/fr\/wp-json\/wp\/v2\/product"}],"about":[{"href":"https:\/\/www.mappershoe.com\/fr\/wp-json\/wp\/v2\/types\/product"}],"replies":[{"embeddable":true,"href":"https:\/\/www.mappershoe.com\/fr\/wp-json\/wp\/v2\/comments?post=1946"}],"wp:featuredmedia":[{"embeddable":true,"href":"https:\/\/www.mappershoe.com\/fr\/wp-json\/wp\/v2\/media\/1948"}],"wp:attachment":[{"href":"https:\/\/www.mappershoe.com\/fr\/wp-json\/wp\/v2\/media?parent=1946"}],"wp:term":[{"taxonomy":"product_brand","embeddable":true,"href":"https:\/\/www.mappershoe.com\/fr\/wp-json\/wp\/v2\/product_brand?post=1946"},{"taxonomy":"product_cat","embeddable":true,"href":"https:\/\/www.mappershoe.com\/fr\/wp-json\/wp\/v2\/product_cat?post=1946"},{"taxonomy":"product_tag","embeddable":true,"href":"https:\/\/www.mappershoe.com\/fr\/wp-json\/wp\/v2\/product_tag?post=1946"}],"curies":[{"name":"wp","href":"https:\/\/api.w.org\/{rel}","templated":true}]}}