{"id":1952,"date":"2025-10-15T09:24:32","date_gmt":"2025-10-15T09:24:32","guid":{"rendered":"https:\/\/www.mappershoe.com\/?post_type=product&#038;p=1952"},"modified":"2025-10-15T09:24:36","modified_gmt":"2025-10-15T09:24:36","slug":"bulk-croc-charms","status":"publish","type":"product","link":"https:\/\/www.mappershoe.com\/fr\/produit\/bulk-croc-charms\/","title":{"rendered":"Classic Bulk Croc Charms, Snoopy Cartoon Shoe Charms Supply"},"content":{"rendered":"<div class=\"wp-block-columns is-layout-flex wp-container-core-columns-is-layout-9d6595d7 wp-block-columns-is-layout-flex\">\n<div class=\"wp-block-column is-layout-flow wp-block-column-is-layout-flow\">\n<h3 class=\"wp-block-heading\">Premium Snoopy Bulk Croc Charms Caract\u00e9ristiques :<\/h3>\n\n\n\n<p><strong>Mat\u00e9riau en caoutchouc de haute qualit\u00e9 :<\/strong> Ces breloques en crocodile en vrac sont fabriqu\u00e9es en caoutchouc souple de haute qualit\u00e9, r\u00e9sistant \u00e0 l'usure, \u00e0 l'eau et \u00e0 la d\u00e9coloration, ce qui les rend durables pour une utilisation \u00e0 long terme.<\/p>\n\n\n\n<p><strong>Dessin humoristique classique de Snoopy :<\/strong> Ces breloques en croc en vrac fournies par l'usine pr\u00e9sentent le dessin classique et adorable de Snoopy. Elles sont donc tr\u00e8s appr\u00e9ci\u00e9es des enfants et des jeunes clients, car elles ajoutent une touche personnalis\u00e9e et ludique \u00e0 n'importe quelle chaussure.<\/p>\n\n\n\n<p><strong>Facile \u00e0 attacher et \u00e0 enlever : <\/strong>Ces breloques pour chaussures en gros de la bande dessin\u00e9e Snoopy sont dot\u00e9es d'une boucle universelle \u00e0 l'arri\u00e8re pour une fixation facile sur les chaussures Crocs, avec un ajustement s\u00fbr.<\/p>\n\n\n\n<p><strong>Approvisionnement en gros : <\/strong>Ces breloques en croc en vrac peuvent \u00eatre achet\u00e9es en vrac ou personnalis\u00e9es par un OEM, ce qui permet de r\u00e9pondre aux diff\u00e9rents besoins des marques de chaussures, des grossistes en cadeaux et des d\u00e9taillants.<\/p>\n\n\n\n<p><strong>Mod\u00e8les personnalisables propos\u00e9s :<\/strong> Ces breloques de chaussures en gros offrent \u00e9galement des services de personnalisation exclusifs o\u00f9 vous pouvez faire int\u00e9grer le logo de votre marque ou des dessins personnalis\u00e9s pour renforcer la reconnaissance de la marque et la comp\u00e9titivit\u00e9 des ventes.<\/p>\n<\/div>\n\n\n\n<div class=\"wp-block-column is-layout-flow wp-block-column-is-layout-flow\">\n<figure class=\"wp-block-image size-full\"><img decoding=\"async\" width=\"1000\" height=\"1000\" src=\"https:\/\/www.mappershoe.com\/wp-content\/uploads\/2025\/10\/classic-bulk-croc-charms-snoopy-cartoon-shoe-charms-supply-3.webp\" alt=\"classic-bulk-croc-charms-snoopy-cartoon-shoe-charms-supply-3\" class=\"wp-image-1955\" srcset=\"https:\/\/www.mappershoe.com\/wp-content\/uploads\/2025\/10\/classic-bulk-croc-charms-snoopy-cartoon-shoe-charms-supply-3.webp 1000w, https:\/\/www.mappershoe.com\/wp-content\/uploads\/2025\/10\/classic-bulk-croc-charms-snoopy-cartoon-shoe-charms-supply-3-300x300.webp 300w, https:\/\/www.mappershoe.com\/wp-content\/uploads\/2025\/10\/classic-bulk-croc-charms-snoopy-cartoon-shoe-charms-supply-3-150x150.webp 150w, https:\/\/www.mappershoe.com\/wp-content\/uploads\/2025\/10\/classic-bulk-croc-charms-snoopy-cartoon-shoe-charms-supply-3-768x768.webp 768w, https:\/\/www.mappershoe.com\/wp-content\/uploads\/2025\/10\/classic-bulk-croc-charms-snoopy-cartoon-shoe-charms-supply-3-12x12.webp 12w, https:\/\/www.mappershoe.com\/wp-content\/uploads\/2025\/10\/classic-bulk-croc-charms-snoopy-cartoon-shoe-charms-supply-3-600x600.webp 600w, https:\/\/www.mappershoe.com\/wp-content\/uploads\/2025\/10\/classic-bulk-croc-charms-snoopy-cartoon-shoe-charms-supply-3-100x100.webp 100w\" sizes=\"(max-width: 1000px) 100vw, 1000px\" \/><\/figure>\n<\/div>\n<\/div>\n\n\n\n<p><\/p>","protected":false},"excerpt":{"rendered":"<p>Nous vous invitons \u00e0 acheter nos breloques Crocs en gros. Les breloques pour chaussures Snoopy en gros sont en caoutchouc de premi\u00e8re qualit\u00e9 et conviennent aux chaussures Crocs. Nous prenons en charge les commandes en gros et les conceptions personnalis\u00e9es pour les marques et les d\u00e9taillants.<\/p>\n<h2>Bulk Croc Charms Sp\u00e9cifications :<\/h2>\n<table width=\"419\">\n<tbody>\n<tr>\n<td width=\"115\">Fabricant :<\/td>\n<td width=\"304\">Mingyi<\/td>\n<\/tr>\n<tr>\n<td>Style :<\/td>\n<td>Breloques en crocodile<\/td>\n<\/tr>\n<tr>\n<td>Mod\u00e8le :<\/td>\n<td>1008<\/td>\n<\/tr>\n<tr>\n<td>Mat\u00e9riau :\u00a0<\/td>\n<td>Caoutchouc<\/td>\n<\/tr>\n<tr>\n<td>Couleur :\u00a0<\/td>\n<td width=\"304\">Sur mesure<\/td>\n<\/tr>\n<tr>\n<td>Taille :\u00a0<\/td>\n<td width=\"304\">Sur mesure<\/td>\n<\/tr>\n<tr>\n<td>Options de personnalisation :\u00a0<\/td>\n<td>Breloques personnalis\u00e9es<\/td>\n<\/tr>\n<tr>\n<td>Emballage :\u00a0<\/td>\n<td>Emballage personnalis\u00e9<\/td>\n<\/tr>\n<tr>\n<td>Exemple\uff1a<\/td>\n<td>\u00c9chantillons vierges gratuits<\/td>\n<\/tr>\n<\/tbody>\n<\/table>","protected":false},"featured_media":1953,"comment_status":"closed","ping_status":"closed","template":"","meta":{"_acf_changed":false},"product_brand":[],"product_cat":[29],"product_tag":[],"class_list":{"0":"post-1952","1":"product","2":"type-product","3":"status-publish","4":"has-post-thumbnail","6":"product_cat-wholesale-croc-charms","8":"first","9":"instock","10":"shipping-taxable","11":"product-type-simple"},"acf":[],"_links":{"self":[{"href":"https:\/\/www.mappershoe.com\/fr\/wp-json\/wp\/v2\/product\/1952","targetHints":{"allow":["GET"]}}],"collection":[{"href":"https:\/\/www.mappershoe.com\/fr\/wp-json\/wp\/v2\/product"}],"about":[{"href":"https:\/\/www.mappershoe.com\/fr\/wp-json\/wp\/v2\/types\/product"}],"replies":[{"embeddable":true,"href":"https:\/\/www.mappershoe.com\/fr\/wp-json\/wp\/v2\/comments?post=1952"}],"wp:featuredmedia":[{"embeddable":true,"href":"https:\/\/www.mappershoe.com\/fr\/wp-json\/wp\/v2\/media\/1953"}],"wp:attachment":[{"href":"https:\/\/www.mappershoe.com\/fr\/wp-json\/wp\/v2\/media?parent=1952"}],"wp:term":[{"taxonomy":"product_brand","embeddable":true,"href":"https:\/\/www.mappershoe.com\/fr\/wp-json\/wp\/v2\/product_brand?post=1952"},{"taxonomy":"product_cat","embeddable":true,"href":"https:\/\/www.mappershoe.com\/fr\/wp-json\/wp\/v2\/product_cat?post=1952"},{"taxonomy":"product_tag","embeddable":true,"href":"https:\/\/www.mappershoe.com\/fr\/wp-json\/wp\/v2\/product_tag?post=1952"}],"curies":[{"name":"wp","href":"https:\/\/api.w.org\/{rel}","templated":true}]}}