{"id":1959,"date":"2025-10-15T09:58:38","date_gmt":"2025-10-15T09:58:38","guid":{"rendered":"https:\/\/www.mappershoe.com\/?post_type=product&#038;p=1959"},"modified":"2025-10-15T09:58:41","modified_gmt":"2025-10-15T09:58:41","slug":"croc-shoe-charms-wholesale","status":"publish","type":"product","link":"https:\/\/www.mappershoe.com\/fr\/produit\/croc-shoe-charms-wholesale\/","title":{"rendered":"Halloween Croc Shoe Charms Wholesale, Clog Shoe Charm Custom"},"content":{"rendered":"<div class=\"wp-block-columns is-layout-flex wp-container-core-columns-is-layout-9d6595d7 wp-block-columns-is-layout-flex\">\n<div class=\"wp-block-column is-layout-flow wp-block-column-is-layout-flow\">\n<h3 class=\"wp-block-heading\">Premium Halloween Croc Shoe Charms Wholesale Caract\u00e9ristiques :<\/h3>\n\n\n\n<p><strong>Design d'Halloween : <\/strong>Ces charms pour chaussures en croc utilisent des ic\u00f4nes classiques d'Halloween comme les citrouilles, les fant\u00f4mes, les cr\u00e2nes et les chauves-souris pour cr\u00e9er une atmosph\u00e8re de f\u00eate.<\/p>\n\n\n\n<p><strong>Design lumineux :<\/strong> Ces breloques pour chaussures en croc sont fabriqu\u00e9es \u00e0 partir d'une substance lumineuse qui s'allume automatiquement la nuit ou dans les endroits peu \u00e9clair\u00e9s, ce qui les rend sympathiques et uniques.<\/p>\n\n\n\n<p><strong>Mat\u00e9riau en caoutchouc de haute qualit\u00e9 : <\/strong>Ces breloques pour chaussures en croc sont douces, durables, imperm\u00e9ables, r\u00e9sistantes aux fissures, faciles \u00e0 nettoyer et r\u00e9sistantes \u00e0 la d\u00e9coloration.<\/p>\n\n\n\n<p><strong>Adaptation universelle :<\/strong> Ces breloques luminescentes personnalis\u00e9es pour sabots s'adaptent aux Crocs et aux sabots de style similaire. Elles s'installent facilement et se fixent solidement.<\/p>\n\n\n\n<p><strong>Service de vente en gros et sur mesure : <\/strong>Ces breloques en forme de sabot personnalis\u00e9es peuvent faire l'objet d'un service OEM\/ODM, comme les commandes en vrac, les logos personnalis\u00e9s ou les emballages individuels.<\/p>\n<\/div>\n\n\n\n<div class=\"wp-block-column is-layout-flow wp-block-column-is-layout-flow\">\n<figure class=\"wp-block-image size-full\"><img decoding=\"async\" width=\"1920\" height=\"1920\" src=\"https:\/\/www.mappershoe.com\/wp-content\/uploads\/2025\/10\/halloween-croc-shoe-charms-wholesale-clog-shoe-charm-custom-4.webp\" alt=\"halloween-croc-shoe-charms-wholesale-clog-shoe-charm-custom-4\" class=\"wp-image-1963\" srcset=\"https:\/\/www.mappershoe.com\/wp-content\/uploads\/2025\/10\/halloween-croc-shoe-charms-wholesale-clog-shoe-charm-custom-4.webp 1920w, https:\/\/www.mappershoe.com\/wp-content\/uploads\/2025\/10\/halloween-croc-shoe-charms-wholesale-clog-shoe-charm-custom-4-300x300.webp 300w, https:\/\/www.mappershoe.com\/wp-content\/uploads\/2025\/10\/halloween-croc-shoe-charms-wholesale-clog-shoe-charm-custom-4-150x150.webp 150w, https:\/\/www.mappershoe.com\/wp-content\/uploads\/2025\/10\/halloween-croc-shoe-charms-wholesale-clog-shoe-charm-custom-4-768x768.webp 768w, https:\/\/www.mappershoe.com\/wp-content\/uploads\/2025\/10\/halloween-croc-shoe-charms-wholesale-clog-shoe-charm-custom-4-12x12.webp 12w, https:\/\/www.mappershoe.com\/wp-content\/uploads\/2025\/10\/halloween-croc-shoe-charms-wholesale-clog-shoe-charm-custom-4-1200x1200.webp 1200w, https:\/\/www.mappershoe.com\/wp-content\/uploads\/2025\/10\/halloween-croc-shoe-charms-wholesale-clog-shoe-charm-custom-4-600x600.webp 600w, https:\/\/www.mappershoe.com\/wp-content\/uploads\/2025\/10\/halloween-croc-shoe-charms-wholesale-clog-shoe-charm-custom-4-100x100.webp 100w\" sizes=\"(max-width: 1920px) 100vw, 1920px\" \/><\/figure>\n<\/div>\n<\/div>\n\n\n\n<p><\/p>","protected":false},"excerpt":{"rendered":"<p>Bienvenue sur le site d'achat en gros de breloques pour chaussures en croc, id\u00e9ales pour les d\u00e9taillants et les marques d'accessoires de chaussures. Fabriqu\u00e9es en caoutchouc de premi\u00e8re qualit\u00e9, ces breloques de sabot phosphorescentes sont parfaites pour les collections d'Halloween. Ajoutez une touche effrayante \u00e0 vos Crocs avec les breloques luminescentes pour chaussures en forme de citrouille, de fant\u00f4me, de squelette et de chauve-souris pour Halloween !<\/p>\n<h2>Halloween Croc Shoe Charms Wholesale Sp\u00e9cifications :<\/h2>\n<table width=\"419\">\n<tbody>\n<tr>\n<td width=\"115\">Fabricant :<\/td>\n<td width=\"304\">Mingyi<\/td>\n<\/tr>\n<tr>\n<td>Style :<\/td>\n<td>Breloques en crocodile<\/td>\n<\/tr>\n<tr>\n<td>Mod\u00e8le :<\/td>\n<td>1009<\/td>\n<\/tr>\n<tr>\n<td>Mat\u00e9riau :\u00a0<\/td>\n<td>Caoutchouc<\/td>\n<\/tr>\n<tr>\n<td>Couleur :\u00a0<\/td>\n<td width=\"304\">Sur mesure<\/td>\n<\/tr>\n<tr>\n<td>Taille :\u00a0<\/td>\n<td width=\"304\">Sur mesure<\/td>\n<\/tr>\n<tr>\n<td>Options de personnalisation :\u00a0<\/td>\n<td>Breloques personnalis\u00e9es<\/td>\n<\/tr>\n<tr>\n<td>Emballage :\u00a0<\/td>\n<td>Emballage personnalis\u00e9<\/td>\n<\/tr>\n<tr>\n<td>Exemple\uff1a<\/td>\n<td>\u00c9chantillons vierges gratuits<\/td>\n<\/tr>\n<\/tbody>\n<\/table>","protected":false},"featured_media":1960,"comment_status":"closed","ping_status":"closed","template":"","meta":{"_acf_changed":false},"product_brand":[],"product_cat":[29],"product_tag":[],"class_list":{"0":"post-1959","1":"product","2":"type-product","3":"status-publish","4":"has-post-thumbnail","6":"product_cat-wholesale-croc-charms","8":"first","9":"instock","10":"shipping-taxable","11":"product-type-simple"},"acf":[],"_links":{"self":[{"href":"https:\/\/www.mappershoe.com\/fr\/wp-json\/wp\/v2\/product\/1959","targetHints":{"allow":["GET"]}}],"collection":[{"href":"https:\/\/www.mappershoe.com\/fr\/wp-json\/wp\/v2\/product"}],"about":[{"href":"https:\/\/www.mappershoe.com\/fr\/wp-json\/wp\/v2\/types\/product"}],"replies":[{"embeddable":true,"href":"https:\/\/www.mappershoe.com\/fr\/wp-json\/wp\/v2\/comments?post=1959"}],"wp:featuredmedia":[{"embeddable":true,"href":"https:\/\/www.mappershoe.com\/fr\/wp-json\/wp\/v2\/media\/1960"}],"wp:attachment":[{"href":"https:\/\/www.mappershoe.com\/fr\/wp-json\/wp\/v2\/media?parent=1959"}],"wp:term":[{"taxonomy":"product_brand","embeddable":true,"href":"https:\/\/www.mappershoe.com\/fr\/wp-json\/wp\/v2\/product_brand?post=1959"},{"taxonomy":"product_cat","embeddable":true,"href":"https:\/\/www.mappershoe.com\/fr\/wp-json\/wp\/v2\/product_cat?post=1959"},{"taxonomy":"product_tag","embeddable":true,"href":"https:\/\/www.mappershoe.com\/fr\/wp-json\/wp\/v2\/product_tag?post=1959"}],"curies":[{"name":"wp","href":"https:\/\/api.w.org\/{rel}","templated":true}]}}