{"id":1965,"date":"2025-10-15T10:19:43","date_gmt":"2025-10-15T10:19:43","guid":{"rendered":"https:\/\/www.mappershoe.com\/?post_type=product&#038;p=1965"},"modified":"2025-10-15T10:33:32","modified_gmt":"2025-10-15T10:33:32","slug":"custom-croc-charms-bulk","status":"publish","type":"product","link":"https:\/\/www.mappershoe.com\/fr\/produit\/custom-croc-charms-bulk\/","title":{"rendered":"Charms Croc personnalis\u00e9s de l'ourson en vrac, Charms pour chaussures sabots de dessins anim\u00e9s"},"content":{"rendered":"<div class=\"wp-block-columns is-layout-flex wp-container-core-columns-is-layout-9d6595d7 wp-block-columns-is-layout-flex\">\n<div class=\"wp-block-column is-layout-flow wp-block-column-is-layout-flow\">\n<h3 class=\"wp-block-heading\">Premium Pooh Bear Custom Croc Charms Bulk Caract\u00e9ristiques :<\/h3>\n\n\n\n<p><strong>Th\u00e8me du dessin anim\u00e9 classique :<\/strong> Ces breloques en forme de sabot de dessin anim\u00e9 sont inspir\u00e9es de l'ourson, de Porcinet, de Tigrou, de Roo et de Robin. Ces breloques mettent en valeur les personnages classiques originaux, aim\u00e9s des enfants et des amateurs de dessins anim\u00e9s.<\/p>\n\n\n\n<p><strong>Mat\u00e9riau en caoutchouc souple de haute qualit\u00e9 :<\/strong> Ces breloques crocs personnalis\u00e9es en vrac sont fabriqu\u00e9es en caoutchouc PVC \u00e9conomique. Il est flexible, durable, imperm\u00e9able et inalt\u00e9rable, ce qui le rend id\u00e9al pour une utilisation \u00e0 long terme sur les Crocs et les sandales.<\/p>\n\n\n\n<p><strong>Facile \u00e0 enlever et \u00e0 fixer :<\/strong> Ces breloques en croc personnalis\u00e9es sont dot\u00e9es au verso d'une boucle de chaussure universelle qui permet de les attacher facilement aux chaussures Crocs.nb<\/p>\n\n\n\n<p><strong>Designs personnalisables :<\/strong> Des options de personnalisation OEM\/ODM sont disponibles, y compris des logos, des couleurs et des combinaisons de caract\u00e8res, afin de r\u00e9pondre aux besoins des marques, des cadeaux et des projets promotionnels.<\/p>\n\n\n\n<p><strong>Approvisionnement en gros :<\/strong> Nous proposons des breloques en forme de sabot de dessin anim\u00e9, personnalisables en grande quantit\u00e9 et livrables rapidement, parfaites pour les d\u00e9taillants, les vendeurs en ligne ou les marques personnalis\u00e9es souhaitant effectuer des achats \u00e0 grande \u00e9chelle.<\/p>\n<\/div>\n\n\n\n<div class=\"wp-block-column is-layout-flow wp-block-column-is-layout-flow\">\n<figure class=\"wp-block-image size-full\"><img decoding=\"async\" width=\"1000\" height=\"1000\" src=\"https:\/\/www.mappershoe.com\/wp-content\/uploads\/2025\/10\/pooh-bear-custom-croc-charms-bulk-cartoon-clog-shoe-charm-3.webp\" alt=\"pooh-bear-custom-croc-charms-bulk-cartoon-clog-shoe-charm-3\" class=\"wp-image-1968\" srcset=\"https:\/\/www.mappershoe.com\/wp-content\/uploads\/2025\/10\/pooh-bear-custom-croc-charms-bulk-cartoon-clog-shoe-charm-3.webp 1000w, https:\/\/www.mappershoe.com\/wp-content\/uploads\/2025\/10\/pooh-bear-custom-croc-charms-bulk-cartoon-clog-shoe-charm-3-300x300.webp 300w, https:\/\/www.mappershoe.com\/wp-content\/uploads\/2025\/10\/pooh-bear-custom-croc-charms-bulk-cartoon-clog-shoe-charm-3-150x150.webp 150w, https:\/\/www.mappershoe.com\/wp-content\/uploads\/2025\/10\/pooh-bear-custom-croc-charms-bulk-cartoon-clog-shoe-charm-3-768x768.webp 768w, https:\/\/www.mappershoe.com\/wp-content\/uploads\/2025\/10\/pooh-bear-custom-croc-charms-bulk-cartoon-clog-shoe-charm-3-12x12.webp 12w, https:\/\/www.mappershoe.com\/wp-content\/uploads\/2025\/10\/pooh-bear-custom-croc-charms-bulk-cartoon-clog-shoe-charm-3-600x600.webp 600w, https:\/\/www.mappershoe.com\/wp-content\/uploads\/2025\/10\/pooh-bear-custom-croc-charms-bulk-cartoon-clog-shoe-charm-3-100x100.webp 100w\" sizes=\"(max-width: 1000px) 100vw, 1000px\" \/><\/figure>\n<\/div>\n<\/div>\n\n\n\n<p><\/p>","protected":false},"excerpt":{"rendered":"<p>Nous vous invitons \u00e0 acheter ces breloques crocodiles personnalis\u00e9es en vrac. Donnez une touche nostalgique \u00e0 votre enfance avec les breloques croco personnalis\u00e9es. Les breloques croco Ourson, Tigrou, Porcinet, Roo et Robin sont fabriqu\u00e9es \u00e0 partir de caoutchouc PVC durable et d'un design classique de dessin anim\u00e9. Elles conviennent \u00e9galement aux besoins des d\u00e9taillants et des acheteurs OEM qui recherchent des breloques croco en vrac et des marques de commerce.<\/p>\n<h2>\u00a0Charms en croc personnalis\u00e9s en vrac Sp\u00e9cifications :<\/h2>\n<table width=\"419\">\n<tbody>\n<tr>\n<td width=\"115\">Fabricant :<\/td>\n<td width=\"304\">Mingyi<\/td>\n<\/tr>\n<tr>\n<td>Style :<\/td>\n<td>Breloques en crocodile<\/td>\n<\/tr>\n<tr>\n<td>Mod\u00e8le :<\/td>\n<td>1010<\/td>\n<\/tr>\n<tr>\n<td>Mat\u00e9riau :\u00a0<\/td>\n<td>Caoutchouc<\/td>\n<\/tr>\n<tr>\n<td>Couleur :\u00a0<\/td>\n<td width=\"304\">Sur mesure<\/td>\n<\/tr>\n<tr>\n<td>Taille :\u00a0<\/td>\n<td width=\"304\">Sur mesure<\/td>\n<\/tr>\n<tr>\n<td>Options de personnalisation :\u00a0<\/td>\n<td>Breloques personnalis\u00e9es<\/td>\n<\/tr>\n<tr>\n<td>Emballage :\u00a0<\/td>\n<td>Emballage personnalis\u00e9<\/td>\n<\/tr>\n<tr>\n<td>Exemple\uff1a<\/td>\n<td>\u00c9chantillons vierges gratuits<\/td>\n<\/tr>\n<\/tbody>\n<\/table>","protected":false},"featured_media":1966,"comment_status":"closed","ping_status":"closed","template":"","meta":{"_acf_changed":false},"product_brand":[],"product_cat":[29],"product_tag":[],"class_list":{"0":"post-1965","1":"product","2":"type-product","3":"status-publish","4":"has-post-thumbnail","6":"product_cat-wholesale-croc-charms","8":"first","9":"instock","10":"shipping-taxable","11":"product-type-simple"},"acf":[],"_links":{"self":[{"href":"https:\/\/www.mappershoe.com\/fr\/wp-json\/wp\/v2\/product\/1965","targetHints":{"allow":["GET"]}}],"collection":[{"href":"https:\/\/www.mappershoe.com\/fr\/wp-json\/wp\/v2\/product"}],"about":[{"href":"https:\/\/www.mappershoe.com\/fr\/wp-json\/wp\/v2\/types\/product"}],"replies":[{"embeddable":true,"href":"https:\/\/www.mappershoe.com\/fr\/wp-json\/wp\/v2\/comments?post=1965"}],"wp:featuredmedia":[{"embeddable":true,"href":"https:\/\/www.mappershoe.com\/fr\/wp-json\/wp\/v2\/media\/1966"}],"wp:attachment":[{"href":"https:\/\/www.mappershoe.com\/fr\/wp-json\/wp\/v2\/media?parent=1965"}],"wp:term":[{"taxonomy":"product_brand","embeddable":true,"href":"https:\/\/www.mappershoe.com\/fr\/wp-json\/wp\/v2\/product_brand?post=1965"},{"taxonomy":"product_cat","embeddable":true,"href":"https:\/\/www.mappershoe.com\/fr\/wp-json\/wp\/v2\/product_cat?post=1965"},{"taxonomy":"product_tag","embeddable":true,"href":"https:\/\/www.mappershoe.com\/fr\/wp-json\/wp\/v2\/product_tag?post=1965"}],"curies":[{"name":"wp","href":"https:\/\/api.w.org\/{rel}","templated":true}]}}