{"id":1970,"date":"2025-10-15T10:38:03","date_gmt":"2025-10-15T10:38:03","guid":{"rendered":"https:\/\/www.mappershoe.com\/?post_type=product&#038;p=1970"},"modified":"2025-10-27T06:38:20","modified_gmt":"2025-10-27T06:38:20","slug":"custom-charms-for-crocs","status":"publish","type":"product","link":"https:\/\/www.mappershoe.com\/fr\/produit\/custom-charms-for-crocs\/","title":{"rendered":"Breloques personnalis\u00e9es pour Crocs dans le style des Simpsons, breloques pour chaussures en caoutchouc"},"content":{"rendered":"<div class=\"wp-block-columns is-layout-flex wp-container-core-columns-is-layout-9d6595d7 wp-block-columns-is-layout-flex\">\n<div class=\"wp-block-column is-layout-flow wp-block-column-is-layout-flow\">\n<h3 class=\"wp-block-heading\">Premium Simpsons Custom Charms for Crocs Caract\u00e9ristiques :<\/h3>\n\n\n\n<p><strong>Design embl\u00e9matique des Simpsons :<\/strong> Ces breloques personnalis\u00e9es pour Crocs repr\u00e9sentent des personnages de dessins anim\u00e9s inspir\u00e9s de la famille Simpsons, avec des couleurs vives et des d\u00e9tails audacieux qui rehaussent instantan\u00e9ment vos Crocs ou vos chaussures Crocs.<\/p>\n\n\n\n<p><strong>Mat\u00e9riau en caoutchouc de haute qualit\u00e9 :<\/strong> Ces breloques personnalis\u00e9es pour Crocs sont fabriqu\u00e9es en caoutchouc souple et durable, r\u00e9sistant \u00e0 l'eau et \u00e0 la d\u00e9coloration, et conservent leur forme apr\u00e8s un usage prolong\u00e9.<\/p>\n\n\n\n<p><strong>Facile \u00e0 attacher et \u00e0 enlever : <\/strong>Nos breloques pour chaussures Crocs peuvent \u00eatre facilement attach\u00e9es aux \u0153illets des chaussures Crocs pour un maintien s\u00fbr et un remplacement pratique des diff\u00e9rentes breloques pour chaussures.<\/p>\n\n\n\n<p><strong>Options personnalisables :<\/strong> Nos breloques pour chaussures Crocs en gros peuvent \u00eatre personnalis\u00e9es (OEM\/ODM), avec des dessins, des logos et des couleurs personnalis\u00e9s pour r\u00e9pondre aux besoins des projets de marque et de cadeaux.<\/p>\n\n\n\n<p><strong>Amical \u00e0 la vente en gros :<\/strong> Ces breloques personnalis\u00e9es pour Crocs sont disponibles en grandes quantit\u00e9s et dans des emballages mixtes, ce qui les rend id\u00e9ales pour les vendeurs en ligne, les entreprises de cadeaux et les promotions de marques.<\/p>\n<\/div>\n\n\n\n<div class=\"wp-block-column is-layout-flow wp-block-column-is-layout-flow\">\n<figure class=\"wp-block-image size-full\"><img decoding=\"async\" width=\"800\" height=\"800\" src=\"https:\/\/www.mappershoe.com\/wp-content\/uploads\/2025\/10\/simpsons-custom-charms-for-crocs-rubber-shoe-charms-in-bulk-3.webp\" alt=\"simpsons-armes-personnalis\u00e9es-pour-crocs-armes-chaussures-en-caoutchouc-en-bulk-3\" class=\"wp-image-1974\" srcset=\"https:\/\/www.mappershoe.com\/wp-content\/uploads\/2025\/10\/simpsons-custom-charms-for-crocs-rubber-shoe-charms-in-bulk-3.webp 800w, https:\/\/www.mappershoe.com\/wp-content\/uploads\/2025\/10\/simpsons-custom-charms-for-crocs-rubber-shoe-charms-in-bulk-3-300x300.webp 300w, https:\/\/www.mappershoe.com\/wp-content\/uploads\/2025\/10\/simpsons-custom-charms-for-crocs-rubber-shoe-charms-in-bulk-3-150x150.webp 150w, https:\/\/www.mappershoe.com\/wp-content\/uploads\/2025\/10\/simpsons-custom-charms-for-crocs-rubber-shoe-charms-in-bulk-3-768x768.webp 768w, https:\/\/www.mappershoe.com\/wp-content\/uploads\/2025\/10\/simpsons-custom-charms-for-crocs-rubber-shoe-charms-in-bulk-3-12x12.webp 12w, https:\/\/www.mappershoe.com\/wp-content\/uploads\/2025\/10\/simpsons-custom-charms-for-crocs-rubber-shoe-charms-in-bulk-3-600x600.webp 600w, https:\/\/www.mappershoe.com\/wp-content\/uploads\/2025\/10\/simpsons-custom-charms-for-crocs-rubber-shoe-charms-in-bulk-3-100x100.webp 100w\" sizes=\"(max-width: 800px) 100vw, 800px\" \/><\/figure>\n<\/div>\n<\/div>\n\n\n\n<p><\/p>","protected":false},"excerpt":{"rendered":"<p>Les breloques personnalis\u00e9es Simpsons pour Crocs sont des breloques amusantes et color\u00e9es en caoutchouc pour chaussures, fabriqu\u00e9es dans un mat\u00e9riau de haute qualit\u00e9 et imperm\u00e9able \u00e0 l'eau. Ces breloques personnalis\u00e9es sont parfaites pour les acheteurs en gros ainsi que pour tous ceux qui recherchent des accessoires Crocs personnalis\u00e9s et cr\u00e9atifs. Nos breloques Crocs personnalis\u00e9es peuvent \u00eatre personnalis\u00e9es en OEM et ODM pour ajouter un peu de personnalit\u00e9 \u00e0 vos chaussures Crocs !<\/p>\n<h2>Charms personnalis\u00e9s pour Crocs Sp\u00e9cifications :<\/h2>\n<table width=\"419\">\n<tbody>\n<tr>\n<td width=\"115\">Fabricant :<\/td>\n<td width=\"304\">Mingyi<\/td>\n<\/tr>\n<tr>\n<td>Style :<\/td>\n<td>Breloques en crocodile<\/td>\n<\/tr>\n<tr>\n<td>Mod\u00e8le :<\/td>\n<td>1011<\/td>\n<\/tr>\n<tr>\n<td>Mat\u00e9riau :\u00a0<\/td>\n<td>Caoutchouc<\/td>\n<\/tr>\n<tr>\n<td>Couleur :\u00a0<\/td>\n<td width=\"304\">Sur mesure<\/td>\n<\/tr>\n<tr>\n<td>Taille :\u00a0<\/td>\n<td width=\"304\">Sur mesure<\/td>\n<\/tr>\n<tr>\n<td>Options de personnalisation :\u00a0<\/td>\n<td>Breloques personnalis\u00e9es<\/td>\n<\/tr>\n<tr>\n<td>Emballage :\u00a0<\/td>\n<td>Emballage personnalis\u00e9<\/td>\n<\/tr>\n<tr>\n<td>Exemple\uff1a<\/td>\n<td>\u00c9chantillons vierges gratuits<\/td>\n<\/tr>\n<\/tbody>\n<\/table>","protected":false},"featured_media":1973,"comment_status":"closed","ping_status":"closed","template":"","meta":{"_acf_changed":false},"product_brand":[],"product_cat":[29],"product_tag":[],"class_list":{"0":"post-1970","1":"product","2":"type-product","3":"status-publish","4":"has-post-thumbnail","6":"product_cat-wholesale-croc-charms","8":"first","9":"instock","10":"shipping-taxable","11":"product-type-simple"},"acf":[],"_links":{"self":[{"href":"https:\/\/www.mappershoe.com\/fr\/wp-json\/wp\/v2\/product\/1970","targetHints":{"allow":["GET"]}}],"collection":[{"href":"https:\/\/www.mappershoe.com\/fr\/wp-json\/wp\/v2\/product"}],"about":[{"href":"https:\/\/www.mappershoe.com\/fr\/wp-json\/wp\/v2\/types\/product"}],"replies":[{"embeddable":true,"href":"https:\/\/www.mappershoe.com\/fr\/wp-json\/wp\/v2\/comments?post=1970"}],"wp:featuredmedia":[{"embeddable":true,"href":"https:\/\/www.mappershoe.com\/fr\/wp-json\/wp\/v2\/media\/1973"}],"wp:attachment":[{"href":"https:\/\/www.mappershoe.com\/fr\/wp-json\/wp\/v2\/media?parent=1970"}],"wp:term":[{"taxonomy":"product_brand","embeddable":true,"href":"https:\/\/www.mappershoe.com\/fr\/wp-json\/wp\/v2\/product_brand?post=1970"},{"taxonomy":"product_cat","embeddable":true,"href":"https:\/\/www.mappershoe.com\/fr\/wp-json\/wp\/v2\/product_cat?post=1970"},{"taxonomy":"product_tag","embeddable":true,"href":"https:\/\/www.mappershoe.com\/fr\/wp-json\/wp\/v2\/product_tag?post=1970"}],"curies":[{"name":"wp","href":"https:\/\/api.w.org\/{rel}","templated":true}]}}